{"id":46532,"date":"2024-04-04T14:32:08","date_gmt":"2024-04-04T12:32:08","guid":{"rendered":"https:\/\/hueffermann.de\/zaruka\/"},"modified":"2024-10-29T15:49:23","modified_gmt":"2024-10-29T14:49:23","slug":"zaruka","status":"publish","type":"page","link":"https:\/\/hueffermann.de\/cs\/servis\/zaruka\/","title":{"rendered":"Z\u00e1ruka"},"content":{"rendered":"\n<style type=\"text\/css\" data-created_by=\"avia_inline_auto\" id=\"style-css-av-lv2f0str-820c686efc387695692284ff9025ed3b\">\n.avia-section.av-lv2f0str-820c686efc387695692284ff9025ed3b{\nbackground-repeat:no-repeat;\nbackground-image:url(https:\/\/hueffermann.de\/wp-content\/uploads\/sites\/3\/2024\/05\/hueffermann-background-img-header-gewaehrleistung.jpg);\nbackground-position:50% 50%;\nbackground-attachment:scroll;\n}\n.avia-section.av-lv2f0str-820c686efc387695692284ff9025ed3b .av-section-color-overlay{\nopacity:0.5;\nbackground-color:#0a0a0a;\n}\n<\/style>\n<div id='av_section_1'  class='avia-section av-lv2f0str-820c686efc387695692284ff9025ed3b main_color avia-section-huge avia-no-border-styling  avia-builder-el-0  el_before_av_textblock  avia-builder-el-first  avia-full-stretch avia-bg-style-scroll av-section-color-overlay-active av-minimum-height av-minimum-height-custom av-height-custom  container_wrap sidebar_left'  data-section-bg-repeat='stretch' data-av_minimum_height_px='512'><div class=\"av-section-color-overlay-wrap\"><div class=\"av-section-color-overlay\"><\/div><div class='container av-section-cont-open' style='height:512px'><main  role=\"main\" itemprop=\"mainContentOfPage\"  class='template-page content  av-content-small units'><div class='post-entry post-entry-type-page post-entry-46532'><div class='entry-content-wrapper clearfix'>\n\n<style type=\"text\/css\" data-created_by=\"avia_inline_auto\" id=\"style-css-av-lv2f01me-3719737ce6600cd0a37c83603dcaf0dd\">\n#top .av_textblock_section.av-lv2f01me-3719737ce6600cd0a37c83603dcaf0dd .avia_textblock{\ncolor:#ffffff;\n}\n<\/style>\n<section  class='av_textblock_section av-lv2f01me-3719737ce6600cd0a37c83603dcaf0dd '   itemscope=\"itemscope\" itemtype=\"https:\/\/schema.org\/CreativeWork\" ><div class='avia_textblock hero-title av_inherit_color'  itemprop=\"text\" ><h1>Z\u00e1ruka<\/h1>\n<\/div><\/section>\n<\/div><\/div><\/main><!-- close content main element --><\/div><\/div><\/div><div id='after_section_1'  class='main_color av_default_container_wrap container_wrap sidebar_left'  ><div class='container av-section-cont-open' ><div class='template-page content  av-content-small units'><div class='post-entry post-entry-type-page post-entry-46532'><div class='entry-content-wrapper clearfix'>\n<section  class='av_textblock_section av-av_textblock-a0d71884ce2b46274a88fab001c350b5 '   itemscope=\"itemscope\" itemtype=\"https:\/\/schema.org\/CreativeWork\" ><div class='avia_textblock sch-breadcrumb'  itemprop=\"text\" ><div class=\"breadcrumb breadcrumbs avia-breadcrumbs\"><div class=\"breadcrumb-trail\" ><span class=\"trail-before\"><span class=\"breadcrumb-title\">Jste zde:<\/span><\/span> <span  itemscope=\"itemscope\" itemtype=\"https:\/\/schema.org\/BreadcrumbList\" ><span  itemscope=\"itemscope\" itemtype=\"https:\/\/schema.org\/ListItem\" itemprop=\"itemListElement\" ><a itemprop=\"url\" href=\"https:\/\/hueffermann.de\/cs\/\" title=\"H\u00fcffermann\" rel=\"home\" class=\"trail-begin\"><span itemprop=\"name\">Dom\u016f<\/span><\/a><span itemprop=\"position\" class=\"hidden\">1<\/span><\/span><\/span><\/div><\/div>\n<\/div><\/section>\n<\/div><\/div><\/div><!-- close content main div --><\/div><\/div><div id='av_section_2'  class='avia-section av-aj3iyt-ea49bccfbd2917df477203397cf7cc58 main_color avia-section-huge avia-no-border-styling  avia-builder-el-3  el_after_av_textblock  el_before_av_section  avia-bg-style-scroll container_wrap sidebar_left'  ><div class='container av-section-cont-open' ><div class='template-page content  av-content-small units'><div class='post-entry post-entry-type-page post-entry-46532'><div class='entry-content-wrapper clearfix'>\n<div class='flex_column_table av-2cp1xb9-4b18f236f157eb871947c7a1e4fc61f5 sc-av_one_full av-equal-height-column-flextable'><div  class='flex_column av-2cp1xb9-4b18f236f157eb871947c7a1e4fc61f5 av_one_full  avia-builder-el-4  el_before_av_one_full  avia-builder-el-first  first flex_column_table_cell av-equal-height-column av-align-top  '     ><section  class='av_textblock_section av-lv2f25iv-3989c35141d72a5fadf211a639a9fc94 '   itemscope=\"itemscope\" itemtype=\"https:\/\/schema.org\/CreativeWork\" ><div class='avia_textblock'  itemprop=\"text\" ><h2><strong>Va\u0161e spokojenost<br \/>\nje na\u0161\u00edm c\u00edlem<\/strong><\/h2>\n<\/div><\/section><\/div><\/div><!--close column table wrapper. Autoclose: 1 --><div class='flex_column_table av-9r45j9-6586ce52633168813dca8f99160b117f sc-av_one_full av-equal-height-column-flextable'><div  class='flex_column av-9r45j9-6586ce52633168813dca8f99160b117f av_one_full  avia-builder-el-6  el_after_av_one_full  avia-builder-el-last  first flex_column_table_cell av-equal-height-column av-align-top  column-top-margin'     ><p><section  class='av_textblock_section av-lw91ha3n-1306c7e28385161b86ae2cf68d5e1fa8 '   itemscope=\"itemscope\" itemtype=\"https:\/\/schema.org\/CreativeWork\" ><div class='avia_textblock'  itemprop=\"text\" ><p>Na\u0161e kontaktn\u00ed osoby pro ve\u0161ker\u00e9 z\u00e1ru\u010dn\u00ed a servisn\u00ed z\u00e1le\u017eitosti.<\/p>\n<\/div><\/section><br \/>\n<div  class='avia-button-wrap av-lw91iqdt-e4e984ea3c39be1a3e5383caba66df12-wrap avia-button-left  avia-builder-el-8  el_after_av_textblock  avia-builder-el-last  button-filled-red'>\n<style type=\"text\/css\" data-created_by=\"avia_inline_auto\" id=\"style-css-av-lw91iqdt-e4e984ea3c39be1a3e5383caba66df12\">\n#top #wrap_all .avia-button.av-lw91iqdt-e4e984ea3c39be1a3e5383caba66df12{\nmargin:2rem 0 2rem 0;\n}\n<\/style>\n<a href='https:\/\/hueffermann.de\/wp-content\/uploads\/sites\/3\/2024\/10\/hueffermann_gewaehrleistungsformular.pdf'  class='avia-button av-lw91iqdt-e4e984ea3c39be1a3e5383caba66df12 av-link-btn avia-icon_select-no avia-size-medium avia-position-left avia-color-theme-color'  target=\"_blank\"  rel=\"noopener noreferrer\"  aria-label=\"St\u00e1hnout \u017e\u00e1dost o z\u00e1ruku (PDF - 0,4 MB)\"><span class='avia_iconbox_title' >St\u00e1hnout \u017e\u00e1dost o z\u00e1ruku (PDF - 0,4 MB)<\/span><\/a><\/div><\/p><\/div><\/div><!--close column table wrapper. Autoclose: 1 --><\/div><\/div><\/div><!-- close content main div --><\/div><\/div>\n<style type=\"text\/css\" data-created_by=\"avia_inline_auto\" id=\"style-css-av-1f9x61x-56a50cf7dd65d8ffd97f52796e771204\">\n.avia-section.av-1f9x61x-56a50cf7dd65d8ffd97f52796e771204{\nbackground-color:#f7f7f7;\nbackground-image:unset;\n}\n<\/style>\n<div id='av_section_3'  class='avia-section av-1f9x61x-56a50cf7dd65d8ffd97f52796e771204 main_color avia-section-huge avia-no-border-styling  avia-builder-el-9  el_after_av_section  avia-builder-el-last  avia-bg-style-scroll container_wrap sidebar_left'  ><div class='container av-section-cont-open' ><div class='template-page content  av-content-small units'><div class='post-entry post-entry-type-page post-entry-46532'><div class='entry-content-wrapper clearfix'>\n<section  class='av_textblock_section av-lv2f3v3d-bc14180f376a372c93e098c24cd40b29 '   itemscope=\"itemscope\" itemtype=\"https:\/\/schema.org\/CreativeWork\" ><div class='avia_textblock'  itemprop=\"text\" ><div id=\"c16144\" class=\"frame frame-type-text frame-layout-0 frame-space-before-none frame-space-after-medium frame-padding-top-extra-large frame-padding-bottom-medium frame-\">\n<div class=\"ce-content\">\n<h2><strong>Va\u0161e kontaktn\u00ed osoby<\/strong><\/h2>\n<\/div>\n<\/div>\n<\/div><\/section>\n<div class='flex_column_table av-1997dut-70ddf0721c6eb529df5d627b2eae83fe sc-av_one_half av-equal-height-column-flextable'><div  class='flex_column av-1997dut-70ddf0721c6eb529df5d627b2eae83fe av_one_half  avia-builder-el-11  el_after_av_textblock  el_before_av_one_half  first flex_column_table_cell av-equal-height-column av-align-top  column-top-margin'     ><style type=\"text\/css\" data-created_by=\"avia_inline_auto\" id=\"style-css-av-lw91k5l9-24c7fea51b59b49935810e6eed66d42d\">\n.avia-image-container.av-lw91k5l9-24c7fea51b59b49935810e6eed66d42d img.avia_image{\nbox-shadow:none;\n}\n.avia-image-container.av-lw91k5l9-24c7fea51b59b49935810e6eed66d42d .av-image-caption-overlay-center{\ncolor:#ffffff;\n}\n<\/style>\n<div  class='avia-image-container av-lw91k5l9-24c7fea51b59b49935810e6eed66d42d av-styling- avia-align-center  avia-builder-el-12  avia-builder-el-no-sibling '   itemprop=\"image\" itemscope=\"itemscope\" itemtype=\"https:\/\/schema.org\/ImageObject\" ><div class=\"avia-image-container-inner\"><div class=\"avia-image-overlay-wrap\"><img decoding=\"async\" fetchpriority=\"high\" class='wp-image-44570 avia-img-lazy-loading-not-44570 avia_image ' src=\"https:\/\/hueffermann.de\/wp-content\/uploads\/sites\/3\/2024\/05\/csm_hueffermann-contentimg-gewaehrleistung-torsten-ruge_64d91356ad.jpg\" alt='' title='csm_hueffermann-contentimg-gewaehrleistung-torsten-ruge_64d91356ad'  height=\"560\" width=\"700\"  itemprop=\"thumbnailUrl\" srcset=\"https:\/\/hueffermann.de\/wp-content\/uploads\/sites\/3\/2024\/05\/csm_hueffermann-contentimg-gewaehrleistung-torsten-ruge_64d91356ad.jpg 700w, https:\/\/hueffermann.de\/wp-content\/uploads\/sites\/3\/2024\/05\/csm_hueffermann-contentimg-gewaehrleistung-torsten-ruge_64d91356ad-300x240.jpg 300w\" sizes=\"(max-width: 700px) 100vw, 700px\" \/><\/div><\/div><\/div><\/div><div class='av-flex-placeholder'><\/div><div  class='flex_column av-282rk1x-9374059a840f64ef7e64c655642d798b av_one_half  avia-builder-el-13  el_after_av_one_half  el_before_av_one_half  flex_column_table_cell av-equal-height-column av-align-top  column-top-margin'     ><style type=\"text\/css\" data-created_by=\"avia_inline_auto\" id=\"style-css-av-lw91keb5-653d23a9580325e24985d87c4c1b9eb8\">\n.avia-image-container.av-lw91keb5-653d23a9580325e24985d87c4c1b9eb8 img.avia_image{\nbox-shadow:none;\n}\n.avia-image-container.av-lw91keb5-653d23a9580325e24985d87c4c1b9eb8 .av-image-caption-overlay-center{\ncolor:#ffffff;\n}\n<\/style>\n<div  class='avia-image-container av-lw91keb5-653d23a9580325e24985d87c4c1b9eb8 av-styling- avia-align-center  avia-builder-el-14  avia-builder-el-no-sibling '   itemprop=\"image\" itemscope=\"itemscope\" itemtype=\"https:\/\/schema.org\/ImageObject\" ><div class=\"avia-image-container-inner\"><div class=\"avia-image-overlay-wrap\"><img decoding=\"async\" fetchpriority=\"high\" class='wp-image-44566 avia-img-lazy-loading-not-44566 avia_image ' src=\"https:\/\/hueffermann.de\/wp-content\/uploads\/sites\/3\/2024\/05\/csm_hueffermann-contentimg-gewaehrleistung-ronny-gliessmann_e4a71ade10.jpg\" alt='' title='csm_hueffermann-contentimg-gewaehrleistung-ronny-gliessmann_e4a71ade10'  height=\"560\" width=\"700\"  itemprop=\"thumbnailUrl\" srcset=\"https:\/\/hueffermann.de\/wp-content\/uploads\/sites\/3\/2024\/05\/csm_hueffermann-contentimg-gewaehrleistung-ronny-gliessmann_e4a71ade10.jpg 700w, https:\/\/hueffermann.de\/wp-content\/uploads\/sites\/3\/2024\/05\/csm_hueffermann-contentimg-gewaehrleistung-ronny-gliessmann_e4a71ade10-300x240.jpg 300w\" sizes=\"(max-width: 700px) 100vw, 700px\" \/><\/div><\/div><\/div><\/div><\/div><!--close column table wrapper. Autoclose: 1 --><div class='flex_column_table av-1h4fabp-c7f1f430590dd69833556069b3c5385a sc-av_one_half av-equal-height-column-flextable'><div  class='flex_column av-1h4fabp-c7f1f430590dd69833556069b3c5385a av_one_half  avia-builder-el-15  el_after_av_one_half  el_before_av_one_half  first flex_column_table_cell av-equal-height-column av-align-top  column-top-margin'     ><style type=\"text\/css\" data-created_by=\"avia_inline_auto\" id=\"style-css-av-lw91kt49-175376accada703fabb9b54cdd4eb493\">\n#top .av_textblock_section.av-lw91kt49-175376accada703fabb9b54cdd4eb493 .avia_textblock{\ntext-align:left;\n}\n<\/style>\n<section  class='av_textblock_section av-lw91kt49-175376accada703fabb9b54cdd4eb493 '   itemscope=\"itemscope\" itemtype=\"https:\/\/schema.org\/CreativeWork\" ><div class='avia_textblock image-dark-section-title'  itemprop=\"text\" ><h3 class=\"schwa-h6\"><strong>Torsten Ruge<\/strong><\/h3>\n<p>Vedouc\u00ed z\u00e1kaznick\u00e9ho servisu<\/p>\n<p>Telefon: +49 33970 996 651<br \/>\nE-Mail: <a href=\"mailto:Torsten.ruge@hueffermann.de\">Torsten.ruge@hueffermann.de<\/a><\/p>\n<\/div><\/section><\/div><div class='av-flex-placeholder'><\/div><div  class='flex_column av-4mjs05-4da1a45e52b3b1d78dd3f8f30d608e0c av_one_half  avia-builder-el-17  el_after_av_one_half  el_before_av_one_full  flex_column_table_cell av-equal-height-column av-align-top  column-top-margin'     ><style type=\"text\/css\" data-created_by=\"avia_inline_auto\" id=\"style-css-av-lw91l340-b253c09a2097c84ab6a2709612a5423a\">\n#top .av_textblock_section.av-lw91l340-b253c09a2097c84ab6a2709612a5423a .avia_textblock{\ntext-align:left;\n}\n<\/style>\n<section  class='av_textblock_section av-lw91l340-b253c09a2097c84ab6a2709612a5423a '   itemscope=\"itemscope\" itemtype=\"https:\/\/schema.org\/CreativeWork\" ><div class='avia_textblock image-dark-section-title'  itemprop=\"text\" ><h3 class=\"schwa-h6\"><strong>Ronny Gli\u00dfmann<\/strong><\/h3>\n<p>Z\u00e1kaznick\u00fd servis \/ z\u00e1v\u011bre\u010dn\u00e1 kontrola u\u017eitkov\u00fdch vozidel<\/p>\n<p>Telefon: +49 33970 996 656<br \/>\nE-Mail: <a href=\"mailto:Ronny.glissmann@hueffermann.de\">Ronny.glissmann@hueffermann.de<\/a><\/p>\n<\/div><\/section><\/div><\/div><!--close column table wrapper. Autoclose: 1 --><div  class='flex_column av-v7m2xx-07de8660ad49e01720e19eae21086676 av_one_full  avia-builder-el-19  el_after_av_one_half  avia-builder-el-last  first flex_column_div  column-top-margin'     ><style type=\"text\/css\" data-created_by=\"avia_inline_auto\" id=\"style-css-av-lw91mb6v-499652980810ff7efcebbcbbff6d879c\">\n#top .av_textblock_section.av-lw91mb6v-499652980810ff7efcebbcbbff6d879c .avia_textblock{\ntext-align:center;\n}\n<\/style>\n<section  class='av_textblock_section av-lw91mb6v-499652980810ff7efcebbcbbff6d879c '   itemscope=\"itemscope\" itemtype=\"https:\/\/schema.org\/CreativeWork\" ><div class='avia_textblock image-dark-section-title'  itemprop=\"text\" ><h3 class=\"align-center schwa-h4\"><strong>Technick\u00e1 podpora<br \/>\nmimo pracovn\u00ed dobu<\/strong><\/h3>\n<p class=\"align-center\">Mobil: +49 151 51131700<\/p>\n<p class=\"align-center\">Po \u2013 P\u00e1: 16:00 &#8211; 20:00 Uhr<br \/>\nSo: 08:00 &#8211; 12:00 Uhr<\/p>\n<\/div><\/section><\/div>\n<\/div><\/div><\/div><!-- close content main div --><\/div><\/div><div id='after_section_3'  class='main_color av_default_container_wrap container_wrap sidebar_left'  ><div class='container av-section-cont-open' ><div class='template-page content  av-content-small units'><div class='post-entry post-entry-type-page post-entry-46532'><div class='entry-content-wrapper clearfix'><\/p>\n","protected":false},"excerpt":{"rendered":"","protected":false},"author":5,"featured_media":0,"parent":46496,"menu_order":0,"comment_status":"closed","ping_status":"closed","template":"","meta":{"_acf_changed":false,"_relevanssi_hide_post":"","_relevanssi_hide_content":"","_relevanssi_pin_for_all":"","_relevanssi_pin_keywords":"","_relevanssi_unpin_keywords":"","_relevanssi_related_keywords":"","_relevanssi_related_include_ids":"","_relevanssi_related_exclude_ids":"","_relevanssi_related_no_append":"","_relevanssi_related_not_related":"","_relevanssi_related_posts":"50755,50761,50668,50672,50738,50661","_relevanssi_noindex_reason":"","footnotes":""},"class_list":["post-46532","page","type-page","status-publish","hentry"],"acf":[],"yoast_head":"<!-- This site is optimized with the Yoast SEO Premium plugin v26.4 (Yoast SEO v27.2) - https:\/\/yoast.com\/product\/yoast-seo-premium-wordpress\/ -->\n<title>Z\u00e1ruka - H\u00fcffermann<\/title>\n<meta name=\"robots\" content=\"index, follow, max-snippet:-1, max-image-preview:large, max-video-preview:-1\" \/>\n<link rel=\"canonical\" href=\"https:\/\/hueffermann.de\/cs\/servis\/zaruka\/\" \/>\n<meta property=\"og:locale\" content=\"cs_CZ\" \/>\n<meta property=\"og:type\" content=\"article\" \/>\n<meta property=\"og:title\" content=\"Z\u00e1ruka\" \/>\n<meta property=\"og:url\" content=\"https:\/\/hueffermann.de\/cs\/servis\/zaruka\/\" \/>\n<meta property=\"og:site_name\" content=\"H\u00fcffermann\" \/>\n<meta property=\"article:modified_time\" content=\"2024-10-29T14:49:23+00:00\" \/>\n<meta name=\"twitter:card\" content=\"summary_large_image\" \/>\n<meta name=\"twitter:label1\" content=\"Odhadovan\u00e1 doba \u010dten\u00ed\" \/>\n\t<meta name=\"twitter:data1\" content=\"1 minuta\" \/>\n<script type=\"application\/ld+json\" class=\"yoast-schema-graph\">{\"@context\":\"https:\/\/schema.org\",\"@graph\":[{\"@type\":\"WebPage\",\"@id\":\"https:\/\/hueffermann.de\/cs\/servis\/zaruka\/\",\"url\":\"https:\/\/hueffermann.de\/cs\/servis\/zaruka\/\",\"name\":\"Z\u00e1ruka - H\u00fcffermann\",\"isPartOf\":{\"@id\":\"https:\/\/hueffermann.de\/en\/#website\"},\"datePublished\":\"2024-04-04T12:32:08+00:00\",\"dateModified\":\"2024-10-29T14:49:23+00:00\",\"breadcrumb\":{\"@id\":\"https:\/\/hueffermann.de\/cs\/servis\/zaruka\/#breadcrumb\"},\"inLanguage\":\"cs\",\"potentialAction\":[{\"@type\":\"ReadAction\",\"target\":[\"https:\/\/hueffermann.de\/cs\/servis\/zaruka\/\"]}]},{\"@type\":\"BreadcrumbList\",\"@id\":\"https:\/\/hueffermann.de\/cs\/servis\/zaruka\/#breadcrumb\",\"itemListElement\":[{\"@type\":\"ListItem\",\"position\":1,\"name\":\"Home\",\"item\":\"https:\/\/hueffermann.de\/cs\/home\/\"},{\"@type\":\"ListItem\",\"position\":2,\"name\":\"Servis\",\"item\":\"https:\/\/hueffermann.de\/cs\/servis\/\"},{\"@type\":\"ListItem\",\"position\":3,\"name\":\"Z\u00e1ruka\"}]},{\"@type\":\"WebSite\",\"@id\":\"https:\/\/hueffermann.de\/en\/#website\",\"url\":\"https:\/\/hueffermann.de\/en\/\",\"name\":\"H\u00fcffermann\",\"description\":\"\",\"potentialAction\":[{\"@type\":\"SearchAction\",\"target\":{\"@type\":\"EntryPoint\",\"urlTemplate\":\"https:\/\/hueffermann.de\/en\/?s={search_term_string}\"},\"query-input\":{\"@type\":\"PropertyValueSpecification\",\"valueRequired\":true,\"valueName\":\"search_term_string\"}}],\"inLanguage\":\"cs\"}]}<\/script>\n<!-- \/ Yoast SEO Premium plugin. -->","yoast_head_json":{"title":"Z\u00e1ruka - H\u00fcffermann","robots":{"index":"index","follow":"follow","max-snippet":"max-snippet:-1","max-image-preview":"max-image-preview:large","max-video-preview":"max-video-preview:-1"},"canonical":"https:\/\/hueffermann.de\/cs\/servis\/zaruka\/","og_locale":"cs_CZ","og_type":"article","og_title":"Z\u00e1ruka","og_url":"https:\/\/hueffermann.de\/cs\/servis\/zaruka\/","og_site_name":"H\u00fcffermann","article_modified_time":"2024-10-29T14:49:23+00:00","twitter_card":"summary_large_image","twitter_misc":{"Odhadovan\u00e1 doba \u010dten\u00ed":"1 minuta"},"schema":{"@context":"https:\/\/schema.org","@graph":[{"@type":"WebPage","@id":"https:\/\/hueffermann.de\/cs\/servis\/zaruka\/","url":"https:\/\/hueffermann.de\/cs\/servis\/zaruka\/","name":"Z\u00e1ruka - H\u00fcffermann","isPartOf":{"@id":"https:\/\/hueffermann.de\/en\/#website"},"datePublished":"2024-04-04T12:32:08+00:00","dateModified":"2024-10-29T14:49:23+00:00","breadcrumb":{"@id":"https:\/\/hueffermann.de\/cs\/servis\/zaruka\/#breadcrumb"},"inLanguage":"cs","potentialAction":[{"@type":"ReadAction","target":["https:\/\/hueffermann.de\/cs\/servis\/zaruka\/"]}]},{"@type":"BreadcrumbList","@id":"https:\/\/hueffermann.de\/cs\/servis\/zaruka\/#breadcrumb","itemListElement":[{"@type":"ListItem","position":1,"name":"Home","item":"https:\/\/hueffermann.de\/cs\/home\/"},{"@type":"ListItem","position":2,"name":"Servis","item":"https:\/\/hueffermann.de\/cs\/servis\/"},{"@type":"ListItem","position":3,"name":"Z\u00e1ruka"}]},{"@type":"WebSite","@id":"https:\/\/hueffermann.de\/en\/#website","url":"https:\/\/hueffermann.de\/en\/","name":"H\u00fcffermann","description":"","potentialAction":[{"@type":"SearchAction","target":{"@type":"EntryPoint","urlTemplate":"https:\/\/hueffermann.de\/en\/?s={search_term_string}"},"query-input":{"@type":"PropertyValueSpecification","valueRequired":true,"valueName":"search_term_string"}}],"inLanguage":"cs"}]}},"_links":{"self":[{"href":"https:\/\/hueffermann.de\/cs\/wp-json\/wp\/v2\/pages\/46532","targetHints":{"allow":["GET"]}}],"collection":[{"href":"https:\/\/hueffermann.de\/cs\/wp-json\/wp\/v2\/pages"}],"about":[{"href":"https:\/\/hueffermann.de\/cs\/wp-json\/wp\/v2\/types\/page"}],"author":[{"embeddable":true,"href":"https:\/\/hueffermann.de\/cs\/wp-json\/wp\/v2\/users\/5"}],"replies":[{"embeddable":true,"href":"https:\/\/hueffermann.de\/cs\/wp-json\/wp\/v2\/comments?post=46532"}],"version-history":[{"count":6,"href":"https:\/\/hueffermann.de\/cs\/wp-json\/wp\/v2\/pages\/46532\/revisions"}],"predecessor-version":[{"id":51662,"href":"https:\/\/hueffermann.de\/cs\/wp-json\/wp\/v2\/pages\/46532\/revisions\/51662"}],"up":[{"embeddable":true,"href":"https:\/\/hueffermann.de\/cs\/wp-json\/wp\/v2\/pages\/46496"}],"wp:attachment":[{"href":"https:\/\/hueffermann.de\/cs\/wp-json\/wp\/v2\/media?parent=46532"}],"curies":[{"name":"wp","href":"https:\/\/api.w.org\/{rel}","templated":true}]}}