{"id":46551,"date":"2024-04-04T11:19:35","date_gmt":"2024-04-04T09:19:35","guid":{"rendered":"https:\/\/hueffermann.de\/organizace\/"},"modified":"2024-10-23T17:43:20","modified_gmt":"2024-10-23T15:43:20","slug":"organizace","status":"publish","type":"page","link":"https:\/\/hueffermann.de\/cs\/firma\/organizace\/","title":{"rendered":"Organizace"},"content":{"rendered":"\n<style type=\"text\/css\" data-created_by=\"avia_inline_auto\" id=\"style-css-av-1ii99mq-eb3edf708bfb1d6a91bbafeaf8a7b566\">\n.avia-section.av-1ii99mq-eb3edf708bfb1d6a91bbafeaf8a7b566{\nbackground-repeat:no-repeat;\nbackground-image:url(https:\/\/hueffermann.de\/wp-content\/uploads\/sites\/3\/2024\/05\/csm_04_cover_hueffermann_neu_grau_red_8baca4f305-2.jpg);\nbackground-position:50% 50%;\nbackground-attachment:scroll;\n}\n.avia-section.av-1ii99mq-eb3edf708bfb1d6a91bbafeaf8a7b566 .av-section-color-overlay{\nopacity:0.5;\nbackground-color:#0a0a0a;\n}\n<\/style>\n<div id='av_section_1'  class='avia-section av-1ii99mq-eb3edf708bfb1d6a91bbafeaf8a7b566 alternate_color avia-section-huge avia-no-border-styling  avia-builder-el-0  el_before_av_textblock  avia-builder-el-first  avia-full-stretch avia-bg-style-scroll av-section-color-overlay-active av-minimum-height av-minimum-height-custom av-height-custom  container_wrap sidebar_left'  data-section-bg-repeat='stretch' data-av_minimum_height_px='512'><div class=\"av-section-color-overlay-wrap\"><div class=\"av-section-color-overlay\"><\/div><div class='container av-section-cont-open' style='height:512px'><main  role=\"main\" itemprop=\"mainContentOfPage\"  class='template-page content  av-content-small units'><div class='post-entry post-entry-type-page post-entry-46551'><div class='entry-content-wrapper clearfix'>\n<section  class='av_textblock_section av-4lycde-0f76c8296f69092d0d48c422c683c569 '   itemscope=\"itemscope\" itemtype=\"https:\/\/schema.org\/CreativeWork\" ><div class='avia_textblock hero-title av_inherit_color'  itemprop=\"text\" ><h1><strong>INOVATIVN\u011a a C\u00cdLEN\u011a do BUDOUCNOSTI<\/strong><\/h1>\n<\/div><\/section>\n<\/div><\/div><\/main><!-- close content main element --><\/div><\/div><\/div><div id='after_section_1'  class='main_color av_default_container_wrap container_wrap sidebar_left'  ><div class='container av-section-cont-open' ><div class='template-page content  av-content-small units'><div class='post-entry post-entry-type-page post-entry-46551'><div class='entry-content-wrapper clearfix'>\n<section  class='av_textblock_section av-av_textblock-a0d71884ce2b46274a88fab001c350b5 '   itemscope=\"itemscope\" itemtype=\"https:\/\/schema.org\/CreativeWork\" ><div class='avia_textblock sch-breadcrumb'  itemprop=\"text\" ><div class=\"breadcrumb breadcrumbs avia-breadcrumbs\"><div class=\"breadcrumb-trail\" ><span class=\"trail-before\"><span class=\"breadcrumb-title\">Jste zde:<\/span><\/span> <span  itemscope=\"itemscope\" itemtype=\"https:\/\/schema.org\/BreadcrumbList\" ><span  itemscope=\"itemscope\" itemtype=\"https:\/\/schema.org\/ListItem\" itemprop=\"itemListElement\" ><a itemprop=\"url\" href=\"https:\/\/hueffermann.de\/cs\/\" title=\"H\u00fcffermann\" rel=\"home\" class=\"trail-begin\"><span itemprop=\"name\">Dom\u016f<\/span><\/a><span itemprop=\"position\" class=\"hidden\">1<\/span><\/span><\/span><\/div><\/div>\n<\/div><\/section>\n<\/div><\/div><\/div><!-- close content main div --><\/div><\/div><div id='av_section_2'  class='avia-section av-z0wn0i-2bd8902999baddc8cd6ce2b89c19308f main_color avia-section-huge avia-no-border-styling  avia-builder-el-3  el_after_av_textblock  avia-builder-el-last  avia-bg-style-scroll container_wrap sidebar_left'  ><div class='container av-section-cont-open' ><div class='template-page content  av-content-small units'><div class='post-entry post-entry-type-page post-entry-46551'><div class='entry-content-wrapper clearfix'>\n<div class='flex_column_table av-nqokyq-d66fb8451bc736530e325f77d04e3c1e sc-av_one_half av-equal-height-column-flextable'><div  class='flex_column av-nqokyq-d66fb8451bc736530e325f77d04e3c1e av_one_half  avia-builder-el-4  el_before_av_one_half  avia-builder-el-first  first flex_column_table_cell av-equal-height-column av-align-top  '     ><style type=\"text\/css\" data-created_by=\"avia_inline_auto\" id=\"style-css-av-lw7jmr7a-a466956b6f953561c9d1213e2039396e\">\n#top .av_textblock_section.av-lw7jmr7a-a466956b6f953561c9d1213e2039396e .avia_textblock{\ntext-align:left;\n}\n<\/style>\n<section  class='av_textblock_section av-lw7jmr7a-a466956b6f953561c9d1213e2039396e '   itemscope=\"itemscope\" itemtype=\"https:\/\/schema.org\/CreativeWork\" ><div class='avia_textblock image-dark-section-title'  itemprop=\"text\" ><div class=\"ce-header h2-mb ce-header-left\">\n<div class=\"ce-headline\">\n<h2><strong>Spole\u010dnost<\/strong><\/h2>\n<\/div>\n<\/div>\n<p>Spole\u010dnost H\u00fcffermann Transportsysteme GmbH se s\u00eddlem v\u00fdroby v Neustadtu (Dosse) v Braniborsku a s prodejn\u00ed kancel\u00e1\u0159\u00ed ve Wildeshausenu (Doln\u00ed Sasko) je vysoce specializovan\u00fdm v\u00fdrobcem p\u0159\u00edpojn\u00fdch vozidel pro kontejnerovou dopravu, n\u00e1staveb n\u00e1kladn\u00edch automobil\u016f a speci\u00e1ln\u00edch vozidel pro mezin\u00e1rodn\u00ed kontejnerov\u00e9 standardy, jako\u017e i syst\u00e9m\u016f pro zaji\u0161t\u011bn\u00ed n\u00e1kladu.<\/p>\n<p>Spole\u010dnost H\u00fcffermann se zam\u011b\u0159uje na v\u00fdrobu p\u0159\u00edpojn\u00fdch vozidel podle modul\u00e1rn\u00edho syst\u00e9mu a na mont\u00e1\u017e n\u00e1staveb u\u017eitkov\u00fdch vozidel. Opravy, gener\u00e1ln\u00ed opravy a tak\u00e9 odd\u011blen\u00ed pron\u00e1jmu jsou realizov\u00e1ny v centru u\u017eitkov\u00fdch vozidel H\u00fcffermann podle po\u017eadavk\u016f z\u00e1kazn\u00edk\u016f. V\u00edce ne\u017e 100 let zku\u0161enost\u00ed a nejmodern\u011bj\u0161\u00ed v\u00fdrobn\u00ed technologie, jako\u017e i komplexn\u00ed projektov\u00e1 podpora od prvn\u00ed v\u00fdvojov\u00e9 studie a\u017e po dod\u00e1vku, jsou ur\u010duj\u00edc\u00edmi m\u011b\u0159\u00edtky spole\u010dnosti H\u00fcffermann Transportsysteme GmbH jako dodavatele p\u0159\u00edv\u011bs\u016f.<\/p>\n<p>U v\u0161ech t\u011bchto komponent\u016f, kter\u00e9 d\u011blaj\u00ed spole\u010dnost H\u00fcffermann Transportsysteme GmbH t\u00edm, \u010d\u00edm je, je na prvn\u00edm m\u00edst\u011b jedna v\u011bc \u2013 kvalita. Proto pro n\u00e1s plat\u00ed: Od ocelov\u00e9 konstrukce a\u017e po lakov\u00e1n\u00ed jsou p\u0159\u00edv\u011bsy 100% \u201eMade in Germany\u201c. Proto je pro n\u00e1s velmi d\u016fle\u017eit\u00e9 plnit a neust\u00e1le optimalizovat po\u017eadavky a krit\u00e9ria syst\u00e9mu \u0159\u00edzen\u00ed kvality DIN ISO 9001, podle kter\u00e9ho jsme certifikov\u00e1ni.<\/p>\n<p>Spole\u010dnost H\u00fcffermann Transportsysteme GmbH je od ledna 2020 sou\u010d\u00e1st\u00ed skupiny Schwarzm\u00fcller.<\/p>\n<\/div><\/section><\/div><div class='av-flex-placeholder'><\/div><div  class='flex_column av-lw7jwu0h-0f6aefbb98b7f15fd2d5a47b14fa4f27 av_one_half  avia-builder-el-6  el_after_av_one_half  avia-builder-el-last  flex_column_table_cell av-equal-height-column av-align-top  '     ><p>\n<style type=\"text\/css\" data-created_by=\"avia_inline_auto\" id=\"style-css-av-lw7k40qh-030825e0726c28dfef188fd03bb7e798\">\n.avia-image-container.av-lw7k40qh-030825e0726c28dfef188fd03bb7e798 img.avia_image{\nbox-shadow:none;\n}\n.avia-image-container.av-lw7k40qh-030825e0726c28dfef188fd03bb7e798 .av-image-caption-overlay-center{\ncolor:#ffffff;\n}\n<\/style>\n<div  class='avia-image-container av-lw7k40qh-030825e0726c28dfef188fd03bb7e798 av-styling- avia-align-center  avia-builder-el-7  el_before_av_image  avia-builder-el-first '   itemprop=\"image\" itemscope=\"itemscope\" itemtype=\"https:\/\/schema.org\/ImageObject\" ><div class=\"avia-image-container-inner\"><div class=\"avia-image-overlay-wrap\"><img decoding=\"async\" fetchpriority=\"high\" class='wp-image-44258 avia-img-lazy-loading-not-44258 avia_image ' src=\"https:\/\/hueffermann.de\/wp-content\/uploads\/sites\/3\/2024\/05\/schwarzmueller_neustadt_dosse_0720_hueffermann_bild3_1365-1.jpg\" alt='' title='schwarzmueller_neustadt_dosse_0720_hueffermann_bild3_1365'  height=\"640\" width=\"960\"  itemprop=\"thumbnailUrl\" srcset=\"https:\/\/hueffermann.de\/wp-content\/uploads\/sites\/3\/2024\/05\/schwarzmueller_neustadt_dosse_0720_hueffermann_bild3_1365-1.jpg 960w, https:\/\/hueffermann.de\/wp-content\/uploads\/sites\/3\/2024\/05\/schwarzmueller_neustadt_dosse_0720_hueffermann_bild3_1365-1-300x200.jpg 300w, https:\/\/hueffermann.de\/wp-content\/uploads\/sites\/3\/2024\/05\/schwarzmueller_neustadt_dosse_0720_hueffermann_bild3_1365-1-768x512.jpg 768w, https:\/\/hueffermann.de\/wp-content\/uploads\/sites\/3\/2024\/05\/schwarzmueller_neustadt_dosse_0720_hueffermann_bild3_1365-1-705x470.jpg 705w\" sizes=\"(max-width: 960px) 100vw, 960px\" \/><\/div><\/div><\/div><br \/>\n\n<style type=\"text\/css\" data-created_by=\"avia_inline_auto\" id=\"style-css-av-lw7k4sz5-eba033c6ea555b33fbd681859d7e6292\">\n.avia-image-container.av-lw7k4sz5-eba033c6ea555b33fbd681859d7e6292 img.avia_image{\nbox-shadow:none;\n}\n.avia-image-container.av-lw7k4sz5-eba033c6ea555b33fbd681859d7e6292 .av-image-caption-overlay-center{\ncolor:#ffffff;\n}\n<\/style>\n<div  class='avia-image-container av-lw7k4sz5-eba033c6ea555b33fbd681859d7e6292 av-styling- avia-align-center  avia-builder-el-8  el_after_av_image  avia-builder-el-last '   itemprop=\"image\" itemscope=\"itemscope\" itemtype=\"https:\/\/schema.org\/ImageObject\" ><div class=\"avia-image-container-inner\"><div class=\"avia-image-overlay-wrap\"><img decoding=\"async\" fetchpriority=\"high\" class='wp-image-44266 avia-img-lazy-loading-not-44266 avia_image ' src=\"https:\/\/hueffermann.de\/wp-content\/uploads\/sites\/3\/2024\/05\/csm_Luftaufnahme_1000x728_9bce99fafd-2.jpg\" alt='' title='csm_Luftaufnahme_1000x728_9bce99fafd'  height=\"510\" width=\"700\"  itemprop=\"thumbnailUrl\" srcset=\"https:\/\/hueffermann.de\/wp-content\/uploads\/sites\/3\/2024\/05\/csm_Luftaufnahme_1000x728_9bce99fafd-2.jpg 700w, https:\/\/hueffermann.de\/wp-content\/uploads\/sites\/3\/2024\/05\/csm_Luftaufnahme_1000x728_9bce99fafd-2-300x219.jpg 300w\" sizes=\"(max-width: 700px) 100vw, 700px\" \/><\/div><\/div><\/div><\/p><\/div><\/div><!--close column table wrapper. Autoclose: 1 -->\n<\/div><\/div><\/div><!-- close content main div --><\/div><\/div><div id='after_section_2'  class='main_color av_default_container_wrap container_wrap sidebar_left'  ><div class='container av-section-cont-open' ><div class='template-page content  av-content-small units'><div class='post-entry post-entry-type-page post-entry-46551'><div class='entry-content-wrapper clearfix'>\n","protected":false},"excerpt":{"rendered":"","protected":false},"author":5,"featured_media":0,"parent":49297,"menu_order":0,"comment_status":"closed","ping_status":"closed","template":"","meta":{"_acf_changed":false,"_relevanssi_hide_post":"","_relevanssi_hide_content":"","_relevanssi_pin_for_all":"","_relevanssi_pin_keywords":"","_relevanssi_unpin_keywords":"","_relevanssi_related_keywords":"","_relevanssi_related_include_ids":"","_relevanssi_related_exclude_ids":"","_relevanssi_related_no_append":"","_relevanssi_related_not_related":"","_relevanssi_related_posts":"50738,50677,50749,50661,50743,50672","_relevanssi_noindex_reason":"","footnotes":""},"class_list":["post-46551","page","type-page","status-publish","hentry"],"acf":[],"yoast_head":"<!-- This site is optimized with the Yoast SEO Premium plugin v26.4 (Yoast SEO v27.2) - https:\/\/yoast.com\/product\/yoast-seo-premium-wordpress\/ -->\n<title>Organizace - H\u00fcffermann<\/title>\n<meta name=\"robots\" content=\"index, follow, max-snippet:-1, max-image-preview:large, max-video-preview:-1\" \/>\n<link rel=\"canonical\" href=\"https:\/\/hueffermann.de\/cs\/firma\/organizace\/\" \/>\n<meta property=\"og:locale\" content=\"cs_CZ\" \/>\n<meta property=\"og:type\" content=\"article\" \/>\n<meta property=\"og:title\" content=\"Organizace\" \/>\n<meta property=\"og:url\" content=\"https:\/\/hueffermann.de\/cs\/firma\/organizace\/\" \/>\n<meta property=\"og:site_name\" content=\"H\u00fcffermann\" \/>\n<meta property=\"article:modified_time\" content=\"2024-10-23T15:43:20+00:00\" \/>\n<meta name=\"twitter:card\" content=\"summary_large_image\" \/>\n<meta name=\"twitter:label1\" content=\"Odhadovan\u00e1 doba \u010dten\u00ed\" \/>\n\t<meta name=\"twitter:data1\" content=\"2 minuty\" \/>\n<script type=\"application\/ld+json\" class=\"yoast-schema-graph\">{\"@context\":\"https:\/\/schema.org\",\"@graph\":[{\"@type\":\"WebPage\",\"@id\":\"https:\/\/hueffermann.de\/cs\/firma\/organizace\/\",\"url\":\"https:\/\/hueffermann.de\/cs\/firma\/organizace\/\",\"name\":\"Organizace - H\u00fcffermann\",\"isPartOf\":{\"@id\":\"https:\/\/hueffermann.de\/en\/#website\"},\"datePublished\":\"2024-04-04T09:19:35+00:00\",\"dateModified\":\"2024-10-23T15:43:20+00:00\",\"breadcrumb\":{\"@id\":\"https:\/\/hueffermann.de\/cs\/firma\/organizace\/#breadcrumb\"},\"inLanguage\":\"cs\",\"potentialAction\":[{\"@type\":\"ReadAction\",\"target\":[\"https:\/\/hueffermann.de\/cs\/firma\/organizace\/\"]}]},{\"@type\":\"BreadcrumbList\",\"@id\":\"https:\/\/hueffermann.de\/cs\/firma\/organizace\/#breadcrumb\",\"itemListElement\":[{\"@type\":\"ListItem\",\"position\":1,\"name\":\"Home\",\"item\":\"https:\/\/hueffermann.de\/cs\/home\/\"},{\"@type\":\"ListItem\",\"position\":2,\"name\":\"Firma\",\"item\":\"https:\/\/hueffermann.de\/cs\/firma\/\"},{\"@type\":\"ListItem\",\"position\":3,\"name\":\"Organizace\"}]},{\"@type\":\"WebSite\",\"@id\":\"https:\/\/hueffermann.de\/en\/#website\",\"url\":\"https:\/\/hueffermann.de\/en\/\",\"name\":\"H\u00fcffermann\",\"description\":\"\",\"potentialAction\":[{\"@type\":\"SearchAction\",\"target\":{\"@type\":\"EntryPoint\",\"urlTemplate\":\"https:\/\/hueffermann.de\/en\/?s={search_term_string}\"},\"query-input\":{\"@type\":\"PropertyValueSpecification\",\"valueRequired\":true,\"valueName\":\"search_term_string\"}}],\"inLanguage\":\"cs\"}]}<\/script>\n<!-- \/ Yoast SEO Premium plugin. -->","yoast_head_json":{"title":"Organizace - H\u00fcffermann","robots":{"index":"index","follow":"follow","max-snippet":"max-snippet:-1","max-image-preview":"max-image-preview:large","max-video-preview":"max-video-preview:-1"},"canonical":"https:\/\/hueffermann.de\/cs\/firma\/organizace\/","og_locale":"cs_CZ","og_type":"article","og_title":"Organizace","og_url":"https:\/\/hueffermann.de\/cs\/firma\/organizace\/","og_site_name":"H\u00fcffermann","article_modified_time":"2024-10-23T15:43:20+00:00","twitter_card":"summary_large_image","twitter_misc":{"Odhadovan\u00e1 doba \u010dten\u00ed":"2 minuty"},"schema":{"@context":"https:\/\/schema.org","@graph":[{"@type":"WebPage","@id":"https:\/\/hueffermann.de\/cs\/firma\/organizace\/","url":"https:\/\/hueffermann.de\/cs\/firma\/organizace\/","name":"Organizace - H\u00fcffermann","isPartOf":{"@id":"https:\/\/hueffermann.de\/en\/#website"},"datePublished":"2024-04-04T09:19:35+00:00","dateModified":"2024-10-23T15:43:20+00:00","breadcrumb":{"@id":"https:\/\/hueffermann.de\/cs\/firma\/organizace\/#breadcrumb"},"inLanguage":"cs","potentialAction":[{"@type":"ReadAction","target":["https:\/\/hueffermann.de\/cs\/firma\/organizace\/"]}]},{"@type":"BreadcrumbList","@id":"https:\/\/hueffermann.de\/cs\/firma\/organizace\/#breadcrumb","itemListElement":[{"@type":"ListItem","position":1,"name":"Home","item":"https:\/\/hueffermann.de\/cs\/home\/"},{"@type":"ListItem","position":2,"name":"Firma","item":"https:\/\/hueffermann.de\/cs\/firma\/"},{"@type":"ListItem","position":3,"name":"Organizace"}]},{"@type":"WebSite","@id":"https:\/\/hueffermann.de\/en\/#website","url":"https:\/\/hueffermann.de\/en\/","name":"H\u00fcffermann","description":"","potentialAction":[{"@type":"SearchAction","target":{"@type":"EntryPoint","urlTemplate":"https:\/\/hueffermann.de\/en\/?s={search_term_string}"},"query-input":{"@type":"PropertyValueSpecification","valueRequired":true,"valueName":"search_term_string"}}],"inLanguage":"cs"}]}},"_links":{"self":[{"href":"https:\/\/hueffermann.de\/cs\/wp-json\/wp\/v2\/pages\/46551","targetHints":{"allow":["GET"]}}],"collection":[{"href":"https:\/\/hueffermann.de\/cs\/wp-json\/wp\/v2\/pages"}],"about":[{"href":"https:\/\/hueffermann.de\/cs\/wp-json\/wp\/v2\/types\/page"}],"author":[{"embeddable":true,"href":"https:\/\/hueffermann.de\/cs\/wp-json\/wp\/v2\/users\/5"}],"replies":[{"embeddable":true,"href":"https:\/\/hueffermann.de\/cs\/wp-json\/wp\/v2\/comments?post=46551"}],"version-history":[{"count":6,"href":"https:\/\/hueffermann.de\/cs\/wp-json\/wp\/v2\/pages\/46551\/revisions"}],"predecessor-version":[{"id":51399,"href":"https:\/\/hueffermann.de\/cs\/wp-json\/wp\/v2\/pages\/46551\/revisions\/51399"}],"up":[{"embeddable":true,"href":"https:\/\/hueffermann.de\/cs\/wp-json\/wp\/v2\/pages\/49297"}],"wp:attachment":[{"href":"https:\/\/hueffermann.de\/cs\/wp-json\/wp\/v2\/media?parent=46551"}],"curies":[{"name":"wp","href":"https:\/\/api.w.org\/{rel}","templated":true}]}}