{"id":46685,"date":"2024-03-07T17:39:29","date_gmt":"2024-03-07T16:39:29","guid":{"rendered":"https:\/\/hueffermann.de\/kontaktni-osoba\/"},"modified":"2024-11-05T13:32:00","modified_gmt":"2024-11-05T12:32:00","slug":"kontaktni-osoba","status":"publish","type":"page","link":"https:\/\/hueffermann.de\/cs\/informace-a-kontakt\/kontaktni-osoba\/","title":{"rendered":"Kontaktn\u00ed osoba"},"content":{"rendered":"\n<style type=\"text\/css\" data-created_by=\"avia_inline_auto\" id=\"style-css-av-24ypo7d-944566c73543fc86f927dcf27bce5fd7\">\n.avia-section.av-24ypo7d-944566c73543fc86f927dcf27bce5fd7{\nbackground-repeat:no-repeat;\nbackground-image:url(https:\/\/hueffermann.de\/wp-content\/uploads\/sites\/3\/2024\/11\/SM-Hochhaus-L1019862.jpg);\nbackground-position:50% 50%;\nbackground-attachment:scroll;\n}\n.avia-section.av-24ypo7d-944566c73543fc86f927dcf27bce5fd7 .av-section-color-overlay{\nopacity:0.4;\nbackground-color:#0a0a0a;\n}\n<\/style>\n<div id='av_section_1'  class='avia-section av-24ypo7d-944566c73543fc86f927dcf27bce5fd7 main_color avia-section-huge avia-no-border-styling  avia-builder-el-0  el_before_av_textblock  avia-builder-el-first  avia-full-stretch avia-bg-style-scroll av-section-color-overlay-active av-minimum-height av-minimum-height-custom av-height-custom  container_wrap sidebar_left'  data-section-bg-repeat='stretch' data-av_minimum_height_px='512'><div class=\"av-section-color-overlay-wrap\"><div class=\"av-section-color-overlay\"><\/div><div class='container av-section-cont-open' style='height:512px'><main  role=\"main\" itemprop=\"mainContentOfPage\"  class='template-page content  av-content-small units'><div class='post-entry post-entry-type-page post-entry-46685'><div class='entry-content-wrapper clearfix'>\n\n<style type=\"text\/css\" data-created_by=\"avia_inline_auto\" id=\"style-css-av-lv2bgwhd-346727aca68ae77b475eea2666d0a188\">\n#top .av_textblock_section.av-lv2bgwhd-346727aca68ae77b475eea2666d0a188 .avia_textblock{\ncolor:#ffffff;\n}\n<\/style>\n<section  class='av_textblock_section av-lv2bgwhd-346727aca68ae77b475eea2666d0a188 '   itemscope=\"itemscope\" itemtype=\"https:\/\/schema.org\/CreativeWork\" ><div class='avia_textblock hero-title av_inherit_color'  itemprop=\"text\" ><h1>Va\u0161e kontaktn\u00ed osoby ve spole\u010dnosti H\u00fcffermann<\/h1>\n<h2 class=\"schwa-h5\">V\u017edy bl\u00edzko v\u00e1s. Jsme r\u00e1di, \u017ee v\u00e1m m\u016f\u017eeme b\u00fdt k dispozici.<\/h2>\n<\/div><\/section>\n<\/div><\/div><\/main><!-- close content main element --><\/div><\/div><\/div><div id='after_section_1'  class='main_color av_default_container_wrap container_wrap sidebar_left'  ><div class='container av-section-cont-open' ><div class='template-page content  av-content-small units'><div class='post-entry post-entry-type-page post-entry-46685'><div class='entry-content-wrapper clearfix'>\n<section  class='av_textblock_section av-av_textblock-a0d71884ce2b46274a88fab001c350b5 '   itemscope=\"itemscope\" itemtype=\"https:\/\/schema.org\/CreativeWork\" ><div class='avia_textblock sch-breadcrumb'  itemprop=\"text\" ><div class=\"breadcrumb breadcrumbs avia-breadcrumbs\"><div class=\"breadcrumb-trail\" ><span class=\"trail-before\"><span class=\"breadcrumb-title\">Jste zde:<\/span><\/span> <span  itemscope=\"itemscope\" itemtype=\"https:\/\/schema.org\/BreadcrumbList\" ><span  itemscope=\"itemscope\" itemtype=\"https:\/\/schema.org\/ListItem\" itemprop=\"itemListElement\" ><a itemprop=\"url\" href=\"https:\/\/hueffermann.de\/cs\/\" title=\"H\u00fcffermann\" rel=\"home\" class=\"trail-begin\"><span itemprop=\"name\">Dom\u016f<\/span><\/a><span itemprop=\"position\" class=\"hidden\">1<\/span><\/span><\/span><\/div><\/div>\n<\/div><\/section>\n<\/div><\/div><\/div><!-- close content main div --><\/div><\/div>\n<style type=\"text\/css\" data-created_by=\"avia_inline_auto\" id=\"style-css-av-m34fgfrb-d04890445a6607dcc618766123c3c0b9\">\n.avia-section.av-m34fgfrb-d04890445a6607dcc618766123c3c0b9{\nbackground-color:#f4f4f4;\nbackground-image:unset;\n}\n<\/style>\n<div id='av_section_2'  class='avia-section av-m34fgfrb-d04890445a6607dcc618766123c3c0b9 main_color avia-section-default avia-no-border-styling  avia-builder-el-3  el_after_av_textblock  el_before_av_one_full  avia-bg-style-scroll av-minimum-height av-minimum-height-custom av-height-custom  container_wrap sidebar_left'  ><div class='container av-section-cont-open' ><div class='template-page content  av-content-small units'><div class='post-entry post-entry-type-page post-entry-46685'><div class='entry-content-wrapper clearfix'>\n\n<style type=\"text\/css\" data-created_by=\"avia_inline_auto\" id=\"style-css-av-lw7nraei-cb2617035a9515c6b10eaf6a22de22ae\">\n#top .av_textblock_section.av-lw7nraei-cb2617035a9515c6b10eaf6a22de22ae .avia_textblock{\ntext-align:left;\n}\n<\/style>\n<section  class='av_textblock_section av-lw7nraei-cb2617035a9515c6b10eaf6a22de22ae '   itemscope=\"itemscope\" itemtype=\"https:\/\/schema.org\/CreativeWork\" ><div class='avia_textblock image-dark-section-title'  itemprop=\"text\" ><div>\n<p class=\"schwa-h4\">\n<div class=\"contact-category-item\">\n<div class=\"contact-category-info\">\n<h3 class=\"schwa-h5\">Hled\u00e1n\u00ed kontaktn\u00ed osoby<\/h3><p>Pro ot\u00e1zky a rady ohledn\u011b na\u0161ich nov\u00fdch vozidel a ojet\u00fdch vozidel, jako\u017e i n\u00e1hradn\u00edch d\u00edl\u016f, n\u00e1jemn\u00edch a servisn\u00edch slu\u017eeb\n\n<\/p>\n\t\t<form id=\"schwarzmueller-core-search-contact-persons\">\n\t\t\t<input type=\"hidden\" id=\"_wpnonce\" name=\"_wpnonce\" value=\"47d2a329bc\" \/><input type=\"hidden\" name=\"_wp_http_referer\" value=\"\/cs\/wp-json\/wp\/v2\/pages\/46685\" \/>\t\t\t<input id=\"site\" type=\"hidden\" value=\"hueffermann\" \/>\n\t\t\t<select required id=\"country\" name=\"countries\">\n\t\t\t<option value=\"\" disabled selected>Vybrat zemi<\/option>\t\t\t\t\t\t\t<option value=\"AF\">\n\t\t\t\t\tAfgh\u00e1nist\u00e1n\t\t\t\t<\/option>\n\t\t\t\t\t\t\t\t<option value=\"BE\">\n\t\t\t\t\tBelgie\t\t\t\t<\/option>\n\t\t\t\t\t\t\t\t<option value=\"BA\">\n\t\t\t\t\tBosna a Hercegovina\t\t\t\t<\/option>\n\t\t\t\t\t\t\t\t<option value=\"BG\">\n\t\t\t\t\tBulharsko\t\t\t\t<\/option>\n\t\t\t\t\t\t\t\t<option value=\"ME\">\n\t\t\t\t\t\u010cern\u00e1 Hora\t\t\t\t<\/option>\n\t\t\t\t\t\t\t\t<option value=\"CZ\">\n\t\t\t\t\t\u010cesko\t\t\t\t<\/option>\n\t\t\t\t\t\t\t\t<option value=\"DK\">\n\t\t\t\t\tD\u00e1nsko\t\t\t\t<\/option>\n\t\t\t\t\t\t\t\t<option value=\"EE\">\n\t\t\t\t\tEstonsko\t\t\t\t<\/option>\n\t\t\t\t\t\t\t\t<option value=\"FI\">\n\t\t\t\t\tFinsko\t\t\t\t<\/option>\n\t\t\t\t\t\t\t\t<option value=\"FR\">\n\t\t\t\t\tFrancie\t\t\t\t<\/option>\n\t\t\t\t\t\t\t\t<option value=\"HR\">\n\t\t\t\t\tChorvatsko\t\t\t\t<\/option>\n\t\t\t\t\t\t\t\t<option value=\"IE\">\n\t\t\t\t\tIrsko\t\t\t\t<\/option>\n\t\t\t\t\t\t\t\t<option value=\"IT\">\n\t\t\t\t\tIt\u00e1lie\t\t\t\t<\/option>\n\t\t\t\t\t\t\t\t<option value=\"JP\">\n\t\t\t\t\tJaponsko\t\t\t\t<\/option>\n\t\t\t\t\t\t\t\t<option value=\"LT\">\n\t\t\t\t\tLitva\t\t\t\t<\/option>\n\t\t\t\t\t\t\t\t<option value=\"LU\">\n\t\t\t\t\tLucembursko\t\t\t\t<\/option>\n\t\t\t\t\t\t\t\t<option value=\"HU\">\n\t\t\t\t\tMa\u010farsko\t\t\t\t<\/option>\n\t\t\t\t\t\t\t\t<option value=\"DE\">\n\t\t\t\t\tN\u011bmecko\t\t\t\t<\/option>\n\t\t\t\t\t\t\t\t<option value=\"NL\">\n\t\t\t\t\tNizozemsko\t\t\t\t<\/option>\n\t\t\t\t\t\t\t\t<option value=\"NO\">\n\t\t\t\t\tNorsko\t\t\t\t<\/option>\n\t\t\t\t\t\t\t\t<option value=\"PL\">\n\t\t\t\t\tPolsko\t\t\t\t<\/option>\n\t\t\t\t\t\t\t\t<option value=\"AT\">\n\t\t\t\t\tRakousko\t\t\t\t<\/option>\n\t\t\t\t\t\t\t\t<option value=\"RO\">\n\t\t\t\t\tRumunsko\t\t\t\t<\/option>\n\t\t\t\t\t\t\t\t<option value=\"SK\">\n\t\t\t\t\tSlovensko\t\t\t\t<\/option>\n\t\t\t\t\t\t\t\t<option value=\"SI\">\n\t\t\t\t\tSlovinsko\t\t\t\t<\/option>\n\t\t\t\t\t\t\t\t<option value=\"GB\">\n\t\t\t\t\tSpojen\u00e9 kr\u00e1lovstv\u00ed\t\t\t\t<\/option>\n\t\t\t\t\t\t\t\t<option value=\"RS\">\n\t\t\t\t\tSrbsko\t\t\t\t<\/option>\n\t\t\t\t\t\t\t\t<option value=\"ES\">\n\t\t\t\t\t\u0160pan\u011blsko\t\t\t\t<\/option>\n\t\t\t\t\t\t\t\t<option value=\"CH\">\n\t\t\t\t\t\u0160v\u00fdcarsko\t\t\t\t<\/option>\n\t\t\t\t\t\t\t\t<option value=\"UA\">\n\t\t\t\t\tUkrajina\t\t\t\t<\/option>\n\t\t\t\t\t\t\t<\/select>\n\t\t\t<input id=\"zip\" type=\"text\" placeholder=\"Zadat PS\u010c\">\n\t\t\t<select id=\"category\" name=\"category\">\n\t\t\t\t<option value=\"\">V\u0161echny oblasti<\/option>\n\t\t\t\t\t\t\t\t<option value=\"7321\">\n\t\t\t\t\tN\u00e1hradn\u00ed d\u00edly\t\t\t\t<\/option>\n\t\t\t\t\t\t\t\t<option value=\"7322\">\n\t\t\t\t\tN\u00e1jemn\u00ed vozidla\t\t\t\t<\/option>\n\t\t\t\t\t\t\t\t<option value=\"7320\">\n\t\t\t\t\tNov\u00e1 vozidla\t\t\t\t<\/option>\n\t\t\t\t\t\t\t\t<option value=\"7323\">\n\t\t\t\t\tPou\u017eit\u00e1 vozidla\t\t\t\t<\/option>\n\t\t\t\t\t\t\t\t<option value=\"7324\">\n\t\t\t\t\tSpr\u00e1va servisn\u00edch partner\u016f\t\t\t\t<\/option>\n\t\t\t\t\t\t\t\t<option value=\"58834\">\n\t\t\t\t\t\u0160rot a recyklace kl\u00ed\u010dov\u00fdch z\u00e1kazn\u00edk\u016f\t\t\t\t<\/option>\n\t\t\t\t\t\t\t<\/select>\n\t\t\t<div class=\"contact-search-button \">\n\t\t\t\t<button type=\"submit\" class=\"btn-schwa btn-red-schwa\">\n\t\t\t\t\tSuchen\t\t\t\t<\/button>\n\t\t\t<\/div>\n\t\t<\/form>\n\t<\/div>\n\t<div class=\"contact-cards\">\n\t\t<div id=\"contact-result\">\n\t\t<h3 class=\"schwa-h5 contact-persons-placeholder-title\"> Pros\u00edm prove\u010fte v\u00fdb\u011br<\/h3>\t\t<\/div>\n\t<\/div>\n<\/div>\n<\/div>\n<script>\n\tconst form = jQuery('#schwarzmueller-core-search-contact-persons');\n\n\tform.on('submit', function(e) {\n\t\te.preventDefault();\n\n\t\tconst _wpnonce = e.target.elements._wpnonce.value;\n\t\tconst site = e.target.elements.site.value;\n\t\tconst country = e.target.elements.country.value;\n\t\tconst zip = e.target.elements.zip.value;\n\t\tconst category = e.target.elements.category.value;\n\n\n\t\tjQuery.ajax({\n\t\t\turl: 'https:\/\/schwarzmueller.com\/wp-admin\/admin-ajax.php',\n\t\t\tmethod: 'POST',\n\t\t\tdata: {\n\t\t\t\taction: 'schwarzmueller_search_contact_person',\n\t\t\t\t_wpnonce,\n\t\t\t\tsite,\n\t\t\t\tcountry,\n\t\t\t\tzip,\n\t\t\t\tcategory,\n\t\t\t},\n\t\t\tsuccess: function(data) {\n\n\t\t\t\tjQuery('#contact-result').html(data.data.persons);\n\t\t\t},\n\t\t\terror: function(data) {\n\t\t\t\tconsole.log('error');\n\t\t\t\tconsole.log(data);\n\t\t\t}\n\t\t});\n\n\n\t});\n\tjQuery('#country').on('change', triggerFormSubmit);\n\tjQuery('#zip').on('change', triggerFormSubmit);\n\tjQuery('#category').on('change', triggerFormSubmit);\n\n\tfunction triggerFormSubmit() {\n\t\tjQuery('#schwarzmueller-core-search-contact-persons').submit();\n\t}\n<\/script>\n<\/p>\n<\/div>\n<\/div><\/section>\n<\/div><\/div><\/div><!-- close content main div --><\/div><\/div><div id='after_section_2'  class='main_color av_default_container_wrap container_wrap sidebar_left'  ><div class='container av-section-cont-open' ><div class='template-page content  av-content-small units'><div class='post-entry post-entry-type-page post-entry-46685'><div class='entry-content-wrapper clearfix'><div class='flex_column_table av-lw7nqgjt-094f24d6eb39f0630bc4fb74498fd58e sc-av_one_full av-equal-height-column-flextable'>\n<style type=\"text\/css\" data-created_by=\"avia_inline_auto\" id=\"style-css-av-lw7nqgjt-094f24d6eb39f0630bc4fb74498fd58e\">\n.flex_column.av-lw7nqgjt-094f24d6eb39f0630bc4fb74498fd58e{\npadding:50px 50px 50px 50px;\nbackground-color:#ffffff;\n}\n<\/style>\n<div  class='flex_column av-lw7nqgjt-094f24d6eb39f0630bc4fb74498fd58e av_one_full  avia-builder-el-5  el_after_av_section  avia-builder-el-no-sibling  first flex_column_table_cell av-equal-height-column av-align-top  '     ><style type=\"text\/css\" data-created_by=\"avia_inline_auto\" id=\"style-css-av-av_textblock-2e5b870aff611c03e576a820515c0f60\">\n#top .av_textblock_section.av-av_textblock-2e5b870aff611c03e576a820515c0f60 .avia_textblock{\ntext-align:left;\n}\n<\/style>\n<section  class='av_textblock_section av-av_textblock-2e5b870aff611c03e576a820515c0f60 '   itemscope=\"itemscope\" itemtype=\"https:\/\/schema.org\/CreativeWork\" ><div class='avia_textblock image-dark-section-title'  itemprop=\"text\" ><div>\n<div>\n<h3 class=\"schwa-h4\">\u017d\u00e1dn\u00e1 kontaktn\u00ed osoba v bl\u00edzkosti?<\/h3>\n<\/div>\n<\/div>\n<\/div><\/section><br \/>\n<div  class='avia-button-wrap av-lw7nsuq8-c65874dacc745c732f9fb1f2a0de122e-wrap avia-button-left  avia-builder-el-7  el_after_av_textblock  avia-builder-el-last '>\n<style type=\"text\/css\" data-created_by=\"avia_inline_auto\" id=\"style-css-av-lw7nsuq8-c65874dacc745c732f9fb1f2a0de122e\">\n#top #wrap_all .avia-button.av-lw7nsuq8-c65874dacc745c732f9fb1f2a0de122e{\nborder-style:hidden;\nborder-radius:0 0 0 0;\ntransition:all 0.4s ease-in-out;\nmargin:30px 0 0 0;\npadding:1rem 2rem 1rem 2rem;\n}\n#top #wrap_all .avia-button.av-lw7nsuq8-c65874dacc745c732f9fb1f2a0de122e:hover{\nbackground-color:white;\ncolor:black;\ntransition:all 0.4s ease-in-out;\n}\n#top #wrap_all.avia-button.av-lw7nsuq8-c65874dacc745c732f9fb1f2a0de122e:hover .avia_button_background{\nborder-radius:0 0 0 0;\n}\n#top #wrap_all .avia-button.av-lw7nsuq8-c65874dacc745c732f9fb1f2a0de122e:hover .avia-svg-icon svg:first-child{\nfill:black;\nstroke:black;\n}\n<\/style>\n<a href='https:\/\/hueffermann.de\/cs\/informace-a-kontakt\/kontakt\/'  class='avia-button av-lw7nsuq8-c65874dacc745c732f9fb1f2a0de122e av-link-btn avia-icon_select-no avia-size-small avia-position-left avia-color-theme-color avia-font-color-theme-color'   aria-label=\"Napi\u0161te n\u00e1m\"><span class='avia_iconbox_title' >Napi\u0161te n\u00e1m<\/span><\/a><\/div><\/p><\/div><\/div><!--close column table wrapper. Autoclose: 1 --><\/p>\n","protected":false},"excerpt":{"rendered":"","protected":false},"author":5,"featured_media":0,"parent":50075,"menu_order":0,"comment_status":"closed","ping_status":"closed","template":"","meta":{"_acf_changed":false,"_relevanssi_hide_post":"","_relevanssi_hide_content":"","_relevanssi_pin_for_all":"","_relevanssi_pin_keywords":"","_relevanssi_unpin_keywords":"","_relevanssi_related_keywords":"","_relevanssi_related_include_ids":"","_relevanssi_related_exclude_ids":"","_relevanssi_related_no_append":"","_relevanssi_related_not_related":"","_relevanssi_related_posts":"50672,50738,50677,50755,50749,50661","_relevanssi_noindex_reason":"","footnotes":""},"class_list":["post-46685","page","type-page","status-publish","hentry"],"acf":[],"yoast_head":"<!-- This site is optimized with the Yoast SEO Premium plugin v26.4 (Yoast SEO v27.2) - https:\/\/yoast.com\/product\/yoast-seo-premium-wordpress\/ -->\n<title>Kontaktn\u00ed osoba - H\u00fcffermann<\/title>\n<meta name=\"robots\" content=\"index, follow, max-snippet:-1, max-image-preview:large, max-video-preview:-1\" \/>\n<link rel=\"canonical\" href=\"https:\/\/hueffermann.de\/cs\/informace-a-kontakt\/kontaktni-osoba\/\" \/>\n<meta property=\"og:locale\" content=\"cs_CZ\" \/>\n<meta property=\"og:type\" content=\"article\" \/>\n<meta property=\"og:title\" content=\"Kontaktn\u00ed osoba\" \/>\n<meta property=\"og:url\" content=\"https:\/\/hueffermann.de\/cs\/informace-a-kontakt\/kontaktni-osoba\/\" \/>\n<meta property=\"og:site_name\" content=\"H\u00fcffermann\" \/>\n<meta property=\"article:modified_time\" content=\"2024-11-05T12:32:00+00:00\" \/>\n<meta name=\"twitter:card\" content=\"summary_large_image\" \/>\n<meta name=\"twitter:label1\" content=\"Odhadovan\u00e1 doba \u010dten\u00ed\" \/>\n\t<meta name=\"twitter:data1\" content=\"1 minuta\" \/>\n<script type=\"application\/ld+json\" class=\"yoast-schema-graph\">{\"@context\":\"https:\/\/schema.org\",\"@graph\":[{\"@type\":\"WebPage\",\"@id\":\"https:\/\/hueffermann.de\/cs\/informace-a-kontakt\/kontaktni-osoba\/\",\"url\":\"https:\/\/hueffermann.de\/cs\/informace-a-kontakt\/kontaktni-osoba\/\",\"name\":\"Kontaktn\u00ed osoba - H\u00fcffermann\",\"isPartOf\":{\"@id\":\"https:\/\/hueffermann.de\/en\/#website\"},\"datePublished\":\"2024-03-07T16:39:29+00:00\",\"dateModified\":\"2024-11-05T12:32:00+00:00\",\"breadcrumb\":{\"@id\":\"https:\/\/hueffermann.de\/cs\/informace-a-kontakt\/kontaktni-osoba\/#breadcrumb\"},\"inLanguage\":\"cs\",\"potentialAction\":[{\"@type\":\"ReadAction\",\"target\":[\"https:\/\/hueffermann.de\/cs\/informace-a-kontakt\/kontaktni-osoba\/\"]}]},{\"@type\":\"BreadcrumbList\",\"@id\":\"https:\/\/hueffermann.de\/cs\/informace-a-kontakt\/kontaktni-osoba\/#breadcrumb\",\"itemListElement\":[{\"@type\":\"ListItem\",\"position\":1,\"name\":\"Home\",\"item\":\"https:\/\/hueffermann.de\/cs\/home\/\"},{\"@type\":\"ListItem\",\"position\":2,\"name\":\"informace a kontakt\",\"item\":\"https:\/\/hueffermann.de\/cs\/informace-a-kontakt\/\"},{\"@type\":\"ListItem\",\"position\":3,\"name\":\"Kontaktn\u00ed osoba\"}]},{\"@type\":\"WebSite\",\"@id\":\"https:\/\/hueffermann.de\/en\/#website\",\"url\":\"https:\/\/hueffermann.de\/en\/\",\"name\":\"H\u00fcffermann\",\"description\":\"\",\"potentialAction\":[{\"@type\":\"SearchAction\",\"target\":{\"@type\":\"EntryPoint\",\"urlTemplate\":\"https:\/\/hueffermann.de\/en\/?s={search_term_string}\"},\"query-input\":{\"@type\":\"PropertyValueSpecification\",\"valueRequired\":true,\"valueName\":\"search_term_string\"}}],\"inLanguage\":\"cs\"}]}<\/script>\n<!-- \/ Yoast SEO Premium plugin. -->","yoast_head_json":{"title":"Kontaktn\u00ed osoba - H\u00fcffermann","robots":{"index":"index","follow":"follow","max-snippet":"max-snippet:-1","max-image-preview":"max-image-preview:large","max-video-preview":"max-video-preview:-1"},"canonical":"https:\/\/hueffermann.de\/cs\/informace-a-kontakt\/kontaktni-osoba\/","og_locale":"cs_CZ","og_type":"article","og_title":"Kontaktn\u00ed osoba","og_url":"https:\/\/hueffermann.de\/cs\/informace-a-kontakt\/kontaktni-osoba\/","og_site_name":"H\u00fcffermann","article_modified_time":"2024-11-05T12:32:00+00:00","twitter_card":"summary_large_image","twitter_misc":{"Odhadovan\u00e1 doba \u010dten\u00ed":"1 minuta"},"schema":{"@context":"https:\/\/schema.org","@graph":[{"@type":"WebPage","@id":"https:\/\/hueffermann.de\/cs\/informace-a-kontakt\/kontaktni-osoba\/","url":"https:\/\/hueffermann.de\/cs\/informace-a-kontakt\/kontaktni-osoba\/","name":"Kontaktn\u00ed osoba - H\u00fcffermann","isPartOf":{"@id":"https:\/\/hueffermann.de\/en\/#website"},"datePublished":"2024-03-07T16:39:29+00:00","dateModified":"2024-11-05T12:32:00+00:00","breadcrumb":{"@id":"https:\/\/hueffermann.de\/cs\/informace-a-kontakt\/kontaktni-osoba\/#breadcrumb"},"inLanguage":"cs","potentialAction":[{"@type":"ReadAction","target":["https:\/\/hueffermann.de\/cs\/informace-a-kontakt\/kontaktni-osoba\/"]}]},{"@type":"BreadcrumbList","@id":"https:\/\/hueffermann.de\/cs\/informace-a-kontakt\/kontaktni-osoba\/#breadcrumb","itemListElement":[{"@type":"ListItem","position":1,"name":"Home","item":"https:\/\/hueffermann.de\/cs\/home\/"},{"@type":"ListItem","position":2,"name":"informace a kontakt","item":"https:\/\/hueffermann.de\/cs\/informace-a-kontakt\/"},{"@type":"ListItem","position":3,"name":"Kontaktn\u00ed osoba"}]},{"@type":"WebSite","@id":"https:\/\/hueffermann.de\/en\/#website","url":"https:\/\/hueffermann.de\/en\/","name":"H\u00fcffermann","description":"","potentialAction":[{"@type":"SearchAction","target":{"@type":"EntryPoint","urlTemplate":"https:\/\/hueffermann.de\/en\/?s={search_term_string}"},"query-input":{"@type":"PropertyValueSpecification","valueRequired":true,"valueName":"search_term_string"}}],"inLanguage":"cs"}]}},"_links":{"self":[{"href":"https:\/\/hueffermann.de\/cs\/wp-json\/wp\/v2\/pages\/46685","targetHints":{"allow":["GET"]}}],"collection":[{"href":"https:\/\/hueffermann.de\/cs\/wp-json\/wp\/v2\/pages"}],"about":[{"href":"https:\/\/hueffermann.de\/cs\/wp-json\/wp\/v2\/types\/page"}],"author":[{"embeddable":true,"href":"https:\/\/hueffermann.de\/cs\/wp-json\/wp\/v2\/users\/5"}],"replies":[{"embeddable":true,"href":"https:\/\/hueffermann.de\/cs\/wp-json\/wp\/v2\/comments?post=46685"}],"version-history":[{"count":24,"href":"https:\/\/hueffermann.de\/cs\/wp-json\/wp\/v2\/pages\/46685\/revisions"}],"predecessor-version":[{"id":51760,"href":"https:\/\/hueffermann.de\/cs\/wp-json\/wp\/v2\/pages\/46685\/revisions\/51760"}],"up":[{"embeddable":true,"href":"https:\/\/hueffermann.de\/cs\/wp-json\/wp\/v2\/pages\/50075"}],"wp:attachment":[{"href":"https:\/\/hueffermann.de\/cs\/wp-json\/wp\/v2\/media?parent=46685"}],"curies":[{"name":"wp","href":"https:\/\/api.w.org\/{rel}","templated":true}]}}