{"id":46697,"date":"2024-03-06T16:48:12","date_gmt":"2024-03-06T15:48:12","guid":{"rendered":"https:\/\/hueffermann.de\/ke-stazeni\/"},"modified":"2024-10-23T17:50:25","modified_gmt":"2024-10-23T15:50:25","slug":"ke-stazeni","status":"publish","type":"page","link":"https:\/\/hueffermann.de\/cs\/informace-a-kontakt\/ke-stazeni\/","title":{"rendered":"Ke sta\u017een\u00ed"},"content":{"rendered":"\n<style type=\"text\/css\" data-created_by=\"avia_inline_auto\" id=\"style-css-av-luwep09t-6d72b71a1ee54b473e7b9d50b4885315\">\n.avia-section.av-luwep09t-6d72b71a1ee54b473e7b9d50b4885315{\nbackground-repeat:no-repeat;\nbackground-image:url(https:\/\/hueffermann.de\/wp-content\/uploads\/sites\/3\/2024\/05\/csm_hueffermann_0126_zuschn_eaa3279174.jpg);\nbackground-position:50% 50%;\nbackground-attachment:scroll;\n}\n.avia-section.av-luwep09t-6d72b71a1ee54b473e7b9d50b4885315 .av-section-color-overlay{\nopacity:0.5;\nbackground-color:#0a0a0a;\n}\n<\/style>\n<div id='av_section_1'  class='avia-section av-luwep09t-6d72b71a1ee54b473e7b9d50b4885315 main_color avia-section-huge avia-no-border-styling  avia-builder-el-0  el_before_av_textblock  avia-builder-el-first  avia-full-stretch avia-bg-style-scroll av-section-color-overlay-active av-minimum-height av-minimum-height-custom av-height-custom  container_wrap sidebar_left'  data-section-bg-repeat='stretch' data-av_minimum_height_px='512'><div class=\"av-section-color-overlay-wrap\"><div class=\"av-section-color-overlay\"><\/div><div class='container av-section-cont-open' style='height:512px'><main  role=\"main\" itemprop=\"mainContentOfPage\"  class='template-page content  av-content-small units'><div class='post-entry post-entry-type-page post-entry-46697'><div class='entry-content-wrapper clearfix'>\n\n<style type=\"text\/css\" data-created_by=\"avia_inline_auto\" id=\"style-css-av-luweno3r-bff9c8610edca80a5142d1288a2a359e\">\n#top .av_textblock_section.av-luweno3r-bff9c8610edca80a5142d1288a2a359e .avia_textblock{\ncolor:#ffffff;\n}\n<\/style>\n<section  class='av_textblock_section av-luweno3r-bff9c8610edca80a5142d1288a2a359e '   itemscope=\"itemscope\" itemtype=\"https:\/\/schema.org\/CreativeWork\" ><div class='avia_textblock hero-title av_inherit_color'  itemprop=\"text\" ><h1>Ke sta\u017een\u00ed<\/h1>\n<p>Dokumenty a podklady k r\u016fzn\u00fdm t\u00e9mat\u016fm na\u0161\u00ed spole\u010dnosti.<br \/>\nPokud m\u00e1te dal\u0161\u00ed dotazy, nev\u00e1hejte n\u00e1s kontaktovat.<\/p>\n<\/div><\/section>\n<\/div><\/div><\/main><!-- close content main element --><\/div><\/div><\/div><div id='after_section_1'  class='main_color av_default_container_wrap container_wrap sidebar_left'  ><div class='container av-section-cont-open' ><div class='template-page content  av-content-small units'><div class='post-entry post-entry-type-page post-entry-46697'><div class='entry-content-wrapper clearfix'>\n<section  class='av_textblock_section av-av_textblock-a0d71884ce2b46274a88fab001c350b5 '   itemscope=\"itemscope\" itemtype=\"https:\/\/schema.org\/CreativeWork\" ><div class='avia_textblock sch-breadcrumb'  itemprop=\"text\" ><div class=\"breadcrumb breadcrumbs avia-breadcrumbs\"><div class=\"breadcrumb-trail\" ><span class=\"trail-before\"><span class=\"breadcrumb-title\">Jste zde:<\/span><\/span> <span  itemscope=\"itemscope\" itemtype=\"https:\/\/schema.org\/BreadcrumbList\" ><span  itemscope=\"itemscope\" itemtype=\"https:\/\/schema.org\/ListItem\" itemprop=\"itemListElement\" ><a itemprop=\"url\" href=\"https:\/\/hueffermann.de\/cs\/\" title=\"H\u00fcffermann\" rel=\"home\" class=\"trail-begin\"><span itemprop=\"name\">Dom\u016f<\/span><\/a><span itemprop=\"position\" class=\"hidden\">1<\/span><\/span><\/span><\/div><\/div>\n<\/div><\/section>\n<\/div><\/div><\/div><!-- close content main div --><\/div><\/div><div id='av_section_2'  class='avia-section av-rlrc3a-17a14eb7d071a193e1606a7113104afa main_color avia-section-no-padding avia-no-border-styling  avia-builder-el-3  el_after_av_textblock  avia-builder-el-last  pattern-section-background avia-bg-style-scroll av-minimum-height av-minimum-height-custom av-height-custom  container_wrap sidebar_left'   data-av_minimum_height_px='770'><div class='container av-section-cont-open' style='height:770px'><div class='template-page content  av-content-small units'><div class='post-entry post-entry-type-page post-entry-46697'><div class='entry-content-wrapper clearfix'>\n<section  class='av_textblock_section av-lv2bvkwy-83d421dbf91eb7d38f0b00a89d3f9d1e '   itemscope=\"itemscope\" itemtype=\"https:\/\/schema.org\/CreativeWork\" ><div class='avia_textblock'  itemprop=\"text\" ><div><div class=\"download-categories\"><div class=\"download-category-item\"><div class=\"download-category-info\"><h2 class=\"schwa-h5\">Certifik\u00e1ty<\/h2><\/div><div class=\"download-cards schwa-accordeon\"><div class=\"single-download\"><div class=\"single-download-image-container\"><img decoding=\"async\" src=\"https:\/\/hueffermann.de\/wp-content\/uploads\/sites\/3\/2024\/05\/csm_hueffermann-zertifikat-din-en-iso-3834-2-bis_2024-einseitig_0c50eaa92d.png\" alt=\" Kategorie Bild\" ><\/div><div class=\"single-download-content-container\"><div class=\"single-download-content-text\"><h3 class=\"schwa-h6\">Certificate for welding quality to DIN EN ISO 3834-2<\/h3><p><i class=\"fa fa-file file-icon\"><\/i><span>PDF<\/span> (342.05 K)<\/p><\/div><div class=\"single-download-content-button\"><a class=\"btn-schwa btn-red-schwa\" href=\"https:\/\/hueffermann.de\/wp-content\/uploads\/sites\/3\/2024\/05\/Zertifikat_DIN_EN_ISO_3834-2_bis_2024_en-einseitig.pdf\" target=\"_blank\"><span class=\"download-icon-text\">St\u00e1hnout<i class=\"fa fa-download download-icon\"><\/i><\/span><\/a><\/div><\/div><\/div><div class=\"single-download\"><div class=\"single-download-image-container\"><img decoding=\"async\" src=\"https:\/\/hueffermann.de\/wp-content\/uploads\/sites\/3\/2024\/05\/csm_135001-005_Schwarzmueller_14001_va_de_hueffermann_ISO_14001_1f9373d946.png\" alt=\" Kategorie Bild\" ><\/div><div class=\"single-download-content-container\"><div class=\"single-download-content-text\"><h3 class=\"schwa-h6\">Certificate Environmental management system as per DIN EN ISO 14001 : 2015<\/h3><p><i class=\"fa fa-file file-icon\"><\/i><span>PDF<\/span> (1.46 M)<\/p><\/div><div class=\"single-download-content-button\"><a class=\"btn-schwa btn-red-schwa\" href=\"https:\/\/hueffermann.de\/wp-content\/uploads\/sites\/3\/2024\/05\/135001-005_Schwarzmueller_14001_va_en_hueffermann_ISO_14001.pdf\" target=\"_blank\"><span class=\"download-icon-text\">St\u00e1hnout<i class=\"fa fa-download download-icon\"><\/i><\/span><\/a><\/div><\/div><\/div><div class=\"single-download\"><div class=\"single-download-image-container\"><img decoding=\"async\" src=\"https:\/\/hueffermann.de\/wp-content\/uploads\/sites\/3\/2024\/05\/csm_135001-003_Schwarzmueller_9001_va_de_hueffermann_ISO_9001_dd597fafec.png\" alt=\" Kategorie Bild\" ><\/div><div class=\"single-download-content-container\"><div class=\"single-download-content-text\"><h3 class=\"schwa-h6\">Certificate Quality management system as per DIN EN ISO 9001:2015<\/h3><p><i class=\"fa fa-file file-icon\"><\/i><span>PDF<\/span> (1.46 M)<\/p><\/div><div class=\"single-download-content-button\"><a class=\"btn-schwa btn-red-schwa\" href=\"https:\/\/hueffermann.de\/wp-content\/uploads\/sites\/3\/2024\/05\/135001-003_Schwarzmueller_9001_va_en_hueffermann_ISO_9001.pdf\" target=\"_blank\"><span class=\"download-icon-text\">St\u00e1hnout<i class=\"fa fa-download download-icon\"><\/i><\/span><\/a><\/div><\/div><\/div><\/div><\/div><div class=\"download-category-item\"><div class=\"download-category-info\"><h2 class=\"schwa-h5\">Informace o v\u00fdrobku a n\u00e1vrhy<\/h2><\/div><div class=\"download-cards schwa-accordeon\"><div class=\"single-download\"><div class=\"single-download-image-container\"><img decoding=\"async\" src=\"https:\/\/hueffermann.de\/wp-content\/uploads\/sites\/3\/2024\/05\/csm_Hueffermann-Roll-Carrier_c8fa161620.png\" alt=\" Kategorie Bild\" ><\/div><div class=\"single-download-content-container\"><div class=\"single-download-content-text\"><h3 class=\"schwa-h6\">Roll - Carrier<\/h3><p><i class=\"fa fa-file file-icon\"><\/i><span>PDF<\/span> (1.23 M)<\/p><\/div><div class=\"single-download-content-button\"><a class=\"btn-schwa btn-red-schwa\" href=\"https:\/\/hueffermann.de\/wp-content\/uploads\/sites\/3\/2024\/05\/HN_Brosch_Roll-Carrier2021-03_ENG_WEB.pdf\" target=\"_blank\"><span class=\"download-icon-text\">St\u00e1hnout<i class=\"fa fa-download download-icon\"><\/i><\/span><\/a><\/div><\/div><\/div><div class=\"single-download\"><div class=\"single-download-image-container\"><img decoding=\"async\" src=\"https:\/\/hueffermann.de\/wp-content\/uploads\/sites\/3\/2024\/05\/csm_Hueffermann-Roll-Carrier-Export_d25c316e76.png\" alt=\" Kategorie Bild\" ><\/div><div class=\"single-download-content-container\"><div class=\"single-download-content-text\"><h3 class=\"schwa-h6\">Roll - Carrier Export<\/h3><p><i class=\"fa fa-file file-icon\"><\/i><span>PDF<\/span> (1.38 M)<\/p><\/div><div class=\"single-download-content-button\"><a class=\"btn-schwa btn-red-schwa\" href=\"https:\/\/hueffermann.de\/wp-content\/uploads\/sites\/3\/2024\/05\/HN_Brosch_Roll-Carrier-Export-2021-03_ENG_WEB.pdf\" target=\"_blank\"><span class=\"download-icon-text\">St\u00e1hnout<i class=\"fa fa-download download-icon\"><\/i><\/span><\/a><\/div><\/div><\/div><div class=\"single-download\"><div class=\"single-download-image-container\"><img decoding=\"async\" src=\"https:\/\/hueffermann.de\/wp-content\/uploads\/sites\/3\/2024\/05\/csm_Hueffermann-Multi-Carrier_8e05c6f9a8.png\" alt=\" Kategorie Bild\" ><\/div><div class=\"single-download-content-container\"><div class=\"single-download-content-text\"><h3 class=\"schwa-h6\">Multi - Carrier<\/h3><p><i class=\"fa fa-file file-icon\"><\/i><span>PDF<\/span> (1.31 M)<\/p><\/div><div class=\"single-download-content-button\"><a class=\"btn-schwa btn-red-schwa\" href=\"https:\/\/hueffermann.de\/wp-content\/uploads\/sites\/3\/2024\/05\/HN_Brosch_Multi-Carrier2021-03_ENG_WEB.pdf\" target=\"_blank\"><span class=\"download-icon-text\">St\u00e1hnout<i class=\"fa fa-download download-icon\"><\/i><\/span><\/a><\/div><\/div><\/div><div class=\"single-download\"><div class=\"single-download-image-container\"><img decoding=\"async\" src=\"https:\/\/hueffermann.de\/wp-content\/uploads\/sites\/3\/2024\/05\/csm_HN_Brosch_Mini-Carrier-HTM3_2020-12_WEB_291b9acecf.png\" alt=\" Kategorie Bild\" ><\/div><div class=\"single-download-content-container\"><div class=\"single-download-content-text\"><h3 class=\"schwa-h6\">Mini - Carrier<\/h3><p><i class=\"fa fa-file file-icon\"><\/i><span>PDF<\/span> (2.07 M)<\/p><\/div><div class=\"single-download-content-button\"><a class=\"btn-schwa btn-red-schwa\" href=\"https:\/\/hueffermann.de\/wp-content\/uploads\/sites\/3\/2024\/05\/HN_Brosch_Mini-Carrier2021-03_ENG_RZ.pdf\" target=\"_blank\"><span class=\"download-icon-text\">St\u00e1hnout<i class=\"fa fa-download download-icon\"><\/i><\/span><\/a><\/div><\/div><\/div><div class=\"single-download\"><div class=\"single-download-image-container\"><img decoding=\"async\" src=\"https:\/\/hueffermann.de\/wp-content\/uploads\/sites\/3\/2024\/05\/csm_HN_Brosch_Flex-Carrier2020-12_WEB_b86b4834c0.png\" alt=\" Kategorie Bild\" ><\/div><div class=\"single-download-content-container\"><div class=\"single-download-content-text\"><h3 class=\"schwa-h6\">Flex - Carrier<\/h3><p><i class=\"fa fa-file file-icon\"><\/i><span>PDF<\/span> (1.83 M)<\/p><\/div><div class=\"single-download-content-button\"><a class=\"btn-schwa btn-red-schwa\" href=\"https:\/\/hueffermann.de\/wp-content\/uploads\/sites\/3\/2024\/05\/HN_Brosch_Flex-Carrier2021-03_ENG_RZ.pdf\" target=\"_blank\"><span class=\"download-icon-text\">St\u00e1hnout<i class=\"fa fa-download download-icon\"><\/i><\/span><\/a><\/div><\/div><\/div><div class=\"single-download\"><div class=\"single-download-image-container\"><img decoding=\"async\" src=\"https:\/\/hueffermann.de\/wp-content\/uploads\/sites\/3\/2024\/05\/csm_Hueffermann-Vario-Carrier_c065883c93.png\" alt=\" Kategorie Bild\" ><\/div><div class=\"single-download-content-container\"><div class=\"single-download-content-text\"><h3 class=\"schwa-h6\">Vario - Carrier<\/h3><p><i class=\"fa fa-file file-icon\"><\/i><span>PDF<\/span> (1.33 M)<\/p><\/div><div class=\"single-download-content-button\"><a class=\"btn-schwa btn-red-schwa\" href=\"https:\/\/hueffermann.de\/wp-content\/uploads\/sites\/3\/2024\/05\/HN_Brosch_Vario-Carrier2021-03_ENG_WEB.pdf\" target=\"_blank\"><span class=\"download-icon-text\">St\u00e1hnout<i class=\"fa fa-download download-icon\"><\/i><\/span><\/a><\/div><\/div><\/div><div class=\"single-download\"><div class=\"single-download-image-container\"><img decoding=\"async\" src=\"https:\/\/hueffermann.de\/wp-content\/uploads\/sites\/3\/2024\/05\/csm_Hueffermann-Schlitten-Carrier-Export_a6a1d6fdf4.png\" alt=\" Kategorie Bild\" ><\/div><div class=\"single-download-content-container\"><div class=\"single-download-content-text\"><h3 class=\"schwa-h6\">Skid - Carrier Export<\/h3><p><i class=\"fa fa-file file-icon\"><\/i><span>PDF<\/span> (3.56 M)<\/p><\/div><div class=\"single-download-content-button\"><a class=\"btn-schwa btn-red-schwa\" href=\"https:\/\/hueffermann.de\/wp-content\/uploads\/sites\/3\/2024\/05\/HM-Downloads-Produkbroschuere-Schlitten-Carrier-PL-1.pdf\" target=\"_blank\"><span class=\"download-icon-text\">St\u00e1hnout<i class=\"fa fa-download download-icon\"><\/i><\/span><\/a><\/div><\/div><\/div><div class=\"single-download\"><div class=\"single-download-image-container\"><img decoding=\"async\" src=\"https:\/\/hueffermann.de\/wp-content\/uploads\/sites\/3\/2024\/05\/csm_Hueffermann-Schlitten-Carrier_f3bd7ec801.png\" alt=\" Kategorie Bild\" ><\/div><div class=\"single-download-content-container\"><div class=\"single-download-content-text\"><h3 class=\"schwa-h6\">Skid - Carrier<\/h3><p><i class=\"fa fa-file file-icon\"><\/i><span>PDF<\/span> (1.3 M)<\/p><\/div><div class=\"single-download-content-button\"><a class=\"btn-schwa btn-red-schwa\" href=\"https:\/\/hueffermann.de\/wp-content\/uploads\/sites\/3\/2024\/05\/HN_Brosch_Schlitten-Carrier-2021-03_ENG_WEB.pdf\" target=\"_blank\"><span class=\"download-icon-text\">St\u00e1hnout<i class=\"fa fa-download download-icon\"><\/i><\/span><\/a><\/div><\/div><\/div><div class=\"single-download\"><div class=\"single-download-image-container\"><img decoding=\"async\" src=\"https:\/\/hueffermann.de\/wp-content\/uploads\/sites\/3\/2024\/05\/csm_hf-carrier-modulbauweise_2020-12_web_2c1042b187.png\" alt=\" Kategorie Bild\" ><\/div><div class=\"single-download-content-container\"><div class=\"single-download-content-text\"><h3 class=\"schwa-h6\">Carrier - Modular design<\/h3><p><i class=\"fa fa-file file-icon\"><\/i><span>PDF<\/span> (10.66 M)<\/p><\/div><div class=\"single-download-content-button\"><a class=\"btn-schwa btn-red-schwa\" href=\"https:\/\/hueffermann.de\/wp-content\/uploads\/sites\/3\/2024\/05\/HN_Brosch_Carrier-Modulbauweise_2021-03_ENG_RZ.pdf\" target=\"_blank\"><span class=\"download-icon-text\">St\u00e1hnout<i class=\"fa fa-download download-icon\"><\/i><\/span><\/a><\/div><\/div><\/div><\/div><\/div><\/div><\/div><\/div><\/div>\n<\/div><\/section>\n<\/div><\/div><\/div><!-- close content main div --><\/div><\/div><div id='after_section_2'  class='main_color av_default_container_wrap container_wrap sidebar_left'  ><div class='container av-section-cont-open' ><div class='template-page content  av-content-small units'><div class='post-entry post-entry-type-page post-entry-46697'><div class='entry-content-wrapper clearfix'>\n","protected":false},"excerpt":{"rendered":"","protected":false},"author":5,"featured_media":0,"parent":50075,"menu_order":0,"comment_status":"closed","ping_status":"closed","template":"","meta":{"_acf_changed":false,"_relevanssi_hide_post":"","_relevanssi_hide_content":"","_relevanssi_pin_for_all":"","_relevanssi_pin_keywords":"","_relevanssi_unpin_keywords":"","_relevanssi_related_keywords":"","_relevanssi_related_include_ids":"","_relevanssi_related_exclude_ids":"","_relevanssi_related_no_append":"","_relevanssi_related_not_related":"","_relevanssi_related_posts":"50661,50743,50672,50755,50749,50761","_relevanssi_noindex_reason":"","footnotes":""},"class_list":["post-46697","page","type-page","status-publish","hentry"],"acf":[],"yoast_head":"<!-- This site is optimized with the Yoast SEO Premium plugin v26.4 (Yoast SEO v27.2) - https:\/\/yoast.com\/product\/yoast-seo-premium-wordpress\/ -->\n<title>Ke sta\u017een\u00ed - H\u00fcffermann<\/title>\n<meta name=\"robots\" content=\"index, follow, max-snippet:-1, max-image-preview:large, max-video-preview:-1\" \/>\n<link rel=\"canonical\" href=\"https:\/\/hueffermann.de\/cs\/informace-a-kontakt\/ke-stazeni\/\" \/>\n<meta property=\"og:locale\" content=\"cs_CZ\" \/>\n<meta property=\"og:type\" content=\"article\" \/>\n<meta property=\"og:title\" content=\"Ke sta\u017een\u00ed\" \/>\n<meta property=\"og:url\" content=\"https:\/\/hueffermann.de\/cs\/informace-a-kontakt\/ke-stazeni\/\" \/>\n<meta property=\"og:site_name\" content=\"H\u00fcffermann\" \/>\n<meta property=\"article:modified_time\" content=\"2024-10-23T15:50:25+00:00\" \/>\n<meta name=\"twitter:card\" content=\"summary_large_image\" \/>\n<meta name=\"twitter:label1\" content=\"Odhadovan\u00e1 doba \u010dten\u00ed\" \/>\n\t<meta name=\"twitter:data1\" content=\"4 minuty\" \/>\n<script type=\"application\/ld+json\" class=\"yoast-schema-graph\">{\"@context\":\"https:\/\/schema.org\",\"@graph\":[{\"@type\":\"WebPage\",\"@id\":\"https:\/\/hueffermann.de\/cs\/informace-a-kontakt\/ke-stazeni\/\",\"url\":\"https:\/\/hueffermann.de\/cs\/informace-a-kontakt\/ke-stazeni\/\",\"name\":\"Ke sta\u017een\u00ed - H\u00fcffermann\",\"isPartOf\":{\"@id\":\"https:\/\/hueffermann.de\/en\/#website\"},\"datePublished\":\"2024-03-06T15:48:12+00:00\",\"dateModified\":\"2024-10-23T15:50:25+00:00\",\"breadcrumb\":{\"@id\":\"https:\/\/hueffermann.de\/cs\/informace-a-kontakt\/ke-stazeni\/#breadcrumb\"},\"inLanguage\":\"cs\",\"potentialAction\":[{\"@type\":\"ReadAction\",\"target\":[\"https:\/\/hueffermann.de\/cs\/informace-a-kontakt\/ke-stazeni\/\"]}]},{\"@type\":\"BreadcrumbList\",\"@id\":\"https:\/\/hueffermann.de\/cs\/informace-a-kontakt\/ke-stazeni\/#breadcrumb\",\"itemListElement\":[{\"@type\":\"ListItem\",\"position\":1,\"name\":\"Home\",\"item\":\"https:\/\/hueffermann.de\/cs\/home\/\"},{\"@type\":\"ListItem\",\"position\":2,\"name\":\"informace a kontakt\",\"item\":\"https:\/\/hueffermann.de\/cs\/informace-a-kontakt\/\"},{\"@type\":\"ListItem\",\"position\":3,\"name\":\"Ke sta\u017een\u00ed\"}]},{\"@type\":\"WebSite\",\"@id\":\"https:\/\/hueffermann.de\/en\/#website\",\"url\":\"https:\/\/hueffermann.de\/en\/\",\"name\":\"H\u00fcffermann\",\"description\":\"\",\"potentialAction\":[{\"@type\":\"SearchAction\",\"target\":{\"@type\":\"EntryPoint\",\"urlTemplate\":\"https:\/\/hueffermann.de\/en\/?s={search_term_string}\"},\"query-input\":{\"@type\":\"PropertyValueSpecification\",\"valueRequired\":true,\"valueName\":\"search_term_string\"}}],\"inLanguage\":\"cs\"}]}<\/script>\n<!-- \/ Yoast SEO Premium plugin. -->","yoast_head_json":{"title":"Ke sta\u017een\u00ed - H\u00fcffermann","robots":{"index":"index","follow":"follow","max-snippet":"max-snippet:-1","max-image-preview":"max-image-preview:large","max-video-preview":"max-video-preview:-1"},"canonical":"https:\/\/hueffermann.de\/cs\/informace-a-kontakt\/ke-stazeni\/","og_locale":"cs_CZ","og_type":"article","og_title":"Ke sta\u017een\u00ed","og_url":"https:\/\/hueffermann.de\/cs\/informace-a-kontakt\/ke-stazeni\/","og_site_name":"H\u00fcffermann","article_modified_time":"2024-10-23T15:50:25+00:00","twitter_card":"summary_large_image","twitter_misc":{"Odhadovan\u00e1 doba \u010dten\u00ed":"4 minuty"},"schema":{"@context":"https:\/\/schema.org","@graph":[{"@type":"WebPage","@id":"https:\/\/hueffermann.de\/cs\/informace-a-kontakt\/ke-stazeni\/","url":"https:\/\/hueffermann.de\/cs\/informace-a-kontakt\/ke-stazeni\/","name":"Ke sta\u017een\u00ed - H\u00fcffermann","isPartOf":{"@id":"https:\/\/hueffermann.de\/en\/#website"},"datePublished":"2024-03-06T15:48:12+00:00","dateModified":"2024-10-23T15:50:25+00:00","breadcrumb":{"@id":"https:\/\/hueffermann.de\/cs\/informace-a-kontakt\/ke-stazeni\/#breadcrumb"},"inLanguage":"cs","potentialAction":[{"@type":"ReadAction","target":["https:\/\/hueffermann.de\/cs\/informace-a-kontakt\/ke-stazeni\/"]}]},{"@type":"BreadcrumbList","@id":"https:\/\/hueffermann.de\/cs\/informace-a-kontakt\/ke-stazeni\/#breadcrumb","itemListElement":[{"@type":"ListItem","position":1,"name":"Home","item":"https:\/\/hueffermann.de\/cs\/home\/"},{"@type":"ListItem","position":2,"name":"informace a kontakt","item":"https:\/\/hueffermann.de\/cs\/informace-a-kontakt\/"},{"@type":"ListItem","position":3,"name":"Ke sta\u017een\u00ed"}]},{"@type":"WebSite","@id":"https:\/\/hueffermann.de\/en\/#website","url":"https:\/\/hueffermann.de\/en\/","name":"H\u00fcffermann","description":"","potentialAction":[{"@type":"SearchAction","target":{"@type":"EntryPoint","urlTemplate":"https:\/\/hueffermann.de\/en\/?s={search_term_string}"},"query-input":{"@type":"PropertyValueSpecification","valueRequired":true,"valueName":"search_term_string"}}],"inLanguage":"cs"}]}},"_links":{"self":[{"href":"https:\/\/hueffermann.de\/cs\/wp-json\/wp\/v2\/pages\/46697","targetHints":{"allow":["GET"]}}],"collection":[{"href":"https:\/\/hueffermann.de\/cs\/wp-json\/wp\/v2\/pages"}],"about":[{"href":"https:\/\/hueffermann.de\/cs\/wp-json\/wp\/v2\/types\/page"}],"author":[{"embeddable":true,"href":"https:\/\/hueffermann.de\/cs\/wp-json\/wp\/v2\/users\/5"}],"replies":[{"embeddable":true,"href":"https:\/\/hueffermann.de\/cs\/wp-json\/wp\/v2\/comments?post=46697"}],"version-history":[{"count":3,"href":"https:\/\/hueffermann.de\/cs\/wp-json\/wp\/v2\/pages\/46697\/revisions"}],"predecessor-version":[{"id":51452,"href":"https:\/\/hueffermann.de\/cs\/wp-json\/wp\/v2\/pages\/46697\/revisions\/51452"}],"up":[{"embeddable":true,"href":"https:\/\/hueffermann.de\/cs\/wp-json\/wp\/v2\/pages\/50075"}],"wp:attachment":[{"href":"https:\/\/hueffermann.de\/cs\/wp-json\/wp\/v2\/media?parent=46697"}],"curies":[{"name":"wp","href":"https:\/\/api.w.org\/{rel}","templated":true}]}}