{"id":46705,"date":"2024-02-16T10:07:27","date_gmt":"2024-02-16T09:07:27","guid":{"rendered":"https:\/\/hueffermann.de\/impresum\/"},"modified":"2025-09-04T12:15:34","modified_gmt":"2025-09-04T10:15:34","slug":"impresum","status":"publish","type":"page","link":"https:\/\/hueffermann.de\/cs\/informace-a-kontakt\/impresum\/","title":{"rendered":"Impresum"},"content":{"rendered":"<section  class='av_textblock_section av-av_textblock-a0d71884ce2b46274a88fab001c350b5 '   itemscope=\"itemscope\" itemtype=\"https:\/\/schema.org\/CreativeWork\" ><div class='avia_textblock sch-breadcrumb'  itemprop=\"text\" ><div class=\"breadcrumb breadcrumbs avia-breadcrumbs\"><div class=\"breadcrumb-trail\" ><span class=\"trail-before\"><span class=\"breadcrumb-title\">Jste zde:<\/span><\/span> <span  itemscope=\"itemscope\" itemtype=\"https:\/\/schema.org\/BreadcrumbList\" ><span  itemscope=\"itemscope\" itemtype=\"https:\/\/schema.org\/ListItem\" itemprop=\"itemListElement\" ><a itemprop=\"url\" href=\"https:\/\/hueffermann.de\/cs\/\" title=\"H\u00fcffermann\" rel=\"home\" class=\"trail-begin\"><span itemprop=\"name\">Dom\u016f<\/span><\/a><span itemprop=\"position\" class=\"hidden\">1<\/span><\/span><\/span><\/div><\/div>\n<\/div><\/section>\n<\/div><\/div><\/div><!-- close content main div --><\/div><\/div><div id='av_section_1'  class='avia-section av-r8yd-833224942343c44b9d39a1788a19399c main_color avia-section-default avia-no-border-styling  avia-builder-el-1  el_after_av_textblock  avia-builder-el-last  avia-bg-style-scroll container_wrap sidebar_left'  ><div class='container av-section-cont-open' ><div class='template-page content  av-content-small units'><div class='post-entry post-entry-type-page post-entry-46705'><div class='entry-content-wrapper clearfix'>\n<section  class='av_textblock_section av-lyzlof8m-dc648c99126e4c31e512d511aa264b64 '   itemscope=\"itemscope\" itemtype=\"https:\/\/schema.org\/CreativeWork\" ><div class='avia_textblock'  itemprop=\"text\" ><h1>Impresum<\/h1>\n<p><strong>Odpov\u011bdnost ve smyslu \u00a7 5 TMG [z\u00e1kon o telem\u00e9di\u00edch]<\/strong><\/p>\n<p>H\u00fcffermann Transportsysteme GmbH<br \/>\nKampehler Stra\u00dfe 10<br \/>\n16845 Neustadt (Dosse)<br \/>\nTelefon: +49 33970 996-0<br \/>\nFax: +49 33970 132-16<br \/>\nE-mail: info@hueffermann.de<\/p>\n<p>Jednatel\u00e9 opr\u00e1vn\u011bn\u00ed zastupovat: Bastian Litterscheid, Lennart Kluge<\/p>\n<p>Rejst\u0159\u00edkov\u00fd soud:\u00a0M\u00edstn\u00ed soud Neuruppin<br \/>\nRegistra\u010dn\u00ed \u010d\u00edslo:\u00a0HRB 85<br \/>\nDa\u0148ov\u00e9 identifika\u010dn\u00ed \u010d\u00edslo podle \u00a7 27 a, podle z\u00e1kona o dani z p\u0159idan\u00e9 hodnoty:\u00a0DE811483909<\/p>\n<p>Odpov\u011bdnost za obsah podle \u00a7 55 odst. 2 MDStV:<br \/>\nLennart Kluge<br \/>\nH\u00fcffermann Transportsysteme GmbH, obchodn\u00ed kancel\u00e1\u0159<br \/>\nKampehler Stra\u00dfe 10<br \/>\n16845 Neustadt (Dosse)<\/p>\n<p>Pr\u00e1vn\u00ed upozorn\u011bn\u00ed k t\u011bmto webov\u00fdm str\u00e1nk\u00e1m:<\/p>\n<p>1. Obsah online nab\u00eddky<br \/>\nSpole\u010dnost H\u00fcffermann Transportsysteme GmbH nep\u0159eb\u00edr\u00e1 \u017e\u00e1dnou odpov\u011bdnost za aktu\u00e1lnost, spr\u00e1vnost, \u00faplnost a kvalitu poskytnut\u00fdch informac\u00ed. N\u00e1roky z odpov\u011bdnosti v\u016f\u010di autorovi t\u00fdkaj\u00edc\u00ed se majetkov\u00e9 nebo nemajetkov\u00e9 \u00fajmy zp\u016fsoben\u00e9 pou\u017eit\u00edm nebo nepou\u017eit\u00edm poskytnut\u00fdch informac\u00ed nebo pou\u017eit\u00edm nespr\u00e1vn\u00fdch nebo ne\u00fapln\u00fdch informac\u00ed jsou z\u00e1sadn\u011b vylou\u010deny, pokud neexistuje d\u016fkaz o \u00famysln\u00e9m jedn\u00e1n\u00ed nebo hrub\u00e9 nedbalosti ze strany autora.<br \/>\nV\u0161echny nab\u00eddky se mohou zm\u011bnit a jsou nez\u00e1vazn\u00e9. Spole\u010dnost H\u00fcffermann Transportsysteme GmbH si v\u00fdslovn\u011b vyhrazuje pr\u00e1vo zm\u011bnit, doplnit nebo vymazat \u010d\u00e1sti str\u00e1nek nebo celou nab\u00eddku bez zvl\u00e1\u0161tn\u00edho ozn\u00e1men\u00ed nebo do\u010dasn\u011b \u010di trvale ukon\u010dit jej\u00ed zve\u0159ej\u0148ov\u00e1n\u00ed.<br \/>\nZobrazen\u00e1 vozidla mohou obsahovat speci\u00e1ln\u00ed v\u00fdbavu, kter\u00e1 je k dispozici za p\u0159\u00edplatek.<\/p>\n<p>2. Reference a odkazy<br \/>\nU p\u0159\u00edm\u00fdch nebo nep\u0159\u00edm\u00fdch odkaz\u016f na ciz\u00ed internetov\u00e9 str\u00e1nky (\u201elinks\u201c), kter\u00e9 se nach\u00e1z\u00ed mimo oblast odpov\u011bdnosti autora, by se odpov\u011bdnost uplatnila v\u00fdhradn\u011b jen tehdy, pokud by spole\u010dnosti H\u00fcffermann Transportsysteme GmbH byl zn\u00e1m obsah a bylo by pro ni technicky mo\u017en\u00e9 a provediteln\u00e9, aby u\u017e\u00edv\u00e1n\u00ed v p\u0159\u00edpad\u011b protipr\u00e1vn\u00edho obsahu zabr\u00e1nila.<br \/>\nSpole\u010dnost H\u00fcffermann Transportsysteme GmbH t\u00edmto v\u00fdslovn\u011b prohla\u0161uje, \u017ee v okam\u017eiku nastaven\u00ed odkazu nebyl na odkazovan\u00fdch str\u00e1nk\u00e1ch patrn\u00fd \u017e\u00e1dn\u00fd protipr\u00e1vn\u00ed obsah. Spole\u010dnost H\u00fcffermann Transportsysteme GmbH nem\u00e1 \u017e\u00e1dn\u00fd vliv na aktu\u00e1ln\u00ed a budouc\u00ed podobu, obsah nebo autorstv\u00ed odkazovan\u00fdch str\u00e1nek. Spole\u010dnost H\u00fcffermann Transportsysteme GmbH se proto t\u00edmto v\u00fdslovn\u011b distancuje od ve\u0161ker\u00e9ho obsahu v\u0161ech odkazovan\u00fdch str\u00e1nek, kter\u00e9 byly zm\u011bn\u011bny po nastaven\u00ed odkazu. Toto prohl\u00e1\u0161en\u00ed se vztahuje na v\u0161echny odkazy a reference uveden\u00e9 v r\u00e1mci vlastn\u00ed internetov\u00e9 nab\u00eddky autora i na ciz\u00ed z\u00e1znamy v knih\u00e1ch host\u016f, diskusn\u00edch f\u00f3rech a seznamech adres\u00e1t\u016f. Za protipr\u00e1vn\u00ed, chybn\u00fd nebo ne\u00fapln\u00fd obsah a zvl\u00e1\u0161t\u011b za \u0161kody, kter\u00e9 vyu\u017e\u00edv\u00e1n\u00edm nebo nevyu\u017e\u00edv\u00e1n\u00edm takto prezentovan\u00fdch informac\u00ed vzniknou, ru\u010d\u00ed s\u00e1m poskytovatel str\u00e1nek, na n\u011b\u017e odkaz sm\u011b\u0159oval, ne ten, kdo prost\u0159ednictv\u00edm odkaz\u016f na p\u0159\u00edslu\u0161n\u00e9 zve\u0159ejn\u011bn\u00ed pouze odkazuje.<\/p>\n<p>3. Autorsk\u00e9 pr\u00e1vo a pr\u00e1vo ochrann\u00fdch zn\u00e1mek<br \/>\nSpole\u010dnost H\u00fcffermann Transportsysteme GmbH se sna\u017e\u00ed dodr\u017eovat autorsk\u00e1 pr\u00e1va na grafiku, zvukov\u00e9 dokumenty, videosekvence a texty pou\u017eit\u00e9 ve v\u0161ech publikac\u00edch, pou\u017e\u00edvat grafiku, zvukov\u00e9 dokumenty, videosekvence a texty, kter\u00e9 sama vytvo\u0159ila, nebo pou\u017e\u00edvat grafiku, zvukov\u00e9 dokumenty, videosekvence a texty bez licence.<br \/>\nV\u0161echny zna\u010dky a ochrann\u00e9 zn\u00e1mky uveden\u00e9 na webov\u00fdch str\u00e1nk\u00e1ch a p\u0159\u00edpadn\u011b chr\u00e1n\u011bn\u00e9 t\u0159et\u00edmi stranami podl\u00e9haj\u00ed bez omezen\u00ed ustanoven\u00edm platn\u00e9ho z\u00e1kona o ochrann\u00fdch zn\u00e1mk\u00e1ch a vlastnick\u00fdm pr\u00e1v\u016fm p\u0159\u00edslu\u0161n\u00fdch registrovan\u00fdch vlastn\u00edk\u016f. Pouh\u00e1 zm\u00ednka o ochrann\u00e9 zn\u00e1mce neznamen\u00e1, \u017ee nen\u00ed chr\u00e1n\u011bna pr\u00e1vy t\u0159et\u00edch stran! Autorsk\u00e1 pr\u00e1va k publikovan\u00fdm objekt\u016fm vytvo\u0159en\u00fdm samotn\u00fdm autorem n\u00e1le\u017e\u00ed v\u00fdhradn\u011b autorovi str\u00e1nek. Jak\u00e9koli kop\u00edrov\u00e1n\u00ed nebo pou\u017eit\u00ed objekt\u016f, jako jsou grafick\u00e1 vyobrazen\u00ed, zvukov\u00e9 dokumenty nebo texty, v jin\u00fdch elektronick\u00fdch nebo ti\u0161t\u011bn\u00fdch publikac\u00edch nen\u00ed povoleno bez v\u00fdslovn\u00e9ho souhlasu autora.<br \/>\nAutorsk\u00e9 pr\u00e1vo a copyright \u00a9 2009 H\u00fcffermann Transportsysteme GmbH a\/nebo jej\u00ed dodavatel\u00e9. V\u0161echna pr\u00e1va, kter\u00e1 zde nejsou v\u00fdslovn\u011b uvedena, jsou vyhrazena.<\/p>\n<p>4. Ochrana dat<br \/>\nPokud je d\u00e1na mo\u017enost zadat v r\u00e1mci internetov\u00e9 nab\u00eddky osobn\u00ed nebo obchodn\u00ed \u00fadaje (e-mailov\u00e9 adresy, jm\u00e9na, adresy), je zad\u00e1n\u00ed t\u011bchto \u00fadaj\u016f u\u017eivatelem v\u00fdslovn\u011b dobrovoln\u00e9.<\/p>\n<p>Pou\u017eit\u00ed kontaktn\u00edch \u00fadaj\u016f zve\u0159ejn\u011bn\u00fdch v r\u00e1mci povinnosti oti\u0161t\u011bn\u00ed t\u0159et\u00edmi stranami za \u00fa\u010delem zas\u00edl\u00e1n\u00ed reklamn\u00edch a informa\u010dn\u00edch materi\u00e1l\u016f, kter\u00e9 nebyly v\u00fdslovn\u011b vy\u017e\u00e1d\u00e1ny, je t\u00edmto v\u00fdslovn\u011b zak\u00e1z\u00e1no. Provozovatel\u00e9 str\u00e1nek si v\u00fdslovn\u011b vyhrazuj\u00ed pr\u00e1vo podniknout pr\u00e1vn\u00ed kroky v p\u0159\u00edpad\u011b nevy\u017e\u00e1dan\u00e9ho zas\u00edl\u00e1n\u00ed reklamn\u00edch informac\u00ed, nap\u0159\u00edklad prost\u0159ednictv\u00edm nevy\u017e\u00e1dan\u00e9 po\u0161ty.<\/p>\n<p>4.1 Google Analytics<br \/>\nPokud tyto webov\u00e9 str\u00e1nky pou\u017e\u00edvaj\u00ed slu\u017ebu Google Analytics, slu\u017ebu analyzov\u00e1n\u00ed webov\u00fdch str\u00e1nek, kterou poskytuje spole\u010dnost Google, Inc. (\u201eGoogle\u201c), m\u016f\u017ee v\u00e1\u0161 prohl\u00ed\u017ee\u010d ulo\u017eit soubor cookie odeslan\u00fd spole\u010dnost\u00ed Google Inc. nebo t\u0159et\u00edmi stranami, kter\u00fd umo\u017e\u0148uje anal\u00fdzu va\u0161eho pou\u017e\u00edv\u00e1n\u00ed t\u011bchto webov\u00fdch str\u00e1nek. Shrom\u00e1\u017ed\u011bn\u00e9 informace (v\u010detn\u011b va\u0161\u00ed IP adresy) budou p\u0159eneseny a ulo\u017eeny spole\u010dnost\u00ed Google na serverech v USA. Spole\u010dnost Google bude tyto informace pou\u017e\u00edvat za \u00fa\u010delem vyhodnocov\u00e1n\u00ed va\u0161eho pou\u017e\u00edv\u00e1n\u00ed webov\u00fdch str\u00e1nek, sestavov\u00e1n\u00ed zpr\u00e1v o aktivit\u011b na webov\u00fdch str\u00e1nk\u00e1ch pro provozovatele webov\u00fdch str\u00e1nek a poskytov\u00e1n\u00ed dal\u0161\u00edch slu\u017eeb souvisej\u00edc\u00edch s aktivitou na webov\u00fdch str\u00e1nk\u00e1ch a pou\u017e\u00edv\u00e1n\u00edm internetu.<\/p>\n<p>Spole\u010dnost Google m\u016f\u017ee tyto informace p\u0159edat t\u0159et\u00edm stran\u00e1m, pokud to vy\u017eaduje z\u00e1kon nebo pokud tyto t\u0159et\u00ed strany zpracov\u00e1vaj\u00ed informace jm\u00e9nem spole\u010dnosti Google. Spole\u010dnost Google nebude spojovat va\u0161i IP adresu s \u017e\u00e1dn\u00fdmi jin\u00fdmi \u00fadaji, kter\u00e9 m\u00e1 k dispozici. Instalaci soubor\u016f cookie m\u016f\u017eete zabr\u00e1nit. Za t\u00edmto \u00fa\u010delem mus\u00edte v nastaven\u00ed prohl\u00ed\u017ee\u010de zvolit mo\u017enost \u201enep\u0159ij\u00edmat soubory cookie\u201c (v prohl\u00ed\u017ee\u010di Internet Explorer v \u010d\u00e1sti \u201eN\u00e1stroje \/ Mo\u017enosti internetu \/ Ochrana osobn\u00edch \u00fadaj\u016f \/ Nastaven\u00ed\u201c, ve Firefoxu v \u010d\u00e1sti \u201eN\u00e1stroje \/ Nastaven\u00ed \/ Ochrana osobn\u00edch \u00fadaj\u016f \/ Soubory cookie\u201c).<\/p>\n<p>Vezm\u011bte pros\u00edm na v\u011bdom\u00ed, \u017ee v takov\u00e9m p\u0159\u00edpad\u011b nebudete moci vyu\u017e\u00edvat v\u0161echny funkce t\u011bchto webov\u00fdch str\u00e1nek v pln\u00e9m rozsahu. Vyu\u017e\u00edv\u00e1n\u00edm t\u011bchto webov\u00fdch str\u00e1nek souhlas\u00edte se zpracov\u00e1n\u00edm od v\u00e1s z\u00edskan\u00fdch informac\u00ed spole\u010dnost\u00ed Google v\u00fd\u0161e popsan\u00fdm zp\u016fsobem a k v\u00fd\u0161e uveden\u00e9mu \u00fa\u010delu.<\/p>\n<p>5. Pr\u00e1vn\u00ed platnost tohoto prohl\u00e1\u0161en\u00ed o vylou\u010den\u00ed odpov\u011bdnosti<br \/>\nToto prohl\u00e1\u0161en\u00ed o vylou\u010den\u00ed odpov\u011bdnosti je t\u0159eba pova\u017eovat za sou\u010d\u00e1st internetov\u00e9 nab\u00eddky, z n\u00ed\u017e jste byli na tuto str\u00e1nku odk\u00e1z\u00e1ni. Pokud \u010d\u00e1sti nebo jednotliv\u00e9 formulace tohoto textu nejsou, ji\u017e nejsou, nebo nejsou zcela v souladu se z\u00e1konem, obsah nebo platnost ostatn\u00edch \u010d\u00e1st\u00ed z\u016fst\u00e1v\u00e1 touto skute\u010dnost\u00ed nedot\u010dena.<\/p>\n<p>Pozn\u00e1mky k odpov\u011bdnosti:<\/p>\n<p>Informace uveden\u00e9 na t\u011bchto webov\u00fdch str\u00e1nk\u00e1ch byly pe\u010dliv\u011b zkontrolov\u00e1ny a jsou pravideln\u011b aktualizov\u00e1ny. Nelze v\u0161ak zaru\u010dit, \u017ee v\u0161echny informace jsou v\u017edy \u00fapln\u00e9, spr\u00e1vn\u00e9 a zcela aktu\u00e1ln\u00ed.<\/p>\n<p>V\u0161echny informace mohou b\u00fdt zm\u011bn\u011bny, odstran\u011bny nebo dopln\u011bny bez p\u0159edchoz\u00edho upozorn\u011bn\u00ed. \u201eKlient\u201c proto nenese \u017e\u00e1dnou odpov\u011bdnost za p\u0159\u00edpadn\u00e9 chyby, opomenut\u00ed nebo \u0161kody vznikl\u00e9 v d\u016fsledku pou\u017e\u00edv\u00e1n\u00ed informac\u00ed obsa\u017een\u00fdch na na\u0161ich internetov\u00fdch str\u00e1nk\u00e1ch.<\/p>\n<p>I p\u0159es pe\u010dlivou kontrolu obsahu nep\u0159eb\u00edr\u00e1me \u017e\u00e1dnou odpov\u011bdnost za obsah extern\u00edch odkaz\u016f. Za obsah odkazovan\u00fdch str\u00e1nek odpov\u00eddaj\u00ed v\u00fdhradn\u011b jejich provozovatel\u00e9.<\/p>\n<p>Upozorn\u011bn\u00ed:<\/p>\n<p>\u017d\u00e1dn\u00e9 varov\u00e1n\u00ed bez p\u0159edchoz\u00edho p\u00edsemn\u00e9ho kontaktu! Pokud by obsah nebo prezentace na\u0161ich webov\u00fdch str\u00e1nek poru\u0161ovaly pr\u00e1va t\u0159et\u00edch osob nebo z\u00e1konn\u00e1 ustanoven\u00ed, \u017e\u00e1d\u00e1me o zasl\u00e1n\u00ed odpov\u00eddaj\u00edc\u00edho sd\u011blen\u00ed bez pozn\u00e1mky k n\u00e1klad\u016fm. Odstran\u011bn\u00ed p\u0159\u00edpadn\u00e9ho poru\u0161en\u00ed vlastnick\u00fdch pr\u00e1v vych\u00e1zej\u00edc\u00edch z t\u011bchto str\u00e1nek samotn\u00fdmi dr\u017eiteli vlastnick\u00fdch pr\u00e1v se nesm\u00ed uskute\u010dnit bez na\u0161eho souhlasu.<\/p>\n<p>Zaru\u010dujeme, \u017ee opr\u00e1vn\u011bn\u011b nam\u00edtan\u00e9 pas\u00e1\u017ee budou okam\u017eit\u011b odstran\u011bny bez nutnosti pr\u00e1vn\u00ed pomoci z va\u0161\u00ed strany. Nicm\u00e9n\u011b ve\u0161ker\u00e9 n\u00e1klady, kter\u00e9 v\u00e1m vzniknou bez p\u0159edchoz\u00edho kontaktu, pln\u011b odm\u00edtneme a v p\u0159\u00edpad\u011b pot\u0159eby pod\u00e1me protin\u00e1vrh pro poru\u0161en\u00ed v\u00fd\u0161e uveden\u00fdch ustanoven\u00ed.<\/p>\n<\/div><\/section>\n<\/div><\/div><\/div><!-- close content main div --><\/div><\/div><div id='after_section_1'  class='main_color av_default_container_wrap container_wrap sidebar_left'  ><div class='container av-section-cont-open' ><div class='template-page content  av-content-small units'><div class='post-entry post-entry-type-page post-entry-46705'><div class='entry-content-wrapper clearfix'>\n","protected":false},"excerpt":{"rendered":"","protected":false},"author":5,"featured_media":0,"parent":50075,"menu_order":0,"comment_status":"closed","ping_status":"closed","template":"","meta":{"_acf_changed":false,"_relevanssi_hide_post":"","_relevanssi_hide_content":"","_relevanssi_pin_for_all":"","_relevanssi_pin_keywords":"","_relevanssi_unpin_keywords":"","_relevanssi_related_keywords":"","_relevanssi_related_include_ids":"","_relevanssi_related_exclude_ids":"","_relevanssi_related_no_append":"","_relevanssi_related_not_related":"","_relevanssi_related_posts":"45374","_relevanssi_noindex_reason":"","footnotes":""},"class_list":["post-46705","page","type-page","status-publish","hentry"],"acf":[],"yoast_head":"<!-- This site is optimized with the Yoast SEO Premium plugin v26.4 (Yoast SEO v27.2) - https:\/\/yoast.com\/product\/yoast-seo-premium-wordpress\/ -->\n<title>Impresum - H\u00fcffermann<\/title>\n<meta name=\"robots\" content=\"index, follow, max-snippet:-1, max-image-preview:large, max-video-preview:-1\" \/>\n<link rel=\"canonical\" href=\"https:\/\/hueffermann.de\/cs\/informace-a-kontakt\/impresum\/\" \/>\n<meta property=\"og:locale\" content=\"cs_CZ\" \/>\n<meta property=\"og:type\" content=\"article\" \/>\n<meta property=\"og:title\" content=\"Impresum\" \/>\n<meta property=\"og:url\" content=\"https:\/\/hueffermann.de\/cs\/informace-a-kontakt\/impresum\/\" \/>\n<meta property=\"og:site_name\" content=\"H\u00fcffermann\" \/>\n<meta property=\"article:modified_time\" content=\"2025-09-04T10:15:34+00:00\" \/>\n<meta name=\"twitter:card\" content=\"summary_large_image\" \/>\n<meta name=\"twitter:label1\" content=\"Odhadovan\u00e1 doba \u010dten\u00ed\" \/>\n\t<meta name=\"twitter:data1\" content=\"6 minut\" \/>\n<script type=\"application\/ld+json\" class=\"yoast-schema-graph\">{\"@context\":\"https:\/\/schema.org\",\"@graph\":[{\"@type\":\"WebPage\",\"@id\":\"https:\/\/hueffermann.de\/cs\/informace-a-kontakt\/impresum\/\",\"url\":\"https:\/\/hueffermann.de\/cs\/informace-a-kontakt\/impresum\/\",\"name\":\"Impresum - H\u00fcffermann\",\"isPartOf\":{\"@id\":\"https:\/\/hueffermann.de\/en\/#website\"},\"datePublished\":\"2024-02-16T09:07:27+00:00\",\"dateModified\":\"2025-09-04T10:15:34+00:00\",\"breadcrumb\":{\"@id\":\"https:\/\/hueffermann.de\/cs\/informace-a-kontakt\/impresum\/#breadcrumb\"},\"inLanguage\":\"cs\",\"potentialAction\":[{\"@type\":\"ReadAction\",\"target\":[\"https:\/\/hueffermann.de\/cs\/informace-a-kontakt\/impresum\/\"]}]},{\"@type\":\"BreadcrumbList\",\"@id\":\"https:\/\/hueffermann.de\/cs\/informace-a-kontakt\/impresum\/#breadcrumb\",\"itemListElement\":[{\"@type\":\"ListItem\",\"position\":1,\"name\":\"Home\",\"item\":\"https:\/\/hueffermann.de\/cs\/home\/\"},{\"@type\":\"ListItem\",\"position\":2,\"name\":\"informace a kontakt\",\"item\":\"https:\/\/hueffermann.de\/cs\/informace-a-kontakt\/\"},{\"@type\":\"ListItem\",\"position\":3,\"name\":\"Impresum\"}]},{\"@type\":\"WebSite\",\"@id\":\"https:\/\/hueffermann.de\/en\/#website\",\"url\":\"https:\/\/hueffermann.de\/en\/\",\"name\":\"H\u00fcffermann\",\"description\":\"\",\"potentialAction\":[{\"@type\":\"SearchAction\",\"target\":{\"@type\":\"EntryPoint\",\"urlTemplate\":\"https:\/\/hueffermann.de\/en\/?s={search_term_string}\"},\"query-input\":{\"@type\":\"PropertyValueSpecification\",\"valueRequired\":true,\"valueName\":\"search_term_string\"}}],\"inLanguage\":\"cs\"}]}<\/script>\n<!-- \/ Yoast SEO Premium plugin. -->","yoast_head_json":{"title":"Impresum - H\u00fcffermann","robots":{"index":"index","follow":"follow","max-snippet":"max-snippet:-1","max-image-preview":"max-image-preview:large","max-video-preview":"max-video-preview:-1"},"canonical":"https:\/\/hueffermann.de\/cs\/informace-a-kontakt\/impresum\/","og_locale":"cs_CZ","og_type":"article","og_title":"Impresum","og_url":"https:\/\/hueffermann.de\/cs\/informace-a-kontakt\/impresum\/","og_site_name":"H\u00fcffermann","article_modified_time":"2025-09-04T10:15:34+00:00","twitter_card":"summary_large_image","twitter_misc":{"Odhadovan\u00e1 doba \u010dten\u00ed":"6 minut"},"schema":{"@context":"https:\/\/schema.org","@graph":[{"@type":"WebPage","@id":"https:\/\/hueffermann.de\/cs\/informace-a-kontakt\/impresum\/","url":"https:\/\/hueffermann.de\/cs\/informace-a-kontakt\/impresum\/","name":"Impresum - H\u00fcffermann","isPartOf":{"@id":"https:\/\/hueffermann.de\/en\/#website"},"datePublished":"2024-02-16T09:07:27+00:00","dateModified":"2025-09-04T10:15:34+00:00","breadcrumb":{"@id":"https:\/\/hueffermann.de\/cs\/informace-a-kontakt\/impresum\/#breadcrumb"},"inLanguage":"cs","potentialAction":[{"@type":"ReadAction","target":["https:\/\/hueffermann.de\/cs\/informace-a-kontakt\/impresum\/"]}]},{"@type":"BreadcrumbList","@id":"https:\/\/hueffermann.de\/cs\/informace-a-kontakt\/impresum\/#breadcrumb","itemListElement":[{"@type":"ListItem","position":1,"name":"Home","item":"https:\/\/hueffermann.de\/cs\/home\/"},{"@type":"ListItem","position":2,"name":"informace a kontakt","item":"https:\/\/hueffermann.de\/cs\/informace-a-kontakt\/"},{"@type":"ListItem","position":3,"name":"Impresum"}]},{"@type":"WebSite","@id":"https:\/\/hueffermann.de\/en\/#website","url":"https:\/\/hueffermann.de\/en\/","name":"H\u00fcffermann","description":"","potentialAction":[{"@type":"SearchAction","target":{"@type":"EntryPoint","urlTemplate":"https:\/\/hueffermann.de\/en\/?s={search_term_string}"},"query-input":{"@type":"PropertyValueSpecification","valueRequired":true,"valueName":"search_term_string"}}],"inLanguage":"cs"}]}},"_links":{"self":[{"href":"https:\/\/hueffermann.de\/cs\/wp-json\/wp\/v2\/pages\/46705","targetHints":{"allow":["GET"]}}],"collection":[{"href":"https:\/\/hueffermann.de\/cs\/wp-json\/wp\/v2\/pages"}],"about":[{"href":"https:\/\/hueffermann.de\/cs\/wp-json\/wp\/v2\/types\/page"}],"author":[{"embeddable":true,"href":"https:\/\/hueffermann.de\/cs\/wp-json\/wp\/v2\/users\/5"}],"replies":[{"embeddable":true,"href":"https:\/\/hueffermann.de\/cs\/wp-json\/wp\/v2\/comments?post=46705"}],"version-history":[{"count":9,"href":"https:\/\/hueffermann.de\/cs\/wp-json\/wp\/v2\/pages\/46705\/revisions"}],"predecessor-version":[{"id":53233,"href":"https:\/\/hueffermann.de\/cs\/wp-json\/wp\/v2\/pages\/46705\/revisions\/53233"}],"up":[{"embeddable":true,"href":"https:\/\/hueffermann.de\/cs\/wp-json\/wp\/v2\/pages\/50075"}],"wp:attachment":[{"href":"https:\/\/hueffermann.de\/cs\/wp-json\/wp\/v2\/media?parent=46705"}],"curies":[{"name":"wp","href":"https:\/\/api.w.org\/{rel}","templated":true}]}}