{"id":46940,"date":"2024-07-24T10:25:56","date_gmt":"2024-07-24T08:25:56","guid":{"rendered":"https:\/\/hueffermann.de\/hinweisgeber-plattform\/"},"modified":"2024-10-23T16:20:33","modified_gmt":"2024-10-23T14:20:33","slug":"oznamovaci-platforma","status":"publish","type":"page","link":"https:\/\/hueffermann.de\/cs\/oznamovaci-platforma\/","title":{"rendered":"Oznamovac\u00ed platforma"},"content":{"rendered":"<\/p>\n\n<style type=\"text\/css\" data-created_by=\"avia_inline_auto\" id=\"style-css-av-lyzkwiwt-119126c116865536d4025763b98f9214\">\n.avia-section.av-lyzkwiwt-119126c116865536d4025763b98f9214{\nbackground-repeat:no-repeat;\nbackground-image:url(https:\/\/hueffermann.de\/wp-content\/uploads\/sites\/3\/2024\/07\/csm_sm-hinweisgeber-plattform_29c558fffa.jpg);\nbackground-position:50% 50%;\nbackground-attachment:scroll;\n}\n.avia-section.av-lyzkwiwt-119126c116865536d4025763b98f9214 .av-section-color-overlay{\nopacity:0.5;\nbackground-color:#0a0a0a;\n}\n<\/style>\n<div id='av_section_1'  class='avia-section av-lyzkwiwt-119126c116865536d4025763b98f9214 main_color avia-section-default avia-no-border-styling  avia-builder-el-0  el_before_av_textblock  avia-builder-el-first  avia-full-stretch avia-bg-style-scroll av-section-color-overlay-active av-minimum-height av-minimum-height-custom av-height-custom  container_wrap sidebar_left'  data-section-bg-repeat='stretch' data-av_minimum_height_px='512'><div class=\"av-section-color-overlay-wrap\"><div class=\"av-section-color-overlay\"><\/div><div class='container av-section-cont-open' style='height:512px'><main  role=\"main\" itemprop=\"mainContentOfPage\"  class='template-page content  av-content-small units'><div class='post-entry post-entry-type-page post-entry-46940'><div class='entry-content-wrapper clearfix'>\n\n<style type=\"text\/css\" data-created_by=\"avia_inline_auto\" id=\"style-css-av-lyzkq8n6-18d535149b89fab0dae26e5aa6b14ae5\">\n#top .av_textblock_section.av-lyzkq8n6-18d535149b89fab0dae26e5aa6b14ae5 .avia_textblock{\ncolor:#ffffff;\n}\n<\/style>\n<section  class='av_textblock_section av-lyzkq8n6-18d535149b89fab0dae26e5aa6b14ae5 '   itemscope=\"itemscope\" itemtype=\"https:\/\/schema.org\/CreativeWork\" ><div class='avia_textblock hero-title av_inherit_color'  itemprop=\"text\" ><h1>Oznamovac\u00ed<\/h1>\n<h1>platforma<\/h1>\n<\/div><\/section>\n<\/div><\/div><\/main><!-- close content main element --><\/div><\/div><\/div><div id='after_section_1'  class='main_color av_default_container_wrap container_wrap sidebar_left'  ><div class='container av-section-cont-open' ><div class='template-page content  av-content-small units'><div class='post-entry post-entry-type-page post-entry-46940'><div class='entry-content-wrapper clearfix'>\n<section  class='av_textblock_section av-av_textblock-a0d71884ce2b46274a88fab001c350b5 '   itemscope=\"itemscope\" itemtype=\"https:\/\/schema.org\/CreativeWork\" ><div class='avia_textblock sch-breadcrumb'  itemprop=\"text\" ><div class=\"breadcrumb breadcrumbs avia-breadcrumbs\"><div class=\"breadcrumb-trail\" ><span class=\"trail-before\"><span class=\"breadcrumb-title\">Jste zde:<\/span><\/span> <span  itemscope=\"itemscope\" itemtype=\"https:\/\/schema.org\/BreadcrumbList\" ><span  itemscope=\"itemscope\" itemtype=\"https:\/\/schema.org\/ListItem\" itemprop=\"itemListElement\" ><a itemprop=\"url\" href=\"https:\/\/hueffermann.de\/cs\/\" title=\"H\u00fcffermann\" rel=\"home\" class=\"trail-begin\"><span itemprop=\"name\">Dom\u016f<\/span><\/a><span itemprop=\"position\" class=\"hidden\">1<\/span><\/span><\/span><\/div><\/div>\n<\/div><\/section>\n<\/div><\/div><\/div><!-- close content main div --><\/div><\/div><div id='av_section_2'  class='avia-section av-1djj3x6-af00c1322d2c53f7c9ece52a99b993a1 main_color avia-section-default avia-no-border-styling  avia-builder-el-3  el_after_av_textblock  el_before_av_section  avia-bg-style-scroll container_wrap sidebar_left'  ><div class='container av-section-cont-open' ><div class='template-page content  av-content-small units'><div class='post-entry post-entry-type-page post-entry-46940'><div class='entry-content-wrapper clearfix'>\n<section  class='av_textblock_section av-lyzkx9va-aab5461a747f6f6c5f56839f509bed87 '   itemscope=\"itemscope\" itemtype=\"https:\/\/schema.org\/CreativeWork\" ><div class='avia_textblock'  itemprop=\"text\" ><h2 class=\"schwa-h3 schwa-h4\"><strong>Oznamovac\u00ed syst\u00e9m \u2013 co se za n\u00edm skr\u00fdv\u00e1?<\/strong><\/h2>\n<p>Oznamovatel\u00e9 jsou obzvl\u00e1\u0161\u0165 d\u016fle\u017eit\u00ed pro zachov\u00e1n\u00ed otev\u0159en\u00e9 a transparentn\u00ed spole\u010dnosti, proto\u017ee maj\u00ed odvahu odkr\u00fdvat ne\u0161vary. Aby oznamovatel\u00e9 m\u011bli mo\u017enost hl\u00e1sit ud\u00e1losti d\u016fv\u011brn\u011b a byli bezpe\u010dn\u011b chr\u00e1n\u011bni p\u0159ed negativn\u00edmi d\u016fsledky, byla z\u0159\u00edzena oznamovac\u00ed platforma. Vedle rozs\u00e1hl\u00e9 ochrany identity oznamovatele nab\u00edz\u00ed oznamovac\u00ed syst\u00e9m s webov\u00fdm rozhran\u00edm jednoduchou obsluhu a mo\u017enost veden\u00ed anonymn\u00edho dialogu s compliance officerem a kladen\u00ed zp\u011btn\u00fdch dotaz\u016f.<\/p>\n<\/div><\/section>\n\n<\/div><\/div><\/div><!-- close content main div --><\/div><\/div><div id='av_section_3'  class='avia-section av-o59vdm-b6f1fce113f7673761bccde9f40d51aa main_color avia-section-default avia-no-border-styling  avia-builder-el-5  el_after_av_section  avia-builder-el-last  avia-bg-style-scroll container_wrap sidebar_left'  ><div class='container av-section-cont-open' ><div class='template-page content  av-content-small units'><div class='post-entry post-entry-type-page post-entry-46940'><div class='entry-content-wrapper clearfix'>\n<section  class='av_textblock_section av-lyzl57f9-1c7ca0937c07c2d8a555831cba63db7e '   itemscope=\"itemscope\" itemtype=\"https:\/\/schema.org\/CreativeWork\" ><div class='avia_textblock'  itemprop=\"text\" ><h2 class=\"schwa-h3 schwa-h4\"><strong>Oznamovac\u00ed platforma spole\u010dnosti H\u00fcffermann<\/strong><\/h2>\n<p>Oznamovatel\u00e9 (\u201ewhistleblower\u201c) jsou chr\u00e1n\u011bni p\u0159ed repres\u00e1liemi, jako jsou suspendov\u00e1n\u00ed, v\u00fdpov\u011b\u010f, sesazen\u00ed nebo jin\u00e1 srovnateln\u00e1 opat\u0159en\u00ed podle sm\u011brnice EU 2019\/1937 (\u201eSm\u011brnice EU o ochran\u011b osob, kter\u00e9 oznamuj\u00ed poru\u0161en\u00ed pr\u00e1va\u201c), pokud hl\u00e1\u0161en\u00ed podl\u00e9h\u00e1 v\u011bcn\u00e9mu i osobn\u00edmu rozsahu pou\u017eit\u00ed sm\u011brnice EU 2019\/1937 a oznamovatel m\u00e1 dostate\u010dn\u00fd d\u016fvod k p\u0159edpokladu, \u017ee jeho hl\u00e1\u0161en\u00ed o poru\u0161en\u00ed pr\u00e1va Unie odpov\u00edd\u00e1 pravd\u011b. Oznamovatel\u00e9, kte\u0159\u00ed zlomysln\u011b a z\u00e1m\u011brn\u011b u\u010din\u00ed chybn\u00e1 nebo zav\u00e1d\u011bj\u00edc\u00ed hl\u00e1\u0161en\u00ed \u010di vznesou neod\u016fvodn\u011bn\u00e1 obvin\u011bn\u00ed, nejsou nijak chr\u00e1n\u011bni proti repres\u00e1li\u00edm a nav\u00edc m\u016f\u017ee b\u00fdt takov\u00e9 hl\u00e1\u0161en\u00ed kvalifikov\u00e1no jako trestn\u00fd \u010din, nap\u0159. pomluva.<br \/>\nN\u00ed\u017ee uveden\u00e9 oznamovac\u00ed kan\u00e1ly neslou\u017e\u00ed jako m\u00edsto ombudsmana pro reklamace nebo st\u00ed\u017enosti.<br \/>\nVyb\u00edz\u00edme V\u00e1s, abyste p\u0159i hl\u00e1\u0161en\u00ed uvedli sv\u00e9 kontaktn\u00ed \u00fadaje, abychom mohli vyjasnit otev\u0159en\u00e9 ot\u00e1zky. D\u016fv\u011brnost Va\u0161ich \u00fadaj\u016f je zaru\u010dena. Pokud v\u0161ak up\u0159ednost\u0148ujete anonymn\u00ed hl\u00e1\u0161en\u00ed, chr\u00e1n\u00ed implementovan\u00e1 oznamovac\u00ed platforma spole\u010dnosti H\u00fcffermann Va\u0161i identitu. Obsahov\u00e9 zpracov\u00e1n\u00ed Va\u0161eho hl\u00e1\u0161en\u00ed prov\u00e1d\u00ed pov\u011b\u0159en\u00e1 osoba odd\u011blen\u00ed compliance. S Va\u0161\u00ed zpr\u00e1vou bude nakl\u00e1d\u00e1no d\u016fv\u011brn\u011b. P\u0159i pod\u00e1n\u00ed zpr\u00e1vy podle sm\u011brnice EU 2019\/1937 je aplikov\u00e1na ochrana oznamovatele. Nab\u00e1d\u00e1me V\u00e1s k tomu, abyste p\u0159ed\u00e1vali pouze takov\u00e9 informace, o jejich\u017e spr\u00e1vnosti jste podle nejlep\u0161\u00edho v\u011bdom\u00ed a sv\u011bdom\u00ed p\u0159esv\u011bd\u010deni.<br \/>\nK dispozici jsou V\u00e1m n\u00e1sleduj\u00edc\u00ed ohla\u0161ovac\u00ed kan\u00e1ly. Zam\u011bstnanci spole\u010dnosti H\u00fcffermann mohou i nad\u00e1le vyu\u017e\u00edvat dosavadn\u00ed zp\u016fsoby hl\u00e1\u0161en\u00ed a p\u0159\u00edpadn\u00e9 pochyby bezprost\u0159edn\u011b hl\u00e1sit sv\u00fdm nad\u0159\u00edzen\u00fdm.<br \/>\nOhla\u0161ovac\u00ed kan\u00e1l pro spole\u010dnost <a href=\"https:\/\/mywhistler.eu\/HWG_START.ASPX?MAN_NR=kpESuZ9iWH97jZsi9cI7\/Q==\" target=\"_blank\" rel=\"noopener noreferrer\">H\u00fcffermann<\/a><\/p>\n<\/div><\/section>\n<\/div><\/div><\/div><!-- close content main div --><\/div><\/div><div id='after_section_3'  class='main_color av_default_container_wrap container_wrap sidebar_left'  ><div class='container av-section-cont-open' ><div class='template-page content  av-content-small units'><div class='post-entry post-entry-type-page post-entry-46940'><div class='entry-content-wrapper clearfix'>\n","protected":false},"excerpt":{"rendered":"","protected":false},"author":7,"featured_media":0,"parent":0,"menu_order":0,"comment_status":"closed","ping_status":"closed","template":"","meta":{"_acf_changed":false,"_relevanssi_hide_post":"","_relevanssi_hide_content":"","_relevanssi_pin_for_all":"","_relevanssi_pin_keywords":"","_relevanssi_unpin_keywords":"","_relevanssi_related_keywords":"","_relevanssi_related_include_ids":"","_relevanssi_related_exclude_ids":"","_relevanssi_related_no_append":"","_relevanssi_related_not_related":"","_relevanssi_related_posts":"45374","_relevanssi_noindex_reason":"","footnotes":""},"class_list":["post-46940","page","type-page","status-publish","hentry"],"acf":[],"yoast_head":"<!-- This site is optimized with the Yoast SEO Premium plugin v26.4 (Yoast SEO v27.2) - https:\/\/yoast.com\/product\/yoast-seo-premium-wordpress\/ -->\n<title>Oznamovac\u00ed platforma - H\u00fcffermann<\/title>\n<meta name=\"robots\" content=\"index, follow, max-snippet:-1, max-image-preview:large, max-video-preview:-1\" \/>\n<link rel=\"canonical\" href=\"https:\/\/hueffermann.de\/cs\/oznamovaci-platforma\/\" \/>\n<meta property=\"og:locale\" content=\"cs_CZ\" \/>\n<meta property=\"og:type\" content=\"article\" \/>\n<meta property=\"og:title\" content=\"Oznamovac\u00ed platforma\" \/>\n<meta property=\"og:url\" content=\"https:\/\/hueffermann.de\/cs\/oznamovaci-platforma\/\" \/>\n<meta property=\"og:site_name\" content=\"H\u00fcffermann\" \/>\n<meta property=\"article:modified_time\" content=\"2024-10-23T14:20:33+00:00\" \/>\n<meta name=\"twitter:card\" content=\"summary_large_image\" \/>\n<meta name=\"twitter:label1\" content=\"Odhadovan\u00e1 doba \u010dten\u00ed\" \/>\n\t<meta name=\"twitter:data1\" content=\"2 minuty\" \/>\n<script type=\"application\/ld+json\" class=\"yoast-schema-graph\">{\"@context\":\"https:\/\/schema.org\",\"@graph\":[{\"@type\":\"WebPage\",\"@id\":\"https:\/\/hueffermann.de\/cs\/oznamovaci-platforma\/\",\"url\":\"https:\/\/hueffermann.de\/cs\/oznamovaci-platforma\/\",\"name\":\"Oznamovac\u00ed platforma - H\u00fcffermann\",\"isPartOf\":{\"@id\":\"https:\/\/hueffermann.de\/en\/#website\"},\"datePublished\":\"2024-07-24T08:25:56+00:00\",\"dateModified\":\"2024-10-23T14:20:33+00:00\",\"breadcrumb\":{\"@id\":\"https:\/\/hueffermann.de\/cs\/oznamovaci-platforma\/#breadcrumb\"},\"inLanguage\":\"cs\",\"potentialAction\":[{\"@type\":\"ReadAction\",\"target\":[\"https:\/\/hueffermann.de\/cs\/oznamovaci-platforma\/\"]}]},{\"@type\":\"BreadcrumbList\",\"@id\":\"https:\/\/hueffermann.de\/cs\/oznamovaci-platforma\/#breadcrumb\",\"itemListElement\":[{\"@type\":\"ListItem\",\"position\":1,\"name\":\"Home\",\"item\":\"https:\/\/hueffermann.de\/cs\/home\/\"},{\"@type\":\"ListItem\",\"position\":2,\"name\":\"Oznamovac\u00ed platforma\"}]},{\"@type\":\"WebSite\",\"@id\":\"https:\/\/hueffermann.de\/en\/#website\",\"url\":\"https:\/\/hueffermann.de\/en\/\",\"name\":\"H\u00fcffermann\",\"description\":\"\",\"potentialAction\":[{\"@type\":\"SearchAction\",\"target\":{\"@type\":\"EntryPoint\",\"urlTemplate\":\"https:\/\/hueffermann.de\/en\/?s={search_term_string}\"},\"query-input\":{\"@type\":\"PropertyValueSpecification\",\"valueRequired\":true,\"valueName\":\"search_term_string\"}}],\"inLanguage\":\"cs\"}]}<\/script>\n<!-- \/ Yoast SEO Premium plugin. -->","yoast_head_json":{"title":"Oznamovac\u00ed platforma - H\u00fcffermann","robots":{"index":"index","follow":"follow","max-snippet":"max-snippet:-1","max-image-preview":"max-image-preview:large","max-video-preview":"max-video-preview:-1"},"canonical":"https:\/\/hueffermann.de\/cs\/oznamovaci-platforma\/","og_locale":"cs_CZ","og_type":"article","og_title":"Oznamovac\u00ed platforma","og_url":"https:\/\/hueffermann.de\/cs\/oznamovaci-platforma\/","og_site_name":"H\u00fcffermann","article_modified_time":"2024-10-23T14:20:33+00:00","twitter_card":"summary_large_image","twitter_misc":{"Odhadovan\u00e1 doba \u010dten\u00ed":"2 minuty"},"schema":{"@context":"https:\/\/schema.org","@graph":[{"@type":"WebPage","@id":"https:\/\/hueffermann.de\/cs\/oznamovaci-platforma\/","url":"https:\/\/hueffermann.de\/cs\/oznamovaci-platforma\/","name":"Oznamovac\u00ed platforma - H\u00fcffermann","isPartOf":{"@id":"https:\/\/hueffermann.de\/en\/#website"},"datePublished":"2024-07-24T08:25:56+00:00","dateModified":"2024-10-23T14:20:33+00:00","breadcrumb":{"@id":"https:\/\/hueffermann.de\/cs\/oznamovaci-platforma\/#breadcrumb"},"inLanguage":"cs","potentialAction":[{"@type":"ReadAction","target":["https:\/\/hueffermann.de\/cs\/oznamovaci-platforma\/"]}]},{"@type":"BreadcrumbList","@id":"https:\/\/hueffermann.de\/cs\/oznamovaci-platforma\/#breadcrumb","itemListElement":[{"@type":"ListItem","position":1,"name":"Home","item":"https:\/\/hueffermann.de\/cs\/home\/"},{"@type":"ListItem","position":2,"name":"Oznamovac\u00ed platforma"}]},{"@type":"WebSite","@id":"https:\/\/hueffermann.de\/en\/#website","url":"https:\/\/hueffermann.de\/en\/","name":"H\u00fcffermann","description":"","potentialAction":[{"@type":"SearchAction","target":{"@type":"EntryPoint","urlTemplate":"https:\/\/hueffermann.de\/en\/?s={search_term_string}"},"query-input":{"@type":"PropertyValueSpecification","valueRequired":true,"valueName":"search_term_string"}}],"inLanguage":"cs"}]}},"_links":{"self":[{"href":"https:\/\/hueffermann.de\/cs\/wp-json\/wp\/v2\/pages\/46940","targetHints":{"allow":["GET"]}}],"collection":[{"href":"https:\/\/hueffermann.de\/cs\/wp-json\/wp\/v2\/pages"}],"about":[{"href":"https:\/\/hueffermann.de\/cs\/wp-json\/wp\/v2\/types\/page"}],"author":[{"embeddable":true,"href":"https:\/\/hueffermann.de\/cs\/wp-json\/wp\/v2\/users\/7"}],"replies":[{"embeddable":true,"href":"https:\/\/hueffermann.de\/cs\/wp-json\/wp\/v2\/comments?post=46940"}],"version-history":[{"count":15,"href":"https:\/\/hueffermann.de\/cs\/wp-json\/wp\/v2\/pages\/46940\/revisions"}],"predecessor-version":[{"id":51266,"href":"https:\/\/hueffermann.de\/cs\/wp-json\/wp\/v2\/pages\/46940\/revisions\/51266"}],"wp:attachment":[{"href":"https:\/\/hueffermann.de\/cs\/wp-json\/wp\/v2\/media?parent=46940"}],"curies":[{"name":"wp","href":"https:\/\/api.w.org\/{rel}","templated":true}]}}