{"id":49717,"date":"2024-04-04T11:22:21","date_gmt":"2024-04-04T09:22:21","guid":{"rendered":"https:\/\/hueffermann.de\/firma\/standorte\/"},"modified":"2024-10-23T17:43:27","modified_gmt":"2024-10-23T15:43:27","slug":"provozy","status":"publish","type":"page","link":"https:\/\/hueffermann.de\/cs\/firma\/provozy\/","title":{"rendered":"Provozy"},"content":{"rendered":"<section  class='av_textblock_section av-qnnax8-47d790ff2ae34334be96176d98d7c930 '   itemscope=\"itemscope\" itemtype=\"https:\/\/schema.org\/CreativeWork\" ><div class='avia_textblock sch-breadcrumb'  itemprop=\"text\" ><div class=\"breadcrumb breadcrumbs avia-breadcrumbs\"><div class=\"breadcrumb-trail\" ><span class=\"trail-before\"><span class=\"breadcrumb-title\">Jste zde:<\/span><\/span> <span  itemscope=\"itemscope\" itemtype=\"https:\/\/schema.org\/BreadcrumbList\" ><span  itemscope=\"itemscope\" itemtype=\"https:\/\/schema.org\/ListItem\" itemprop=\"itemListElement\" ><a itemprop=\"url\" href=\"https:\/\/hueffermann.de\/cs\/\" title=\"H\u00fcffermann\" rel=\"home\" class=\"trail-begin\"><span itemprop=\"name\">Dom\u016f<\/span><\/a><span itemprop=\"position\" class=\"hidden\">1<\/span><\/span><\/span><\/div><\/div>\n<\/div><\/section>\n<\/div><\/div><\/div><!-- close content main div --><\/div><\/div><div id='av-layout-grid-1'  class='av-layout-grid-container av-234e370-c9982743c6086b0cd3137e7c1fa2a7e6 entry-content-wrapper main_color av-flex-cells  avia-builder-el-1  el_after_av_textblock  el_before_av_textblock  grid-row-not-first  container_wrap sidebar_left'  >\n\n<style type=\"text\/css\" data-created_by=\"avia_inline_auto\" id=\"style-css-av-1r3qdvw-176129b184ce0e09b8b0ff80f0fe1dc5\">\n.flex_cell.av-1r3qdvw-176129b184ce0e09b8b0ff80f0fe1dc5{\nvertical-align:middle;\nheight:400px;\nmin-height:400px;\n}\n<\/style>\n<div class='flex_cell av-1r3qdvw-176129b184ce0e09b8b0ff80f0fe1dc5 av-gridrow-cell av_one_fifth no_margin  avia-builder-el-2  el_before_av_cell_four_fifth  avia-builder-el-first  content-align-middle'  ><div class='flex_cell_inner'>\n<style type=\"text\/css\" data-created_by=\"avia_inline_auto\" id=\"style-css-av-19b3yz0-ecd1c8d8171bae659398e82d7ff7d19e\">\n.avia-image-container.av-19b3yz0-ecd1c8d8171bae659398e82d7ff7d19e img.avia_image{\nbox-shadow:none;\n}\n.avia-image-container.av-19b3yz0-ecd1c8d8171bae659398e82d7ff7d19e .av-image-caption-overlay-center{\ncolor:#ffffff;\n}\n<\/style>\n<div  class='avia-image-container av-19b3yz0-ecd1c8d8171bae659398e82d7ff7d19e av-styling- avia-align-center  avia-builder-el-3  avia-builder-el-no-sibling '   itemprop=\"image\" itemscope=\"itemscope\" itemtype=\"https:\/\/schema.org\/ImageObject\" ><div class=\"avia-image-container-inner\"><div class=\"avia-image-overlay-wrap\"><img decoding=\"async\" fetchpriority=\"high\" class='wp-image-44362 avia-img-lazy-loading-not-44362 avia_image ' src=\"https:\/\/hueffermann.de\/wp-content\/uploads\/sites\/3\/2024\/05\/hueffermann_logo_96x96.png\" alt='' title='hueffermann_logo_96x96'  height=\"96\" width=\"96\"  itemprop=\"thumbnailUrl\" srcset=\"https:\/\/hueffermann.de\/wp-content\/uploads\/sites\/3\/2024\/05\/hueffermann_logo_96x96.png 96w, https:\/\/hueffermann.de\/wp-content\/uploads\/sites\/3\/2024\/05\/hueffermann_logo_96x96-80x80.png 80w, https:\/\/hueffermann.de\/wp-content\/uploads\/sites\/3\/2024\/05\/hueffermann_logo_96x96-36x36.png 36w\" sizes=\"(max-width: 96px) 100vw, 96px\" \/><\/div><\/div><\/div>\n<\/div><\/div>\n<style type=\"text\/css\" data-created_by=\"avia_inline_auto\" id=\"style-css-av-okt46k-4e1d359bbbce7c8dad7e2353424fb5a3\">\n.flex_cell.av-okt46k-4e1d359bbbce7c8dad7e2353424fb5a3{\nvertical-align:middle;\nheight:400px;\nmin-height:400px;\n}\n<\/style>\n<div class='flex_cell av-okt46k-4e1d359bbbce7c8dad7e2353424fb5a3 av-gridrow-cell av_four_fifth no_margin  avia-builder-el-4  el_after_av_cell_one_fifth  avia-builder-el-last  content-align-middle'  ><div class='flex_cell_inner'><section  class='av_textblock_section av-lw7ucqf6-9eb2350acabd093dd3b2f5e6300b39c3 '   itemscope=\"itemscope\" itemtype=\"https:\/\/schema.org\/CreativeWork\" ><div class='avia_textblock'  itemprop=\"text\" ><h1 class=\"\">Provozy<\/h1>\n<p>Informace o v\u00fdrobn\u00edm z\u00e1vod\u011b, servisn\u00edch slu\u017eb\u00e1ch na pobo\u010dk\u00e1ch a kontaktn\u00ed informace spole\u010dnosti H\u00fcffermann<\/p>\n<\/div><\/section>\n<\/div><\/div>\n<\/div><div id='after_grid_row_1'  class='main_color av_default_container_wrap container_wrap sidebar_left'  ><div class='container av-section-cont-open' ><div class='template-page content  av-content-small units'><div class='post-entry post-entry-type-page post-entry-49717'><div class='entry-content-wrapper clearfix'>\n<section  class='av_textblock_section av-av_textblock-a0d71884ce2b46274a88fab001c350b5 '   itemscope=\"itemscope\" itemtype=\"https:\/\/schema.org\/CreativeWork\" ><div class='avia_textblock sch-breadcrumb'  itemprop=\"text\" ><div class=\"breadcrumb breadcrumbs avia-breadcrumbs\"><div class=\"breadcrumb-trail\" ><span class=\"trail-before\"><span class=\"breadcrumb-title\">Jste zde:<\/span><\/span> <span  itemscope=\"itemscope\" itemtype=\"https:\/\/schema.org\/BreadcrumbList\" ><span  itemscope=\"itemscope\" itemtype=\"https:\/\/schema.org\/ListItem\" itemprop=\"itemListElement\" ><a itemprop=\"url\" href=\"https:\/\/hueffermann.de\/cs\/\" title=\"H\u00fcffermann\" rel=\"home\" class=\"trail-begin\"><span itemprop=\"name\">Dom\u016f<\/span><\/a><span itemprop=\"position\" class=\"hidden\">1<\/span><\/span><\/span><\/div><\/div>\n<\/div><\/section>\n<section  class='av_textblock_section av-m10n1ukx-64dde5eb7c9c02ea93418a6f30a38d70 '   itemscope=\"itemscope\" itemtype=\"https:\/\/schema.org\/CreativeWork\" ><div class='avia_textblock'  itemprop=\"text\" ><div class=\"location-overview-list hueff-accordeon\"><div  class='togglecontainer av-w8wcwc-03de6587d03097fb111e20a024764f24 av-elegant-toggle' ><section class='av_toggle_section av-37adsc-c7d33b0743702c75ef640bce68a18ccb'  itemscope=\"itemscope\" itemtype=\"https:\/\/schema.org\/CreativeWork\" ><div role=\"tablist\" class=\"single_toggle\" data-tags=\"{All} \"  ><p id='toggle-toggle-id-1' data-fake-id='#toggle-id-1' class='toggler  av-title-above '  itemprop=\"headline\"  role='tab' tabindex='0' aria-controls='toggle-id-1' data-slide-speed=\"200\" data-title=\"Dal\u0161\u00ed provozy\" data-title-open=\"\" data-aria_collapsed=\"Click to expand: Dal\u0161\u00ed provozy\" data-aria_expanded=\"Click to collapse: Dal\u0161\u00ed provozy\">Dal\u0161\u00ed provozy<span class=\"toggle_icon\"><span class=\"vert_icon\"><\/span><span class=\"hor_icon\"><\/span><\/span><\/p><div id='toggle-id-1' aria-labelledby='toggle-toggle-id-1' role='region' class='toggle_wrap  av-title-above'  ><div class='toggle_content invers-color '  itemprop=\"text\" ><div class=\"standort-container\"style=\"background-image: url(https:\/\/hueffermann.de\/wp-content\/themes\/hueffermann-theme\/assets\/bgPattern.png)\">\n<div class=\"standort-content-container\">\n<h3 class=\"schwa-h3\">Centrum u\u017eitkov\u00fdch vozidel Neustadt (Dosse)<\/h3>\n<p class=\"subtitle\">\n<p><a href=\"https:\/\/hueffermann.de\/cs\/location\/centrum-uzitkovych-vozidel-neustadt-dosse\/\" class=\"btn-schwa btn-red-schwa\">P\u0159e\u010dt\u011bte si v\u00edce<\/a><\/div>\n<div class=\"standort-image-container\">\n<div class=\"standort-image-wrapper\"><img decoding=\"async\" class=\"standort-image\" src=\"https:\/\/hueffermann.de\/wp-content\/uploads\/sites\/3\/2024\/09\/csm_neustadt_luftaufnahme_bearb_20201103_zuschn_3f96729004.jpg\"\/><\/div>\n<\/div>\n<\/div>\n<\/div><\/div><\/div><\/section><section class='av_toggle_section av-37adsc-66ade5bbb0da1668b9eabcabcb615655'  itemscope=\"itemscope\" itemtype=\"https:\/\/schema.org\/CreativeWork\" ><div role=\"tablist\" class=\"single_toggle\" data-tags=\"{All} \"  ><p id='toggle-toggle-id-2' data-fake-id='#toggle-id-2' class='toggler  activeTitle av-title-above '  itemprop=\"headline\"  role='tab' tabindex='0' aria-controls='toggle-id-2' data-slide-speed=\"200\" data-title=\"V\u00fdrobn\u00ed lokalita\" data-title-open=\"\" data-aria_collapsed=\"Click to expand: V\u00fdrobn\u00ed lokalita\" data-aria_expanded=\"Click to collapse: V\u00fdrobn\u00ed lokalita\">V\u00fdrobn\u00ed lokalita<span class=\"toggle_icon\"><span class=\"vert_icon\"><\/span><span class=\"hor_icon\"><\/span><\/span><\/p><div id='toggle-id-2' aria-labelledby='toggle-toggle-id-2' role='region' class='toggle_wrap  active_tc av-title-above' style='display:block;' ><div class='toggle_content invers-color '  itemprop=\"text\" ><\/div><\/div><\/div><\/section><\/div><\/div>\n<\/div><\/section>\n","protected":false},"excerpt":{"rendered":"","protected":false},"author":5,"featured_media":0,"parent":49297,"menu_order":0,"comment_status":"closed","ping_status":"closed","template":"","meta":{"_acf_changed":false,"_relevanssi_hide_post":"","_relevanssi_hide_content":"","_relevanssi_pin_for_all":"","_relevanssi_pin_keywords":"","_relevanssi_unpin_keywords":"","_relevanssi_related_keywords":"","_relevanssi_related_include_ids":"","_relevanssi_related_exclude_ids":"","_relevanssi_related_no_append":"","_relevanssi_related_not_related":"","_relevanssi_related_posts":"45395","_relevanssi_noindex_reason":"","footnotes":""},"class_list":["post-49717","page","type-page","status-publish","hentry"],"acf":[],"yoast_head":"<!-- This site is optimized with the Yoast SEO Premium plugin v26.4 (Yoast SEO v27.2) - https:\/\/yoast.com\/product\/yoast-seo-premium-wordpress\/ -->\n<title>Provozy - H\u00fcffermann<\/title>\n<meta name=\"robots\" content=\"index, follow, max-snippet:-1, max-image-preview:large, max-video-preview:-1\" \/>\n<link rel=\"canonical\" href=\"https:\/\/hueffermann.de\/cs\/firma\/provozy\/\" \/>\n<meta property=\"og:locale\" content=\"cs_CZ\" \/>\n<meta property=\"og:type\" content=\"article\" \/>\n<meta property=\"og:title\" content=\"Provozy\" \/>\n<meta property=\"og:url\" content=\"https:\/\/hueffermann.de\/cs\/firma\/provozy\/\" \/>\n<meta property=\"og:site_name\" content=\"H\u00fcffermann\" \/>\n<meta property=\"article:modified_time\" content=\"2024-10-23T15:43:27+00:00\" \/>\n<meta name=\"twitter:card\" content=\"summary_large_image\" \/>\n<meta name=\"twitter:label1\" content=\"Odhadovan\u00e1 doba \u010dten\u00ed\" \/>\n\t<meta name=\"twitter:data1\" content=\"1 minuta\" \/>\n<script type=\"application\/ld+json\" class=\"yoast-schema-graph\">{\"@context\":\"https:\/\/schema.org\",\"@graph\":[{\"@type\":\"WebPage\",\"@id\":\"https:\/\/hueffermann.de\/cs\/firma\/provozy\/\",\"url\":\"https:\/\/hueffermann.de\/cs\/firma\/provozy\/\",\"name\":\"Provozy - H\u00fcffermann\",\"isPartOf\":{\"@id\":\"https:\/\/hueffermann.de\/en\/#website\"},\"datePublished\":\"2024-04-04T09:22:21+00:00\",\"dateModified\":\"2024-10-23T15:43:27+00:00\",\"breadcrumb\":{\"@id\":\"https:\/\/hueffermann.de\/cs\/firma\/provozy\/#breadcrumb\"},\"inLanguage\":\"cs\",\"potentialAction\":[{\"@type\":\"ReadAction\",\"target\":[\"https:\/\/hueffermann.de\/cs\/firma\/provozy\/\"]}]},{\"@type\":\"BreadcrumbList\",\"@id\":\"https:\/\/hueffermann.de\/cs\/firma\/provozy\/#breadcrumb\",\"itemListElement\":[{\"@type\":\"ListItem\",\"position\":1,\"name\":\"Home\",\"item\":\"https:\/\/hueffermann.de\/cs\/home\/\"},{\"@type\":\"ListItem\",\"position\":2,\"name\":\"Firma\",\"item\":\"https:\/\/hueffermann.de\/cs\/firma\/\"},{\"@type\":\"ListItem\",\"position\":3,\"name\":\"Provozy\"}]},{\"@type\":\"WebSite\",\"@id\":\"https:\/\/hueffermann.de\/en\/#website\",\"url\":\"https:\/\/hueffermann.de\/en\/\",\"name\":\"H\u00fcffermann\",\"description\":\"\",\"potentialAction\":[{\"@type\":\"SearchAction\",\"target\":{\"@type\":\"EntryPoint\",\"urlTemplate\":\"https:\/\/hueffermann.de\/en\/?s={search_term_string}\"},\"query-input\":{\"@type\":\"PropertyValueSpecification\",\"valueRequired\":true,\"valueName\":\"search_term_string\"}}],\"inLanguage\":\"cs\"}]}<\/script>\n<!-- \/ Yoast SEO Premium plugin. -->","yoast_head_json":{"title":"Provozy - H\u00fcffermann","robots":{"index":"index","follow":"follow","max-snippet":"max-snippet:-1","max-image-preview":"max-image-preview:large","max-video-preview":"max-video-preview:-1"},"canonical":"https:\/\/hueffermann.de\/cs\/firma\/provozy\/","og_locale":"cs_CZ","og_type":"article","og_title":"Provozy","og_url":"https:\/\/hueffermann.de\/cs\/firma\/provozy\/","og_site_name":"H\u00fcffermann","article_modified_time":"2024-10-23T15:43:27+00:00","twitter_card":"summary_large_image","twitter_misc":{"Odhadovan\u00e1 doba \u010dten\u00ed":"1 minuta"},"schema":{"@context":"https:\/\/schema.org","@graph":[{"@type":"WebPage","@id":"https:\/\/hueffermann.de\/cs\/firma\/provozy\/","url":"https:\/\/hueffermann.de\/cs\/firma\/provozy\/","name":"Provozy - H\u00fcffermann","isPartOf":{"@id":"https:\/\/hueffermann.de\/en\/#website"},"datePublished":"2024-04-04T09:22:21+00:00","dateModified":"2024-10-23T15:43:27+00:00","breadcrumb":{"@id":"https:\/\/hueffermann.de\/cs\/firma\/provozy\/#breadcrumb"},"inLanguage":"cs","potentialAction":[{"@type":"ReadAction","target":["https:\/\/hueffermann.de\/cs\/firma\/provozy\/"]}]},{"@type":"BreadcrumbList","@id":"https:\/\/hueffermann.de\/cs\/firma\/provozy\/#breadcrumb","itemListElement":[{"@type":"ListItem","position":1,"name":"Home","item":"https:\/\/hueffermann.de\/cs\/home\/"},{"@type":"ListItem","position":2,"name":"Firma","item":"https:\/\/hueffermann.de\/cs\/firma\/"},{"@type":"ListItem","position":3,"name":"Provozy"}]},{"@type":"WebSite","@id":"https:\/\/hueffermann.de\/en\/#website","url":"https:\/\/hueffermann.de\/en\/","name":"H\u00fcffermann","description":"","potentialAction":[{"@type":"SearchAction","target":{"@type":"EntryPoint","urlTemplate":"https:\/\/hueffermann.de\/en\/?s={search_term_string}"},"query-input":{"@type":"PropertyValueSpecification","valueRequired":true,"valueName":"search_term_string"}}],"inLanguage":"cs"}]}},"_links":{"self":[{"href":"https:\/\/hueffermann.de\/cs\/wp-json\/wp\/v2\/pages\/49717","targetHints":{"allow":["GET"]}}],"collection":[{"href":"https:\/\/hueffermann.de\/cs\/wp-json\/wp\/v2\/pages"}],"about":[{"href":"https:\/\/hueffermann.de\/cs\/wp-json\/wp\/v2\/types\/page"}],"author":[{"embeddable":true,"href":"https:\/\/hueffermann.de\/cs\/wp-json\/wp\/v2\/users\/5"}],"replies":[{"embeddable":true,"href":"https:\/\/hueffermann.de\/cs\/wp-json\/wp\/v2\/comments?post=49717"}],"version-history":[{"count":10,"href":"https:\/\/hueffermann.de\/cs\/wp-json\/wp\/v2\/pages\/49717\/revisions"}],"predecessor-version":[{"id":51401,"href":"https:\/\/hueffermann.de\/cs\/wp-json\/wp\/v2\/pages\/49717\/revisions\/51401"}],"up":[{"embeddable":true,"href":"https:\/\/hueffermann.de\/cs\/wp-json\/wp\/v2\/pages\/49297"}],"wp:attachment":[{"href":"https:\/\/hueffermann.de\/cs\/wp-json\/wp\/v2\/media?parent=49717"}],"curies":[{"name":"wp","href":"https:\/\/api.w.org\/{rel}","templated":true}]}}