{"id":49740,"date":"2024-04-04T11:21:02","date_gmt":"2024-04-04T09:21:02","guid":{"rendered":"https:\/\/hueffermann.de\/firma\/umweltschutz\/"},"modified":"2025-06-30T08:24:52","modified_gmt":"2025-06-30T06:24:52","slug":"ochrana-zivotniho-prostredi","status":"publish","type":"page","link":"https:\/\/hueffermann.de\/cs\/firma\/ochrana-zivotniho-prostredi\/","title":{"rendered":"Ochrana \u017eivotn\u00edho prost\u0159ed\u00ed"},"content":{"rendered":"<\/p>\n\n<style type=\"text\/css\" data-created_by=\"avia_inline_auto\" id=\"style-css-av-lv3mmhpy-ba56eb084158a527ab0329370e06760b\">\n.avia-section.av-lv3mmhpy-ba56eb084158a527ab0329370e06760b{\nbackground-repeat:no-repeat;\nbackground-image:url(https:\/\/hueffermann.de\/wp-content\/uploads\/sites\/3\/2024\/10\/hueffermann-background-img-header-umwelt.jpg);\nbackground-position:50% 50%;\nbackground-attachment:scroll;\n}\n.avia-section.av-lv3mmhpy-ba56eb084158a527ab0329370e06760b .av-section-color-overlay{\nopacity:0.5;\nbackground-color:#0a0a0a;\n}\n<\/style>\n<div id='av_section_1'  class='avia-section av-lv3mmhpy-ba56eb084158a527ab0329370e06760b main_color avia-section-huge avia-no-border-styling  avia-builder-el-0  el_before_av_textblock  avia-builder-el-first  avia-full-stretch avia-bg-style-scroll av-section-color-overlay-active av-minimum-height av-minimum-height-custom av-height-custom  container_wrap sidebar_left'  data-section-bg-repeat='stretch' data-av_minimum_height_px='512'><div class=\"av-section-color-overlay-wrap\"><div class=\"av-section-color-overlay\"><\/div><div class='container av-section-cont-open' style='height:512px'><main  role=\"main\" itemprop=\"mainContentOfPage\"  class='template-page content  av-content-small units'><div class='post-entry post-entry-type-page post-entry-49740'><div class='entry-content-wrapper clearfix'>\n\n<style type=\"text\/css\" data-created_by=\"avia_inline_auto\" id=\"style-css-av-lv3mi5cf-0e546ac0edfbd2e33c81d646404c3d23\">\n#top .av_textblock_section.av-lv3mi5cf-0e546ac0edfbd2e33c81d646404c3d23 .avia_textblock{\ncolor:#ffffff;\n}\n<\/style>\n<section  class='av_textblock_section av-lv3mi5cf-0e546ac0edfbd2e33c81d646404c3d23 '   itemscope=\"itemscope\" itemtype=\"https:\/\/schema.org\/CreativeWork\" ><div class='avia_textblock hero-title av_inherit_color'  itemprop=\"text\" ><h1>Ochrana \u017eivotn\u00edho prost\u0159ed\u00ed<\/h1>\n<\/div><\/section>\n<\/div><\/div><\/main><!-- close content main element --><\/div><\/div><\/div><div id='after_section_1'  class='main_color av_default_container_wrap container_wrap sidebar_left'  ><div class='container av-section-cont-open' ><div class='template-page content  av-content-small units'><div class='post-entry post-entry-type-page post-entry-49740'><div class='entry-content-wrapper clearfix'>\n<section  class='av_textblock_section av-uvl4i0-ae2baf218431ecd6886fd0a7450db0b0 '   itemscope=\"itemscope\" itemtype=\"https:\/\/schema.org\/CreativeWork\" ><div class='avia_textblock sch-breadcrumb'  itemprop=\"text\" ><div class=\"breadcrumb breadcrumbs avia-breadcrumbs\"><div class=\"breadcrumb-trail\" ><span class=\"trail-before\"><span class=\"breadcrumb-title\">Jste zde:<\/span><\/span> <span  itemscope=\"itemscope\" itemtype=\"https:\/\/schema.org\/BreadcrumbList\" ><span  itemscope=\"itemscope\" itemtype=\"https:\/\/schema.org\/ListItem\" itemprop=\"itemListElement\" ><a itemprop=\"url\" href=\"https:\/\/hueffermann.de\/cs\/\" title=\"H\u00fcffermann\" rel=\"home\" class=\"trail-begin\"><span itemprop=\"name\">Dom\u016f<\/span><\/a><span itemprop=\"position\" class=\"hidden\">1<\/span><\/span><\/span><\/div><\/div>\n<\/div><\/section>\n<\/div><\/div><\/div><!-- close content main div --><\/div><\/div><div id='av_section_2'  class='avia-section av-lv3mih6k-5913a9b27d843fd3bf50a0f8e01d48b9 main_color avia-section-huge avia-no-border-styling  avia-builder-el-3  el_after_av_textblock  avia-builder-el-last  avia-bg-style-scroll container_wrap sidebar_left'  ><div class='container av-section-cont-open' ><div class='template-page content  av-content-small units'><div class='post-entry post-entry-type-page post-entry-49740'><div class='entry-content-wrapper clearfix'>\n\n<style type=\"text\/css\" data-created_by=\"avia_inline_auto\" id=\"style-css-av-lv3mj2hc-00db33db57a6b2ae422227708eaecf3c\">\n#top .av_textblock_section.av-lv3mj2hc-00db33db57a6b2ae422227708eaecf3c .avia_textblock{\ntext-align:left;\n}\n<\/style>\n<section  class='av_textblock_section av-lv3mj2hc-00db33db57a6b2ae422227708eaecf3c '   itemscope=\"itemscope\" itemtype=\"https:\/\/schema.org\/CreativeWork\" ><div class='avia_textblock image-dark-section-title'  itemprop=\"text\" ><div class=\"ce-header h2-mb ce-header-left\">\n<div class=\"ce-headline\">\n<p><strong>Pravidla pro vyu\u017e\u00edv\u00e1n\u00ed omezen\u00fdch zdroj\u016f<\/strong><br \/>\nI b\u011bhem v\u00fdvoje produkt\u016f v\u011bdom\u011b db\u00e1me na ochranu zdroj\u016f a v cel\u00e9m na\u0161em hodnotov\u00e9m \u0159et\u011bzci nikdy neztr\u00e1c\u00edme ze z\u0159etele environment\u00e1ln\u00ed aspekty.<br \/>\nSna\u017e\u00edme se vyr\u00e1b\u011bt na\u0161e produkty ekologicky \u0161etrn\u00fdm zp\u016fsobem a tento proces neust\u00e1le zlep\u0161ujeme.<\/p>\n<p>Spole\u010dnost H\u00fcffermann Transportsysteme GmbH pln\u011b implementuje po\u017eadavky syst\u00e9mu environment\u00e1ln\u00edho managementu dle normy DIN EN ISO 14001 a je certifikov\u00e1na podle t\u00e9to normy.<br \/>\nUdr\u017eiteln\u00e1 v\u00fdroba a pou\u017e\u00edv\u00e1n\u00ed na\u0161ich produkt\u016f jsou sou\u010d\u00e1st\u00ed na\u0161\u00ed firemn\u00ed filozofie.<\/p>\n<\/div>\n<\/div>\n<\/div><\/section>\n<\/div><\/div><\/div><!-- close content main div --><\/div><\/div><div id='after_section_2'  class='main_color av_default_container_wrap container_wrap sidebar_left'  ><div class='container av-section-cont-open' ><div class='template-page content  av-content-small units'><div class='post-entry post-entry-type-page post-entry-49740'><div class='entry-content-wrapper clearfix'>\n","protected":false},"excerpt":{"rendered":"","protected":false},"author":5,"featured_media":0,"parent":49297,"menu_order":0,"comment_status":"closed","ping_status":"closed","template":"","meta":{"_acf_changed":false,"_relevanssi_hide_post":"","_relevanssi_hide_content":"","_relevanssi_pin_for_all":"","_relevanssi_pin_keywords":"","_relevanssi_unpin_keywords":"","_relevanssi_related_keywords":"","_relevanssi_related_include_ids":"","_relevanssi_related_exclude_ids":"","_relevanssi_related_no_append":"","_relevanssi_related_not_related":"","_relevanssi_related_posts":"50677,50749,50755,50743,50761,50672","_relevanssi_noindex_reason":"","footnotes":""},"class_list":["post-49740","page","type-page","status-publish","hentry"],"acf":[],"yoast_head":"<!-- This site is optimized with the Yoast SEO Premium plugin v26.4 (Yoast SEO v27.2) - https:\/\/yoast.com\/product\/yoast-seo-premium-wordpress\/ -->\n<title>Ochrana \u017eivotn\u00edho prost\u0159ed\u00ed - H\u00fcffermann<\/title>\n<meta name=\"robots\" content=\"index, follow, max-snippet:-1, max-image-preview:large, max-video-preview:-1\" \/>\n<link rel=\"canonical\" href=\"https:\/\/hueffermann.de\/cs\/firma\/ochrana-zivotniho-prostredi\/\" \/>\n<meta property=\"og:locale\" content=\"cs_CZ\" \/>\n<meta property=\"og:type\" content=\"article\" \/>\n<meta property=\"og:title\" content=\"Ochrana \u017eivotn\u00edho prost\u0159ed\u00ed\" \/>\n<meta property=\"og:url\" content=\"https:\/\/hueffermann.de\/cs\/firma\/ochrana-zivotniho-prostredi\/\" \/>\n<meta property=\"og:site_name\" content=\"H\u00fcffermann\" \/>\n<meta property=\"article:modified_time\" content=\"2025-06-30T06:24:52+00:00\" \/>\n<meta name=\"twitter:card\" content=\"summary_large_image\" \/>\n<meta name=\"twitter:label1\" content=\"Odhadovan\u00e1 doba \u010dten\u00ed\" \/>\n\t<meta name=\"twitter:data1\" content=\"1 minuta\" \/>\n<script type=\"application\/ld+json\" class=\"yoast-schema-graph\">{\"@context\":\"https:\/\/schema.org\",\"@graph\":[{\"@type\":\"WebPage\",\"@id\":\"https:\/\/hueffermann.de\/cs\/firma\/ochrana-zivotniho-prostredi\/\",\"url\":\"https:\/\/hueffermann.de\/cs\/firma\/ochrana-zivotniho-prostredi\/\",\"name\":\"Ochrana \u017eivotn\u00edho prost\u0159ed\u00ed - H\u00fcffermann\",\"isPartOf\":{\"@id\":\"https:\/\/hueffermann.de\/en\/#website\"},\"datePublished\":\"2024-04-04T09:21:02+00:00\",\"dateModified\":\"2025-06-30T06:24:52+00:00\",\"breadcrumb\":{\"@id\":\"https:\/\/hueffermann.de\/cs\/firma\/ochrana-zivotniho-prostredi\/#breadcrumb\"},\"inLanguage\":\"cs\",\"potentialAction\":[{\"@type\":\"ReadAction\",\"target\":[\"https:\/\/hueffermann.de\/cs\/firma\/ochrana-zivotniho-prostredi\/\"]}]},{\"@type\":\"BreadcrumbList\",\"@id\":\"https:\/\/hueffermann.de\/cs\/firma\/ochrana-zivotniho-prostredi\/#breadcrumb\",\"itemListElement\":[{\"@type\":\"ListItem\",\"position\":1,\"name\":\"Home\",\"item\":\"https:\/\/hueffermann.de\/cs\/home\/\"},{\"@type\":\"ListItem\",\"position\":2,\"name\":\"Firma\",\"item\":\"https:\/\/hueffermann.de\/cs\/firma\/\"},{\"@type\":\"ListItem\",\"position\":3,\"name\":\"Ochrana \u017eivotn\u00edho prost\u0159ed\u00ed\"}]},{\"@type\":\"WebSite\",\"@id\":\"https:\/\/hueffermann.de\/en\/#website\",\"url\":\"https:\/\/hueffermann.de\/en\/\",\"name\":\"H\u00fcffermann\",\"description\":\"\",\"potentialAction\":[{\"@type\":\"SearchAction\",\"target\":{\"@type\":\"EntryPoint\",\"urlTemplate\":\"https:\/\/hueffermann.de\/en\/?s={search_term_string}\"},\"query-input\":{\"@type\":\"PropertyValueSpecification\",\"valueRequired\":true,\"valueName\":\"search_term_string\"}}],\"inLanguage\":\"cs\"}]}<\/script>\n<!-- \/ Yoast SEO Premium plugin. -->","yoast_head_json":{"title":"Ochrana \u017eivotn\u00edho prost\u0159ed\u00ed - H\u00fcffermann","robots":{"index":"index","follow":"follow","max-snippet":"max-snippet:-1","max-image-preview":"max-image-preview:large","max-video-preview":"max-video-preview:-1"},"canonical":"https:\/\/hueffermann.de\/cs\/firma\/ochrana-zivotniho-prostredi\/","og_locale":"cs_CZ","og_type":"article","og_title":"Ochrana \u017eivotn\u00edho prost\u0159ed\u00ed","og_url":"https:\/\/hueffermann.de\/cs\/firma\/ochrana-zivotniho-prostredi\/","og_site_name":"H\u00fcffermann","article_modified_time":"2025-06-30T06:24:52+00:00","twitter_card":"summary_large_image","twitter_misc":{"Odhadovan\u00e1 doba \u010dten\u00ed":"1 minuta"},"schema":{"@context":"https:\/\/schema.org","@graph":[{"@type":"WebPage","@id":"https:\/\/hueffermann.de\/cs\/firma\/ochrana-zivotniho-prostredi\/","url":"https:\/\/hueffermann.de\/cs\/firma\/ochrana-zivotniho-prostredi\/","name":"Ochrana \u017eivotn\u00edho prost\u0159ed\u00ed - H\u00fcffermann","isPartOf":{"@id":"https:\/\/hueffermann.de\/en\/#website"},"datePublished":"2024-04-04T09:21:02+00:00","dateModified":"2025-06-30T06:24:52+00:00","breadcrumb":{"@id":"https:\/\/hueffermann.de\/cs\/firma\/ochrana-zivotniho-prostredi\/#breadcrumb"},"inLanguage":"cs","potentialAction":[{"@type":"ReadAction","target":["https:\/\/hueffermann.de\/cs\/firma\/ochrana-zivotniho-prostredi\/"]}]},{"@type":"BreadcrumbList","@id":"https:\/\/hueffermann.de\/cs\/firma\/ochrana-zivotniho-prostredi\/#breadcrumb","itemListElement":[{"@type":"ListItem","position":1,"name":"Home","item":"https:\/\/hueffermann.de\/cs\/home\/"},{"@type":"ListItem","position":2,"name":"Firma","item":"https:\/\/hueffermann.de\/cs\/firma\/"},{"@type":"ListItem","position":3,"name":"Ochrana \u017eivotn\u00edho prost\u0159ed\u00ed"}]},{"@type":"WebSite","@id":"https:\/\/hueffermann.de\/en\/#website","url":"https:\/\/hueffermann.de\/en\/","name":"H\u00fcffermann","description":"","potentialAction":[{"@type":"SearchAction","target":{"@type":"EntryPoint","urlTemplate":"https:\/\/hueffermann.de\/en\/?s={search_term_string}"},"query-input":{"@type":"PropertyValueSpecification","valueRequired":true,"valueName":"search_term_string"}}],"inLanguage":"cs"}]}},"_links":{"self":[{"href":"https:\/\/hueffermann.de\/cs\/wp-json\/wp\/v2\/pages\/49740","targetHints":{"allow":["GET"]}}],"collection":[{"href":"https:\/\/hueffermann.de\/cs\/wp-json\/wp\/v2\/pages"}],"about":[{"href":"https:\/\/hueffermann.de\/cs\/wp-json\/wp\/v2\/types\/page"}],"author":[{"embeddable":true,"href":"https:\/\/hueffermann.de\/cs\/wp-json\/wp\/v2\/users\/5"}],"replies":[{"embeddable":true,"href":"https:\/\/hueffermann.de\/cs\/wp-json\/wp\/v2\/comments?post=49740"}],"version-history":[{"count":13,"href":"https:\/\/hueffermann.de\/cs\/wp-json\/wp\/v2\/pages\/49740\/revisions"}],"predecessor-version":[{"id":53039,"href":"https:\/\/hueffermann.de\/cs\/wp-json\/wp\/v2\/pages\/49740\/revisions\/53039"}],"up":[{"embeddable":true,"href":"https:\/\/hueffermann.de\/cs\/wp-json\/wp\/v2\/pages\/49297"}],"wp:attachment":[{"href":"https:\/\/hueffermann.de\/cs\/wp-json\/wp\/v2\/media?parent=49740"}],"curies":[{"name":"wp","href":"https:\/\/api.w.org\/{rel}","templated":true}]}}