{"id":51062,"date":"2024-09-22T18:42:19","date_gmt":"2024-09-22T16:42:19","guid":{"rendered":"https:\/\/hueffermann.de\/telematics\/"},"modified":"2024-10-29T11:33:32","modified_gmt":"2024-10-29T10:33:32","slug":"telematics","status":"publish","type":"page","link":"https:\/\/hueffermann.de\/cs\/telematics\/","title":{"rendered":"Telematics"},"content":{"rendered":"\n<style type=\"text\/css\" data-created_by=\"avia_inline_auto\" id=\"style-css-av-m1ds4cwq-32944601410fa1bd48a50a1808872a16\">\n.avia-section.av-m1ds4cwq-32944601410fa1bd48a50a1808872a16{\nbackground-repeat:no-repeat;\nbackground-image:url(https:\/\/hueffermann.de\/wp-content\/uploads\/sites\/3\/2024\/09\/hueffermann-telematik-background.jpg);\nbackground-position:0% 0%;\nbackground-attachment:scroll;\n}\n<\/style>\n<div id='av_section_1'  class='avia-section av-m1ds4cwq-32944601410fa1bd48a50a1808872a16 main_color avia-section-default avia-no-border-styling  avia-builder-el-0  avia-builder-el-no-sibling  avia-full-stretch avia-bg-style-scroll container_wrap sidebar_left'  data-section-bg-repeat='stretch'><div class='container av-section-cont-open' ><main  role=\"main\" itemprop=\"mainContentOfPage\"  class='template-page content  av-content-small units'><div class='post-entry post-entry-type-page post-entry-51062'><div class='entry-content-wrapper clearfix'>\n<div  class='flex_column av-15o0jwm-8c987a5c1a8333c8406dd51a4a7cf028 av_one_half  avia-builder-el-1  el_before_av_one_half  avia-builder-el-first  first flex_column_div  '     ><style type=\"text\/css\" data-created_by=\"avia_inline_auto\" id=\"style-css-av-m1dsow2c-6cb81dc5d764202c500cbc6ab300af05\">\n.avia-image-container.av-m1dsow2c-6cb81dc5d764202c500cbc6ab300af05 img.avia_image{\nbox-shadow:none;\n}\n.avia-image-container.av-m1dsow2c-6cb81dc5d764202c500cbc6ab300af05 .av-image-caption-overlay-center{\ncolor:#ffffff;\n}\n<\/style>\n<div  class='avia-image-container av-m1dsow2c-6cb81dc5d764202c500cbc6ab300af05 av-styling- avia-align-left  avia-builder-el-2  avia-builder-el-no-sibling '   itemprop=\"image\" itemscope=\"itemscope\" itemtype=\"https:\/\/schema.org\/ImageObject\" ><div class=\"avia-image-container-inner\"><div class=\"avia-image-overlay-wrap\"><img decoding=\"async\" fetchpriority=\"high\" class='wp-image-49815 avia-img-lazy-loading-not-49815 avia_image ' src=\"https:\/\/hueffermann.de\/wp-content\/uploads\/sites\/3\/2024\/09\/SWIT_Logo_negativ-300x99.png\" alt='' title='SWIT_Logo_negativ'  height=\"99\" width=\"300\"  itemprop=\"thumbnailUrl\" srcset=\"https:\/\/hueffermann.de\/wp-content\/uploads\/sites\/3\/2024\/09\/SWIT_Logo_negativ-300x99.png 300w, https:\/\/hueffermann.de\/wp-content\/uploads\/sites\/3\/2024\/09\/SWIT_Logo_negativ-705x234.png 705w, https:\/\/hueffermann.de\/wp-content\/uploads\/sites\/3\/2024\/09\/SWIT_Logo_negativ.png 721w\" sizes=\"(max-width: 300px) 100vw, 300px\" \/><\/div><\/div><\/div><\/div><div  class='flex_column av-oqpjeu-1add2f9a2d3bb1a75c8471eaa0b8811c av_one_half  avia-builder-el-3  el_after_av_one_half  el_before_av_one_half  flex_column_div  '     ><\/div><div  class='flex_column av-293vp53-ca4a5595054fccbf9f1a17df6eed75f1 av_one_half  avia-builder-el-4  el_after_av_one_half  el_before_av_one_half  first flex_column_div  column-top-margin'     ><section  class='av_textblock_section av-m1ds6ck0-5668e24650035b59f87ca03330cf5365 '   itemscope=\"itemscope\" itemtype=\"https:\/\/schema.org\/CreativeWork\" ><div class='avia_textblock'  itemprop=\"text\" ><h1 class=\"schwa-h3\"><span style=\"color: #ffffff;\">Schwarzm\u00fcller Intelligent Telematics<\/span><\/h1>\n<p><span style=\"color: #ffffff;\">Telematika p\u0159edstavuje nov\u00fd standard spole\u010dnosti Schwarzm\u00fcller. Nyn\u00ed jsou v\u0161echna vozidla z v\u00fdroby vybavena na\u0161\u00edm nov\u00fdm syst\u00e9mem SWIT. Va\u0161e vozidlo tak dok\u00e1\u017ee je\u0161t\u011b v\u00edce, proto\u017ee je inteligentn\u011b propojen\u00e9 a generuje data z r\u016fzn\u00fdch \u010d\u00e1st\u00ed va\u0161eho n\u00e1v\u011bsu.<\/span><\/p>\n<p><strong><span style=\"color: #ffffff;\">SWIT<\/span><\/strong> <span style=\"color: #ffffff;\">je cesta k lep\u0161\u00ed efektivit\u011b, vy\u0161\u0161\u00ed flexibilit\u011b a t\u00edm k v\u011bt\u0161\u00ed hospod\u00e1rnosti va\u0161eho vozov\u00e9ho parku!<\/span><\/p>\n<p><strong><span style=\"color: #ffffff;\">SWIT<\/span><\/strong><span style=\"color: #ffffff;\"> zpracov\u00e1v\u00e1 data vozidla a v re\u00e1ln\u00e9m \u010dase je dod\u00e1v\u00e1 na u\u017eivatelsky p\u0159\u00edv\u011btiv\u00fd a strukturovan\u00fd webov\u00fd port\u00e1l. Z dat m\u016f\u017eete vytv\u00e1\u0159et rozs\u00e1hl\u00e9 reporty o cel\u00e9 va\u0161\u00ed flotile. V\u017edy tak budete m\u00edt p\u0159ehled a z\u00edsk\u00e1te nov\u00fd n\u00e1hled na sv\u016fj vozov\u00fd park.  <\/span><\/p>\n<p><strong><span style=\"color: #ffffff;\">SWIT<\/span><\/strong> <span style=\"color: #ffffff;\">v\u00e1s p\u0159esv\u011bd\u010d\u00ed!<\/span><\/p>\n<p><span style=\"color: #ffffff;\">* Z\u00e1vis\u00ed na p\u0159enosov\u00e9 rychlosti a technick\u00fdch p\u0159edpokladech<\/span><\/p>\n<\/div><\/section><\/div><div  class='flex_column av-1og0pxj-bd7ee1872a5d3c46c9fc12fa4cce72ff av_one_half  avia-builder-el-6  el_after_av_one_half  el_before_av_one_half  flex_column_div  column-top-margin'     ><section  class='av_textblock_section av-m1duwkxt-e5589c25ef8c760d78698c5b2273ecc9 '   itemscope=\"itemscope\" itemtype=\"https:\/\/schema.org\/CreativeWork\" ><div class='avia_textblock'  itemprop=\"text\" ><h4><span style=\"color: #ffffff;\">P\u0159ihl\u00e1\u0161en\u00ed<\/span><\/h4>\n<\/div><\/section><br \/>\n\n<style type=\"text\/css\" data-created_by=\"avia_inline_auto\" id=\"style-css-av-m1dwko4u-1ead37640c848a8230c6e0fea235a3f3\">\n#top .hr.hr-invisible.av-m1dwko4u-1ead37640c848a8230c6e0fea235a3f3{\nheight:24px;\n}\n<\/style>\n<div  class='hr av-m1dwko4u-1ead37640c848a8230c6e0fea235a3f3 hr-invisible  avia-builder-el-8  el_after_av_textblock  el_before_av_codeblock '><span class='hr-inner '><span class=\"hr-inner-style\"><\/span><\/span><\/div><br \/>\n<\/p><\/div><div  class='flex_column av-1b4x7fr-c53a2a19f7cebed16ab426255cfea222 av_one_half  avia-builder-el-10  el_after_av_one_half  el_before_av_one_half  first flex_column_div  column-top-margin'     ><section  class='av_textblock_section av-m1ds8rde-db4712ebd779410d8b23c5ae3df981d3 '   itemscope=\"itemscope\" itemtype=\"https:\/\/schema.org\/CreativeWork\" ><div class='avia_textblock'  itemprop=\"text\" ><p><span style=\"color: #ffffff;\">\u00a9 Wilhelm Schwarzm\u00fcller GmbH | V\u0161echna pr\u00e1va vyhrazena | <span style=\"color: #ffffff;\"><a href=\"https:\/\/hueffermann.de\/cs\/informace-a-kontakt\/vop\/\">VOP<\/a><\/span> <\/span><\/p>\n<\/div><\/section><\/div><div  class='flex_column av-velotj-7f8b910af6898951aa834b78edb453f7 av_one_half  avia-builder-el-12  el_after_av_one_half  avia-builder-el-last  flex_column_div  column-top-margin'     ><section  class='av_textblock_section av-m1ds9gz2-b771feb6cddad1afd328b0078c152a92 '   itemscope=\"itemscope\" itemtype=\"https:\/\/schema.org\/CreativeWork\" ><div class='avia_textblock'  itemprop=\"text\" ><p style=\"text-align: right;\"><a href=\"https:\/\/www.schwarzmueller.com\"><span style=\"color: #ffffff;\">schwarzmueller.com<\/span><\/a><\/p>\n<\/div><\/section><\/div>\n<\/div><\/div><\/main><!-- close content main element --><\/div><\/div><div id='after_section_1'  class='main_color av_default_container_wrap container_wrap sidebar_left'  ><div class='container av-section-cont-open' ><div class='template-page content  av-content-small units'><div class='post-entry post-entry-type-page post-entry-51062'><div class='entry-content-wrapper clearfix'>\n","protected":false},"excerpt":{"rendered":"","protected":false},"author":6,"featured_media":0,"parent":0,"menu_order":0,"comment_status":"closed","ping_status":"closed","template":"","meta":{"_acf_changed":false,"_relevanssi_hide_post":"","_relevanssi_hide_content":"","_relevanssi_pin_for_all":"","_relevanssi_pin_keywords":"","_relevanssi_unpin_keywords":"","_relevanssi_related_keywords":"","_relevanssi_related_include_ids":"","_relevanssi_related_exclude_ids":"","_relevanssi_related_no_append":"","_relevanssi_related_not_related":"","_relevanssi_related_posts":"50743,50749,50668,50672,50755,50661","_relevanssi_noindex_reason":"","footnotes":""},"class_list":["post-51062","page","type-page","status-publish","hentry"],"acf":[],"yoast_head":"<!-- This site is optimized with the Yoast SEO Premium plugin v26.4 (Yoast SEO v27.2) - https:\/\/yoast.com\/product\/yoast-seo-premium-wordpress\/ -->\n<title>Telematics - H\u00fcffermann<\/title>\n<meta name=\"robots\" content=\"index, follow, max-snippet:-1, max-image-preview:large, max-video-preview:-1\" \/>\n<link rel=\"canonical\" href=\"https:\/\/hueffermann.de\/cs\/telematics\/\" \/>\n<meta property=\"og:locale\" content=\"cs_CZ\" \/>\n<meta property=\"og:type\" content=\"article\" \/>\n<meta property=\"og:title\" content=\"Telematics\" \/>\n<meta property=\"og:url\" content=\"https:\/\/hueffermann.de\/cs\/telematics\/\" \/>\n<meta property=\"og:site_name\" content=\"H\u00fcffermann\" \/>\n<meta property=\"article:modified_time\" content=\"2024-10-29T10:33:32+00:00\" \/>\n<meta name=\"twitter:card\" content=\"summary_large_image\" \/>\n<meta name=\"twitter:label1\" content=\"Odhadovan\u00e1 doba \u010dten\u00ed\" \/>\n\t<meta name=\"twitter:data1\" content=\"1 minuta\" \/>\n<script type=\"application\/ld+json\" class=\"yoast-schema-graph\">{\"@context\":\"https:\/\/schema.org\",\"@graph\":[{\"@type\":\"WebPage\",\"@id\":\"https:\/\/hueffermann.de\/cs\/telematics\/\",\"url\":\"https:\/\/hueffermann.de\/cs\/telematics\/\",\"name\":\"Telematics - H\u00fcffermann\",\"isPartOf\":{\"@id\":\"https:\/\/hueffermann.de\/en\/#website\"},\"datePublished\":\"2024-09-22T16:42:19+00:00\",\"dateModified\":\"2024-10-29T10:33:32+00:00\",\"breadcrumb\":{\"@id\":\"https:\/\/hueffermann.de\/cs\/telematics\/#breadcrumb\"},\"inLanguage\":\"cs\",\"potentialAction\":[{\"@type\":\"ReadAction\",\"target\":[\"https:\/\/hueffermann.de\/cs\/telematics\/\"]}]},{\"@type\":\"BreadcrumbList\",\"@id\":\"https:\/\/hueffermann.de\/cs\/telematics\/#breadcrumb\",\"itemListElement\":[{\"@type\":\"ListItem\",\"position\":1,\"name\":\"Home\",\"item\":\"https:\/\/hueffermann.de\/cs\/home\/\"},{\"@type\":\"ListItem\",\"position\":2,\"name\":\"Telematics\"}]},{\"@type\":\"WebSite\",\"@id\":\"https:\/\/hueffermann.de\/en\/#website\",\"url\":\"https:\/\/hueffermann.de\/en\/\",\"name\":\"H\u00fcffermann\",\"description\":\"\",\"potentialAction\":[{\"@type\":\"SearchAction\",\"target\":{\"@type\":\"EntryPoint\",\"urlTemplate\":\"https:\/\/hueffermann.de\/en\/?s={search_term_string}\"},\"query-input\":{\"@type\":\"PropertyValueSpecification\",\"valueRequired\":true,\"valueName\":\"search_term_string\"}}],\"inLanguage\":\"cs\"}]}<\/script>\n<!-- \/ Yoast SEO Premium plugin. -->","yoast_head_json":{"title":"Telematics - H\u00fcffermann","robots":{"index":"index","follow":"follow","max-snippet":"max-snippet:-1","max-image-preview":"max-image-preview:large","max-video-preview":"max-video-preview:-1"},"canonical":"https:\/\/hueffermann.de\/cs\/telematics\/","og_locale":"cs_CZ","og_type":"article","og_title":"Telematics","og_url":"https:\/\/hueffermann.de\/cs\/telematics\/","og_site_name":"H\u00fcffermann","article_modified_time":"2024-10-29T10:33:32+00:00","twitter_card":"summary_large_image","twitter_misc":{"Odhadovan\u00e1 doba \u010dten\u00ed":"1 minuta"},"schema":{"@context":"https:\/\/schema.org","@graph":[{"@type":"WebPage","@id":"https:\/\/hueffermann.de\/cs\/telematics\/","url":"https:\/\/hueffermann.de\/cs\/telematics\/","name":"Telematics - H\u00fcffermann","isPartOf":{"@id":"https:\/\/hueffermann.de\/en\/#website"},"datePublished":"2024-09-22T16:42:19+00:00","dateModified":"2024-10-29T10:33:32+00:00","breadcrumb":{"@id":"https:\/\/hueffermann.de\/cs\/telematics\/#breadcrumb"},"inLanguage":"cs","potentialAction":[{"@type":"ReadAction","target":["https:\/\/hueffermann.de\/cs\/telematics\/"]}]},{"@type":"BreadcrumbList","@id":"https:\/\/hueffermann.de\/cs\/telematics\/#breadcrumb","itemListElement":[{"@type":"ListItem","position":1,"name":"Home","item":"https:\/\/hueffermann.de\/cs\/home\/"},{"@type":"ListItem","position":2,"name":"Telematics"}]},{"@type":"WebSite","@id":"https:\/\/hueffermann.de\/en\/#website","url":"https:\/\/hueffermann.de\/en\/","name":"H\u00fcffermann","description":"","potentialAction":[{"@type":"SearchAction","target":{"@type":"EntryPoint","urlTemplate":"https:\/\/hueffermann.de\/en\/?s={search_term_string}"},"query-input":{"@type":"PropertyValueSpecification","valueRequired":true,"valueName":"search_term_string"}}],"inLanguage":"cs"}]}},"_links":{"self":[{"href":"https:\/\/hueffermann.de\/cs\/wp-json\/wp\/v2\/pages\/51062","targetHints":{"allow":["GET"]}}],"collection":[{"href":"https:\/\/hueffermann.de\/cs\/wp-json\/wp\/v2\/pages"}],"about":[{"href":"https:\/\/hueffermann.de\/cs\/wp-json\/wp\/v2\/types\/page"}],"author":[{"embeddable":true,"href":"https:\/\/hueffermann.de\/cs\/wp-json\/wp\/v2\/users\/6"}],"replies":[{"embeddable":true,"href":"https:\/\/hueffermann.de\/cs\/wp-json\/wp\/v2\/comments?post=51062"}],"version-history":[{"count":4,"href":"https:\/\/hueffermann.de\/cs\/wp-json\/wp\/v2\/pages\/51062\/revisions"}],"predecessor-version":[{"id":51520,"href":"https:\/\/hueffermann.de\/cs\/wp-json\/wp\/v2\/pages\/51062\/revisions\/51520"}],"wp:attachment":[{"href":"https:\/\/hueffermann.de\/cs\/wp-json\/wp\/v2\/media?parent=51062"}],"curies":[{"name":"wp","href":"https:\/\/api.w.org\/{rel}","templated":true}]}}