{"id":51947,"date":"2024-04-16T15:11:59","date_gmt":"2024-04-16T13:11:59","guid":{"rendered":"https:\/\/hueffermann.de\/?page_id=51947"},"modified":"2025-01-22T07:56:26","modified_gmt":"2025-01-22T06:56:26","slug":"nabidky-prace","status":"publish","type":"page","link":"https:\/\/hueffermann.de\/cs\/kariera\/nabidky-prace\/","title":{"rendered":"Nab\u00eddky pr\u00e1ce"},"content":{"rendered":"\n<style type=\"text\/css\" data-created_by=\"avia_inline_auto\" id=\"style-css-av-lv3ssxkh-384f57de1420685a32f9349837290a0a\">\n.avia-section.av-lv3ssxkh-384f57de1420685a32f9349837290a0a{\nbackground-repeat:no-repeat;\nbackground-image:url(https:\/\/hueffermann.de\/wp-content\/uploads\/sites\/3\/2024\/09\/hueffermann-karriere-headerimage-schweisser.jpg);\nbackground-position:50% 50%;\nbackground-attachment:scroll;\n}\n.avia-section.av-lv3ssxkh-384f57de1420685a32f9349837290a0a .av-section-color-overlay{\nopacity:0.5;\nbackground-color:#0a0a0a;\n}\n<\/style>\n<div id='av_section_1'  class='avia-section av-lv3ssxkh-384f57de1420685a32f9349837290a0a main_color avia-section-huge avia-no-border-styling  avia-builder-el-0  el_before_av_textblock  avia-builder-el-first  avia-full-stretch avia-bg-style-scroll av-section-color-overlay-active container_wrap sidebar_left'  data-section-bg-repeat='stretch'><div class=\"av-section-color-overlay-wrap\"><div class=\"av-section-color-overlay\"><\/div><div class='container av-section-cont-open' ><main  role=\"main\" itemprop=\"mainContentOfPage\"  class='template-page content  av-content-small units'><div class='post-entry post-entry-type-page post-entry-51947'><div class='entry-content-wrapper clearfix'>\n<div  class='flex_column av-2cw0ouk-7b87eda4c8f0a48b4ea6986bbaf86750 av_one_full  avia-builder-el-1  avia-builder-el-no-sibling  first flex_column_div  '     ><style type=\"text\/css\" data-created_by=\"avia_inline_auto\" id=\"style-css-av-lv3ss7uh-008b221b3f3a4674b88ee0f362f1051d\">\n#top .av_textblock_section.av-lv3ss7uh-008b221b3f3a4674b88ee0f362f1051d .avia_textblock{\ncolor:#ffffff;\n}\n<\/style>\n<section  class='av_textblock_section av-lv3ss7uh-008b221b3f3a4674b88ee0f362f1051d '   itemscope=\"itemscope\" itemtype=\"https:\/\/schema.org\/CreativeWork\" ><div class='avia_textblock hero-title av_inherit_color'  itemprop=\"text\" ><h1>Nab\u00eddky pr\u00e1ce<\/h1>\n<\/div><\/section><\/div>\n<\/div><\/div><\/main><!-- close content main element --><\/div><\/div><\/div><div id='after_section_1'  class='main_color av_default_container_wrap container_wrap sidebar_left'  ><div class='container av-section-cont-open' ><div class='template-page content  av-content-small units'><div class='post-entry post-entry-type-page post-entry-51947'><div class='entry-content-wrapper clearfix'>\n<section  class='av_textblock_section av-u84n1o-e35fc83d81769c6f19a0e32c37526e1b '   itemscope=\"itemscope\" itemtype=\"https:\/\/schema.org\/CreativeWork\" ><div class='avia_textblock sch-breadcrumb'  itemprop=\"text\" ><div class=\"breadcrumb breadcrumbs avia-breadcrumbs\"><div class=\"breadcrumb-trail\" ><span class=\"trail-before\"><span class=\"breadcrumb-title\">Jste zde:<\/span><\/span> <span  itemscope=\"itemscope\" itemtype=\"https:\/\/schema.org\/BreadcrumbList\" ><span  itemscope=\"itemscope\" itemtype=\"https:\/\/schema.org\/ListItem\" itemprop=\"itemListElement\" ><a itemprop=\"url\" href=\"https:\/\/hueffermann.de\/cs\/\" title=\"H\u00fcffermann\" rel=\"home\" class=\"trail-begin\"><span itemprop=\"name\">Dom\u016f<\/span><\/a><span itemprop=\"position\" class=\"hidden\">1<\/span><\/span><\/span><\/div><\/div>\n<\/div><\/section>\n<\/div><\/div><\/div><!-- close content main div --><\/div><\/div>\n<style type=\"text\/css\" data-created_by=\"avia_inline_auto\" id=\"style-css-av-5t5ji18-0572336e67c492401988b82594657e50\">\n.avia-section.av-5t5ji18-0572336e67c492401988b82594657e50{\nbackground-color:#f4f4f4;\nbackground-image:unset;\n}\n<\/style>\n<div id='av_section_2'  class='avia-section av-5t5ji18-0572336e67c492401988b82594657e50 main_color avia-section-huge avia-no-border-styling  avia-builder-el-4  el_after_av_textblock  avia-builder-el-last  pattern-section-background avia-bg-style-scroll container_wrap sidebar_left'  ><div class='container av-section-cont-open' ><div class='template-page content  av-content-small units'><div class='post-entry post-entry-type-page post-entry-51947'><div class='entry-content-wrapper clearfix'>\n<div  class='flex_column av-54tt0bw-3d8d146a825dd46ea512a5f0045fa5ec av_one_third  avia-builder-el-5  el_before_av_two_third  avia-builder-el-first  first flex_column_div  '     ><section  class='av_textblock_section av-lv3t5b2q-4ccce264305661deb6bbdc5cc80a8884 '   itemscope=\"itemscope\" itemtype=\"https:\/\/schema.org\/CreativeWork\" ><div class='avia_textblock image-dark-section-heading'  itemprop=\"text\" ><h6>Kari\u00e9rn\u00ed filtr H\u00fcffermann<\/h6>\n<p>Objevte celoevropsk\u00e9 pracovn\u00ed nab\u00eddky ve spole\u010dnosti H\u00fcffermann a Schwarzm\u00fcller Group:<\/p>\n<div id=\"c1603\" class=\"frame frame-type-text frame-layout-0 frame-space-before-large frame-space-after-medium frame-padding-top-none frame-padding-bottom-none frame-\">\n<div class=\"ce-content\">\n<h4 class=\"align-center\"><\/h4>\n<\/div>\n<\/div>\n<\/div><\/section><br \/>\n<br \/>\n\n<style type=\"text\/css\" data-created_by=\"avia_inline_auto\" id=\"style-css-av-lvdqpbp9-f935dbd05605aff9b8c99c9b789773cd\">\n#top .av_textblock_section.av-lvdqpbp9-f935dbd05605aff9b8c99c9b789773cd .avia_textblock{\ntext-align:left;\n}\n<\/style>\n<section  class='av_textblock_section av-lvdqpbp9-f935dbd05605aff9b8c99c9b789773cd '   itemscope=\"itemscope\" itemtype=\"https:\/\/schema.org\/CreativeWork\" ><div class='avia_textblock karriere-card'  itemprop=\"text\" ><h6>Ne ten prav\u00fd?<\/h6>\n<p>Za\u0161lete n\u00e1m pros\u00edm svou nevy\u017e\u00e1danou \u017e\u00e1dost ve form\u00e1tu PDF na adresu: <a href=\"mailto:personal@hueffermann.de\">personal@hueffermann.de<\/a><\/p>\n<div id=\"c1603\" class=\"frame frame-type-text frame-layout-0 frame-space-before-large frame-space-after-medium frame-padding-top-none frame-padding-bottom-none frame-\">\n<div class=\"ce-content\">\n<h4 class=\"align-center\"><\/h4>\n<\/div>\n<\/div>\n<\/div><\/section><br \/>\n\n<style type=\"text\/css\" data-created_by=\"avia_inline_auto\" id=\"style-css-av-lvdqzrcl-4e4cd72ae792438f4e44a90709981828\">\n#top .av_textblock_section.av-lvdqzrcl-4e4cd72ae792438f4e44a90709981828 .avia_textblock{\ntext-align:left;\n}\n<\/style>\n<section  class='av_textblock_section av-lvdqzrcl-4e4cd72ae792438f4e44a90709981828 '   itemscope=\"itemscope\" itemtype=\"https:\/\/schema.org\/CreativeWork\" ><div class='avia_textblock karriere-card'  itemprop=\"text\" ><p>Pokud byly va\u0161e dokumenty \u00fasp\u011b\u0161n\u011b odesl\u00e1ny, obdr\u017e\u00edte od n\u00e1s potvrzen\u00ed o p\u0159ijet\u00ed do 24 hodin v pracovn\u00ed dny. To vysv\u011btl\u00ed v\u0161echny dal\u0161\u00ed kroky. T\u011b\u0161\u00edme se na va\u0161i podrobnou p\u0159ihl\u00e1\u0161ku!<\/p>\n<p>Informace o tom, jak zpracov\u00e1v\u00e1me \u00fadaje uchaze\u010d\u016f, naleznete <a href=\"https:\/\/hueffermann.de\/cs\/informace-a-kontakt\/zpracovani-udaju-uchazece\/\">zde<\/a>.<\/p>\n<div id=\"c1603\" class=\"frame frame-type-text frame-layout-0 frame-space-before-large frame-space-after-medium frame-padding-top-none frame-padding-bottom-none frame-\">\n<div class=\"ce-content\">\n<h4 class=\"align-center\"><\/h4>\n<\/div>\n<\/div>\n<\/div><\/section><\/p><\/div><div  class='flex_column av-lvdqpva3-c1116d2b89fc4ff4fb7d425aacab8b46 av_two_third  avia-builder-el-10  el_after_av_one_third  avia-builder-el-last  flex_column_div  '     ><section  class='av_textblock_section av-m67gub4w-1eda52dde50d9bd14725ecc8c7232871 '   itemscope=\"itemscope\" itemtype=\"https:\/\/schema.org\/CreativeWork\" ><div class='avia_textblock image-dark-section-heading'  itemprop=\"text\" ><section class=\"job-listing row clearfix\" aria-label=\"Job listings\"><div class=\"column medium-12 col-md-12\" role=\"list\"><article class=\"job-preview clearfix\" role=\"article\" aria-labelledby=\"job-title-53691\"><div class=\"job-content\"><h5><a href=\"https:\/\/hueffermann.de\/cs\/job\/elektroniker-fuer-betriebstechnik\/\" id=\"job-title-53691\" target=\"_self\"><span>Elektroniker f\u00fcr Betriebstechnik (m\/w\/d)<\/span><\/a><\/h5><div class=\"job-additional-information\" aria-label=\"Additional job information\"><span>Neustadt (Dosse)<\/span><span class=\"job-preview-details-separator\">, <span><span>Full-time<\/span><\/div><\/div><div class=\"job-cta\"><a href=\"https:\/\/hueffermann.de\/cs\/job\/elektroniker-fuer-betriebstechnik\/\" target=\"_self\" class=\"apply-btn local\" aria-label=\"View job: Elektroniker f\u00fcr Betriebstechnik (m\/w\/d)\">View<\/a><\/div><\/article><article class=\"job-preview clearfix\" role=\"article\" aria-labelledby=\"job-title-51989\"><div class=\"job-content\"><h5><a href=\"https:\/\/hueffermann.de\/cs\/job\/ausbildung-metallbauer-in\/\" id=\"job-title-51989\" target=\"_self\"><span>Ausbildung Metallbauer\/-in<\/span><\/a><\/h5><div class=\"job-additional-information\" aria-label=\"Additional job information\"><span>Neustadt (Dosse)<\/span><\/div><\/div><div class=\"job-cta\"><a href=\"https:\/\/hueffermann.de\/cs\/job\/ausbildung-metallbauer-in\/\" target=\"_self\" class=\"apply-btn local\" aria-label=\"View job: Ausbildung Metallbauer\/-in\">View<\/a><\/div><\/article><article class=\"job-preview clearfix\" role=\"article\" aria-labelledby=\"job-title-52002\"><div class=\"job-content\"><h5><a href=\"https:\/\/hueffermann.de\/cs\/job\/ausbildung-fahrzeuglackierer-in\/\" id=\"job-title-52002\" target=\"_self\"><span>Ausbildung Fahrzeuglackierer\/-in<\/span><\/a><\/h5><div class=\"job-additional-information\" aria-label=\"Additional job information\"><span>Neustadt (Dosse)<\/span><\/div><\/div><div class=\"job-cta\"><a href=\"https:\/\/hueffermann.de\/cs\/job\/ausbildung-fahrzeuglackierer-in\/\" target=\"_self\" class=\"apply-btn local\" aria-label=\"View job: Ausbildung Fahrzeuglackierer\/-in\">View<\/a><\/div><\/article><article class=\"job-preview clearfix\" role=\"article\" aria-labelledby=\"job-title-52008\"><div class=\"job-content\"><h5><a href=\"https:\/\/hueffermann.de\/cs\/job\/ausbildung-technische-r-produktdesigner-in\/\" id=\"job-title-52008\" target=\"_self\"><span>Ausbildung Technische\/r Produktdesigner\/-in<\/span><\/a><\/h5><div class=\"job-additional-information\" aria-label=\"Additional job information\"><span>Neustadt (Dosse)<\/span><\/div><\/div><div class=\"job-cta\"><a href=\"https:\/\/hueffermann.de\/cs\/job\/ausbildung-technische-r-produktdesigner-in\/\" target=\"_self\" class=\"apply-btn local\" aria-label=\"View job: Ausbildung Technische\/r Produktdesigner\/-in\">View<\/a><\/div><\/article><article class=\"job-preview clearfix\" role=\"article\" aria-labelledby=\"job-title-52014\"><div class=\"job-content\"><h5><a href=\"https:\/\/hueffermann.de\/cs\/job\/ausbildung-industriekauffrau-mann\/\" id=\"job-title-52014\" target=\"_self\"><span>Ausbildung Industriekauffrau\/-mann<\/span><\/a><\/h5><div class=\"job-additional-information\" aria-label=\"Additional job information\"><span>Neustadt (Dosse)<\/span><\/div><\/div><div class=\"job-cta\"><a href=\"https:\/\/hueffermann.de\/cs\/job\/ausbildung-industriekauffrau-mann\/\" target=\"_self\" class=\"apply-btn local\" aria-label=\"View job: Ausbildung Industriekauffrau\/-mann\">View<\/a><\/div><\/article><article class=\"job-preview clearfix\" role=\"article\" aria-labelledby=\"job-title-52020\"><div class=\"job-content\"><h5><a href=\"https:\/\/hueffermann.de\/cs\/job\/ausbildung-fachkraft-fuer-lagerlogistik\/\" id=\"job-title-52020\" target=\"_self\"><span>Ausbildung Fachkraft f\u00fcr Lagerlogistik<\/span><\/a><\/h5><div class=\"job-additional-information\" aria-label=\"Additional job information\"><span>Neustadt (Dosse)<\/span><\/div><\/div><div class=\"job-cta\"><a href=\"https:\/\/hueffermann.de\/cs\/job\/ausbildung-fachkraft-fuer-lagerlogistik\/\" target=\"_self\" class=\"apply-btn local\" aria-label=\"View job: Ausbildung Fachkraft f\u00fcr Lagerlogistik\">View<\/a><\/div><\/article><\/div><\/section>\n<div id=\"c1603\" class=\"frame frame-type-text frame-layout-0 frame-space-before-large frame-space-after-medium frame-padding-top-none frame-padding-bottom-none frame-\">\n<div class=\"ce-content\">\n<h4 class=\"align-center\"><\/h4>\n<\/div>\n<\/div>\n<\/div><\/section><\/div><\/div><\/div><\/div><!-- close content main div --><\/div><\/div><div id='after_section_2'  class='main_color av_default_container_wrap container_wrap sidebar_left'  ><div class='container av-section-cont-open' ><div class='template-page content  av-content-small units'><div class='post-entry post-entry-type-page post-entry-51947'><div class='entry-content-wrapper clearfix'>\n","protected":false},"excerpt":{"rendered":"","protected":false},"author":8,"featured_media":0,"parent":51911,"menu_order":0,"comment_status":"closed","ping_status":"closed","template":"","meta":{"_acf_changed":false,"_relevanssi_hide_post":"","_relevanssi_hide_content":"","_relevanssi_pin_for_all":"","_relevanssi_pin_keywords":"","_relevanssi_unpin_keywords":"","_relevanssi_related_keywords":"","_relevanssi_related_include_ids":"","_relevanssi_related_exclude_ids":"","_relevanssi_related_no_append":"","_relevanssi_related_not_related":"","_relevanssi_related_posts":"50668,50738,50672,50749,51809,50743","_relevanssi_noindex_reason":"","footnotes":""},"class_list":["post-51947","page","type-page","status-publish","hentry"],"acf":[],"yoast_head":"<!-- This site is optimized with the Yoast SEO Premium plugin v26.4 (Yoast SEO v27.2) - https:\/\/yoast.com\/product\/yoast-seo-premium-wordpress\/ -->\n<title>Nab\u00eddky pr\u00e1ce - H\u00fcffermann<\/title>\n<meta name=\"robots\" content=\"index, follow, max-snippet:-1, max-image-preview:large, max-video-preview:-1\" \/>\n<link rel=\"canonical\" href=\"https:\/\/hueffermann.de\/cs\/kariera\/nabidky-prace\/\" \/>\n<meta property=\"og:locale\" content=\"cs_CZ\" \/>\n<meta property=\"og:type\" content=\"article\" \/>\n<meta property=\"og:title\" content=\"Nab\u00eddky pr\u00e1ce\" \/>\n<meta property=\"og:url\" content=\"https:\/\/hueffermann.de\/cs\/kariera\/nabidky-prace\/\" \/>\n<meta property=\"og:site_name\" content=\"H\u00fcffermann\" \/>\n<meta property=\"article:modified_time\" content=\"2025-01-22T06:56:26+00:00\" \/>\n<meta name=\"twitter:card\" content=\"summary_large_image\" \/>\n<meta name=\"twitter:label1\" content=\"Odhadovan\u00e1 doba \u010dten\u00ed\" \/>\n\t<meta name=\"twitter:data1\" content=\"1 minuta\" \/>\n<script type=\"application\/ld+json\" class=\"yoast-schema-graph\">{\"@context\":\"https:\/\/schema.org\",\"@graph\":[{\"@type\":\"WebPage\",\"@id\":\"https:\/\/hueffermann.de\/cs\/kariera\/nabidky-prace\/\",\"url\":\"https:\/\/hueffermann.de\/cs\/kariera\/nabidky-prace\/\",\"name\":\"Nab\u00eddky pr\u00e1ce - H\u00fcffermann\",\"isPartOf\":{\"@id\":\"https:\/\/hueffermann.de\/en\/#website\"},\"datePublished\":\"2024-04-16T13:11:59+00:00\",\"dateModified\":\"2025-01-22T06:56:26+00:00\",\"breadcrumb\":{\"@id\":\"https:\/\/hueffermann.de\/cs\/kariera\/nabidky-prace\/#breadcrumb\"},\"inLanguage\":\"cs\",\"potentialAction\":[{\"@type\":\"ReadAction\",\"target\":[\"https:\/\/hueffermann.de\/cs\/kariera\/nabidky-prace\/\"]}]},{\"@type\":\"BreadcrumbList\",\"@id\":\"https:\/\/hueffermann.de\/cs\/kariera\/nabidky-prace\/#breadcrumb\",\"itemListElement\":[{\"@type\":\"ListItem\",\"position\":1,\"name\":\"Home\",\"item\":\"https:\/\/hueffermann.de\/cs\/home\/\"},{\"@type\":\"ListItem\",\"position\":2,\"name\":\"Kari\u00e9ra\",\"item\":\"https:\/\/hueffermann.de\/cs\/kariera\/\"},{\"@type\":\"ListItem\",\"position\":3,\"name\":\"Nab\u00eddky pr\u00e1ce\"}]},{\"@type\":\"WebSite\",\"@id\":\"https:\/\/hueffermann.de\/en\/#website\",\"url\":\"https:\/\/hueffermann.de\/en\/\",\"name\":\"H\u00fcffermann\",\"description\":\"\",\"potentialAction\":[{\"@type\":\"SearchAction\",\"target\":{\"@type\":\"EntryPoint\",\"urlTemplate\":\"https:\/\/hueffermann.de\/en\/?s={search_term_string}\"},\"query-input\":{\"@type\":\"PropertyValueSpecification\",\"valueRequired\":true,\"valueName\":\"search_term_string\"}}],\"inLanguage\":\"cs\"}]}<\/script>\n<!-- \/ Yoast SEO Premium plugin. -->","yoast_head_json":{"title":"Nab\u00eddky pr\u00e1ce - H\u00fcffermann","robots":{"index":"index","follow":"follow","max-snippet":"max-snippet:-1","max-image-preview":"max-image-preview:large","max-video-preview":"max-video-preview:-1"},"canonical":"https:\/\/hueffermann.de\/cs\/kariera\/nabidky-prace\/","og_locale":"cs_CZ","og_type":"article","og_title":"Nab\u00eddky pr\u00e1ce","og_url":"https:\/\/hueffermann.de\/cs\/kariera\/nabidky-prace\/","og_site_name":"H\u00fcffermann","article_modified_time":"2025-01-22T06:56:26+00:00","twitter_card":"summary_large_image","twitter_misc":{"Odhadovan\u00e1 doba \u010dten\u00ed":"1 minuta"},"schema":{"@context":"https:\/\/schema.org","@graph":[{"@type":"WebPage","@id":"https:\/\/hueffermann.de\/cs\/kariera\/nabidky-prace\/","url":"https:\/\/hueffermann.de\/cs\/kariera\/nabidky-prace\/","name":"Nab\u00eddky pr\u00e1ce - H\u00fcffermann","isPartOf":{"@id":"https:\/\/hueffermann.de\/en\/#website"},"datePublished":"2024-04-16T13:11:59+00:00","dateModified":"2025-01-22T06:56:26+00:00","breadcrumb":{"@id":"https:\/\/hueffermann.de\/cs\/kariera\/nabidky-prace\/#breadcrumb"},"inLanguage":"cs","potentialAction":[{"@type":"ReadAction","target":["https:\/\/hueffermann.de\/cs\/kariera\/nabidky-prace\/"]}]},{"@type":"BreadcrumbList","@id":"https:\/\/hueffermann.de\/cs\/kariera\/nabidky-prace\/#breadcrumb","itemListElement":[{"@type":"ListItem","position":1,"name":"Home","item":"https:\/\/hueffermann.de\/cs\/home\/"},{"@type":"ListItem","position":2,"name":"Kari\u00e9ra","item":"https:\/\/hueffermann.de\/cs\/kariera\/"},{"@type":"ListItem","position":3,"name":"Nab\u00eddky pr\u00e1ce"}]},{"@type":"WebSite","@id":"https:\/\/hueffermann.de\/en\/#website","url":"https:\/\/hueffermann.de\/en\/","name":"H\u00fcffermann","description":"","potentialAction":[{"@type":"SearchAction","target":{"@type":"EntryPoint","urlTemplate":"https:\/\/hueffermann.de\/en\/?s={search_term_string}"},"query-input":{"@type":"PropertyValueSpecification","valueRequired":true,"valueName":"search_term_string"}}],"inLanguage":"cs"}]}},"_links":{"self":[{"href":"https:\/\/hueffermann.de\/cs\/wp-json\/wp\/v2\/pages\/51947","targetHints":{"allow":["GET"]}}],"collection":[{"href":"https:\/\/hueffermann.de\/cs\/wp-json\/wp\/v2\/pages"}],"about":[{"href":"https:\/\/hueffermann.de\/cs\/wp-json\/wp\/v2\/types\/page"}],"author":[{"embeddable":true,"href":"https:\/\/hueffermann.de\/cs\/wp-json\/wp\/v2\/users\/8"}],"replies":[{"embeddable":true,"href":"https:\/\/hueffermann.de\/cs\/wp-json\/wp\/v2\/comments?post=51947"}],"version-history":[{"count":6,"href":"https:\/\/hueffermann.de\/cs\/wp-json\/wp\/v2\/pages\/51947\/revisions"}],"predecessor-version":[{"id":51969,"href":"https:\/\/hueffermann.de\/cs\/wp-json\/wp\/v2\/pages\/51947\/revisions\/51969"}],"up":[{"embeddable":true,"href":"https:\/\/hueffermann.de\/cs\/wp-json\/wp\/v2\/pages\/51911"}],"wp:attachment":[{"href":"https:\/\/hueffermann.de\/cs\/wp-json\/wp\/v2\/media?parent=51947"}],"curies":[{"name":"wp","href":"https:\/\/api.w.org\/{rel}","templated":true}]}}