{"id":34070,"date":"2024-03-06T16:48:12","date_gmt":"2024-03-06T15:48:12","guid":{"rendered":"https:\/\/schwarzmueller.com\/?page_id=34070"},"modified":"2024-10-29T14:32:02","modified_gmt":"2024-10-29T13:32:02","slug":"downloads","status":"publish","type":"page","link":"https:\/\/hueffermann.de\/de\/info-und-kontakt\/downloads\/","title":{"rendered":"Downloads"},"content":{"rendered":"\n<style type=\"text\/css\" data-created_by=\"avia_inline_auto\" id=\"style-css-av-luwep09t-6d72b71a1ee54b473e7b9d50b4885315\">\n.avia-section.av-luwep09t-6d72b71a1ee54b473e7b9d50b4885315{\nbackground-repeat:no-repeat;\nbackground-image:url(https:\/\/hueffermann.de\/wp-content\/uploads\/sites\/3\/2024\/05\/csm_hueffermann_0126_zuschn_eaa3279174.jpg);\nbackground-position:50% 50%;\nbackground-attachment:scroll;\n}\n.avia-section.av-luwep09t-6d72b71a1ee54b473e7b9d50b4885315 .av-section-color-overlay{\nopacity:0.5;\nbackground-color:#0a0a0a;\n}\n<\/style>\n<div id='av_section_1'  class='avia-section av-luwep09t-6d72b71a1ee54b473e7b9d50b4885315 main_color avia-section-huge avia-no-border-styling  avia-builder-el-0  el_before_av_textblock  avia-builder-el-first  avia-full-stretch avia-bg-style-scroll av-section-color-overlay-active av-minimum-height av-minimum-height-custom av-height-custom  container_wrap sidebar_left'  data-section-bg-repeat='stretch' data-av_minimum_height_px='512'><div class=\"av-section-color-overlay-wrap\"><div class=\"av-section-color-overlay\"><\/div><div class='container av-section-cont-open' style='height:512px'><main  role=\"main\" itemprop=\"mainContentOfPage\"  class='template-page content  av-content-small units'><div class='post-entry post-entry-type-page post-entry-34070'><div class='entry-content-wrapper clearfix'>\n\n<style type=\"text\/css\" data-created_by=\"avia_inline_auto\" id=\"style-css-av-luweno3r-bff9c8610edca80a5142d1288a2a359e\">\n#top .av_textblock_section.av-luweno3r-bff9c8610edca80a5142d1288a2a359e .avia_textblock{\ncolor:#ffffff;\n}\n<\/style>\n<section  class='av_textblock_section av-luweno3r-bff9c8610edca80a5142d1288a2a359e '   itemscope=\"itemscope\" itemtype=\"https:\/\/schema.org\/CreativeWork\" ><div class='avia_textblock hero-title av_inherit_color'  itemprop=\"text\" ><h1>Downloads<\/h1>\n<p>Dokumente und Unterlagen zu den verschiedenen Themenbereichen unseres Unternehmens<br \/>\nFalls Sie weitere Fragen haben, stehen wir gerne zur Verf\u00fcgung.<\/p>\n<\/div><\/section>\n<\/div><\/div><\/main><!-- close content main element --><\/div><\/div><\/div><div id='after_section_1'  class='main_color av_default_container_wrap container_wrap sidebar_left'  ><div class='container av-section-cont-open' ><div class='template-page content  av-content-small units'><div class='post-entry post-entry-type-page post-entry-34070'><div class='entry-content-wrapper clearfix'>\n<section  class='av_textblock_section av-n1qexi-2ddaa99993ba6eed07dd54615ae4e78a '   itemscope=\"itemscope\" itemtype=\"https:\/\/schema.org\/CreativeWork\" ><div class='avia_textblock sch-breadcrumb'  itemprop=\"text\" ><div class=\"breadcrumb breadcrumbs avia-breadcrumbs\"><div class=\"breadcrumb-trail\" ><span class=\"trail-before\"><span class=\"breadcrumb-title\">Du bist hier:<\/span><\/span> <span  itemscope=\"itemscope\" itemtype=\"https:\/\/schema.org\/BreadcrumbList\" ><span  itemscope=\"itemscope\" itemtype=\"https:\/\/schema.org\/ListItem\" itemprop=\"itemListElement\" ><a itemprop=\"url\" href=\"https:\/\/hueffermann.de\/de\/\" title=\"H\u00fcffermann\" rel=\"home\" class=\"trail-begin\"><span itemprop=\"name\">Startseite<\/span><\/a><span itemprop=\"position\" class=\"hidden\">1<\/span><\/span><\/span><\/div><\/div>\n<\/div><\/section>\n<\/div><\/div><\/div><!-- close content main div --><\/div><\/div><div id='av_section_2'  class='avia-section av-rlrc3a-b0d634a98e5828442a15e74072b55f13 main_color avia-section-no-padding avia-no-border-styling  avia-builder-el-3  el_after_av_textblock  avia-builder-el-last  pattern-section-background avia-bg-style-scroll av-minimum-height av-minimum-height-custom av-height-custom  container_wrap sidebar_left'   data-av_minimum_height_px='770'><div class='container av-section-cont-open' style='height:770px'><div class='template-page content  av-content-small units'><div class='post-entry post-entry-type-page post-entry-34070'><div class='entry-content-wrapper clearfix'>\n<div><div class=\"download-categories\"><div class=\"download-category-item\"><div class=\"download-category-info\"><h2 class=\"schwa-h5\">Zertifikate<\/h2><\/div><div class=\"download-cards schwa-accordeon\"><div class=\"single-download\"><div class=\"single-download-content-container\"><div class=\"single-download-content-text\"><h3 class=\"schwa-h6\">Anlage zum Zertifikat Registrier-Nr. 44 104 135001 DIN EN ISO 14001:2015<\/h3><p><i class=\"fa fa-file file-icon\"><\/i><span>PDF<\/span> (201.36 K)<\/p><\/div><div class=\"single-download-content-button\"><a class=\"btn-schwa btn-red-schwa\" href=\"https:\/\/hueffermann.de\/wp-content\/uploads\/sites\/3\/2025\/04\/Wilhelm-Schwarzmueller-GmbH_DIN-EN-ISO-14001.2015_Anlage.pdf\" target=\"_blank\"><span class=\"download-icon-text\">Herunterladen<i class=\"fa fa-download download-icon\"><\/i><\/span><\/a><\/div><\/div><\/div><div class=\"single-download\"><div class=\"single-download-content-container\"><div class=\"single-download-content-text\"><h3 class=\"schwa-h6\">Zertifikat f\u00fcr das Managementsystem nach DIN EN ISO 14001:2015<\/h3><p><i class=\"fa fa-file file-icon\"><\/i><span>PDF<\/span> (207.74 K)<\/p><\/div><div class=\"single-download-content-button\"><a class=\"btn-schwa btn-red-schwa\" href=\"https:\/\/hueffermann.de\/wp-content\/uploads\/sites\/3\/2025\/04\/Wilhelm-Schwarzmueller-GmbH_DIN-EN-ISO-14001.2015.pdf\" target=\"_blank\"><span class=\"download-icon-text\">Herunterladen<i class=\"fa fa-download download-icon\"><\/i><\/span><\/a><\/div><\/div><\/div><div class=\"single-download\"><div class=\"single-download-content-container\"><div class=\"single-download-content-text\"><h3 class=\"schwa-h6\">Anlage zum Zertifikat Registrier-Nr. 44 100 135001 DIN EN ISO 9001:2015<\/h3><p><i class=\"fa fa-file file-icon\"><\/i><span>PDF<\/span> (194.19 K)<\/p><\/div><div class=\"single-download-content-button\"><a class=\"btn-schwa btn-red-schwa\" href=\"https:\/\/hueffermann.de\/wp-content\/uploads\/sites\/3\/2025\/04\/Wilhelm-Schwarzmueller-GmbH_DIN-EN-ISO-9001.2015_Anlage.pdf\" target=\"_blank\"><span class=\"download-icon-text\">Herunterladen<i class=\"fa fa-download download-icon\"><\/i><\/span><\/a><\/div><\/div><\/div><div class=\"single-download\"><div class=\"single-download-content-container\"><div class=\"single-download-content-text\"><h3 class=\"schwa-h6\">Zertifikat f\u00fcr das Managementsystem nach DIN EN ISO 9001:2015<\/h3><p><i class=\"fa fa-file file-icon\"><\/i><span>PDF<\/span> (207.07 K)<\/p><\/div><div class=\"single-download-content-button\"><a class=\"btn-schwa btn-red-schwa\" href=\"https:\/\/hueffermann.de\/wp-content\/uploads\/sites\/3\/2025\/04\/Wilhelm-Schwarzmueller-GmbH_DIN-EN-ISO-9001.2015.pdf\" target=\"_blank\"><span class=\"download-icon-text\">Herunterladen<i class=\"fa fa-download download-icon\"><\/i><\/span><\/a><\/div><\/div><\/div><div class=\"single-download\"><div class=\"single-download-image-container\"><img decoding=\"async\" src=\"https:\/\/hueffermann.de\/wp-content\/uploads\/sites\/3\/2024\/05\/csm_Zertifikat_DIN_EN_15085_bis_10-2024_dt_e636232aa7.png\" alt=\" Kategorie Bild\" ><\/div><div class=\"single-download-content-container\"><div class=\"single-download-content-text\"><h3 class=\"schwa-h6\">Zertifikat Schwei\u00dfen und Schienenfahrzeuge- und fahrzeugteile nach DIN EN 15085-2, Zertifizierungsstufe CL 2<\/h3><p><i class=\"fa fa-file file-icon\"><\/i><span>PDF<\/span> (481.49 K)<\/p><\/div><div class=\"single-download-content-button\"><a class=\"btn-schwa btn-red-schwa\" href=\"https:\/\/hueffermann.de\/wp-content\/uploads\/sites\/3\/2024\/05\/Zertifikat-DIN-EN-15085-bis-10-2027-dt_HN.pdf\" target=\"_blank\"><span class=\"download-icon-text\">Herunterladen<i class=\"fa fa-download download-icon\"><\/i><\/span><\/a><\/div><\/div><\/div><div class=\"single-download\"><div class=\"single-download-image-container\"><img decoding=\"async\" src=\"https:\/\/hueffermann.de\/wp-content\/uploads\/sites\/3\/2024\/05\/csm_hueffermann-zertifikat-din-en-iso-3834-2-bis_2024-einseitig_0c50eaa92d.png\" alt=\" Kategorie Bild\" ><\/div><div class=\"single-download-content-container\"><div class=\"single-download-content-text\"><h3 class=\"schwa-h6\">DIN EN ISO 3834-2 \u2013 Qualit\u00e4tsanforderungen f\u00fcr das Schmelzschwei\u00dfen von metallischen Werkstoffen<\/h3><p><i class=\"fa fa-file file-icon\"><\/i><span>PDF<\/span> (480.28 K)<\/p><\/div><div class=\"single-download-content-button\"><a class=\"btn-schwa btn-red-schwa\" href=\"https:\/\/hueffermann.de\/wp-content\/uploads\/sites\/3\/2024\/05\/Zertifikat-DIN-EN-ISO-3834-2-bis-2027_HN.pdf\" target=\"_blank\"><span class=\"download-icon-text\">Herunterladen<i class=\"fa fa-download download-icon\"><\/i><\/span><\/a><\/div><\/div><\/div><\/div><\/div><div class=\"download-category-item\"><div class=\"download-category-info\"><h2 class=\"schwa-h5\">Produktinfos und Antr\u00e4ge<\/h2><\/div><div class=\"download-cards schwa-accordeon\"><div class=\"single-download\"><div class=\"single-download-image-container\"><img decoding=\"async\" src=\"https:\/\/hueffermann.de\/wp-content\/uploads\/sites\/3\/2024\/05\/csm_hueffermann_gewaehrleistungsformular_43aa8ef91c.png\" alt=\" Kategorie Bild\" ><\/div><div class=\"single-download-content-container\"><div class=\"single-download-content-text\"><h3 class=\"schwa-h6\">Gew\u00e4hrleistungsantrag<\/h3><p><i class=\"fa fa-file file-icon\"><\/i><span>PDF<\/span> (377.61 K)<\/p><\/div><div class=\"single-download-content-button\"><a class=\"btn-schwa btn-red-schwa\" href=\"https:\/\/hueffermann.de\/wp-content\/uploads\/sites\/3\/2024\/05\/hueffermann_gewaehrleistungsformular.pdf\" target=\"_blank\"><span class=\"download-icon-text\">Herunterladen<i class=\"fa fa-download download-icon\"><\/i><\/span><\/a><\/div><\/div><\/div><div class=\"single-download\"><div class=\"single-download-image-container\"><img decoding=\"async\" src=\"https:\/\/hueffermann.de\/wp-content\/uploads\/sites\/3\/2024\/05\/csm_Hueffermann-Vario-Carrier_c065883c93.png\" alt=\" Kategorie Bild\" ><\/div><div class=\"single-download-content-container\"><div class=\"single-download-content-text\"><h3 class=\"schwa-h6\">Vario - Carrier<\/h3><p><i class=\"fa fa-file file-icon\"><\/i><span>PDF<\/span> (2.54 M)<\/p><\/div><div class=\"single-download-content-button\"><a class=\"btn-schwa btn-red-schwa\" href=\"https:\/\/hueffermann.de\/wp-content\/uploads\/sites\/3\/2024\/05\/Hueffermann-Vario-Carrier.pdf\" target=\"_blank\"><span class=\"download-icon-text\">Herunterladen<i class=\"fa fa-download download-icon\"><\/i><\/span><\/a><\/div><\/div><\/div><div class=\"single-download\"><div class=\"single-download-image-container\"><img decoding=\"async\" src=\"https:\/\/hueffermann.de\/wp-content\/uploads\/sites\/3\/2024\/05\/csm_HN_Brosch_Flex-Carrier2020-12_WEB_b86b4834c0.png\" alt=\" Kategorie Bild\" ><\/div><div class=\"single-download-content-container\"><div class=\"single-download-content-text\"><h3 class=\"schwa-h6\">Flex - Carrier<\/h3><p><i class=\"fa fa-file file-icon\"><\/i><span>PDF<\/span> (1.58 M)<\/p><\/div><div class=\"single-download-content-button\"><a class=\"btn-schwa btn-red-schwa\" href=\"https:\/\/hueffermann.de\/wp-content\/uploads\/sites\/3\/2024\/05\/HN_Brosch_Flex-Carrier2020-12_WEB.pdf\" target=\"_blank\"><span class=\"download-icon-text\">Herunterladen<i class=\"fa fa-download download-icon\"><\/i><\/span><\/a><\/div><\/div><\/div><div class=\"single-download\"><div class=\"single-download-image-container\"><img decoding=\"async\" src=\"https:\/\/hueffermann.de\/wp-content\/uploads\/sites\/3\/2024\/05\/csm_HN_Brosch_Mini-Carrier-HTM3_2020-12_WEB_291b9acecf.png\" alt=\" Kategorie Bild\" ><\/div><div class=\"single-download-content-container\"><div class=\"single-download-content-text\"><h3 class=\"schwa-h6\">Mini - Carrier<\/h3><p><i class=\"fa fa-file file-icon\"><\/i><span>PDF<\/span> (1.82 M)<\/p><\/div><div class=\"single-download-content-button\"><a class=\"btn-schwa btn-red-schwa\" href=\"https:\/\/hueffermann.de\/wp-content\/uploads\/sites\/3\/2024\/05\/HN_Brosch_Mini-Carrier-HTM3_2020-12_WEB.pdf\" target=\"_blank\"><span class=\"download-icon-text\">Herunterladen<i class=\"fa fa-download download-icon\"><\/i><\/span><\/a><\/div><\/div><\/div><div class=\"single-download\"><div class=\"single-download-image-container\"><img decoding=\"async\" src=\"https:\/\/hueffermann.de\/wp-content\/uploads\/sites\/3\/2024\/05\/csm_Hueffermann-Multi-Carrier_8e05c6f9a8.png\" alt=\" Kategorie Bild\" ><\/div><div class=\"single-download-content-container\"><div class=\"single-download-content-text\"><h3 class=\"schwa-h6\">Multi - Carrier<\/h3><p><i class=\"fa fa-file file-icon\"><\/i><span>PDF<\/span> (2.59 M)<\/p><\/div><div class=\"single-download-content-button\"><a class=\"btn-schwa btn-red-schwa\" href=\"https:\/\/hueffermann.de\/wp-content\/uploads\/sites\/3\/2024\/05\/Hueffermann-Multi-Carrier.pdf\" target=\"_blank\"><span class=\"download-icon-text\">Herunterladen<i class=\"fa fa-download download-icon\"><\/i><\/span><\/a><\/div><\/div><\/div><div class=\"single-download\"><div class=\"single-download-image-container\"><img decoding=\"async\" src=\"https:\/\/hueffermann.de\/wp-content\/uploads\/sites\/3\/2024\/05\/csm_Hueffermann-Roll-Carrier-Export_d25c316e76.png\" alt=\" Kategorie Bild\" ><\/div><div class=\"single-download-content-container\"><div class=\"single-download-content-text\"><h3 class=\"schwa-h6\">Roll - Carrier Export<\/h3><p><i class=\"fa fa-file file-icon\"><\/i><span>PDF<\/span> (2.76 M)<\/p><\/div><div class=\"single-download-content-button\"><a class=\"btn-schwa btn-red-schwa\" href=\"https:\/\/hueffermann.de\/wp-content\/uploads\/sites\/3\/2024\/05\/Hueffermann-Roll-Carrier-Export.pdf\" target=\"_blank\"><span class=\"download-icon-text\">Herunterladen<i class=\"fa fa-download download-icon\"><\/i><\/span><\/a><\/div><\/div><\/div><div class=\"single-download\"><div class=\"single-download-image-container\"><img decoding=\"async\" src=\"https:\/\/hueffermann.de\/wp-content\/uploads\/sites\/3\/2024\/05\/csm_Hueffermann-Roll-Carrier_c8fa161620.png\" alt=\" Kategorie Bild\" ><\/div><div class=\"single-download-content-container\"><div class=\"single-download-content-text\"><h3 class=\"schwa-h6\">Roll - Carrier<\/h3><p><i class=\"fa fa-file file-icon\"><\/i><span>PDF<\/span> (2.75 M)<\/p><\/div><div class=\"single-download-content-button\"><a class=\"btn-schwa btn-red-schwa\" href=\"https:\/\/hueffermann.de\/wp-content\/uploads\/sites\/3\/2024\/05\/Hueffermann-Roll-Carrier.pdf\" target=\"_blank\"><span class=\"download-icon-text\">Herunterladen<i class=\"fa fa-download download-icon\"><\/i><\/span><\/a><\/div><\/div><\/div><div class=\"single-download\"><div class=\"single-download-image-container\"><img decoding=\"async\" src=\"https:\/\/hueffermann.de\/wp-content\/uploads\/sites\/3\/2024\/05\/csm_Hueffermann-Schlitten-Carrier-Export_a6a1d6fdf4.png\" alt=\" Kategorie Bild\" ><\/div><div class=\"single-download-content-container\"><div class=\"single-download-content-text\"><h3 class=\"schwa-h6\">Schlitten - Carrier Export<\/h3><p><i class=\"fa fa-file file-icon\"><\/i><span>PDF<\/span> (2.53 M)<\/p><\/div><div class=\"single-download-content-button\"><a class=\"btn-schwa btn-red-schwa\" href=\"https:\/\/hueffermann.de\/wp-content\/uploads\/sites\/3\/2024\/05\/Hueffermann-Schlitten-Carrier-Export.pdf\" target=\"_blank\"><span class=\"download-icon-text\">Herunterladen<i class=\"fa fa-download download-icon\"><\/i><\/span><\/a><\/div><\/div><\/div><div class=\"single-download\"><div class=\"single-download-image-container\"><img decoding=\"async\" src=\"https:\/\/hueffermann.de\/wp-content\/uploads\/sites\/3\/2024\/05\/csm_Hueffermann-Schlitten-Carrier_f3bd7ec801.png\" alt=\" Kategorie Bild\" ><\/div><div class=\"single-download-content-container\"><div class=\"single-download-content-text\"><h3 class=\"schwa-h6\">Schlitten - Carrier<\/h3><p><i class=\"fa fa-file file-icon\"><\/i><span>PDF<\/span> (2.73 M)<\/p><\/div><div class=\"single-download-content-button\"><a class=\"btn-schwa btn-red-schwa\" href=\"https:\/\/hueffermann.de\/wp-content\/uploads\/sites\/3\/2024\/05\/Hueffermann-Schlitten-Carrier.pdf\" target=\"_blank\"><span class=\"download-icon-text\">Herunterladen<i class=\"fa fa-download download-icon\"><\/i><\/span><\/a><\/div><\/div><\/div><div class=\"single-download\"><div class=\"single-download-image-container\"><img decoding=\"async\" src=\"https:\/\/hueffermann.de\/wp-content\/uploads\/sites\/3\/2024\/05\/csm_hf-carrier-modulbauweise_2020-12_web_2c1042b187.png\" alt=\" Kategorie Bild\" ><\/div><div class=\"single-download-content-container\"><div class=\"single-download-content-text\"><h3 class=\"schwa-h6\">Carrier - Modulbauweise<\/h3><p><i class=\"fa fa-file file-icon\"><\/i><span>PDF<\/span> (4.88 M)<\/p><\/div><div class=\"single-download-content-button\"><a class=\"btn-schwa btn-red-schwa\" href=\"https:\/\/hueffermann.de\/wp-content\/uploads\/sites\/3\/2024\/05\/hf-carrier-modulbauweise_2020-12_web.pdf\" target=\"_blank\"><span class=\"download-icon-text\">Herunterladen<i class=\"fa fa-download download-icon\"><\/i><\/span><\/a><\/div><\/div><\/div><\/div><\/div><div class=\"download-category-item\"><div class=\"download-category-info\"><h2 class=\"schwa-h5\">Wartungsunterlagen<\/h2><\/div><div class=\"download-cards schwa-accordeon\"><div class=\"single-download\"><div class=\"single-download-image-container\"><img decoding=\"async\" src=\"https:\/\/hueffermann.de\/wp-content\/uploads\/sites\/3\/2024\/05\/csm_6-DO0018-0102_HPA_HTPA_Wartung_201c28798d.png\" alt=\" Kategorie Bild\" ><\/div><div class=\"single-download-content-container\"><div class=\"single-download-content-text\"><h3 class=\"schwa-h6\">HPA-HTPA-Wartung<\/h3><p><i class=\"fa fa-file file-icon\"><\/i><span>PDF<\/span> (1.62 M)<\/p><\/div><div class=\"single-download-content-button\"><a class=\"btn-schwa btn-red-schwa\" href=\"https:\/\/hueffermann.de\/wp-content\/uploads\/sites\/3\/2024\/05\/6-DO0018-0102_HPA_HTPA_Wartung.pdf\" target=\"_blank\"><span class=\"download-icon-text\">Herunterladen<i class=\"fa fa-download download-icon\"><\/i><\/span><\/a><\/div><\/div><\/div><div class=\"single-download\"><div class=\"single-download-image-container\"><img decoding=\"async\" src=\"https:\/\/hueffermann.de\/wp-content\/uploads\/sites\/3\/2024\/05\/csm_6-DO0017-0103_HTM_HMA_Wartung_236d52901b.png\" alt=\" Kategorie Bild\" ><\/div><div class=\"single-download-content-container\"><div class=\"single-download-content-text\"><h3 class=\"schwa-h6\">HTM-HMA-Wartung<\/h3><p><i class=\"fa fa-file file-icon\"><\/i><span>PDF<\/span> (2.24 M)<\/p><\/div><div class=\"single-download-content-button\"><a class=\"btn-schwa btn-red-schwa\" href=\"https:\/\/hueffermann.de\/wp-content\/uploads\/sites\/3\/2024\/05\/6-DO0017-0103_HTM_HMA_Wartung.pdf\" target=\"_blank\"><span class=\"download-icon-text\">Herunterladen<i class=\"fa fa-download download-icon\"><\/i><\/span><\/a><\/div><\/div><\/div><div class=\"single-download\"><div class=\"single-download-image-container\"><img decoding=\"async\" src=\"https:\/\/hueffermann.de\/wp-content\/uploads\/sites\/3\/2024\/05\/csm_6-DO0016-0103_HAR_Wartung_6fa9c585de.png\" alt=\" Kategorie Bild\" ><\/div><div class=\"single-download-content-container\"><div class=\"single-download-content-text\"><h3 class=\"schwa-h6\">HAR-Wartung<\/h3><p><i class=\"fa fa-file file-icon\"><\/i><span>PDF<\/span> (2.43 M)<\/p><\/div><div class=\"single-download-content-button\"><a class=\"btn-schwa btn-red-schwa\" href=\"https:\/\/hueffermann.de\/wp-content\/uploads\/sites\/3\/2024\/05\/6-DO0016-0103_HAR_Wartung.pdf\" target=\"_blank\"><span class=\"download-icon-text\">Herunterladen<i class=\"fa fa-download download-icon\"><\/i><\/span><\/a><\/div><\/div><\/div><div class=\"single-download\"><div class=\"single-download-image-container\"><img decoding=\"async\" src=\"https:\/\/hueffermann.de\/wp-content\/uploads\/sites\/3\/2024\/05\/csm_6-DO0015-0102_HSA-HTSA_Wartung_41b75c1875.png\" alt=\" Kategorie Bild\" ><\/div><div class=\"single-download-content-container\"><div class=\"single-download-content-text\"><h3 class=\"schwa-h6\">HSA-HTSA-Wartung<\/h3><p><i class=\"fa fa-file file-icon\"><\/i><span>PDF<\/span> (1.41 M)<\/p><\/div><div class=\"single-download-content-button\"><a class=\"btn-schwa btn-red-schwa\" href=\"https:\/\/hueffermann.de\/wp-content\/uploads\/sites\/3\/2024\/05\/6-DO0015-0102_HSA-HTSA_Wartung.pdf\" target=\"_blank\"><span class=\"download-icon-text\">Herunterladen<i class=\"fa fa-download download-icon\"><\/i><\/span><\/a><\/div><\/div><\/div><\/div><\/div><\/div><\/div><\/div><\/div>\n<\/div><\/div><\/div><!-- close content main div --><\/div><\/div><div id='after_section_2'  class='main_color av_default_container_wrap container_wrap sidebar_left'  ><div class='container av-section-cont-open' ><div class='template-page content  av-content-small units'><div class='post-entry post-entry-type-page post-entry-34070'><div class='entry-content-wrapper clearfix'>\n","protected":false},"excerpt":{"rendered":"","protected":false},"author":5,"featured_media":0,"parent":49263,"menu_order":0,"comment_status":"closed","ping_status":"closed","template":"","meta":{"_acf_changed":false,"_relevanssi_hide_post":"","_relevanssi_hide_content":"","_relevanssi_pin_for_all":"","_relevanssi_pin_keywords":"","_relevanssi_unpin_keywords":"","_relevanssi_related_keywords":"","_relevanssi_related_include_ids":"","_relevanssi_related_exclude_ids":"","_relevanssi_related_no_append":"","_relevanssi_related_not_related":"","_relevanssi_related_posts":"37421,37377,37320,37412,37413,37414","_relevanssi_noindex_reason":"","footnotes":""},"class_list":["post-34070","page","type-page","status-publish","hentry"],"acf":[],"yoast_head":"<!-- This site is optimized with the Yoast SEO Premium plugin v26.4 (Yoast SEO v27.2) - https:\/\/yoast.com\/product\/yoast-seo-premium-wordpress\/ -->\n<title>Downloads - H\u00fcffermann<\/title>\n<meta name=\"robots\" content=\"index, follow, max-snippet:-1, max-image-preview:large, max-video-preview:-1\" \/>\n<link rel=\"canonical\" href=\"https:\/\/hueffermann.de\/de\/info-und-kontakt\/downloads\/\" \/>\n<meta property=\"og:locale\" content=\"de_DE\" \/>\n<meta property=\"og:type\" content=\"article\" \/>\n<meta property=\"og:title\" content=\"Downloads\" \/>\n<meta property=\"og:url\" content=\"https:\/\/hueffermann.de\/de\/info-und-kontakt\/downloads\/\" \/>\n<meta property=\"og:site_name\" content=\"H\u00fcffermann\" \/>\n<meta property=\"article:modified_time\" content=\"2024-10-29T13:32:02+00:00\" \/>\n<meta name=\"twitter:card\" content=\"summary_large_image\" \/>\n<meta name=\"twitter:label1\" content=\"Gesch\u00e4tzte Lesezeit\" \/>\n\t<meta name=\"twitter:data1\" content=\"5\u00a0Minuten\" \/>\n<script type=\"application\/ld+json\" class=\"yoast-schema-graph\">{\"@context\":\"https:\/\/schema.org\",\"@graph\":[{\"@type\":\"WebPage\",\"@id\":\"https:\/\/hueffermann.de\/de\/info-und-kontakt\/downloads\/\",\"url\":\"https:\/\/hueffermann.de\/de\/info-und-kontakt\/downloads\/\",\"name\":\"Downloads - H\u00fcffermann\",\"isPartOf\":{\"@id\":\"https:\/\/hueffermann.de\/en\/#website\"},\"datePublished\":\"2024-03-06T15:48:12+00:00\",\"dateModified\":\"2024-10-29T13:32:02+00:00\",\"breadcrumb\":{\"@id\":\"https:\/\/hueffermann.de\/de\/info-und-kontakt\/downloads\/#breadcrumb\"},\"inLanguage\":\"de\",\"potentialAction\":[{\"@type\":\"ReadAction\",\"target\":[\"https:\/\/hueffermann.de\/de\/info-und-kontakt\/downloads\/\"]}]},{\"@type\":\"BreadcrumbList\",\"@id\":\"https:\/\/hueffermann.de\/de\/info-und-kontakt\/downloads\/#breadcrumb\",\"itemListElement\":[{\"@type\":\"ListItem\",\"position\":1,\"name\":\"Home\",\"item\":\"https:\/\/hueffermann.de\/de\/home\/\"},{\"@type\":\"ListItem\",\"position\":2,\"name\":\"Info &amp; Kontakt\",\"item\":\"https:\/\/hueffermann.de\/de\/info-und-kontakt\/\"},{\"@type\":\"ListItem\",\"position\":3,\"name\":\"Downloads\"}]},{\"@type\":\"WebSite\",\"@id\":\"https:\/\/hueffermann.de\/en\/#website\",\"url\":\"https:\/\/hueffermann.de\/en\/\",\"name\":\"H\u00fcffermann\",\"description\":\"\",\"potentialAction\":[{\"@type\":\"SearchAction\",\"target\":{\"@type\":\"EntryPoint\",\"urlTemplate\":\"https:\/\/hueffermann.de\/en\/?s={search_term_string}\"},\"query-input\":{\"@type\":\"PropertyValueSpecification\",\"valueRequired\":true,\"valueName\":\"search_term_string\"}}],\"inLanguage\":\"de\"}]}<\/script>\n<!-- \/ Yoast SEO Premium plugin. -->","yoast_head_json":{"title":"Downloads - H\u00fcffermann","robots":{"index":"index","follow":"follow","max-snippet":"max-snippet:-1","max-image-preview":"max-image-preview:large","max-video-preview":"max-video-preview:-1"},"canonical":"https:\/\/hueffermann.de\/de\/info-und-kontakt\/downloads\/","og_locale":"de_DE","og_type":"article","og_title":"Downloads","og_url":"https:\/\/hueffermann.de\/de\/info-und-kontakt\/downloads\/","og_site_name":"H\u00fcffermann","article_modified_time":"2024-10-29T13:32:02+00:00","twitter_card":"summary_large_image","twitter_misc":{"Gesch\u00e4tzte Lesezeit":"5\u00a0Minuten"},"schema":{"@context":"https:\/\/schema.org","@graph":[{"@type":"WebPage","@id":"https:\/\/hueffermann.de\/de\/info-und-kontakt\/downloads\/","url":"https:\/\/hueffermann.de\/de\/info-und-kontakt\/downloads\/","name":"Downloads - H\u00fcffermann","isPartOf":{"@id":"https:\/\/hueffermann.de\/en\/#website"},"datePublished":"2024-03-06T15:48:12+00:00","dateModified":"2024-10-29T13:32:02+00:00","breadcrumb":{"@id":"https:\/\/hueffermann.de\/de\/info-und-kontakt\/downloads\/#breadcrumb"},"inLanguage":"de","potentialAction":[{"@type":"ReadAction","target":["https:\/\/hueffermann.de\/de\/info-und-kontakt\/downloads\/"]}]},{"@type":"BreadcrumbList","@id":"https:\/\/hueffermann.de\/de\/info-und-kontakt\/downloads\/#breadcrumb","itemListElement":[{"@type":"ListItem","position":1,"name":"Home","item":"https:\/\/hueffermann.de\/de\/home\/"},{"@type":"ListItem","position":2,"name":"Info &amp; Kontakt","item":"https:\/\/hueffermann.de\/de\/info-und-kontakt\/"},{"@type":"ListItem","position":3,"name":"Downloads"}]},{"@type":"WebSite","@id":"https:\/\/hueffermann.de\/en\/#website","url":"https:\/\/hueffermann.de\/en\/","name":"H\u00fcffermann","description":"","potentialAction":[{"@type":"SearchAction","target":{"@type":"EntryPoint","urlTemplate":"https:\/\/hueffermann.de\/en\/?s={search_term_string}"},"query-input":{"@type":"PropertyValueSpecification","valueRequired":true,"valueName":"search_term_string"}}],"inLanguage":"de"}]}},"_links":{"self":[{"href":"https:\/\/hueffermann.de\/de\/wp-json\/wp\/v2\/pages\/34070","targetHints":{"allow":["GET"]}}],"collection":[{"href":"https:\/\/hueffermann.de\/de\/wp-json\/wp\/v2\/pages"}],"about":[{"href":"https:\/\/hueffermann.de\/de\/wp-json\/wp\/v2\/types\/page"}],"author":[{"embeddable":true,"href":"https:\/\/hueffermann.de\/de\/wp-json\/wp\/v2\/users\/5"}],"replies":[{"embeddable":true,"href":"https:\/\/hueffermann.de\/de\/wp-json\/wp\/v2\/comments?post=34070"}],"version-history":[{"count":17,"href":"https:\/\/hueffermann.de\/de\/wp-json\/wp\/v2\/pages\/34070\/revisions"}],"predecessor-version":[{"id":51571,"href":"https:\/\/hueffermann.de\/de\/wp-json\/wp\/v2\/pages\/34070\/revisions\/51571"}],"up":[{"embeddable":true,"href":"https:\/\/hueffermann.de\/de\/wp-json\/wp\/v2\/pages\/49263"}],"wp:attachment":[{"href":"https:\/\/hueffermann.de\/de\/wp-json\/wp\/v2\/media?parent=34070"}],"curies":[{"name":"wp","href":"https:\/\/api.w.org\/{rel}","templated":true}]}}