{"id":38978,"date":"2024-04-04T11:19:35","date_gmt":"2024-04-04T09:19:35","guid":{"rendered":"https:\/\/schwarzmueller.com\/?page_id=38978"},"modified":"2024-09-19T21:17:59","modified_gmt":"2024-09-19T19:17:59","slug":"organisation","status":"publish","type":"page","link":"https:\/\/hueffermann.de\/de\/unternehmen\/organisation\/","title":{"rendered":"Organisation"},"content":{"rendered":"<\/p>\n\n<style type=\"text\/css\" data-created_by=\"avia_inline_auto\" id=\"style-css-av-1ii99mq-eb3edf708bfb1d6a91bbafeaf8a7b566\">\n.avia-section.av-1ii99mq-eb3edf708bfb1d6a91bbafeaf8a7b566{\nbackground-repeat:no-repeat;\nbackground-image:url(https:\/\/hueffermann.de\/wp-content\/uploads\/sites\/3\/2024\/05\/csm_04_cover_hueffermann_neu_grau_red_8baca4f305-2.jpg);\nbackground-position:50% 50%;\nbackground-attachment:scroll;\n}\n.avia-section.av-1ii99mq-eb3edf708bfb1d6a91bbafeaf8a7b566 .av-section-color-overlay{\nopacity:0.5;\nbackground-color:#0a0a0a;\n}\n<\/style>\n<div id='av_section_1'  class='avia-section av-1ii99mq-eb3edf708bfb1d6a91bbafeaf8a7b566 alternate_color avia-section-huge avia-no-border-styling  avia-builder-el-0  el_before_av_textblock  avia-builder-el-first  avia-full-stretch avia-bg-style-scroll av-section-color-overlay-active av-minimum-height av-minimum-height-custom av-height-custom  container_wrap sidebar_left'  data-section-bg-repeat='stretch' data-av_minimum_height_px='512'><div class=\"av-section-color-overlay-wrap\"><div class=\"av-section-color-overlay\"><\/div><div class='container av-section-cont-open' style='height:512px'><main  role=\"main\" itemprop=\"mainContentOfPage\"  class='template-page content  av-content-small units'><div class='post-entry post-entry-type-page post-entry-38978'><div class='entry-content-wrapper clearfix'>\n<section  class='av_textblock_section av-4lycde-0f76c8296f69092d0d48c422c683c569 '   itemscope=\"itemscope\" itemtype=\"https:\/\/schema.org\/CreativeWork\" ><div class='avia_textblock hero-title av_inherit_color'  itemprop=\"text\" ><h1><strong>INNOVATIV und ZIELGERICHTET in die ZUKUNFT<\/strong><\/h1>\n<\/div><\/section>\n<\/div><\/div><\/main><!-- close content main element --><\/div><\/div><\/div><div id='after_section_1'  class='main_color av_default_container_wrap container_wrap sidebar_left'  ><div class='container av-section-cont-open' ><div class='template-page content  av-content-small units'><div class='post-entry post-entry-type-page post-entry-38978'><div class='entry-content-wrapper clearfix'>\n<section  class='av_textblock_section av-io0ski-288884d2632bde375bdebf756b964d4b '   itemscope=\"itemscope\" itemtype=\"https:\/\/schema.org\/CreativeWork\" ><div class='avia_textblock sch-breadcrumb'  itemprop=\"text\" ><div class=\"breadcrumb breadcrumbs avia-breadcrumbs\"><div class=\"breadcrumb-trail\" ><span class=\"trail-before\"><span class=\"breadcrumb-title\">Du bist hier:<\/span><\/span> <span  itemscope=\"itemscope\" itemtype=\"https:\/\/schema.org\/BreadcrumbList\" ><span  itemscope=\"itemscope\" itemtype=\"https:\/\/schema.org\/ListItem\" itemprop=\"itemListElement\" ><a itemprop=\"url\" href=\"https:\/\/hueffermann.de\/de\/\" title=\"H\u00fcffermann\" rel=\"home\" class=\"trail-begin\"><span itemprop=\"name\">Startseite<\/span><\/a><span itemprop=\"position\" class=\"hidden\">1<\/span><\/span><\/span><\/div><\/div>\n<\/div><\/section>\n<\/div><\/div><\/div><!-- close content main div --><\/div><\/div><div id='av_section_2'  class='avia-section av-z0wn0i-2bd8902999baddc8cd6ce2b89c19308f main_color avia-section-huge avia-no-border-styling  avia-builder-el-3  el_after_av_textblock  avia-builder-el-last  avia-bg-style-scroll container_wrap sidebar_left'  ><div class='container av-section-cont-open' ><div class='template-page content  av-content-small units'><div class='post-entry post-entry-type-page post-entry-38978'><div class='entry-content-wrapper clearfix'>\n<div class='flex_column_table av-nqokyq-d66fb8451bc736530e325f77d04e3c1e sc-av_one_half av-equal-height-column-flextable'><div  class='flex_column av-nqokyq-d66fb8451bc736530e325f77d04e3c1e av_one_half  avia-builder-el-4  el_before_av_one_half  avia-builder-el-first  first flex_column_table_cell av-equal-height-column av-align-top  '     ><style type=\"text\/css\" data-created_by=\"avia_inline_auto\" id=\"style-css-av-lw7jmr7a-a466956b6f953561c9d1213e2039396e\">\n#top .av_textblock_section.av-lw7jmr7a-a466956b6f953561c9d1213e2039396e .avia_textblock{\ntext-align:left;\n}\n<\/style>\n<section  class='av_textblock_section av-lw7jmr7a-a466956b6f953561c9d1213e2039396e '   itemscope=\"itemscope\" itemtype=\"https:\/\/schema.org\/CreativeWork\" ><div class='avia_textblock image-dark-section-title'  itemprop=\"text\" ><div class=\"ce-header h2-mb ce-header-left\">\n<div class=\"ce-headline\">\n<h2><strong>Unternehmen<\/strong><\/h2>\n<\/div>\n<\/div>\n<p>Die H\u00fcffermann Transportsysteme GmbH mit Produktionssitz im brandenburgischen Neustadt (Dosse) und Vertriebsb\u00fcro in Wildeshausen (Niedersachen) ist ein hochspezialisierter Hersteller f\u00fcr Beh\u00e4ltertransportanh\u00e4nger, Lkw-Aufbauten und Sonderfahrzeuge f\u00fcr internationale Beh\u00e4lternormen sowie Ladungssicherungssysteme.<\/p>\n<p>Im Fokus steht bei H\u00fcffermann die Anh\u00e4ngerfertigung nach einem Baukastensystem und Montage von Nutzfahrzeugaufbauten. Reparaturen, Instandsetzungen und auch die Mietabteilung werden im H\u00fcffermann Nutzfahrzeugcenter nach Kundenwunsch umgesetzt. Mehr als 100 Jahre Erfahrung und mittels neuester Produktionstechnologien sowie umfassender Projektbetreuung von der ersten Entwicklungsstudie bis zur Auslieferung setzt die H\u00fcffermann Transportsysteme GmbH Ma\u00dfst\u00e4be als Lieferant von Anh\u00e4ngern.<\/p>\n<p>Bei all diesen Komponenten, welche die H\u00fcffermann Transportsysteme GmbH zu dem machen, was sie ist, steht vor allem eines im Vordergrund &#8211; die Qualit\u00e4t. Deshalb gilt f\u00fcr uns: Vom Stahlbau bis zur Lackierung werden die Anh\u00e4nger zu 100 % \u201eMade in Germany&#8220; gefertigt. Und daher ist es uns sehr wichtig, die Anforderungen und Kriterien des Qualit\u00e4tsmanagements DIN ISO 9001, nach dem wir zertifiziert sind, zu erf\u00fcllen und stetig zu optimieren.<\/p>\n<p>Seit Januar 2020 geh\u00f6rt die H\u00fcffermann Transportsysteme GmbH zur Schwarzm\u00fcller Gruppe.<\/p>\n<\/div><\/section><\/div><div class='av-flex-placeholder'><\/div><div  class='flex_column av-lw7jwu0h-0f6aefbb98b7f15fd2d5a47b14fa4f27 av_one_half  avia-builder-el-6  el_after_av_one_half  avia-builder-el-last  flex_column_table_cell av-equal-height-column av-align-top  '     ><p>\n<style type=\"text\/css\" data-created_by=\"avia_inline_auto\" id=\"style-css-av-lw7k40qh-714e280d1ad2db5742177f56798903b8\">\n.avia-image-container.av-lw7k40qh-714e280d1ad2db5742177f56798903b8 img.avia_image{\nbox-shadow:none;\n}\n.avia-image-container.av-lw7k40qh-714e280d1ad2db5742177f56798903b8 .av-image-caption-overlay-center{\ncolor:#ffffff;\n}\n<\/style>\n<div  class='avia-image-container av-lw7k40qh-714e280d1ad2db5742177f56798903b8 av-styling- avia-align-center  avia-builder-el-7  el_before_av_image  avia-builder-el-first '   itemprop=\"image\" itemscope=\"itemscope\" itemtype=\"https:\/\/schema.org\/ImageObject\" ><div class=\"avia-image-container-inner\"><div class=\"avia-image-overlay-wrap\"><img decoding=\"async\" fetchpriority=\"high\" class='wp-image-43087 avia-img-lazy-loading-not-43087 avia_image ' src=\"https:\/\/hueffermann.de\/wp-content\/uploads\/sites\/3\/2024\/05\/schwarzmueller_neustadt_dosse_0720_hueffermann_bild3_1365-1.jpg\" alt='' title='schwarzmueller_neustadt_dosse_0720_hueffermann_bild3_1365'  height=\"640\" width=\"960\"  itemprop=\"thumbnailUrl\" srcset=\"https:\/\/hueffermann.de\/wp-content\/uploads\/sites\/3\/2024\/05\/schwarzmueller_neustadt_dosse_0720_hueffermann_bild3_1365-1.jpg 960w, https:\/\/hueffermann.de\/wp-content\/uploads\/sites\/3\/2024\/05\/schwarzmueller_neustadt_dosse_0720_hueffermann_bild3_1365-1-300x200.jpg 300w, https:\/\/hueffermann.de\/wp-content\/uploads\/sites\/3\/2024\/05\/schwarzmueller_neustadt_dosse_0720_hueffermann_bild3_1365-1-768x512.jpg 768w, https:\/\/hueffermann.de\/wp-content\/uploads\/sites\/3\/2024\/05\/schwarzmueller_neustadt_dosse_0720_hueffermann_bild3_1365-1-705x470.jpg 705w\" sizes=\"(max-width: 960px) 100vw, 960px\" \/><\/div><\/div><\/div><br \/>\n\n<style type=\"text\/css\" data-created_by=\"avia_inline_auto\" id=\"style-css-av-lw7k4sz5-c406ba36c2e713db118eefda063fec27\">\n.avia-image-container.av-lw7k4sz5-c406ba36c2e713db118eefda063fec27 img.avia_image{\nbox-shadow:none;\n}\n.avia-image-container.av-lw7k4sz5-c406ba36c2e713db118eefda063fec27 .av-image-caption-overlay-center{\ncolor:#ffffff;\n}\n<\/style>\n<div  class='avia-image-container av-lw7k4sz5-c406ba36c2e713db118eefda063fec27 av-styling- avia-align-center  avia-builder-el-8  el_after_av_image  avia-builder-el-last '   itemprop=\"image\" itemscope=\"itemscope\" itemtype=\"https:\/\/schema.org\/ImageObject\" ><div class=\"avia-image-container-inner\"><div class=\"avia-image-overlay-wrap\"><img decoding=\"async\" fetchpriority=\"high\" class='wp-image-43089 avia-img-lazy-loading-not-43089 avia_image ' src=\"https:\/\/hueffermann.de\/wp-content\/uploads\/sites\/3\/2024\/05\/csm_Luftaufnahme_1000x728_9bce99fafd-2.jpg\" alt='' title='csm_Luftaufnahme_1000x728_9bce99fafd'  height=\"510\" width=\"700\"  itemprop=\"thumbnailUrl\" srcset=\"https:\/\/hueffermann.de\/wp-content\/uploads\/sites\/3\/2024\/05\/csm_Luftaufnahme_1000x728_9bce99fafd-2.jpg 700w, https:\/\/hueffermann.de\/wp-content\/uploads\/sites\/3\/2024\/05\/csm_Luftaufnahme_1000x728_9bce99fafd-2-300x219.jpg 300w\" sizes=\"(max-width: 700px) 100vw, 700px\" \/><\/div><\/div><\/div><\/p><\/div><\/div><!--close column table wrapper. Autoclose: 1 -->\n<\/div><\/div><\/div><!-- close content main div --><\/div><\/div><div id='after_section_2'  class='main_color av_default_container_wrap container_wrap sidebar_left'  ><div class='container av-section-cont-open' ><div class='template-page content  av-content-small units'><div class='post-entry post-entry-type-page post-entry-38978'><div class='entry-content-wrapper clearfix'>\n","protected":false},"excerpt":{"rendered":"","protected":false},"author":5,"featured_media":0,"parent":38697,"menu_order":0,"comment_status":"closed","ping_status":"closed","template":"","meta":{"_acf_changed":false,"_relevanssi_hide_post":"","_relevanssi_hide_content":"","_relevanssi_pin_for_all":"","_relevanssi_pin_keywords":"","_relevanssi_unpin_keywords":"","_relevanssi_related_keywords":"","_relevanssi_related_include_ids":"","_relevanssi_related_exclude_ids":"","_relevanssi_related_no_append":"","_relevanssi_related_not_related":"","_relevanssi_related_posts":"37360,37794,37308,37387,37304,37814","_relevanssi_noindex_reason":"","footnotes":""},"class_list":["post-38978","page","type-page","status-publish","hentry"],"acf":[],"yoast_head":"<!-- This site is optimized with the Yoast SEO Premium plugin v26.4 (Yoast SEO v27.2) - https:\/\/yoast.com\/product\/yoast-seo-premium-wordpress\/ -->\n<title>Organisation - H\u00fcffermann<\/title>\n<meta name=\"robots\" content=\"index, follow, max-snippet:-1, max-image-preview:large, max-video-preview:-1\" \/>\n<link rel=\"canonical\" href=\"https:\/\/hueffermann.de\/de\/unternehmen\/organisation\/\" \/>\n<meta property=\"og:locale\" content=\"de_DE\" \/>\n<meta property=\"og:type\" content=\"article\" \/>\n<meta property=\"og:title\" content=\"Organisation\" \/>\n<meta property=\"og:url\" content=\"https:\/\/hueffermann.de\/de\/unternehmen\/organisation\/\" \/>\n<meta property=\"og:site_name\" content=\"H\u00fcffermann\" \/>\n<meta property=\"article:modified_time\" content=\"2024-09-19T19:17:59+00:00\" \/>\n<meta name=\"twitter:card\" content=\"summary_large_image\" \/>\n<meta name=\"twitter:label1\" content=\"Gesch\u00e4tzte Lesezeit\" \/>\n\t<meta name=\"twitter:data1\" content=\"2\u00a0Minuten\" \/>\n<script type=\"application\/ld+json\" class=\"yoast-schema-graph\">{\"@context\":\"https:\/\/schema.org\",\"@graph\":[{\"@type\":\"WebPage\",\"@id\":\"https:\/\/hueffermann.de\/de\/unternehmen\/organisation\/\",\"url\":\"https:\/\/hueffermann.de\/de\/unternehmen\/organisation\/\",\"name\":\"Organisation - H\u00fcffermann\",\"isPartOf\":{\"@id\":\"https:\/\/hueffermann.de\/en\/#website\"},\"datePublished\":\"2024-04-04T09:19:35+00:00\",\"dateModified\":\"2024-09-19T19:17:59+00:00\",\"breadcrumb\":{\"@id\":\"https:\/\/hueffermann.de\/de\/unternehmen\/organisation\/#breadcrumb\"},\"inLanguage\":\"de\",\"potentialAction\":[{\"@type\":\"ReadAction\",\"target\":[\"https:\/\/hueffermann.de\/de\/unternehmen\/organisation\/\"]}]},{\"@type\":\"BreadcrumbList\",\"@id\":\"https:\/\/hueffermann.de\/de\/unternehmen\/organisation\/#breadcrumb\",\"itemListElement\":[{\"@type\":\"ListItem\",\"position\":1,\"name\":\"Home\",\"item\":\"https:\/\/hueffermann.de\/de\/home\/\"},{\"@type\":\"ListItem\",\"position\":2,\"name\":\"Unternehmen\",\"item\":\"https:\/\/hueffermann.de\/de\/unternehmen\/\"},{\"@type\":\"ListItem\",\"position\":3,\"name\":\"Organisation\"}]},{\"@type\":\"WebSite\",\"@id\":\"https:\/\/hueffermann.de\/en\/#website\",\"url\":\"https:\/\/hueffermann.de\/en\/\",\"name\":\"H\u00fcffermann\",\"description\":\"\",\"potentialAction\":[{\"@type\":\"SearchAction\",\"target\":{\"@type\":\"EntryPoint\",\"urlTemplate\":\"https:\/\/hueffermann.de\/en\/?s={search_term_string}\"},\"query-input\":{\"@type\":\"PropertyValueSpecification\",\"valueRequired\":true,\"valueName\":\"search_term_string\"}}],\"inLanguage\":\"de\"}]}<\/script>\n<!-- \/ Yoast SEO Premium plugin. -->","yoast_head_json":{"title":"Organisation - H\u00fcffermann","robots":{"index":"index","follow":"follow","max-snippet":"max-snippet:-1","max-image-preview":"max-image-preview:large","max-video-preview":"max-video-preview:-1"},"canonical":"https:\/\/hueffermann.de\/de\/unternehmen\/organisation\/","og_locale":"de_DE","og_type":"article","og_title":"Organisation","og_url":"https:\/\/hueffermann.de\/de\/unternehmen\/organisation\/","og_site_name":"H\u00fcffermann","article_modified_time":"2024-09-19T19:17:59+00:00","twitter_card":"summary_large_image","twitter_misc":{"Gesch\u00e4tzte Lesezeit":"2\u00a0Minuten"},"schema":{"@context":"https:\/\/schema.org","@graph":[{"@type":"WebPage","@id":"https:\/\/hueffermann.de\/de\/unternehmen\/organisation\/","url":"https:\/\/hueffermann.de\/de\/unternehmen\/organisation\/","name":"Organisation - H\u00fcffermann","isPartOf":{"@id":"https:\/\/hueffermann.de\/en\/#website"},"datePublished":"2024-04-04T09:19:35+00:00","dateModified":"2024-09-19T19:17:59+00:00","breadcrumb":{"@id":"https:\/\/hueffermann.de\/de\/unternehmen\/organisation\/#breadcrumb"},"inLanguage":"de","potentialAction":[{"@type":"ReadAction","target":["https:\/\/hueffermann.de\/de\/unternehmen\/organisation\/"]}]},{"@type":"BreadcrumbList","@id":"https:\/\/hueffermann.de\/de\/unternehmen\/organisation\/#breadcrumb","itemListElement":[{"@type":"ListItem","position":1,"name":"Home","item":"https:\/\/hueffermann.de\/de\/home\/"},{"@type":"ListItem","position":2,"name":"Unternehmen","item":"https:\/\/hueffermann.de\/de\/unternehmen\/"},{"@type":"ListItem","position":3,"name":"Organisation"}]},{"@type":"WebSite","@id":"https:\/\/hueffermann.de\/en\/#website","url":"https:\/\/hueffermann.de\/en\/","name":"H\u00fcffermann","description":"","potentialAction":[{"@type":"SearchAction","target":{"@type":"EntryPoint","urlTemplate":"https:\/\/hueffermann.de\/en\/?s={search_term_string}"},"query-input":{"@type":"PropertyValueSpecification","valueRequired":true,"valueName":"search_term_string"}}],"inLanguage":"de"}]}},"_links":{"self":[{"href":"https:\/\/hueffermann.de\/de\/wp-json\/wp\/v2\/pages\/38978","targetHints":{"allow":["GET"]}}],"collection":[{"href":"https:\/\/hueffermann.de\/de\/wp-json\/wp\/v2\/pages"}],"about":[{"href":"https:\/\/hueffermann.de\/de\/wp-json\/wp\/v2\/types\/page"}],"author":[{"embeddable":true,"href":"https:\/\/hueffermann.de\/de\/wp-json\/wp\/v2\/users\/5"}],"replies":[{"embeddable":true,"href":"https:\/\/hueffermann.de\/de\/wp-json\/wp\/v2\/comments?post=38978"}],"version-history":[{"count":14,"href":"https:\/\/hueffermann.de\/de\/wp-json\/wp\/v2\/pages\/38978\/revisions"}],"predecessor-version":[{"id":49306,"href":"https:\/\/hueffermann.de\/de\/wp-json\/wp\/v2\/pages\/38978\/revisions\/49306"}],"up":[{"embeddable":true,"href":"https:\/\/hueffermann.de\/de\/wp-json\/wp\/v2\/pages\/38697"}],"wp:attachment":[{"href":"https:\/\/hueffermann.de\/de\/wp-json\/wp\/v2\/media?parent=38978"}],"curies":[{"name":"wp","href":"https:\/\/api.w.org\/{rel}","templated":true}]}}