{"id":38996,"date":"2024-04-04T11:26:33","date_gmt":"2024-04-04T09:26:33","guid":{"rendered":"https:\/\/schwarzmueller.com\/?page_id=38996"},"modified":"2024-10-29T15:38:40","modified_gmt":"2024-10-29T14:38:40","slug":"schwarzmueller","status":"publish","type":"page","link":"https:\/\/hueffermann.de\/de\/unternehmen\/schwarzmueller\/","title":{"rendered":"Schwarzm\u00fcller"},"content":{"rendered":"\n<style type=\"text\/css\" data-created_by=\"avia_inline_auto\" id=\"style-css-av-lv3qwffc-b11ff320dd87b3aae9d3fd1fa528c599\">\n.avia-section.av-lv3qwffc-b11ff320dd87b3aae9d3fd1fa528c599{\nbackground-repeat:no-repeat;\nbackground-image:url(https:\/\/hueffermann.de\/wp-content\/uploads\/sites\/3\/2024\/05\/csm_schwarzmueller_unternehmen_granit_5b5e07eeec.jpg);\nbackground-position:50% 50%;\nbackground-attachment:scroll;\n}\n.avia-section.av-lv3qwffc-b11ff320dd87b3aae9d3fd1fa528c599 .av-section-color-overlay{\nopacity:0.5;\nbackground-color:#0a0a0a;\n}\n<\/style>\n<div id='av_section_1'  class='avia-section av-lv3qwffc-b11ff320dd87b3aae9d3fd1fa528c599 main_color avia-section-huge avia-no-border-styling  avia-builder-el-0  el_before_av_textblock  avia-builder-el-first  avia-full-stretch avia-bg-style-scroll av-section-color-overlay-active av-minimum-height av-minimum-height-custom av-height-custom  container_wrap sidebar_left'  data-section-bg-repeat='stretch' data-av_minimum_height_px='512'><div class=\"av-section-color-overlay-wrap\"><div class=\"av-section-color-overlay\"><\/div><div class='container av-section-cont-open' style='height:512px'><main  role=\"main\" itemprop=\"mainContentOfPage\"  class='template-page content  av-content-small units'><div class='post-entry post-entry-type-page post-entry-38996'><div class='entry-content-wrapper clearfix'>\n\n<style type=\"text\/css\" data-created_by=\"avia_inline_auto\" id=\"style-css-av-lv3qw0b0-c4dbe3ea569ffd8f720640c479a5b182\">\n#top .av_textblock_section.av-lv3qw0b0-c4dbe3ea569ffd8f720640c479a5b182 .avia_textblock{\ncolor:#ffffff;\n}\n<\/style>\n<section  class='av_textblock_section av-lv3qw0b0-c4dbe3ea569ffd8f720640c479a5b182 '   itemscope=\"itemscope\" itemtype=\"https:\/\/schema.org\/CreativeWork\" ><div class='avia_textblock hero-title av_inherit_color'  itemprop=\"text\" ><h1>Wilhelm Schwarzm\u00fcller GmbH<\/h1>\n<\/div><\/section>\n<\/div><\/div><\/main><!-- close content main element --><\/div><\/div><\/div><div id='after_section_1'  class='main_color av_default_container_wrap container_wrap sidebar_left'  ><div class='container av-section-cont-open' ><div class='template-page content  av-content-small units'><div class='post-entry post-entry-type-page post-entry-38996'><div class='entry-content-wrapper clearfix'>\n<section  class='av_textblock_section av-ka4p84-c3d7c145195c7d15997c47fe634cd3f6 '   itemscope=\"itemscope\" itemtype=\"https:\/\/schema.org\/CreativeWork\" ><div class='avia_textblock sch-breadcrumb'  itemprop=\"text\" ><div class=\"breadcrumb breadcrumbs avia-breadcrumbs\"><div class=\"breadcrumb-trail\" ><span class=\"trail-before\"><span class=\"breadcrumb-title\">Du bist hier:<\/span><\/span> <span  itemscope=\"itemscope\" itemtype=\"https:\/\/schema.org\/BreadcrumbList\" ><span  itemscope=\"itemscope\" itemtype=\"https:\/\/schema.org\/ListItem\" itemprop=\"itemListElement\" ><a itemprop=\"url\" href=\"https:\/\/hueffermann.de\/de\/\" title=\"H\u00fcffermann\" rel=\"home\" class=\"trail-begin\"><span itemprop=\"name\">Startseite<\/span><\/a><span itemprop=\"position\" class=\"hidden\">1<\/span><\/span><\/span><\/div><\/div>\n<\/div><\/section>\n<\/div><\/div><\/div><!-- close content main div --><\/div><\/div><div id='av_section_2'  class='avia-section av-lv3qwus6-289faef83ce24734db1185c6965249c7 main_color avia-section-huge avia-no-border-styling  avia-builder-el-3  el_after_av_textblock  el_before_av_section  avia-bg-style-scroll container_wrap sidebar_left'  ><div class='container av-section-cont-open' ><div class='template-page content  av-content-small units'><div class='post-entry post-entry-type-page post-entry-38996'><div class='entry-content-wrapper clearfix'>\n<div class='flex_column_table av-55byqic-60bd6557f8dcf0b4f336750bb8990a01 sc-av_one_full av-equal-height-column-flextable'><div  class='flex_column av-55byqic-60bd6557f8dcf0b4f336750bb8990a01 av_one_full  avia-builder-el-4  el_before_av_one_half  avia-builder-el-first  first flex_column_table_cell av-equal-height-column av-align-top  '     ><section  class='av_textblock_section av-lv3qx23i-212496149ea40443ac94b4be2d356fae '   itemscope=\"itemscope\" itemtype=\"https:\/\/schema.org\/CreativeWork\" ><div class='avia_textblock image-dark-section-title'  itemprop=\"text\" ><div id=\"c37893\" class=\"frame frame-type-text frame-layout-0 frame-space-before-none frame-space-after-extra-large frame-padding-top-none frame-padding-bottom-none frame-\">\n<div class=\"ce-content\">\n<h2 class=\"schwa-h3\"><strong>Kompetenz europaweit<\/strong><\/h2>\n<p><strong>L\u00f6sungsorientierung und Innovationskraft als Erfolgsfaktoren<\/strong><\/p>\n<\/div>\n<\/div>\n<div id=\"c37890\" class=\"frame frame-type-wst3bootstrap_container frame-layout-0 frame-space-before-none frame-space-after-none frame-padding-top-none frame-padding-bottom-none frame-\">\n<div class=\"ce-content\">\n<div class=\"groupelements bg- \">\n<div id=\"c37889\" class=\"frame frame-type-text frame-layout-0 frame-space-before-none frame-space-after-medium frame-padding-top-none frame-padding-bottom-none frame-\">\n<div class=\"ce-content\"><\/div>\n<\/div>\n<\/div>\n<\/div>\n<\/div>\n<\/div><\/section><\/div><\/div><!--close column table wrapper. Autoclose: 1 --><div  class='flex_column av-gv2ehg-62b391c335e42532fbce15826e4bf168 av_one_half  avia-builder-el-6  el_after_av_one_full  el_before_av_one_half  first flex_column_div  column-top-margin'     ><style type=\"text\/css\" data-created_by=\"avia_inline_auto\" id=\"style-css-av-lv3qxug0-f69111bf95246569d4a9f7e456942e6f\">\n.avia-image-container.av-lv3qxug0-f69111bf95246569d4a9f7e456942e6f img.avia_image{\nbox-shadow:none;\n}\n.avia-image-container.av-lv3qxug0-f69111bf95246569d4a9f7e456942e6f .av-image-caption-overlay-center{\ncolor:#ffffff;\n}\n<\/style>\n<div  class='avia-image-container av-lv3qxug0-f69111bf95246569d4a9f7e456942e6f av-styling- avia-align-center  avia-builder-el-7  avia-builder-el-no-sibling '   itemprop=\"image\" itemscope=\"itemscope\" itemtype=\"https:\/\/schema.org\/ImageObject\" ><div class=\"avia-image-container-inner\"><div class=\"avia-image-overlay-wrap\"><img decoding=\"async\" fetchpriority=\"high\" class='wp-image-43161 avia-img-lazy-loading-not-43161 avia_image ' src=\"https:\/\/hueffermann.de\/wp-content\/uploads\/sites\/3\/2024\/05\/csm_hanzing-luftaufnahme_1000x1000_d204e008e8.jpg\" alt='' title='csm_hanzing-luftaufnahme_1000x1000_d204e008e8'  height=\"700\" width=\"700\"  itemprop=\"thumbnailUrl\" srcset=\"https:\/\/hueffermann.de\/wp-content\/uploads\/sites\/3\/2024\/05\/csm_hanzing-luftaufnahme_1000x1000_d204e008e8.jpg 700w, https:\/\/hueffermann.de\/wp-content\/uploads\/sites\/3\/2024\/05\/csm_hanzing-luftaufnahme_1000x1000_d204e008e8-300x300.jpg 300w, https:\/\/hueffermann.de\/wp-content\/uploads\/sites\/3\/2024\/05\/csm_hanzing-luftaufnahme_1000x1000_d204e008e8-80x80.jpg 80w, https:\/\/hueffermann.de\/wp-content\/uploads\/sites\/3\/2024\/05\/csm_hanzing-luftaufnahme_1000x1000_d204e008e8-36x36.jpg 36w, https:\/\/hueffermann.de\/wp-content\/uploads\/sites\/3\/2024\/05\/csm_hanzing-luftaufnahme_1000x1000_d204e008e8-180x180.jpg 180w\" sizes=\"(max-width: 700px) 100vw, 700px\" \/><\/div><\/div><\/div><\/div><div  class='flex_column av-oib3g4-e1c66db971705b07fdd0494b62777b4b av_one_half  avia-builder-el-8  el_after_av_one_half  avia-builder-el-last  flex_column_div  column-top-margin'     ><section  class='av_textblock_section av-lw7mbxte-faa92ddb249edfeab956258b0456bd1f '   itemscope=\"itemscope\" itemtype=\"https:\/\/schema.org\/CreativeWork\" ><div class='avia_textblock image-dark-section-title'  itemprop=\"text\" ><p>Die Schwarzm\u00fcller Gruppe mit Sitz in Freinberg bei Sch\u00e4rding (\u00d6sterreich) ist einer der f\u00fchrenden Anbieter von gezogenen Nutzfahrzeugen in Europa. Das Unternehmen entwickelt, produziert und serviciert Premium-Fahrzeuge f\u00fcr ma\u00dfgeschneiderte Transportl\u00f6sungen mit Mehrwertgarantie. Schwarzm\u00fcller setzt als Innovations- und Technologief\u00fchrer mit seiner 150-j\u00e4hrigen Erfahrung die Benchmarks f\u00fcr Nutzfahrzeuge.<\/p>\n<p>Die Schwarzm\u00fcller Gruppe verf\u00fcgt \u00fcber eine internationale Organisation in 21 L\u00e4ndern Mittel- und Osteuropas.<\/p>\n<p>Im Mutterwerk Hanzing in Freinberg (\u00d6sterreich) sowie in den drei weiteren Produktionsst\u00e4tten Dunaharaszti (Ungarn), \u017debr\u00e1k (Tschechien) und Neustadt\/Dosse (Deutschland) fertigt das Unternehmen gemeinsam mit dem Tochterunternehmen H\u00fcffermann Transportsysteme j\u00e4hrlich mehr als 10.000 Anh\u00e4nger und LKW-Aufbauten der beiden Marken Schwarzm\u00fcller und H\u00fcffermann. Die Gruppe erwirtschaftet mit 2.150 Besch\u00e4ftigten einen Umsatz von 366 Millionen Euro (Stand: 2020).<\/p>\n<p>Neben dem Fahrzeugbau nach industriellen Standards setzt Schwarzm\u00fcller auf umfassende Serviceleistungen f\u00fcr jede Kundenanforderung. Wartung, Reparatur und Ersatzteilversorgung z\u00e4hlen dazu ebenso wie eine der gr\u00f6\u00dften europ\u00e4ischen Mietflotten, in der auch Spezialfahrzeuge zur Verf\u00fcgung stehen. Schwarzm\u00fcller betreibt weiters einen internationalen Handel mit Gebrauchtfahrzeugen.<\/p>\n<div>\n<div id=\"c37889\">\n<div><\/div>\n<\/div>\n<\/div>\n<\/div><\/section><\/div>\n\n<\/div><\/div><\/div><!-- close content main div --><\/div><\/div>\n<style type=\"text\/css\" data-created_by=\"avia_inline_auto\" id=\"style-css-av-lw7mp707-d79367bf1643e5afecb1b2aad6c11ac2\">\n.avia-section.av-lw7mp707-d79367bf1643e5afecb1b2aad6c11ac2{\nbackground-repeat:no-repeat;\nbackground-image:url(https:\/\/hueffermann.de\/wp-content\/uploads\/sites\/3\/2024\/05\/csm_background_as_fc22498690.jpg);\nbackground-position:50% 50%;\nbackground-attachment:scroll;\nmargin-top:0px;\nmargin-bottom:0px;\n}\n<\/style>\n<div id='av_section_3'  class='avia-section av-lw7mp707-d79367bf1643e5afecb1b2aad6c11ac2 main_color avia-section-default avia-no-border-styling  avia-builder-el-10  el_after_av_section  avia-builder-el-last  avia-full-stretch avia-bg-style-scroll av-minimum-height av-minimum-height-100 av-height-100  container_wrap sidebar_left'  data-section-bg-repeat='stretch' data-av_minimum_height_pc='100' data-av_min_height_opt='100'><div class='container av-section-cont-open' ><div class='template-page content  av-content-small units'><div class='post-entry post-entry-type-page post-entry-38996'><div class='entry-content-wrapper clearfix'>\n\n<style type=\"text\/css\" data-created_by=\"avia_inline_auto\" id=\"style-css-av-lw7mcz0c-8e342b4e9c8e242351f9fa513f321836\">\n#top .av_textblock_section.av-lw7mcz0c-8e342b4e9c8e242351f9fa513f321836 .avia_textblock{\ncolor:#ffffff;\ntext-align:center;\n}\n<\/style>\n<section  class='av_textblock_section av-lw7mcz0c-8e342b4e9c8e242351f9fa513f321836 '   itemscope=\"itemscope\" itemtype=\"https:\/\/schema.org\/CreativeWork\" ><div class='avia_textblock image-dark-section-heading av_inherit_color'  itemprop=\"text\" ><h2 class=\"align-center\">Unsere Schwarzm\u00fcller Standorte<\/h2>\n<p class=\"align-center\">Informationen zu unseren Produktionsst\u00e4tten, Service-Leistungen in den Niederlassungen und Kontaktinformationen<\/p>\n<\/div><\/section>\n<div  class='avia-button-wrap av-lw7mdiiw-e9c9068d65df684a4aaaa4e3a934934f-wrap avia-button-center  avia-builder-el-12  el_after_av_textblock  avia-builder-el-last  button-filled-red'>\n<style type=\"text\/css\" data-created_by=\"avia_inline_auto\" id=\"style-css-av-lw7mdiiw-e9c9068d65df684a4aaaa4e3a934934f\">\n#top #wrap_all .avia-button.av-lw7mdiiw-e9c9068d65df684a4aaaa4e3a934934f{\nborder-style:hidden;\nborder-radius:0 0 0 0;\ntransition:all 0.4s ease-in-out;\nmargin:2rem 0 2rem 0;\npadding:1rem 2rem 1rem 2rem;\n}\n#top #wrap_all .avia-button.av-lw7mdiiw-e9c9068d65df684a4aaaa4e3a934934f:hover{\nbackground-color:white;\ncolor:black;\ntransition:all 0.4s ease-in-out;\n}\n#top #wrap_all.avia-button.av-lw7mdiiw-e9c9068d65df684a4aaaa4e3a934934f:hover .avia_button_background{\nborder-radius:0 0 0 0;\n}\n#top #wrap_all .avia-button.av-lw7mdiiw-e9c9068d65df684a4aaaa4e3a934934f:hover .avia-svg-icon svg:first-child{\nfill:black;\nstroke:black;\n}\n<\/style>\n<a href='https:\/\/schwarzmueller.com\/de\/unternehmen\/standorte\/'  class='avia-button av-lw7mdiiw-e9c9068d65df684a4aaaa4e3a934934f av-link-btn avia-icon_select-no avia-size-medium avia-position-center avia-color-theme-color avia-font-color-theme-color'  target=\"_blank\"  rel=\"noopener noreferrer\"  aria-label=\"Mehr erfahren\"><span class='avia_iconbox_title' >Mehr erfahren<\/span><\/a><\/div>\n<\/div><\/div><\/div><!-- close content main div --><\/div><\/div><div id='after_section_3'  class='main_color av_default_container_wrap container_wrap sidebar_left'  ><div class='container av-section-cont-open' ><div class='template-page content  av-content-small units'><div class='post-entry post-entry-type-page post-entry-38996'><div class='entry-content-wrapper clearfix'>\n","protected":false},"excerpt":{"rendered":"","protected":false},"author":5,"featured_media":0,"parent":38697,"menu_order":0,"comment_status":"closed","ping_status":"closed","template":"","meta":{"_acf_changed":false,"_relevanssi_hide_post":"","_relevanssi_hide_content":"","_relevanssi_pin_for_all":"","_relevanssi_pin_keywords":"","_relevanssi_unpin_keywords":"","_relevanssi_related_keywords":"","_relevanssi_related_include_ids":"","_relevanssi_related_exclude_ids":"","_relevanssi_related_no_append":"","_relevanssi_related_not_related":"","_relevanssi_related_posts":"37326,37766,37744,37701,37363,37708","_relevanssi_noindex_reason":"","footnotes":""},"class_list":["post-38996","page","type-page","status-publish","hentry"],"acf":[],"yoast_head":"<!-- This site is optimized with the Yoast SEO Premium plugin v26.4 (Yoast SEO v27.2) - https:\/\/yoast.com\/product\/yoast-seo-premium-wordpress\/ -->\n<title>Schwarzm\u00fcller - H\u00fcffermann<\/title>\n<meta name=\"robots\" content=\"index, follow, max-snippet:-1, max-image-preview:large, max-video-preview:-1\" \/>\n<link rel=\"canonical\" href=\"https:\/\/hueffermann.de\/de\/unternehmen\/schwarzmueller\/\" \/>\n<meta property=\"og:locale\" content=\"de_DE\" \/>\n<meta property=\"og:type\" content=\"article\" \/>\n<meta property=\"og:title\" content=\"Schwarzm\u00fcller\" \/>\n<meta property=\"og:url\" content=\"https:\/\/hueffermann.de\/de\/unternehmen\/schwarzmueller\/\" \/>\n<meta property=\"og:site_name\" content=\"H\u00fcffermann\" \/>\n<meta property=\"article:modified_time\" content=\"2024-10-29T14:38:40+00:00\" \/>\n<meta name=\"twitter:card\" content=\"summary_large_image\" \/>\n<meta name=\"twitter:label1\" content=\"Gesch\u00e4tzte Lesezeit\" \/>\n\t<meta name=\"twitter:data1\" content=\"2\u00a0Minuten\" \/>\n<script type=\"application\/ld+json\" class=\"yoast-schema-graph\">{\"@context\":\"https:\/\/schema.org\",\"@graph\":[{\"@type\":\"WebPage\",\"@id\":\"https:\/\/hueffermann.de\/de\/unternehmen\/schwarzmueller\/\",\"url\":\"https:\/\/hueffermann.de\/de\/unternehmen\/schwarzmueller\/\",\"name\":\"Schwarzm\u00fcller - H\u00fcffermann\",\"isPartOf\":{\"@id\":\"https:\/\/hueffermann.de\/en\/#website\"},\"datePublished\":\"2024-04-04T09:26:33+00:00\",\"dateModified\":\"2024-10-29T14:38:40+00:00\",\"breadcrumb\":{\"@id\":\"https:\/\/hueffermann.de\/de\/unternehmen\/schwarzmueller\/#breadcrumb\"},\"inLanguage\":\"de\",\"potentialAction\":[{\"@type\":\"ReadAction\",\"target\":[\"https:\/\/hueffermann.de\/de\/unternehmen\/schwarzmueller\/\"]}]},{\"@type\":\"BreadcrumbList\",\"@id\":\"https:\/\/hueffermann.de\/de\/unternehmen\/schwarzmueller\/#breadcrumb\",\"itemListElement\":[{\"@type\":\"ListItem\",\"position\":1,\"name\":\"Home\",\"item\":\"https:\/\/hueffermann.de\/de\/home\/\"},{\"@type\":\"ListItem\",\"position\":2,\"name\":\"Unternehmen\",\"item\":\"https:\/\/hueffermann.de\/de\/unternehmen\/\"},{\"@type\":\"ListItem\",\"position\":3,\"name\":\"Schwarzm\u00fcller\"}]},{\"@type\":\"WebSite\",\"@id\":\"https:\/\/hueffermann.de\/en\/#website\",\"url\":\"https:\/\/hueffermann.de\/en\/\",\"name\":\"H\u00fcffermann\",\"description\":\"\",\"potentialAction\":[{\"@type\":\"SearchAction\",\"target\":{\"@type\":\"EntryPoint\",\"urlTemplate\":\"https:\/\/hueffermann.de\/en\/?s={search_term_string}\"},\"query-input\":{\"@type\":\"PropertyValueSpecification\",\"valueRequired\":true,\"valueName\":\"search_term_string\"}}],\"inLanguage\":\"de\"}]}<\/script>\n<!-- \/ Yoast SEO Premium plugin. -->","yoast_head_json":{"title":"Schwarzm\u00fcller - H\u00fcffermann","robots":{"index":"index","follow":"follow","max-snippet":"max-snippet:-1","max-image-preview":"max-image-preview:large","max-video-preview":"max-video-preview:-1"},"canonical":"https:\/\/hueffermann.de\/de\/unternehmen\/schwarzmueller\/","og_locale":"de_DE","og_type":"article","og_title":"Schwarzm\u00fcller","og_url":"https:\/\/hueffermann.de\/de\/unternehmen\/schwarzmueller\/","og_site_name":"H\u00fcffermann","article_modified_time":"2024-10-29T14:38:40+00:00","twitter_card":"summary_large_image","twitter_misc":{"Gesch\u00e4tzte Lesezeit":"2\u00a0Minuten"},"schema":{"@context":"https:\/\/schema.org","@graph":[{"@type":"WebPage","@id":"https:\/\/hueffermann.de\/de\/unternehmen\/schwarzmueller\/","url":"https:\/\/hueffermann.de\/de\/unternehmen\/schwarzmueller\/","name":"Schwarzm\u00fcller - H\u00fcffermann","isPartOf":{"@id":"https:\/\/hueffermann.de\/en\/#website"},"datePublished":"2024-04-04T09:26:33+00:00","dateModified":"2024-10-29T14:38:40+00:00","breadcrumb":{"@id":"https:\/\/hueffermann.de\/de\/unternehmen\/schwarzmueller\/#breadcrumb"},"inLanguage":"de","potentialAction":[{"@type":"ReadAction","target":["https:\/\/hueffermann.de\/de\/unternehmen\/schwarzmueller\/"]}]},{"@type":"BreadcrumbList","@id":"https:\/\/hueffermann.de\/de\/unternehmen\/schwarzmueller\/#breadcrumb","itemListElement":[{"@type":"ListItem","position":1,"name":"Home","item":"https:\/\/hueffermann.de\/de\/home\/"},{"@type":"ListItem","position":2,"name":"Unternehmen","item":"https:\/\/hueffermann.de\/de\/unternehmen\/"},{"@type":"ListItem","position":3,"name":"Schwarzm\u00fcller"}]},{"@type":"WebSite","@id":"https:\/\/hueffermann.de\/en\/#website","url":"https:\/\/hueffermann.de\/en\/","name":"H\u00fcffermann","description":"","potentialAction":[{"@type":"SearchAction","target":{"@type":"EntryPoint","urlTemplate":"https:\/\/hueffermann.de\/en\/?s={search_term_string}"},"query-input":{"@type":"PropertyValueSpecification","valueRequired":true,"valueName":"search_term_string"}}],"inLanguage":"de"}]}},"_links":{"self":[{"href":"https:\/\/hueffermann.de\/de\/wp-json\/wp\/v2\/pages\/38996","targetHints":{"allow":["GET"]}}],"collection":[{"href":"https:\/\/hueffermann.de\/de\/wp-json\/wp\/v2\/pages"}],"about":[{"href":"https:\/\/hueffermann.de\/de\/wp-json\/wp\/v2\/types\/page"}],"author":[{"embeddable":true,"href":"https:\/\/hueffermann.de\/de\/wp-json\/wp\/v2\/users\/5"}],"replies":[{"embeddable":true,"href":"https:\/\/hueffermann.de\/de\/wp-json\/wp\/v2\/comments?post=38996"}],"version-history":[{"count":14,"href":"https:\/\/hueffermann.de\/de\/wp-json\/wp\/v2\/pages\/38996\/revisions"}],"predecessor-version":[{"id":51648,"href":"https:\/\/hueffermann.de\/de\/wp-json\/wp\/v2\/pages\/38996\/revisions\/51648"}],"up":[{"embeddable":true,"href":"https:\/\/hueffermann.de\/de\/wp-json\/wp\/v2\/pages\/38697"}],"wp:attachment":[{"href":"https:\/\/hueffermann.de\/de\/wp-json\/wp\/v2\/media?parent=38996"}],"curies":[{"name":"wp","href":"https:\/\/api.w.org\/{rel}","templated":true}]}}