{"id":39002,"date":"2024-04-04T14:28:34","date_gmt":"2024-04-04T12:28:34","guid":{"rendered":"https:\/\/schwarzmueller.com\/?page_id=39002"},"modified":"2025-06-30T07:58:24","modified_gmt":"2025-06-30T05:58:24","slug":"ersatzteile","status":"publish","type":"page","link":"https:\/\/hueffermann.de\/de\/service\/ersatzteile\/","title":{"rendered":"Ersatzteile"},"content":{"rendered":"\n<style type=\"text\/css\" data-created_by=\"avia_inline_auto\" id=\"style-css-av-33w6nu-5c95b87aad95437162fc5ee3bdf019d3\">\n.avia-section.av-33w6nu-5c95b87aad95437162fc5ee3bdf019d3{\nbackground-repeat:no-repeat;\nbackground-image:url(https:\/\/hueffermann.de\/wp-content\/uploads\/sites\/3\/2024\/05\/csm_hueffermann-background-img-header-ersatzteile-dunkel-2x-20210927_6f3e43752b.jpg);\nbackground-position:50% 50%;\nbackground-attachment:scroll;\n}\n.avia-section.av-33w6nu-5c95b87aad95437162fc5ee3bdf019d3 .av-section-color-overlay{\nopacity:0.5;\nbackground-color:#0a0a0a;\n}\n<\/style>\n<div id='av_section_1'  class='avia-section av-33w6nu-5c95b87aad95437162fc5ee3bdf019d3 main_color avia-section-huge avia-no-border-styling  avia-builder-el-0  el_before_av_textblock  avia-builder-el-first  avia-full-stretch avia-bg-style-scroll av-section-color-overlay-active av-minimum-height av-minimum-height-custom av-height-custom  container_wrap sidebar_left'  data-section-bg-repeat='stretch' data-av_minimum_height_px='512'><div class=\"av-section-color-overlay-wrap\"><div class=\"av-section-color-overlay\"><\/div><div class='container av-section-cont-open' style='height:512px'><main  role=\"main\" itemprop=\"mainContentOfPage\"  class='template-page content  av-content-small units'><div class='post-entry post-entry-type-page post-entry-39002'><div class='entry-content-wrapper clearfix'>\n\n<style type=\"text\/css\" data-created_by=\"avia_inline_auto\" id=\"style-css-av-lv26z3qf-a2ec024430f2bcec46a1f0e5676b38a5\">\n#top .av_textblock_section.av-lv26z3qf-a2ec024430f2bcec46a1f0e5676b38a5 .avia_textblock{\ncolor:#ffffff;\n}\n<\/style>\n<section  class='av_textblock_section av-lv26z3qf-a2ec024430f2bcec46a1f0e5676b38a5 '   itemscope=\"itemscope\" itemtype=\"https:\/\/schema.org\/CreativeWork\" ><div class='avia_textblock hero-title av_inherit_color'  itemprop=\"text\" ><h1>Ersatzteile<\/h1>\n<h2 class=\"schwa-h5\">Das Original kann einfach mehr<\/h2>\n<\/div><\/section>\n<\/div><\/div><\/main><!-- close content main element --><\/div><\/div><\/div><div id='after_section_1'  class='main_color av_default_container_wrap container_wrap sidebar_left'  ><div class='container av-section-cont-open' ><div class='template-page content  av-content-small units'><div class='post-entry post-entry-type-page post-entry-39002'><div class='entry-content-wrapper clearfix'>\n<section  class='av_textblock_section av-wtwf22-543a863f2cf599a182183e002cc75d99 '   itemscope=\"itemscope\" itemtype=\"https:\/\/schema.org\/CreativeWork\" ><div class='avia_textblock sch-breadcrumb'  itemprop=\"text\" ><div class=\"breadcrumb breadcrumbs avia-breadcrumbs\"><div class=\"breadcrumb-trail\" ><span class=\"trail-before\"><span class=\"breadcrumb-title\">Du bist hier:<\/span><\/span> <span  itemscope=\"itemscope\" itemtype=\"https:\/\/schema.org\/BreadcrumbList\" ><span  itemscope=\"itemscope\" itemtype=\"https:\/\/schema.org\/ListItem\" itemprop=\"itemListElement\" ><a itemprop=\"url\" href=\"https:\/\/hueffermann.de\/de\/\" title=\"H\u00fcffermann\" rel=\"home\" class=\"trail-begin\"><span itemprop=\"name\">Startseite<\/span><\/a><span itemprop=\"position\" class=\"hidden\">1<\/span><\/span><\/span><\/div><\/div>\n<\/div><\/section>\n<\/div><\/div><\/div><!-- close content main div --><\/div><\/div><div id='av_section_2'  class='avia-section av-3zcq5p6-0d95b3ad9dcbd1560b1108c6bff5ce57 main_color avia-section-huge avia-no-border-styling  avia-builder-el-3  el_after_av_textblock  el_before_av_section  avia-bg-style-scroll container_wrap sidebar_left'  ><div class='container av-section-cont-open' ><div class='template-page content  av-content-small units'><div class='post-entry post-entry-type-page post-entry-39002'><div class='entry-content-wrapper clearfix'>\n<div class='flex_column_table av-3gfwzga-1c9e60efdfec746edbaa760845fabed2 sc-av_one_full av-equal-height-column-flextable'><div  class='flex_column av-3gfwzga-1c9e60efdfec746edbaa760845fabed2 av_one_full  avia-builder-el-4  el_before_av_one_full  avia-builder-el-first  first flex_column_table_cell av-equal-height-column av-align-top  '     ><style type=\"text\/css\" data-created_by=\"avia_inline_auto\" id=\"style-css-av-lv27zruy-bb4d53e4c254dc5df69d027de02304c5\">\n#top .av_textblock_section.av-lv27zruy-bb4d53e4c254dc5df69d027de02304c5 .avia_textblock{\ntext-align:left;\n}\n<\/style>\n<section  class='av_textblock_section av-lv27zruy-bb4d53e4c254dc5df69d027de02304c5 '   itemscope=\"itemscope\" itemtype=\"https:\/\/schema.org\/CreativeWork\" ><div class='avia_textblock image-dark-section-title'  itemprop=\"text\" ><h2><strong>Ersatzteile innerhalb 24 Stunden deutschlandweit<\/strong><\/h2>\n<\/div><\/section><\/div><\/div><!--close column table wrapper. Autoclose: 1 --><div class='flex_column_table av-4e3mdtm-ac100f8413b6f3be46a9ebda10677dc8 sc-av_one_full av-equal-height-column-flextable'><div  class='flex_column av-4e3mdtm-ac100f8413b6f3be46a9ebda10677dc8 av_one_full  avia-builder-el-6  el_after_av_one_full  el_before_av_one_fourth  first flex_column_table_cell av-equal-height-column av-align-top  column-top-margin'     ><section  class='av_textblock_section av-lv27v7v8-964807d7965b85e65257954685b332ab '   itemscope=\"itemscope\" itemtype=\"https:\/\/schema.org\/CreativeWork\" ><div class='avia_textblock'  itemprop=\"text\" ><p>Sie ben\u00f6tigen f\u00fcr Ihre Fahrzeuge Ersatz- oder Verschlei\u00dfteile? Unser modernes und flexibles Ersatzteillager h\u00e4lt eine umfangreiche Auswahl f\u00fcr Ihre W\u00fcnsche bereit. Unser Ersatzteilsortiment umfasst mehr als 10.000 Teile sowie Stahl- und Blechzuschnitte, die wir nach Ihren W\u00fcnschen bearbeiten k\u00f6nnen &#8211; auch f\u00fcr \u00e4ltere Baureihen. Gerne beraten wir Sie auch telefonisch und helfen Ihnen bei individuellen Anfragen. Sollten wir ein Teil einmal nicht vorr\u00e4tig haben, beschaffen wir es f\u00fcr Sie in k\u00fcrzester Zeit, auf Wunsch Lagerware per Express innerhalb 24 h innerhalb Deutschlands). Bestellungen nehmen wir rund um die Uhr an.<\/p>\n<p><strong>F\u00fcr einen Versand am selben Tag sollte eine Bestellung bis 14.30 Uhr erfolgen\u00a0(Mo &#8211; Fr).<\/strong><\/p>\n<p>Laufzeiten f\u00fcr Paketlieferungen nach \u00d6sterreich, die Niederlande oder Belgien ca. 1 Tag,<br \/>\nLaufzeiten f\u00fcr Paketlieferungen ins Europ\u00e4ische Ausland betragen \u00fcblicherweise 2 &#8211; 4 Tage.<br \/>\n(Verf\u00fcgbarkeit der Ersatzteile vorausgesetzt.)<\/p>\n<\/div><\/section><\/div><\/div><!--close column table wrapper. Autoclose: 1 --><div class='flex_column_table av-lw8124vz-05879dfb5eb15186061136f6ba7c84d6 sc-av_one_fourth av-equal-height-column-flextable'><div  class='flex_column av-lw8124vz-05879dfb5eb15186061136f6ba7c84d6 av_one_fourth  avia-builder-el-8  el_after_av_one_full  el_before_av_one_fourth  first flex_column_table_cell av-equal-height-column av-align-top  column-top-margin'     ><div  class='avia-button-wrap av-41r45kq-3640768173aa3e20a1e0ff18cf642249-wrap avia-button-left  avia-builder-el-9  avia-builder-el-no-sibling  button-filled-red'>\n<style type=\"text\/css\" data-created_by=\"avia_inline_auto\" id=\"style-css-av-41r45kq-3640768173aa3e20a1e0ff18cf642249\">\n#top #wrap_all .avia-button.av-41r45kq-3640768173aa3e20a1e0ff18cf642249{\nborder-style:none;\nborder-radius:0 0 0 0;\ntransition:all 0.4s ease-in-out;\nmargin:3rem 0 0 0;\n}\n#top #wrap_all .avia-button.av-41r45kq-3640768173aa3e20a1e0ff18cf642249:hover{\nbackground-color:white;\ncolor:black;\ntransition:all 0.4s ease-in-out;\n}\n#top #wrap_all.avia-button.av-41r45kq-3640768173aa3e20a1e0ff18cf642249:hover .avia_button_background{\nborder-radius:0 0 0 0;\n}\n#top #wrap_all .avia-button.av-41r45kq-3640768173aa3e20a1e0ff18cf642249:hover .avia-svg-icon svg:first-child{\nfill:black;\nstroke:black;\n}\n<\/style>\n<a href='https:\/\/shop-hueffermann.de\/'  class='avia-button av-41r45kq-3640768173aa3e20a1e0ff18cf642249 av-link-btn avia-icon_select-no avia-size-medium avia-position-left avia-color-theme-color avia-font-color-theme-color'  target=\"_blank\"  rel=\"noopener noreferrer\"  aria-label=\"Zum Ersatzteile-Shop\"><span class='avia_iconbox_title' >Zum Ersatzteile-Shop<\/span><\/a><\/div><\/div><div class='av-flex-placeholder'><\/div><div  class='flex_column av-lw8132kp-acdf97d63b94f3e07b30a9630af798a8 av_one_fourth  avia-builder-el-10  el_after_av_one_fourth  el_before_av_one_half  flex_column_table_cell av-equal-height-column av-align-top  column-top-margin'     ><div  class='avia-button-wrap av-lw80ud3t-436635b52b929f189bb0f21ae1a5445f-wrap avia-button-left  avia-builder-el-11  avia-builder-el-no-sibling  button-filled-red'>\n<style type=\"text\/css\" data-created_by=\"avia_inline_auto\" id=\"style-css-av-lw80ud3t-436635b52b929f189bb0f21ae1a5445f\">\n#top #wrap_all .avia-button.av-lw80ud3t-436635b52b929f189bb0f21ae1a5445f{\nborder-style:none;\nborder-radius:0 0 0 0;\ntransition:all 0.4s ease-in-out;\nmargin:3rem 0 0 0;\n}\n#top #wrap_all .avia-button.av-lw80ud3t-436635b52b929f189bb0f21ae1a5445f:hover{\nbackground-color:white;\ncolor:black;\ntransition:all 0.4s ease-in-out;\n}\n#top #wrap_all.avia-button.av-lw80ud3t-436635b52b929f189bb0f21ae1a5445f:hover .avia_button_background{\nborder-radius:0 0 0 0;\n}\n#top #wrap_all .avia-button.av-lw80ud3t-436635b52b929f189bb0f21ae1a5445f:hover .avia-svg-icon svg:first-child{\nfill:black;\nstroke:black;\n}\n<\/style>\n<a href='https:\/\/hueffermann.de\/wp-content\/uploads\/sites\/3\/2025\/05\/hm-ersatzteilkatalog.pdf'  class='avia-button av-lw80ud3t-436635b52b929f189bb0f21ae1a5445f av-link-btn avia-icon_select-no avia-size-medium avia-position-left avia-color-theme-color avia-font-color-theme-color'  target=\"_blank\"  rel=\"noopener noreferrer\"  aria-label=\"Ersatzteile-Katalog\"><span class='avia_iconbox_title' >Ersatzteile-Katalog<\/span><\/a><\/div><\/div><div class='av-flex-placeholder'><\/div><div  class='flex_column av-3kaku8q-b702b99973840e774b14d6dde0f37bf0 av_one_half  avia-builder-el-12  el_after_av_one_fourth  avia-builder-el-last  flex_column_table_cell av-equal-height-column av-align-top  column-top-margin'     ><\/div><\/div><!--close column table wrapper. Autoclose: 1 -->\n\n<\/div><\/div><\/div><!-- close content main div --><\/div><\/div>\n<style type=\"text\/css\" data-created_by=\"avia_inline_auto\" id=\"style-css-av-lw80wkdx-103f1c4db482cdde35989ddbf85d7788\">\n.avia-section.av-lw80wkdx-103f1c4db482cdde35989ddbf85d7788{\nbackground-color:#f7f7f7;\nbackground-image:unset;\n}\n<\/style>\n<div id='av_section_3'  class='avia-section av-lw80wkdx-103f1c4db482cdde35989ddbf85d7788 main_color avia-section-huge avia-no-border-styling  avia-builder-el-13  el_after_av_section  avia-builder-el-last  avia-bg-style-scroll container_wrap sidebar_left'  ><div class='container av-section-cont-open' ><div class='template-page content  av-content-small units'><div class='post-entry post-entry-type-page post-entry-39002'><div class='entry-content-wrapper clearfix'>\n\n<style type=\"text\/css\" data-created_by=\"avia_inline_auto\" id=\"style-css-av-lw80w8s5-9176b702c6df87f60f0ab9e219f303b3\">\n#top .av_textblock_section.av-lw80w8s5-9176b702c6df87f60f0ab9e219f303b3 .avia_textblock{\ntext-align:center;\n}\n<\/style>\n<section  class='av_textblock_section av-lw80w8s5-9176b702c6df87f60f0ab9e219f303b3 '   itemscope=\"itemscope\" itemtype=\"https:\/\/schema.org\/CreativeWork\" ><div class='avia_textblock image-dark-section-title'  itemprop=\"text\" ><div class=\"ce-header h2-mb ce-header-left\">\n<div class=\"ce-headline\">\n<div id=\"c69525\" class=\"frame frame-type-text frame-layout-0 frame-space-before-extra-large frame-padding-top-none frame-padding-bottom-none frame-\">\n<div class=\"ce-content\">\n<h2 class=\"align-center schwa-h3\"><strong>Ihre Ansprechpartner<\/strong><\/h2>\n<\/div>\n<\/div>\n<\/div>\n<\/div>\n<\/div><\/section>\n<div  class='flex_column av-3750noa-3bc70cfe556aea69971fd4d9d9e14547 av_one_third  avia-builder-el-15  el_after_av_textblock  el_before_av_one_third  first flex_column_div  column-top-margin'     ><style type=\"text\/css\" data-created_by=\"avia_inline_auto\" id=\"style-css-av-lw80xd4o-e229e37276b4a3209c13ae2286dd3fb1\">\n.avia-image-container.av-lw80xd4o-e229e37276b4a3209c13ae2286dd3fb1 img.avia_image{\nbox-shadow:none;\n}\n.avia-image-container.av-lw80xd4o-e229e37276b4a3209c13ae2286dd3fb1 .av-image-caption-overlay-center{\ncolor:#ffffff;\n}\n<\/style>\n<div  class='avia-image-container av-lw80xd4o-e229e37276b4a3209c13ae2286dd3fb1 av-styling- avia-align-center  avia-builder-el-16  avia-builder-el-no-sibling '   itemprop=\"image\" itemscope=\"itemscope\" itemtype=\"https:\/\/schema.org\/ImageObject\" ><div class=\"avia-image-container-inner\"><div class=\"avia-image-overlay-wrap\"><img decoding=\"async\" fetchpriority=\"high\" class='wp-image-52889 avia-img-lazy-loading-not-52889 avia_image ' src=\"https:\/\/hueffermann.de\/wp-content\/uploads\/sites\/3\/2025\/05\/vi22100.webp\" alt='' title='vi22100'  height=\"800\" width=\"640\"  itemprop=\"thumbnailUrl\" srcset=\"https:\/\/hueffermann.de\/wp-content\/uploads\/sites\/3\/2025\/05\/vi22100.webp 640w, https:\/\/hueffermann.de\/wp-content\/uploads\/sites\/3\/2025\/05\/vi22100-240x300.webp 240w, https:\/\/hueffermann.de\/wp-content\/uploads\/sites\/3\/2025\/05\/vi22100-564x705.webp 564w, https:\/\/hueffermann.de\/wp-content\/uploads\/sites\/3\/2025\/05\/vi22100-480x600.webp 480w\" sizes=\"(max-width: 640px) 100vw, 640px\" \/><\/div><\/div><\/div><\/div><div  class='flex_column av-2csmixm-f47745fbf743ed21a961e01bc36afc98 av_one_third  avia-builder-el-17  el_after_av_one_third  el_before_av_one_third  flex_column_div  column-top-margin'     ><style type=\"text\/css\" data-created_by=\"avia_inline_auto\" id=\"style-css-av-lw80xk03-1b8a47a3952e296aa6f2cfe4aeb17001\">\n.avia-image-container.av-lw80xk03-1b8a47a3952e296aa6f2cfe4aeb17001 img.avia_image{\nbox-shadow:none;\n}\n.avia-image-container.av-lw80xk03-1b8a47a3952e296aa6f2cfe4aeb17001 .av-image-caption-overlay-center{\ncolor:#ffffff;\n}\n<\/style>\n<div  class='avia-image-container av-lw80xk03-1b8a47a3952e296aa6f2cfe4aeb17001 av-styling- avia-align-center  avia-builder-el-18  avia-builder-el-no-sibling '   itemprop=\"image\" itemscope=\"itemscope\" itemtype=\"https:\/\/schema.org\/ImageObject\" ><div class=\"avia-image-container-inner\"><div class=\"avia-image-overlay-wrap\"><img decoding=\"async\" fetchpriority=\"high\" class='wp-image-52884 avia-img-lazy-loading-not-52884 avia_image ' src=\"https:\/\/hueffermann.de\/wp-content\/uploads\/sites\/3\/2025\/05\/ei58030.webp\" alt='' title='ei58030'  height=\"800\" width=\"640\"  itemprop=\"thumbnailUrl\" srcset=\"https:\/\/hueffermann.de\/wp-content\/uploads\/sites\/3\/2025\/05\/ei58030.webp 640w, https:\/\/hueffermann.de\/wp-content\/uploads\/sites\/3\/2025\/05\/ei58030-240x300.webp 240w, https:\/\/hueffermann.de\/wp-content\/uploads\/sites\/3\/2025\/05\/ei58030-564x705.webp 564w, https:\/\/hueffermann.de\/wp-content\/uploads\/sites\/3\/2025\/05\/ei58030-480x600.webp 480w\" sizes=\"(max-width: 640px) 100vw, 640px\" \/><\/div><\/div><\/div><\/div><div  class='flex_column av-27wmsii-9d33cb5f3f8370813ec6ae0380771833 av_one_third  avia-builder-el-19  el_after_av_one_third  el_before_av_one_third  flex_column_div  column-top-margin'     ><style type=\"text\/css\" data-created_by=\"avia_inline_auto\" id=\"style-css-av-lw80xqc1-ed9844968823c3441432e0dfbddb6585\">\n.avia-image-container.av-lw80xqc1-ed9844968823c3441432e0dfbddb6585 img.avia_image{\nbox-shadow:none;\n}\n.avia-image-container.av-lw80xqc1-ed9844968823c3441432e0dfbddb6585 .av-image-caption-overlay-center{\ncolor:#ffffff;\n}\n<\/style>\n<div  class='avia-image-container av-lw80xqc1-ed9844968823c3441432e0dfbddb6585 av-styling- avia-align-center  avia-builder-el-20  avia-builder-el-no-sibling '   itemprop=\"image\" itemscope=\"itemscope\" itemtype=\"https:\/\/schema.org\/ImageObject\" ><div class=\"avia-image-container-inner\"><div class=\"avia-image-overlay-wrap\"><img decoding=\"async\" fetchpriority=\"high\" class='wp-image-52879 avia-img-lazy-loading-not-52879 avia_image ' src=\"https:\/\/hueffermann.de\/wp-content\/uploads\/sites\/3\/2025\/05\/Hacker_Thomas_600x750-px.jpg\" alt='' title='Hacker_Thomas_600x750 px'  height=\"750\" width=\"600\"  itemprop=\"thumbnailUrl\" srcset=\"https:\/\/hueffermann.de\/wp-content\/uploads\/sites\/3\/2025\/05\/Hacker_Thomas_600x750-px.jpg 600w, https:\/\/hueffermann.de\/wp-content\/uploads\/sites\/3\/2025\/05\/Hacker_Thomas_600x750-px-240x300.jpg 240w, https:\/\/hueffermann.de\/wp-content\/uploads\/sites\/3\/2025\/05\/Hacker_Thomas_600x750-px-564x705.jpg 564w, https:\/\/hueffermann.de\/wp-content\/uploads\/sites\/3\/2025\/05\/Hacker_Thomas_600x750-px-480x600.jpg 480w\" sizes=\"(max-width: 600px) 100vw, 600px\" \/><\/div><\/div><\/div><\/div><div  class='flex_column av-1jbb7yy-c29a785ffa825d9e63a5c9cc13ac8e63 av_one_third  avia-builder-el-21  el_after_av_one_third  el_before_av_one_third  first flex_column_div  column-top-margin'     ><style type=\"text\/css\" data-created_by=\"avia_inline_auto\" id=\"style-css-av-lw80yfpk-4b8187b2d63b56a2f10252f57f7a69ee\">\n#top .av_textblock_section.av-lw80yfpk-4b8187b2d63b56a2f10252f57f7a69ee .avia_textblock{\ntext-align:center;\n}\n<\/style>\n<section  class='av_textblock_section av-lw80yfpk-4b8187b2d63b56a2f10252f57f7a69ee '   itemscope=\"itemscope\" itemtype=\"https:\/\/schema.org\/CreativeWork\" ><div class='avia_textblock image-dark-section-title'  itemprop=\"text\" ><div class=\"ce-header h2-mb ce-header-left\">\n<div class=\"ce-headline\">\n<div id=\"c69525\" class=\"frame frame-type-text frame-layout-0 frame-space-before-extra-large frame-padding-top-none frame-padding-bottom-none frame-\">\n<div class=\"ce-content\">\n<h3 class=\"align-center schwa-h6\"><strong>Sascha M\u00fcller<\/strong><\/h3>\n<p class=\"align-center\">Telefon: +49 33970 996\u00a0612<br \/>\nE-Mail:\u00a0<a href=\"mailto:Sascha.mueller@hueffermann.de\">Sascha.mueller@hueffermann.de<\/a><\/p>\n<\/div>\n<\/div>\n<\/div>\n<\/div>\n<\/div><\/section><\/div><div  class='flex_column av-zp4zcq-07ce41bd968a4fd02da01cbd5207131d av_one_third  avia-builder-el-23  el_after_av_one_third  el_before_av_one_third  flex_column_div  column-top-margin'     ><style type=\"text\/css\" data-created_by=\"avia_inline_auto\" id=\"style-css-av-lw80yo6v-208b59e16f0d904247bdc2719b453a70\">\n#top .av_textblock_section.av-lw80yo6v-208b59e16f0d904247bdc2719b453a70 .avia_textblock{\ntext-align:center;\n}\n<\/style>\n<section  class='av_textblock_section av-lw80yo6v-208b59e16f0d904247bdc2719b453a70 '   itemscope=\"itemscope\" itemtype=\"https:\/\/schema.org\/CreativeWork\" ><div class='avia_textblock image-dark-section-title'  itemprop=\"text\" ><div class=\"ce-header h2-mb ce-header-left\">\n<div class=\"ce-headline\">\n<div id=\"c69525\" class=\"frame frame-type-text frame-layout-0 frame-space-before-extra-large frame-padding-top-none frame-padding-bottom-none frame-\">\n<div class=\"ce-content\">\n<h3 class=\"align-center schwa-h6\"><strong>Yvonne Kolrep<\/strong><\/h3>\n<p class=\"align-center\">Telefon: +49 33970 996\u00a0611<br \/>\nE-Mail:\u00a0<a href=\"mailto:yvonne.kolrep@hueffermann.de\">Yvonne.kolrep@hueffermann.de<\/a><\/p>\n<\/div>\n<\/div>\n<\/div>\n<\/div>\n<\/div><\/section><\/div><div  class='flex_column av-vd9p6i-b46593c212320bea60b36ab56d696acc av_one_third  avia-builder-el-25  el_after_av_one_third  avia-builder-el-last  flex_column_div  column-top-margin'     ><style type=\"text\/css\" data-created_by=\"avia_inline_auto\" id=\"style-css-av-lw80yvnz-bad3c029a45ea7cbca52ff273b0d4f5a\">\n#top .av_textblock_section.av-lw80yvnz-bad3c029a45ea7cbca52ff273b0d4f5a .avia_textblock{\ntext-align:center;\n}\n<\/style>\n<section  class='av_textblock_section av-lw80yvnz-bad3c029a45ea7cbca52ff273b0d4f5a '   itemscope=\"itemscope\" itemtype=\"https:\/\/schema.org\/CreativeWork\" ><div class='avia_textblock image-dark-section-title'  itemprop=\"text\" ><div class=\"ce-header h2-mb ce-header-left\">\n<div class=\"ce-headline\">\n<div id=\"c69525\" class=\"frame frame-type-text frame-layout-0 frame-space-before-extra-large frame-padding-top-none frame-padding-bottom-none frame-\">\n<div class=\"ce-content\">\n<h3 class=\"align-center schwa-h6\">Thomas Hacker<\/h3>\n<p class=\"align-center\">Telefon: +49 33970 996 613<br \/>\nE-Mail: <a title=\"thomas.hacker@hueffermann.de\" href=\"mailto:thomas.hacker@hueffermann.de\">Thomas.hacker@hueffermann.de<\/a><\/p>\n<\/div>\n<\/div>\n<\/div>\n<\/div>\n<\/div><\/section><\/div><\/div><\/div><\/div><!-- close content main div --><\/div><\/div><div id='after_section_3'  class='main_color av_default_container_wrap container_wrap sidebar_left'  ><div class='container av-section-cont-open' ><div class='template-page content  av-content-small units'><div class='post-entry post-entry-type-page post-entry-39002'><div class='entry-content-wrapper clearfix'>\n","protected":false},"excerpt":{"rendered":"","protected":false},"author":5,"featured_media":0,"parent":38694,"menu_order":0,"comment_status":"closed","ping_status":"closed","template":"","meta":{"_acf_changed":false,"_relevanssi_hide_post":"","_relevanssi_hide_content":"","_relevanssi_pin_for_all":"","_relevanssi_pin_keywords":"","_relevanssi_unpin_keywords":"","_relevanssi_related_keywords":"","_relevanssi_related_include_ids":"","_relevanssi_related_exclude_ids":"","_relevanssi_related_no_append":"","_relevanssi_related_not_related":"","_relevanssi_related_posts":"37804,37396,37430,37386,37400,37813","_relevanssi_noindex_reason":"","footnotes":""},"class_list":["post-39002","page","type-page","status-publish","hentry"],"acf":[],"yoast_head":"<!-- This site is optimized with the Yoast SEO Premium plugin v26.4 (Yoast SEO v27.2) - https:\/\/yoast.com\/product\/yoast-seo-premium-wordpress\/ -->\n<title>Ersatzteile - H\u00fcffermann<\/title>\n<meta name=\"robots\" content=\"index, follow, max-snippet:-1, max-image-preview:large, max-video-preview:-1\" \/>\n<link rel=\"canonical\" href=\"https:\/\/hueffermann.de\/de\/service\/ersatzteile\/\" \/>\n<meta property=\"og:locale\" content=\"de_DE\" \/>\n<meta property=\"og:type\" content=\"article\" \/>\n<meta property=\"og:title\" content=\"Ersatzteile\" \/>\n<meta property=\"og:url\" content=\"https:\/\/hueffermann.de\/de\/service\/ersatzteile\/\" \/>\n<meta property=\"og:site_name\" content=\"H\u00fcffermann\" \/>\n<meta property=\"article:modified_time\" content=\"2025-06-30T05:58:24+00:00\" \/>\n<meta name=\"twitter:card\" content=\"summary_large_image\" \/>\n<meta name=\"twitter:label1\" content=\"Gesch\u00e4tzte Lesezeit\" \/>\n\t<meta name=\"twitter:data1\" content=\"2\u00a0Minuten\" \/>\n<script type=\"application\/ld+json\" class=\"yoast-schema-graph\">{\"@context\":\"https:\/\/schema.org\",\"@graph\":[{\"@type\":\"WebPage\",\"@id\":\"https:\/\/hueffermann.de\/de\/service\/ersatzteile\/\",\"url\":\"https:\/\/hueffermann.de\/de\/service\/ersatzteile\/\",\"name\":\"Ersatzteile - H\u00fcffermann\",\"isPartOf\":{\"@id\":\"https:\/\/hueffermann.de\/en\/#website\"},\"datePublished\":\"2024-04-04T12:28:34+00:00\",\"dateModified\":\"2025-06-30T05:58:24+00:00\",\"breadcrumb\":{\"@id\":\"https:\/\/hueffermann.de\/de\/service\/ersatzteile\/#breadcrumb\"},\"inLanguage\":\"de\",\"potentialAction\":[{\"@type\":\"ReadAction\",\"target\":[\"https:\/\/hueffermann.de\/de\/service\/ersatzteile\/\"]}]},{\"@type\":\"BreadcrumbList\",\"@id\":\"https:\/\/hueffermann.de\/de\/service\/ersatzteile\/#breadcrumb\",\"itemListElement\":[{\"@type\":\"ListItem\",\"position\":1,\"name\":\"Home\",\"item\":\"https:\/\/hueffermann.de\/de\/home\/\"},{\"@type\":\"ListItem\",\"position\":2,\"name\":\"Service\",\"item\":\"https:\/\/hueffermann.de\/de\/service\/\"},{\"@type\":\"ListItem\",\"position\":3,\"name\":\"Ersatzteile\"}]},{\"@type\":\"WebSite\",\"@id\":\"https:\/\/hueffermann.de\/en\/#website\",\"url\":\"https:\/\/hueffermann.de\/en\/\",\"name\":\"H\u00fcffermann\",\"description\":\"\",\"potentialAction\":[{\"@type\":\"SearchAction\",\"target\":{\"@type\":\"EntryPoint\",\"urlTemplate\":\"https:\/\/hueffermann.de\/en\/?s={search_term_string}\"},\"query-input\":{\"@type\":\"PropertyValueSpecification\",\"valueRequired\":true,\"valueName\":\"search_term_string\"}}],\"inLanguage\":\"de\"}]}<\/script>\n<!-- \/ Yoast SEO Premium plugin. -->","yoast_head_json":{"title":"Ersatzteile - H\u00fcffermann","robots":{"index":"index","follow":"follow","max-snippet":"max-snippet:-1","max-image-preview":"max-image-preview:large","max-video-preview":"max-video-preview:-1"},"canonical":"https:\/\/hueffermann.de\/de\/service\/ersatzteile\/","og_locale":"de_DE","og_type":"article","og_title":"Ersatzteile","og_url":"https:\/\/hueffermann.de\/de\/service\/ersatzteile\/","og_site_name":"H\u00fcffermann","article_modified_time":"2025-06-30T05:58:24+00:00","twitter_card":"summary_large_image","twitter_misc":{"Gesch\u00e4tzte Lesezeit":"2\u00a0Minuten"},"schema":{"@context":"https:\/\/schema.org","@graph":[{"@type":"WebPage","@id":"https:\/\/hueffermann.de\/de\/service\/ersatzteile\/","url":"https:\/\/hueffermann.de\/de\/service\/ersatzteile\/","name":"Ersatzteile - H\u00fcffermann","isPartOf":{"@id":"https:\/\/hueffermann.de\/en\/#website"},"datePublished":"2024-04-04T12:28:34+00:00","dateModified":"2025-06-30T05:58:24+00:00","breadcrumb":{"@id":"https:\/\/hueffermann.de\/de\/service\/ersatzteile\/#breadcrumb"},"inLanguage":"de","potentialAction":[{"@type":"ReadAction","target":["https:\/\/hueffermann.de\/de\/service\/ersatzteile\/"]}]},{"@type":"BreadcrumbList","@id":"https:\/\/hueffermann.de\/de\/service\/ersatzteile\/#breadcrumb","itemListElement":[{"@type":"ListItem","position":1,"name":"Home","item":"https:\/\/hueffermann.de\/de\/home\/"},{"@type":"ListItem","position":2,"name":"Service","item":"https:\/\/hueffermann.de\/de\/service\/"},{"@type":"ListItem","position":3,"name":"Ersatzteile"}]},{"@type":"WebSite","@id":"https:\/\/hueffermann.de\/en\/#website","url":"https:\/\/hueffermann.de\/en\/","name":"H\u00fcffermann","description":"","potentialAction":[{"@type":"SearchAction","target":{"@type":"EntryPoint","urlTemplate":"https:\/\/hueffermann.de\/en\/?s={search_term_string}"},"query-input":{"@type":"PropertyValueSpecification","valueRequired":true,"valueName":"search_term_string"}}],"inLanguage":"de"}]}},"_links":{"self":[{"href":"https:\/\/hueffermann.de\/de\/wp-json\/wp\/v2\/pages\/39002","targetHints":{"allow":["GET"]}}],"collection":[{"href":"https:\/\/hueffermann.de\/de\/wp-json\/wp\/v2\/pages"}],"about":[{"href":"https:\/\/hueffermann.de\/de\/wp-json\/wp\/v2\/types\/page"}],"author":[{"embeddable":true,"href":"https:\/\/hueffermann.de\/de\/wp-json\/wp\/v2\/users\/5"}],"replies":[{"embeddable":true,"href":"https:\/\/hueffermann.de\/de\/wp-json\/wp\/v2\/comments?post=39002"}],"version-history":[{"count":26,"href":"https:\/\/hueffermann.de\/de\/wp-json\/wp\/v2\/pages\/39002\/revisions"}],"predecessor-version":[{"id":52991,"href":"https:\/\/hueffermann.de\/de\/wp-json\/wp\/v2\/pages\/39002\/revisions\/52991"}],"up":[{"embeddable":true,"href":"https:\/\/hueffermann.de\/de\/wp-json\/wp\/v2\/pages\/38694"}],"wp:attachment":[{"href":"https:\/\/hueffermann.de\/de\/wp-json\/wp\/v2\/media?parent=39002"}],"curies":[{"name":"wp","href":"https:\/\/api.w.org\/{rel}","templated":true}]}}