{"id":39011,"date":"2024-04-04T14:31:39","date_gmt":"2024-04-04T12:31:39","guid":{"rendered":"https:\/\/schwarzmueller.com\/?page_id=39011"},"modified":"2024-09-12T17:28:11","modified_gmt":"2024-09-12T15:28:11","slug":"eichstelle","status":"publish","type":"page","link":"https:\/\/hueffermann.de\/de\/eichstelle\/","title":{"rendered":"Eichstelle"},"content":{"rendered":"\n<style type=\"text\/css\" data-created_by=\"avia_inline_auto\" id=\"style-css-av-lv2et5h5-b0804c2273601166585d04afe81d956d\">\n.avia-section.av-lv2et5h5-b0804c2273601166585d04afe81d956d{\nbackground-repeat:no-repeat;\nbackground-image:url(https:\/\/hueffermann.de\/wp-content\/uploads\/sites\/3\/2024\/04\/csm_titelbild_tank_eichstelle_b6a5973736.jpg);\nbackground-position:50% 50%;\nbackground-attachment:scroll;\n}\n.avia-section.av-lv2et5h5-b0804c2273601166585d04afe81d956d .av-section-color-overlay{\nopacity:0.5;\nbackground-color:#0a0a0a;\n}\n<\/style>\n<div id='av_section_1'  class='avia-section av-lv2et5h5-b0804c2273601166585d04afe81d956d main_color avia-section-huge avia-no-border-styling  avia-builder-el-0  el_before_av_textblock  avia-builder-el-first  avia-full-stretch avia-bg-style-scroll av-section-color-overlay-active av-minimum-height av-minimum-height-custom av-height-custom  container_wrap sidebar_left'  data-section-bg-repeat='stretch' data-av_minimum_height_px='512'><div class=\"av-section-color-overlay-wrap\"><div class=\"av-section-color-overlay\"><\/div><div class='container av-section-cont-open' style='height:512px'><main  role=\"main\" itemprop=\"mainContentOfPage\"  class='template-page content  av-content-small units'><div class='post-entry post-entry-type-page post-entry-39011'><div class='entry-content-wrapper clearfix'>\n\n<style type=\"text\/css\" data-created_by=\"avia_inline_auto\" id=\"style-css-av-lv2e6tep-20558e83c8a262a8e486ebbc4b99bd85\">\n#top .av_textblock_section.av-lv2e6tep-20558e83c8a262a8e486ebbc4b99bd85 .avia_textblock{\ncolor:#ffffff;\n}\n<\/style>\n<section  class='av_textblock_section av-lv2e6tep-20558e83c8a262a8e486ebbc4b99bd85 '   itemscope=\"itemscope\" itemtype=\"https:\/\/schema.org\/CreativeWork\" ><div class='avia_textblock hero-title av_inherit_color'  itemprop=\"text\" ><h1>Eichstelle<\/h1>\n<\/div><\/section>\n<\/div><\/div><\/main><!-- close content main element --><\/div><\/div><\/div><div id='after_section_1'  class='main_color av_default_container_wrap container_wrap sidebar_left'  ><div class='container av-section-cont-open' ><div class='template-page content  av-content-small units'><div class='post-entry post-entry-type-page post-entry-39011'><div class='entry-content-wrapper clearfix'>\n<section  class='av_textblock_section av-av_textblock-0f5dd564c52208a3534782827e50b6d3 '   itemscope=\"itemscope\" itemtype=\"https:\/\/schema.org\/CreativeWork\" ><div class='avia_textblock sch-breadcrumb'  itemprop=\"text\" ><div class=\"breadcrumb breadcrumbs avia-breadcrumbs\"><div class=\"breadcrumb-trail\" ><span class=\"trail-before\"><span class=\"breadcrumb-title\">Du bist hier:<\/span><\/span> <span  itemscope=\"itemscope\" itemtype=\"https:\/\/schema.org\/BreadcrumbList\" ><span  itemscope=\"itemscope\" itemtype=\"https:\/\/schema.org\/ListItem\" itemprop=\"itemListElement\" ><a itemprop=\"url\" href=\"https:\/\/hueffermann.de\/de\/\" title=\"H\u00fcffermann\" rel=\"home\" class=\"trail-begin\"><span itemprop=\"name\">Startseite<\/span><\/a><span itemprop=\"position\" class=\"hidden\">1<\/span><\/span><\/span><\/div><\/div>\n<\/div><\/section>\n<\/div><\/div><\/div><!-- close content main div --><\/div><\/div><div id='av_section_2'  class='avia-section av-6euyxr7-3c9aa38913193aad7c986f6b3b83002a main_color avia-section-huge avia-no-border-styling  avia-builder-el-3  el_after_av_textblock  el_before_av_section  avia-bg-style-scroll container_wrap sidebar_left'  ><div class='container av-section-cont-open' ><div class='template-page content  av-content-small units'><div class='post-entry post-entry-type-page post-entry-39011'><div class='entry-content-wrapper clearfix'>\n\n<style type=\"text\/css\" data-created_by=\"avia_inline_auto\" id=\"style-css-av-lv2e7du1-5d65f2e3342505d005c099a3bc75b350\">\n#top .av_textblock_section.av-lv2e7du1-5d65f2e3342505d005c099a3bc75b350 .avia_textblock{\ntext-align:left;\n}\n<\/style>\n<section  class='av_textblock_section av-lv2e7du1-5d65f2e3342505d005c099a3bc75b350 '   itemscope=\"itemscope\" itemtype=\"https:\/\/schema.org\/CreativeWork\" ><div class='avia_textblock image-dark-section-title'  itemprop=\"text\" ><h4>Amtliche Eichung in den Schwarzm\u00fcller Werkst\u00e4tten \/ Pr\u00fcfr\u00e4umen<\/h4>\n<\/div><\/section>\n<div class='flex_column_table av-5l63fer-c6663035bb12e9cdcdc0d85b04516973 sc-av_one_half av-equal-height-column-flextable'><div  class='flex_column av-5l63fer-c6663035bb12e9cdcdc0d85b04516973 av_one_half  avia-builder-el-5  el_after_av_textblock  el_before_av_one_half  first flex_column_table_cell av-equal-height-column av-align-top  column-top-margin'     ><p><section  class='av_textblock_section av-lv2en5z9-91bdf96dd0f35e698903bffc0029a347 '   itemscope=\"itemscope\" itemtype=\"https:\/\/schema.org\/CreativeWork\" ><div class='avia_textblock'  itemprop=\"text\" ><p><strong>Tankfahrzeuge k\u00f6nnen an den unternehmenseigenen Service-Standorten \u00fcberpr\u00fcft werden , denn Schwarzm\u00fcller besitzt eine amtliche Erm\u00e4chtigung als Eichstelle.<\/strong><\/p>\n<p>Diese Dienstleistung wird an sechs Standorten in \u00d6sterreich angeboten. Unsere Kunden haben den Vorteil, dass sie die Eichung mit anderen Wartungs- und Reparaturarbeiten im One-Stop-Verfahren durchf\u00fchren lassen k\u00f6nnen. F\u00fcr die Schwarzm\u00fcller Gruppe ist die amtliche Eichung ein Service der Kundenn\u00e4he, die das Unternehmen f\u00fcr den gesamten Lebenszyklus seiner Tankfahrzeuge anbietet.<br \/>\nIn den Monaten April bis September haben wir die Eichkosten gesenkt:<\/p>\n<\/div><\/section><br \/>\n<div  class='avia-button-wrap av-lv2e8fur-211ace3c53ae65db5df262be20102f94-wrap avia-button-left  avia-builder-el-7  el_after_av_textblock  avia-builder-el-last  button-filled-red'>\n<style type=\"text\/css\" data-created_by=\"avia_inline_auto\" id=\"style-css-av-lv2e8fur-211ace3c53ae65db5df262be20102f94\">\n#top #wrap_all .avia-button.av-lv2e8fur-211ace3c53ae65db5df262be20102f94{\nborder-style:none;\nborder-radius:0 0 0 0;\ntransition:all 0.4s ease-in-out;\nmargin:3rem 0 0 0;\n}\n#top #wrap_all .avia-button.av-lv2e8fur-211ace3c53ae65db5df262be20102f94:hover{\ncolor:white;\ntransition:all 0.4s ease-in-out;\n}\n#top #wrap_all.avia-button.av-lv2e8fur-211ace3c53ae65db5df262be20102f94:hover .avia_button_background{\nborder-radius:0 0 0 0;\n}\n#top #wrap_all .avia-button.av-lv2e8fur-211ace3c53ae65db5df262be20102f94:hover .avia-svg-icon svg:first-child{\nfill:white;\nstroke:white;\n}\n<\/style>\n<a href='https:\/\/hueffermann.de\/de\/service\/service-downloads\/'  class='avia-button av-lv2e8fur-211ace3c53ae65db5df262be20102f94 av-link-btn avia-icon_select-no avia-size-medium avia-position-left avia-color-theme-color-highlight avia-font-color-white'   aria-label=\"Zu den Service-Angeboten\"><span class='avia_iconbox_title' >Zu den Service-Angeboten<\/span><span class='avia_button_background avia-button avia-color-light' ><\/span><\/a><\/div><\/p><\/div><div class='av-flex-placeholder'><\/div><div  class='flex_column av-57z83b7-f612906ba814dda09e5aa7aff66a2a8f av_one_half  avia-builder-el-8  el_after_av_one_half  avia-builder-el-last  flex_column_table_cell av-equal-height-column av-align-top  column-top-margin'     ><style type=\"text\/css\" data-created_by=\"avia_inline_auto\" id=\"style-css-av-lv2e8zf2-facd56882e6534c1742f5c106608b24c\">\n.avia-image-container.av-lv2e8zf2-facd56882e6534c1742f5c106608b24c img.avia_image{\nbox-shadow:none;\n}\n.avia-image-container.av-lv2e8zf2-facd56882e6534c1742f5c106608b24c .av-image-caption-overlay-center{\ncolor:#ffffff;\n}\n<\/style>\n<div  class='avia-image-container av-lv2e8zf2-facd56882e6534c1742f5c106608b24c av-styling- avia-align-center  avia-builder-el-9  avia-builder-el-no-sibling '   itemprop=\"image\" itemscope=\"itemscope\" itemtype=\"https:\/\/schema.org\/ImageObject\" ><div class=\"avia-image-container-inner\"><div class=\"avia-image-overlay-wrap\"><img decoding=\"async\" fetchpriority=\"high\" class='wp-image-41032 avia-img-lazy-loading-not-41032 avia_image ' src=\"https:\/\/hueffermann.de\/wp-content\/uploads\/sites\/3\/2024\/04\/csm_pump-und-messanlage_3dad201e3c.jpg\" alt='' title='csm_pump-und-messanlage_3dad201e3c'  height=\"467\" width=\"700\"  itemprop=\"thumbnailUrl\" srcset=\"https:\/\/hueffermann.de\/wp-content\/uploads\/sites\/3\/2024\/04\/csm_pump-und-messanlage_3dad201e3c.jpg 700w, https:\/\/hueffermann.de\/wp-content\/uploads\/sites\/3\/2024\/04\/csm_pump-und-messanlage_3dad201e3c-300x200.jpg 300w\" sizes=\"(max-width: 700px) 100vw, 700px\" \/><\/div><\/div><\/div><\/div><\/div><!--close column table wrapper. Autoclose: 1 -->\n\n<\/div><\/div><\/div><!-- close content main div --><\/div><\/div><div id='av_section_3'  class='avia-section av-50z9g3n-23cbc2c5c0743e078b31f13586a3bfcc main_color avia-section-huge avia-no-border-styling  avia-builder-el-10  el_after_av_section  el_before_av_section  avia-bg-style-scroll container_wrap sidebar_left'  ><div class='container av-section-cont-open' ><div class='template-page content  av-content-small units'><div class='post-entry post-entry-type-page post-entry-39011'><div class='entry-content-wrapper clearfix'>\n\n<style type=\"text\/css\" data-created_by=\"avia_inline_auto\" id=\"style-css-av-lv2ea4rd-5743168d38368bc586ec8cfc777ada29\">\n#top .av_textblock_section.av-lv2ea4rd-5743168d38368bc586ec8cfc777ada29 .avia_textblock{\ntext-align:left;\n}\n<\/style>\n<section  class='av_textblock_section av-lv2ea4rd-5743168d38368bc586ec8cfc777ada29 '   itemscope=\"itemscope\" itemtype=\"https:\/\/schema.org\/CreativeWork\" ><div class='avia_textblock image-dark-section-title'  itemprop=\"text\" ><div id=\"c15768\" class=\"frame frame-type-text frame-layout-0 frame-space-before-extra-large frame-space-after-medium frame-padding-top-none frame-padding-bottom-none  frame-\">\n<div class=\"ce-content\">\n<h6><strong>Unsere Eichstellen in \u00d6sterreich<\/strong><\/h6>\n<\/div>\n<\/div>\n<\/div><\/section>\n<div class='flex_column_table av-4i1sp37-cb421936cd691ae3273cb2fb8ab8c25d sc-av_one_half av-equal-height-column-flextable'><div  class='flex_column av-4i1sp37-cb421936cd691ae3273cb2fb8ab8c25d av_one_half  avia-builder-el-12  el_after_av_textblock  el_before_av_one_half  first flex_column_table_cell av-equal-height-column av-align-top  column-top-margin'     ><section  class='av_textblock_section av-lv2e7qzc-c3ad77799000c791a97b1b2966676994 '   itemscope=\"itemscope\" itemtype=\"https:\/\/schema.org\/CreativeWork\" ><div class='avia_textblock'  itemprop=\"text\" ><p><strong>Schwarzm\u00fcller GmbH, Freinberg<\/strong><br \/>\nHanzing 11, 4785 Freinberg<br \/>\nRoland Gnida Tel.:\u00a0<a title=\"+43 7713 800-433\" href=\"tel:+437713800433\">+43 7713 800-433<\/a><br \/>\n<a href=\"mailto:roland.gnida@schwarzmueller.com\">roland.gnida@schwarzmueller.com<\/a><\/p>\n<p><strong>Schwarzm\u00fcller GmbH, Wels<\/strong><br \/>\nLinzer Stra\u00dfe 258, 4600 Wels<br \/>\nHelmut K\u00f6berl Tel.:\u00a0<a title=\"+43 7242 47331-526\" href=\"tel:+43724247331526\">+43 7242 47331-526<\/a><br \/>\n<a href=\"mailto:helmut.koeberl@schwarzmueller.com\">helmut.koeberl@schwarzmueller.com<\/a><\/p>\n<p><strong>Schwarzm\u00fcller GmbH, Wien<\/strong><br \/>\nRichard-Strauss-Stra\u00dfe 30, 1230 Wien<br \/>\nPetra Lindner Tel.:\u00a0<a title=\"+43 1 6164570-2303\" href=\"tel:+43161645702303\">+43 1 6164570-2303<\/a><br \/>\n<a href=\"mailto:petra.lindner@schwarzmueller.com\">petra.lindner@schwarzmueller.com<\/a><\/p>\n<\/div><\/section><\/div><div class='av-flex-placeholder'><\/div><div  class='flex_column av-41rrqcj-9dfa67b1ce15ab9deea7c0ebb2feb29e av_one_half  avia-builder-el-14  el_after_av_one_half  el_before_av_one_full  flex_column_table_cell av-equal-height-column av-align-top  column-top-margin'     ><section  class='av_textblock_section av-lv2ebf3q-8dbdb28d409f266ae77bb22263f6993d '   itemscope=\"itemscope\" itemtype=\"https:\/\/schema.org\/CreativeWork\" ><div class='avia_textblock'  itemprop=\"text\" ><p><strong>Schwarzm\u00fcller GmbH, Lieboch<\/strong><br \/>\nHans-Thalhammer-Stra\u00dfe 11, 8501 Lieboch<br \/>\nSanel Masic:\u00a0<a title=\"+43 3136 61056-2451\" href=\"tel:+433136610562451\" target=\"311\" rel=\"noopener\">+43 3136 61056-2451<\/a><br \/>\n<a href=\"mailto:sanel.masic@schwarzmueller.com\">sanel.masic@schwarzmueller.com<\/a><\/p>\n<p><strong>Schwarzm\u00fcller GmbH, Kramsach<\/strong><br \/>\nAmerling 110, 6233 Kramsach<br \/>\nHeimo Rieder:\u00a0<a title=\"+43 5337 63114-585\" href=\"tel:+43533763114585\" target=\"311\" rel=\"noopener\">+43 5337 63114-585<\/a><br \/>\n<a href=\"mailto:heimo.rieder@schwarzmueller.com\">heimo.rieder@schwarzmueller.com<\/a><\/p>\n<p><strong>Schwarzm\u00fcller GmbH, M\u00e4der<\/strong><br \/>\nIndustriestra\u00dfe 11, 6841 M\u00e4der<br \/>\nJ\u00fcrgen Fechtig:\u00a0<a title=\"+43 5523 62105-2507\" href=\"tel:+435523621052507\" target=\"311\" rel=\"noopener\">+43 5523 62105-2507<\/a><br \/>\n<a href=\"mailto:juergen.fechtig@schwarzmueller.com\">juergen.fechtig@schwarzmueller.com<\/a><\/p>\n<\/div><\/section><\/div><\/div><!--close column table wrapper. Autoclose: 1 --><div  class='flex_column av-3eisk4j-d69f7c63a330fa6edd03c40f60678c88 av_one_full  avia-builder-el-16  el_after_av_one_half  avia-builder-el-last  first flex_column_div  column-top-margin'     ><style type=\"text\/css\" data-created_by=\"avia_inline_auto\" id=\"style-css-av-lv2ecael-01d726c89cbe91704c3e08ca5c5b8019\">\n.avia-image-container.av-lv2ecael-01d726c89cbe91704c3e08ca5c5b8019 img.avia_image{\nbox-shadow:none;\n}\n.avia-image-container.av-lv2ecael-01d726c89cbe91704c3e08ca5c5b8019 .av-image-caption-overlay-center{\ncolor:#ffffff;\n}\n<\/style>\n<div  class='avia-image-container av-lv2ecael-01d726c89cbe91704c3e08ca5c5b8019 av-styling- avia-align-center  avia-builder-el-17  avia-builder-el-no-sibling '   itemprop=\"image\" itemscope=\"itemscope\" itemtype=\"https:\/\/schema.org\/ImageObject\" ><div class=\"avia-image-container-inner\"><div class=\"avia-image-overlay-wrap\"><img decoding=\"async\" fetchpriority=\"high\" class='wp-image-41037 avia-img-lazy-loading-not-41037 avia_image ' src=\"https:\/\/hueffermann.de\/wp-content\/uploads\/sites\/3\/2024\/04\/csm_sm-eichstelle-matrix-20230522_676041a216.jpg\" alt='' title='csm_sm-eichstelle-matrix-20230522_676041a216'  height=\"353\" width=\"1400\"  itemprop=\"thumbnailUrl\" srcset=\"https:\/\/hueffermann.de\/wp-content\/uploads\/sites\/3\/2024\/04\/csm_sm-eichstelle-matrix-20230522_676041a216.jpg 1400w, https:\/\/hueffermann.de\/wp-content\/uploads\/sites\/3\/2024\/04\/csm_sm-eichstelle-matrix-20230522_676041a216-300x76.jpg 300w, https:\/\/hueffermann.de\/wp-content\/uploads\/sites\/3\/2024\/04\/csm_sm-eichstelle-matrix-20230522_676041a216-1030x260.jpg 1030w, https:\/\/hueffermann.de\/wp-content\/uploads\/sites\/3\/2024\/04\/csm_sm-eichstelle-matrix-20230522_676041a216-768x194.jpg 768w, https:\/\/hueffermann.de\/wp-content\/uploads\/sites\/3\/2024\/04\/csm_sm-eichstelle-matrix-20230522_676041a216-705x178.jpg 705w\" sizes=\"(max-width: 1400px) 100vw, 1400px\" \/><\/div><\/div><\/div><\/div>\n\n<\/div><\/div><\/div><!-- close content main div --><\/div><\/div><div id='av_section_4'  class='avia-section av-30hutz7-bf750ac084ab976c13cb5b67bef74d03 main_color avia-section-huge avia-no-border-styling  avia-builder-el-18  el_after_av_section  el_before_av_section  avia-bg-style-scroll container_wrap sidebar_left'  ><div class='container av-section-cont-open' ><div class='template-page content  av-content-small units'><div class='post-entry post-entry-type-page post-entry-39011'><div class='entry-content-wrapper clearfix'>\n<div  class='flex_column av-2kdd75v-e962aedd8133ddfc1b59185cd2948db4 av_one_half  avia-builder-el-19  el_before_av_one_half  avia-builder-el-first  first flex_column_div  '     ><section  class='av_textblock_section av-lv2egz15-c3281af984330cf1240a9fea6a06bacd '   itemscope=\"itemscope\" itemtype=\"https:\/\/schema.org\/CreativeWork\" ><div class='avia_textblock'  itemprop=\"text\" ><p>Die Eichstelle der Fa. Schwarzm\u00fcller wurde gem\u00e4\u00df Bescheid BMWA-96.109\/0165-I\/11\/2006 (siehe Akkreditierungsurkunde) mit 11. Mai 2006 durch das Bundesministerium f\u00fcr Wirtschaft und Arbeit als Eichstelle Nummer 561 akkreditiert und ist durch die \u00c4nderung des Ma\u00df- und Eichgesetzes seit 23. Dezember 2011 durch das Bundesamt f\u00fcr Eich- und Vermessungswesen erm\u00e4chtigte Eichstelle 561 (siehe Best\u00e4tigungsurkunde).<\/p>\n<p>Unsere Akkreditierung, jetzt Erm\u00e4chtigung, umfasst die Eichung von Messanlagen an Tankwagen f\u00fcr Fl\u00fcssigkeiten &#8211; au\u00dfer Wasser auch MID (Mineral\u00f6le und gleichwertige Fl\u00fcssigkeiten) und Peilstabfahrzeuge in \u00d6sterreich (siehe Erm\u00e4chtigungsumfang).<\/p>\n<p>Am Standort in Wels haben wir auch die M\u00f6glichkeit, Eichungen an Messanlagen am Tankwagen f\u00fcr AdBlue, Schmier\u00f6le, verfl\u00fcssigte Gase (LPG), kryogene Fl\u00fcssigkeiten, fl\u00fcssiges Kohlendioxid (CO2) und bei Temperaturen unter -10\u00b0C unter Druck verfl\u00fcssigte Gase auch MID durchzuf\u00fchren (siehe Pr\u00fcfmatrix).<i><\/i><\/p>\n<p>Am Standort in Kramsach haben wir auch die M\u00f6glichkeit, Eichungen an Messanlagen am Tankwagen f\u00fcr AdBlue auch MID durchzuf\u00fchren (siehe Pr\u00fcfmatrix).<\/p>\n<p>Au\u00dferdem wurde die Eichstelle um einen zweiten Pr\u00fcfraum in Hanzing am 19. M\u00e4rz 2018 erweitert.<\/p>\n<\/div><\/section><\/div><div  class='flex_column av-242i86b-2f83949856b563ef033976bdb92a4d83 av_one_half  avia-builder-el-21  el_after_av_one_half  avia-builder-el-last  flex_column_div  '     ><\/div>\n\n<\/div><\/div><\/div><!-- close content main div --><\/div><\/div><div id='av_section_5'  class='avia-section av-lv2evdvm-780ae102ead97202d32713f072ed802a main_color avia-section-huge avia-no-border-styling  avia-builder-el-22  el_after_av_section  avia-builder-el-last  pattern-section-background avia-bg-style-scroll container_wrap sidebar_left'  ><div class='container av-section-cont-open' ><div class='template-page content  av-content-small units'><div class='post-entry post-entry-type-page post-entry-39011'><div class='entry-content-wrapper clearfix'>\n\n<style type=\"text\/css\" data-created_by=\"avia_inline_auto\" id=\"style-css-av-lv2egey6-f1754c8e9e56234f4ac332a7f7dfe091\">\n#top .av_textblock_section.av-lv2egey6-f1754c8e9e56234f4ac332a7f7dfe091 .avia_textblock{\ntext-align:left;\n}\n<\/style>\n<section  class='av_textblock_section av-lv2egey6-f1754c8e9e56234f4ac332a7f7dfe091 '   itemscope=\"itemscope\" itemtype=\"https:\/\/schema.org\/CreativeWork\" ><div class='avia_textblock image-dark-section-title'  itemprop=\"text\" ><div id=\"c15768\" class=\"frame frame-type-text frame-layout-0 frame-space-before-extra-large frame-space-after-medium frame-padding-top-none frame-padding-bottom-none frame-\">\n<div class=\"ce-content\">\n<div id=\"c15800\" class=\"frame frame-type-text frame-layout-0 frame-space-before-extra-large frame-space-after-medium frame-padding-top-medium frame-padding-bottom-medium  frame-\">\n<div class=\"ce-content\">\n<h6>Weitere Schwarzm\u00fcller Eichstellen nach nationalen Vorschriften<\/h6>\n<\/div>\n<\/div>\n<\/div>\n<\/div>\n<\/div><\/section>\n<div class='flex_column_table av-1pj429v-21ba6cb957d6f7d9ffd92572feae430e sc-av_one_half av-equal-height-column-flextable'><div  class='flex_column av-1pj429v-21ba6cb957d6f7d9ffd92572feae430e av_one_half  avia-builder-el-24  el_after_av_textblock  el_before_av_one_half  first flex_column_table_cell av-equal-height-column av-align-top  column-top-margin'     ><section  class='av_textblock_section av-z8xzpf-221160871dc618b36f3ba765b8db66ee '   itemscope=\"itemscope\" itemtype=\"https:\/\/schema.org\/CreativeWork\" ><div class='avia_textblock'  itemprop=\"text\" ><h6>Tschechien:<\/h6>\n<p><strong>Schwarzm\u00fcller\u00a0s.r.o.<\/strong><br \/>\nZa D\u00e1lnic\u00ed 508, 26753 \u017debr\u00e1k<br \/>\nPetr Svejkovsk\u00fd Tel.:\u00a0<a title=\"+420 311 908 152\" href=\"tel:+420311908152\">+420 311 908 152<\/a><br \/>\n<a href=\"mailto:petr.svejkovsky@schwarzmueller.com\">petr.svejkovsky@schwarzmueller.com<\/a><\/p>\n<\/div><\/section><\/div><div class='av-flex-placeholder'><\/div><div  class='flex_column av-qrp1ur-380d38359c7c14d0df7c0dae5a89fe5f av_one_half  avia-builder-el-26  el_after_av_one_half  avia-builder-el-last  flex_column_table_cell av-equal-height-column av-align-top  column-top-margin'     ><section  class='av_textblock_section av-lv2ehj6z-75788a41ffed4a978669b7ce7b467192 '   itemscope=\"itemscope\" itemtype=\"https:\/\/schema.org\/CreativeWork\" ><div class='avia_textblock'  itemprop=\"text\" ><h6>Ungarn:<\/h6>\n<p><strong>Schwarzm\u00fcller Kft.<\/strong><br \/>\n2330 Dunaharaszti, Jedlik \u00c1nyos u. 43.<br \/>\nTel.:\u00a0<a title=\"+36 20 746 5162 \" href=\"tel:+36207465162\">+36 20 746 5162<\/a>\u00a0\u00a0\u00a0<a title=\"+36 20 444 4333\" href=\"tel:+36204444333\">+36 20 444 4333<\/a><br \/>\n<a href=\"mailto:office.budapest@schwarzmueller.com\">office.budapest@schwarzmueller.com<\/a><\/p>\n<\/div><\/section><\/div><\/div><!--close column table wrapper. Autoclose: 1 -->\n<\/div><\/div><\/div><!-- close content main div --><\/div><\/div><div id='after_section_5'  class='main_color av_default_container_wrap container_wrap sidebar_left'  ><div class='container av-section-cont-open' ><div class='template-page content  av-content-small units'><div class='post-entry post-entry-type-page post-entry-39011'><div class='entry-content-wrapper clearfix'>\n","protected":false},"excerpt":{"rendered":"","protected":false},"author":5,"featured_media":0,"parent":0,"menu_order":0,"comment_status":"closed","ping_status":"closed","template":"","meta":{"_acf_changed":false,"_relevanssi_hide_post":"","_relevanssi_hide_content":"","_relevanssi_pin_for_all":"","_relevanssi_pin_keywords":"","_relevanssi_unpin_keywords":"","_relevanssi_related_keywords":"","_relevanssi_related_include_ids":"","_relevanssi_related_exclude_ids":"","_relevanssi_related_no_append":"","_relevanssi_related_not_related":"","_relevanssi_related_posts":"37331,37404,37341,37389,37344,37364","_relevanssi_noindex_reason":"","footnotes":""},"class_list":["post-39011","page","type-page","status-publish","hentry"],"acf":[],"yoast_head":"<!-- This site is optimized with the Yoast SEO Premium plugin v26.4 (Yoast SEO v27.2) - https:\/\/yoast.com\/product\/yoast-seo-premium-wordpress\/ -->\n<title>Eichstelle - H\u00fcffermann<\/title>\n<meta name=\"robots\" content=\"index, follow, max-snippet:-1, max-image-preview:large, max-video-preview:-1\" \/>\n<link rel=\"canonical\" href=\"https:\/\/hueffermann.de\/de\/eichstelle\/\" \/>\n<meta property=\"og:locale\" content=\"de_DE\" \/>\n<meta property=\"og:type\" content=\"article\" \/>\n<meta property=\"og:title\" content=\"Eichstelle\" \/>\n<meta property=\"og:url\" content=\"https:\/\/hueffermann.de\/de\/eichstelle\/\" \/>\n<meta property=\"og:site_name\" content=\"H\u00fcffermann\" \/>\n<meta property=\"article:modified_time\" content=\"2024-09-12T15:28:11+00:00\" \/>\n<meta name=\"twitter:card\" content=\"summary_large_image\" \/>\n<meta name=\"twitter:label1\" content=\"Gesch\u00e4tzte Lesezeit\" \/>\n\t<meta name=\"twitter:data1\" content=\"3\u00a0Minuten\" \/>\n<script type=\"application\/ld+json\" class=\"yoast-schema-graph\">{\"@context\":\"https:\/\/schema.org\",\"@graph\":[{\"@type\":\"WebPage\",\"@id\":\"https:\/\/hueffermann.de\/de\/eichstelle\/\",\"url\":\"https:\/\/hueffermann.de\/de\/eichstelle\/\",\"name\":\"Eichstelle - H\u00fcffermann\",\"isPartOf\":{\"@id\":\"https:\/\/hueffermann.de\/en\/#website\"},\"datePublished\":\"2024-04-04T12:31:39+00:00\",\"dateModified\":\"2024-09-12T15:28:11+00:00\",\"breadcrumb\":{\"@id\":\"https:\/\/hueffermann.de\/de\/eichstelle\/#breadcrumb\"},\"inLanguage\":\"de\",\"potentialAction\":[{\"@type\":\"ReadAction\",\"target\":[\"https:\/\/hueffermann.de\/de\/eichstelle\/\"]}]},{\"@type\":\"BreadcrumbList\",\"@id\":\"https:\/\/hueffermann.de\/de\/eichstelle\/#breadcrumb\",\"itemListElement\":[{\"@type\":\"ListItem\",\"position\":1,\"name\":\"Home\",\"item\":\"https:\/\/hueffermann.de\/de\/home\/\"},{\"@type\":\"ListItem\",\"position\":2,\"name\":\"Eichstelle\"}]},{\"@type\":\"WebSite\",\"@id\":\"https:\/\/hueffermann.de\/en\/#website\",\"url\":\"https:\/\/hueffermann.de\/en\/\",\"name\":\"H\u00fcffermann\",\"description\":\"\",\"potentialAction\":[{\"@type\":\"SearchAction\",\"target\":{\"@type\":\"EntryPoint\",\"urlTemplate\":\"https:\/\/hueffermann.de\/en\/?s={search_term_string}\"},\"query-input\":{\"@type\":\"PropertyValueSpecification\",\"valueRequired\":true,\"valueName\":\"search_term_string\"}}],\"inLanguage\":\"de\"}]}<\/script>\n<!-- \/ Yoast SEO Premium plugin. -->","yoast_head_json":{"title":"Eichstelle - H\u00fcffermann","robots":{"index":"index","follow":"follow","max-snippet":"max-snippet:-1","max-image-preview":"max-image-preview:large","max-video-preview":"max-video-preview:-1"},"canonical":"https:\/\/hueffermann.de\/de\/eichstelle\/","og_locale":"de_DE","og_type":"article","og_title":"Eichstelle","og_url":"https:\/\/hueffermann.de\/de\/eichstelle\/","og_site_name":"H\u00fcffermann","article_modified_time":"2024-09-12T15:28:11+00:00","twitter_card":"summary_large_image","twitter_misc":{"Gesch\u00e4tzte Lesezeit":"3\u00a0Minuten"},"schema":{"@context":"https:\/\/schema.org","@graph":[{"@type":"WebPage","@id":"https:\/\/hueffermann.de\/de\/eichstelle\/","url":"https:\/\/hueffermann.de\/de\/eichstelle\/","name":"Eichstelle - H\u00fcffermann","isPartOf":{"@id":"https:\/\/hueffermann.de\/en\/#website"},"datePublished":"2024-04-04T12:31:39+00:00","dateModified":"2024-09-12T15:28:11+00:00","breadcrumb":{"@id":"https:\/\/hueffermann.de\/de\/eichstelle\/#breadcrumb"},"inLanguage":"de","potentialAction":[{"@type":"ReadAction","target":["https:\/\/hueffermann.de\/de\/eichstelle\/"]}]},{"@type":"BreadcrumbList","@id":"https:\/\/hueffermann.de\/de\/eichstelle\/#breadcrumb","itemListElement":[{"@type":"ListItem","position":1,"name":"Home","item":"https:\/\/hueffermann.de\/de\/home\/"},{"@type":"ListItem","position":2,"name":"Eichstelle"}]},{"@type":"WebSite","@id":"https:\/\/hueffermann.de\/en\/#website","url":"https:\/\/hueffermann.de\/en\/","name":"H\u00fcffermann","description":"","potentialAction":[{"@type":"SearchAction","target":{"@type":"EntryPoint","urlTemplate":"https:\/\/hueffermann.de\/en\/?s={search_term_string}"},"query-input":{"@type":"PropertyValueSpecification","valueRequired":true,"valueName":"search_term_string"}}],"inLanguage":"de"}]}},"_links":{"self":[{"href":"https:\/\/hueffermann.de\/de\/wp-json\/wp\/v2\/pages\/39011","targetHints":{"allow":["GET"]}}],"collection":[{"href":"https:\/\/hueffermann.de\/de\/wp-json\/wp\/v2\/pages"}],"about":[{"href":"https:\/\/hueffermann.de\/de\/wp-json\/wp\/v2\/types\/page"}],"author":[{"embeddable":true,"href":"https:\/\/hueffermann.de\/de\/wp-json\/wp\/v2\/users\/5"}],"replies":[{"embeddable":true,"href":"https:\/\/hueffermann.de\/de\/wp-json\/wp\/v2\/comments?post=39011"}],"version-history":[{"count":4,"href":"https:\/\/hueffermann.de\/de\/wp-json\/wp\/v2\/pages\/39011\/revisions"}],"predecessor-version":[{"id":48835,"href":"https:\/\/hueffermann.de\/de\/wp-json\/wp\/v2\/pages\/39011\/revisions\/48835"}],"wp:attachment":[{"href":"https:\/\/hueffermann.de\/de\/wp-json\/wp\/v2\/media?parent=39011"}],"curies":[{"name":"wp","href":"https:\/\/api.w.org\/{rel}","templated":true}]}}