{"id":46874,"date":"2024-07-24T10:25:56","date_gmt":"2024-07-24T08:25:56","guid":{"rendered":"https:\/\/hueffermann.de\/?page_id=46874"},"modified":"2024-10-23T16:12:48","modified_gmt":"2024-10-23T14:12:48","slug":"hinweisgeber-plattform","status":"publish","type":"page","link":"https:\/\/hueffermann.de\/de\/hinweisgeber-plattform\/","title":{"rendered":"Hinweisgeber Plattform"},"content":{"rendered":"\n<style type=\"text\/css\" data-created_by=\"avia_inline_auto\" id=\"style-css-av-lyzkwiwt-119126c116865536d4025763b98f9214\">\n.avia-section.av-lyzkwiwt-119126c116865536d4025763b98f9214{\nbackground-repeat:no-repeat;\nbackground-image:url(https:\/\/hueffermann.de\/wp-content\/uploads\/sites\/3\/2024\/07\/csm_sm-hinweisgeber-plattform_29c558fffa.jpg);\nbackground-position:50% 50%;\nbackground-attachment:scroll;\n}\n.avia-section.av-lyzkwiwt-119126c116865536d4025763b98f9214 .av-section-color-overlay{\nopacity:0.5;\nbackground-color:#0a0a0a;\n}\n<\/style>\n<div id='av_section_1'  class='avia-section av-lyzkwiwt-119126c116865536d4025763b98f9214 main_color avia-section-default avia-no-border-styling  avia-builder-el-0  el_before_av_textblock  avia-builder-el-first  avia-full-stretch avia-bg-style-scroll av-section-color-overlay-active av-minimum-height av-minimum-height-custom av-height-custom  container_wrap sidebar_left'  data-section-bg-repeat='stretch' data-av_minimum_height_px='512'><div class=\"av-section-color-overlay-wrap\"><div class=\"av-section-color-overlay\"><\/div><div class='container av-section-cont-open' style='height:512px'><main  role=\"main\" itemprop=\"mainContentOfPage\"  class='template-page content  av-content-small units'><div class='post-entry post-entry-type-page post-entry-46874'><div class='entry-content-wrapper clearfix'>\n\n<style type=\"text\/css\" data-created_by=\"avia_inline_auto\" id=\"style-css-av-lyzkq8n6-18d535149b89fab0dae26e5aa6b14ae5\">\n#top .av_textblock_section.av-lyzkq8n6-18d535149b89fab0dae26e5aa6b14ae5 .avia_textblock{\ncolor:#ffffff;\n}\n<\/style>\n<section  class='av_textblock_section av-lyzkq8n6-18d535149b89fab0dae26e5aa6b14ae5 '   itemscope=\"itemscope\" itemtype=\"https:\/\/schema.org\/CreativeWork\" ><div class='avia_textblock hero-title av_inherit_color'  itemprop=\"text\" ><h1>Hinweisgeber<\/h1>\n<h1>Plattform<\/h1>\n<\/div><\/section>\n<\/div><\/div><\/main><!-- close content main element --><\/div><\/div><\/div><div id='after_section_1'  class='main_color av_default_container_wrap container_wrap sidebar_left'  ><div class='container av-section-cont-open' ><div class='template-page content  av-content-small units'><div class='post-entry post-entry-type-page post-entry-46874'><div class='entry-content-wrapper clearfix'><section  class='av_textblock_section av-n2veuy-e80fb416d31e8ff70a456e191b87c5ed '   itemscope=\"itemscope\" itemtype=\"https:\/\/schema.org\/CreativeWork\" ><div class='avia_textblock sch-breadcrumb'  itemprop=\"text\" ><div class=\"breadcrumb breadcrumbs avia-breadcrumbs\"><div class=\"breadcrumb-trail\" ><span class=\"trail-before\"><span class=\"breadcrumb-title\">Du bist hier:<\/span><\/span> <span  itemscope=\"itemscope\" itemtype=\"https:\/\/schema.org\/BreadcrumbList\" ><span  itemscope=\"itemscope\" itemtype=\"https:\/\/schema.org\/ListItem\" itemprop=\"itemListElement\" ><a itemprop=\"url\" href=\"https:\/\/hueffermann.de\/de\/\" title=\"H\u00fcffermann\" rel=\"home\" class=\"trail-begin\"><span itemprop=\"name\">Startseite<\/span><\/a><span itemprop=\"position\" class=\"hidden\">1<\/span><\/span><\/span><\/div><\/div>\n<\/div><\/section><\/p>\n<\/div><\/div><\/div><!-- close content main div --><\/div><\/div><div id='av_section_2'  class='avia-section av-1djj3x6-af00c1322d2c53f7c9ece52a99b993a1 main_color avia-section-default avia-no-border-styling  avia-builder-el-3  el_after_av_textblock  el_before_av_section  avia-bg-style-scroll container_wrap sidebar_left'  ><div class='container av-section-cont-open' ><div class='template-page content  av-content-small units'><div class='post-entry post-entry-type-page post-entry-46874'><div class='entry-content-wrapper clearfix'>\n<section  class='av_textblock_section av-lyzkx9va-aab5461a747f6f6c5f56839f509bed87 '   itemscope=\"itemscope\" itemtype=\"https:\/\/schema.org\/CreativeWork\" ><div class='avia_textblock'  itemprop=\"text\" ><h2 class=\"schwa-h3 schwa-h4\"><strong>Hinweisgeber-System \u2013 was verbirgt sich dahinter?<\/strong><\/h2>\n<p>Hinweisgeber sind f\u00fcr den Erhalt einer offenen und transparenten Gesellschaft besonders wichtig, da sie den Mut aufbringen, Missst\u00e4nde aufzudecken. Um Hinweisgebern eine M\u00f6glichkeit zu bieten, Hinweise vertraulich zu melden und sicheren Schutz vor negativen Konsequenzen zu haben, wurde eine Hinweisgeber-Plattform eingerichtet. Neben dem umfassenden Schutz der Identit\u00e4t des Hinweisgebers, bietet das webbasierte Hinweisgebersystem eine einfache Bedienbarkeit sowie die M\u00f6glichkeit, anonym einen Dialog mit dem Compliance-Officer zu f\u00fchren und R\u00fcckfragen zu stellen.<\/p>\n<\/div><\/section>\n<\/div><\/div><\/div><!-- close content main div --><\/div><\/div><div id='av_section_3'  class='avia-section av-o59vdm-b6f1fce113f7673761bccde9f40d51aa main_color avia-section-default avia-no-border-styling  avia-builder-el-5  el_after_av_section  avia-builder-el-last  avia-bg-style-scroll container_wrap sidebar_left'  ><div class='container av-section-cont-open' ><div class='template-page content  av-content-small units'><div class='post-entry post-entry-type-page post-entry-46874'><div class='entry-content-wrapper clearfix'>\n<section  class='av_textblock_section av-lyzl57f9-1c7ca0937c07c2d8a555831cba63db7e '   itemscope=\"itemscope\" itemtype=\"https:\/\/schema.org\/CreativeWork\" ><div class='avia_textblock'  itemprop=\"text\" ><h2 class=\"schwa-h3 schwa-h4\"><strong>H\u00fcffermann-Hinweisgeber Plattform<\/strong><\/h2>\n<p>Hinweisgeber (\u201eWhistleblower\u201c) haben Schutz vor Repressalien wie Suspendierung, K\u00fcndigung, Herabstufung oder vergleichbare Ma\u00dfnahmen laut EU-Richtlinie 2019\/1937 (\u201eEU-Whistleblowing-Richtlinie\u201c), sofern die Meldung dem sachlichen sowie pers\u00f6nlichen Anwendungsbereich der EU-Richtlinie 2019\/1937 unterliegt und der Hinweisgeber hinreichend Grund zur Annahme hat, dass seine Meldung \u00fcber Verst\u00f6\u00dfe des Unionsrechts der Wahrheit entspricht. Hinweisgeber, welche b\u00f6swillig und willentlich falsche oder irref\u00fchrende Meldungen oder unbegr\u00fcndete Anschuldigungen erstatten, haben keinen Schutz vor Repressalien und kann solch eine Meldung als Straftat zB Verleumdung qualifiziert werden.<\/p>\n<p>Die nachgenannten Meldekan\u00e4le dienen nicht als Ombudsstelle f\u00fcr Reklamationen oder Beanstandungen.<\/p>\n<p>Wir regen an Ihre Kontaktdaten bei Ihrer Meldung zu nennen, damit offene Fragen gekl\u00e4rt werden k\u00f6nnen. Die Vertraulichkeit Ihrer Daten ist gew\u00e4hrleistet. Sollten Sie jedoch eine anonyme Meldung bevorzugen, sch\u00fctzt die implementierte H\u00fcffermann-Hinweisgeber Plattform Ihre Identit\u00e4t. Die inhaltliche Bearbeitung Ihrer Meldung erfolgt durch die Compliance Beauftragte.\u00a0Ihr Bericht wird vertraulich behandelt. Bei Berichterstattung gem\u00e4\u00df EU-Richtlinie 2019\/1937 kommt der Hinweisgeberschutz zur Anwendung. Sie werden angehalten, nur solche Informationen weiterzugeben, von deren Richtigkeit Sie nach bestem Wissen und Gewissen \u00fcberzeugt sind.<\/p>\n<p>Ihnen stehen nachstehende Meldekan\u00e4le zur Verf\u00fcgung. H\u00fcffermann Mitarbeiter k\u00f6nnen die bisherigen Meldewege nach wie vor nutzen und allf\u00e4llige Bedenken unmittelbar Ihren Vorgesetzten melden.<\/p>\n<p>Zum Meldekanal f\u00fcr\u00a0<a href=\"https:\/\/mywhistler.eu\/HWG_START.ASPX?MAN_NR=kpESuZ9iWH97jZsi9cI7\/Q==\" target=\"_blank\" rel=\"noopener noreferrer\">H\u00fcffermann<\/a><\/p>\n<\/div><\/section>\n<\/div><\/div><\/div><!-- close content main div --><\/div><\/div><div id='after_section_3'  class='main_color av_default_container_wrap container_wrap sidebar_left'  ><div class='container av-section-cont-open' ><div class='template-page content  av-content-small units'><div class='post-entry post-entry-type-page post-entry-46874'><div class='entry-content-wrapper clearfix'><\/p>\n","protected":false},"excerpt":{"rendered":"","protected":false},"author":7,"featured_media":0,"parent":0,"menu_order":0,"comment_status":"closed","ping_status":"closed","template":"","meta":{"_acf_changed":false,"_relevanssi_hide_post":"","_relevanssi_hide_content":"","_relevanssi_pin_for_all":"","_relevanssi_pin_keywords":"","_relevanssi_unpin_keywords":"","_relevanssi_related_keywords":"","_relevanssi_related_include_ids":"","_relevanssi_related_exclude_ids":"","_relevanssi_related_no_append":"","_relevanssi_related_not_related":"","_relevanssi_related_posts":"45374","_relevanssi_noindex_reason":"","footnotes":""},"class_list":["post-46874","page","type-page","status-publish","hentry"],"acf":[],"yoast_head":"<!-- This site is optimized with the Yoast SEO Premium plugin v26.4 (Yoast SEO v27.2) - https:\/\/yoast.com\/product\/yoast-seo-premium-wordpress\/ -->\n<title>Hinweisgeber Plattform - H\u00fcffermann<\/title>\n<meta name=\"robots\" content=\"index, follow, max-snippet:-1, max-image-preview:large, max-video-preview:-1\" \/>\n<link rel=\"canonical\" href=\"https:\/\/hueffermann.de\/de\/hinweisgeber-plattform\/\" \/>\n<meta property=\"og:locale\" content=\"de_DE\" \/>\n<meta property=\"og:type\" content=\"article\" \/>\n<meta property=\"og:title\" content=\"Hinweisgeber Plattform\" \/>\n<meta property=\"og:url\" content=\"https:\/\/hueffermann.de\/de\/hinweisgeber-plattform\/\" \/>\n<meta property=\"og:site_name\" content=\"H\u00fcffermann\" \/>\n<meta property=\"article:modified_time\" content=\"2024-10-23T14:12:48+00:00\" \/>\n<meta name=\"twitter:card\" content=\"summary_large_image\" \/>\n<meta name=\"twitter:label1\" content=\"Gesch\u00e4tzte Lesezeit\" \/>\n\t<meta name=\"twitter:data1\" content=\"2\u00a0Minuten\" \/>\n<script type=\"application\/ld+json\" class=\"yoast-schema-graph\">{\"@context\":\"https:\/\/schema.org\",\"@graph\":[{\"@type\":\"WebPage\",\"@id\":\"https:\/\/hueffermann.de\/de\/hinweisgeber-plattform\/\",\"url\":\"https:\/\/hueffermann.de\/de\/hinweisgeber-plattform\/\",\"name\":\"Hinweisgeber Plattform - H\u00fcffermann\",\"isPartOf\":{\"@id\":\"https:\/\/hueffermann.de\/en\/#website\"},\"datePublished\":\"2024-07-24T08:25:56+00:00\",\"dateModified\":\"2024-10-23T14:12:48+00:00\",\"breadcrumb\":{\"@id\":\"https:\/\/hueffermann.de\/de\/hinweisgeber-plattform\/#breadcrumb\"},\"inLanguage\":\"de\",\"potentialAction\":[{\"@type\":\"ReadAction\",\"target\":[\"https:\/\/hueffermann.de\/de\/hinweisgeber-plattform\/\"]}]},{\"@type\":\"BreadcrumbList\",\"@id\":\"https:\/\/hueffermann.de\/de\/hinweisgeber-plattform\/#breadcrumb\",\"itemListElement\":[{\"@type\":\"ListItem\",\"position\":1,\"name\":\"Home\",\"item\":\"https:\/\/hueffermann.de\/de\/home\/\"},{\"@type\":\"ListItem\",\"position\":2,\"name\":\"Hinweisgeber Plattform\"}]},{\"@type\":\"WebSite\",\"@id\":\"https:\/\/hueffermann.de\/en\/#website\",\"url\":\"https:\/\/hueffermann.de\/en\/\",\"name\":\"H\u00fcffermann\",\"description\":\"\",\"potentialAction\":[{\"@type\":\"SearchAction\",\"target\":{\"@type\":\"EntryPoint\",\"urlTemplate\":\"https:\/\/hueffermann.de\/en\/?s={search_term_string}\"},\"query-input\":{\"@type\":\"PropertyValueSpecification\",\"valueRequired\":true,\"valueName\":\"search_term_string\"}}],\"inLanguage\":\"de\"}]}<\/script>\n<!-- \/ Yoast SEO Premium plugin. -->","yoast_head_json":{"title":"Hinweisgeber Plattform - H\u00fcffermann","robots":{"index":"index","follow":"follow","max-snippet":"max-snippet:-1","max-image-preview":"max-image-preview:large","max-video-preview":"max-video-preview:-1"},"canonical":"https:\/\/hueffermann.de\/de\/hinweisgeber-plattform\/","og_locale":"de_DE","og_type":"article","og_title":"Hinweisgeber Plattform","og_url":"https:\/\/hueffermann.de\/de\/hinweisgeber-plattform\/","og_site_name":"H\u00fcffermann","article_modified_time":"2024-10-23T14:12:48+00:00","twitter_card":"summary_large_image","twitter_misc":{"Gesch\u00e4tzte Lesezeit":"2\u00a0Minuten"},"schema":{"@context":"https:\/\/schema.org","@graph":[{"@type":"WebPage","@id":"https:\/\/hueffermann.de\/de\/hinweisgeber-plattform\/","url":"https:\/\/hueffermann.de\/de\/hinweisgeber-plattform\/","name":"Hinweisgeber Plattform - H\u00fcffermann","isPartOf":{"@id":"https:\/\/hueffermann.de\/en\/#website"},"datePublished":"2024-07-24T08:25:56+00:00","dateModified":"2024-10-23T14:12:48+00:00","breadcrumb":{"@id":"https:\/\/hueffermann.de\/de\/hinweisgeber-plattform\/#breadcrumb"},"inLanguage":"de","potentialAction":[{"@type":"ReadAction","target":["https:\/\/hueffermann.de\/de\/hinweisgeber-plattform\/"]}]},{"@type":"BreadcrumbList","@id":"https:\/\/hueffermann.de\/de\/hinweisgeber-plattform\/#breadcrumb","itemListElement":[{"@type":"ListItem","position":1,"name":"Home","item":"https:\/\/hueffermann.de\/de\/home\/"},{"@type":"ListItem","position":2,"name":"Hinweisgeber Plattform"}]},{"@type":"WebSite","@id":"https:\/\/hueffermann.de\/en\/#website","url":"https:\/\/hueffermann.de\/en\/","name":"H\u00fcffermann","description":"","potentialAction":[{"@type":"SearchAction","target":{"@type":"EntryPoint","urlTemplate":"https:\/\/hueffermann.de\/en\/?s={search_term_string}"},"query-input":{"@type":"PropertyValueSpecification","valueRequired":true,"valueName":"search_term_string"}}],"inLanguage":"de"}]}},"_links":{"self":[{"href":"https:\/\/hueffermann.de\/de\/wp-json\/wp\/v2\/pages\/46874","targetHints":{"allow":["GET"]}}],"collection":[{"href":"https:\/\/hueffermann.de\/de\/wp-json\/wp\/v2\/pages"}],"about":[{"href":"https:\/\/hueffermann.de\/de\/wp-json\/wp\/v2\/types\/page"}],"author":[{"embeddable":true,"href":"https:\/\/hueffermann.de\/de\/wp-json\/wp\/v2\/users\/7"}],"replies":[{"embeddable":true,"href":"https:\/\/hueffermann.de\/de\/wp-json\/wp\/v2\/comments?post=46874"}],"version-history":[{"count":24,"href":"https:\/\/hueffermann.de\/de\/wp-json\/wp\/v2\/pages\/46874\/revisions"}],"predecessor-version":[{"id":51250,"href":"https:\/\/hueffermann.de\/de\/wp-json\/wp\/v2\/pages\/46874\/revisions\/51250"}],"wp:attachment":[{"href":"https:\/\/hueffermann.de\/de\/wp-json\/wp\/v2\/media?parent=46874"}],"curies":[{"name":"wp","href":"https:\/\/api.w.org\/{rel}","templated":true}]}}