{"id":48321,"date":"2024-08-14T15:35:38","date_gmt":"2024-08-14T13:35:38","guid":{"rendered":"https:\/\/hueffermann.de\/?page_id=48321"},"modified":"2024-09-19T21:52:51","modified_gmt":"2024-09-19T19:52:51","slug":"produktion","status":"publish","type":"page","link":"https:\/\/hueffermann.de\/de\/produktion\/","title":{"rendered":"Produktion"},"content":{"rendered":"<\/p>\n\n<style type=\"text\/css\" data-created_by=\"avia_inline_auto\" id=\"style-css-av-lztwe3pe-1716d8bac23f985491e7e9f85de1d259\">\n.avia-section.av-lztwe3pe-1716d8bac23f985491e7e9f85de1d259{\nbackground-repeat:no-repeat;\nbackground-image:url(https:\/\/hueffermann.de\/wp-content\/uploads\/sites\/3\/2024\/08\/titelbild_stahlbau_schweissautomat_red.jpg);\nbackground-position:50% 0%;\nbackground-attachment:scroll;\n}\n.avia-section.av-lztwe3pe-1716d8bac23f985491e7e9f85de1d259 .av-section-color-overlay{\nopacity:0.5;\nbackground-color:#0a0a0a;\n}\n<\/style>\n<div id='av_section_1'  class='avia-section av-lztwe3pe-1716d8bac23f985491e7e9f85de1d259 main_color avia-section-default avia-no-border-styling  avia-builder-el-0  el_before_av_textblock  avia-builder-el-first  avia-full-stretch avia-bg-style-scroll av-section-color-overlay-active av-minimum-height av-minimum-height-custom av-height-custom  container_wrap sidebar_left'  data-section-bg-repeat='stretch' data-av_minimum_height_px='512'><div class=\"av-section-color-overlay-wrap\"><div class=\"av-section-color-overlay\"><\/div><div class='container av-section-cont-open' style='height:512px'><main  role=\"main\" itemprop=\"mainContentOfPage\"  class='template-page content  av-content-small units'><div class='post-entry post-entry-type-page post-entry-48321'><div class='entry-content-wrapper clearfix'>\n\n<style type=\"text\/css\" data-created_by=\"avia_inline_auto\" id=\"style-css-av-lztwdstp-a8ca52c5139afad5e85c31410e7d5e54\">\n#top .av_textblock_section.av-lztwdstp-a8ca52c5139afad5e85c31410e7d5e54 .avia_textblock{\ncolor:#ffffff;\n}\n<\/style>\n<section  class='av_textblock_section av-lztwdstp-a8ca52c5139afad5e85c31410e7d5e54 '   itemscope=\"itemscope\" itemtype=\"https:\/\/schema.org\/CreativeWork\" ><div class='avia_textblock hero-title av_inherit_color'  itemprop=\"text\" ><h1>H\u00fcffermann Produktion<\/h1>\n<\/div><\/section>\n<\/div><\/div><\/main><!-- close content main element --><\/div><\/div><\/div><div id='after_section_1'  class='main_color av_default_container_wrap container_wrap sidebar_left'  ><div class='container av-section-cont-open' ><div class='template-page content  av-content-small units'><div class='post-entry post-entry-type-page post-entry-48321'><div class='entry-content-wrapper clearfix'>\n<section  class='av_textblock_section av-szawm9-44338584c2cf6cc987f034a7011ef5d7 '   itemscope=\"itemscope\" itemtype=\"https:\/\/schema.org\/CreativeWork\" ><div class='avia_textblock sch-breadcrumb'  itemprop=\"text\" ><div class=\"breadcrumb breadcrumbs avia-breadcrumbs\"><div class=\"breadcrumb-trail\" ><span class=\"trail-before\"><span class=\"breadcrumb-title\">Du bist hier:<\/span><\/span> <span  itemscope=\"itemscope\" itemtype=\"https:\/\/schema.org\/BreadcrumbList\" ><span  itemscope=\"itemscope\" itemtype=\"https:\/\/schema.org\/ListItem\" itemprop=\"itemListElement\" ><a itemprop=\"url\" href=\"https:\/\/hueffermann.de\/de\/\" title=\"H\u00fcffermann\" rel=\"home\" class=\"trail-begin\"><span itemprop=\"name\">Startseite<\/span><\/a><span itemprop=\"position\" class=\"hidden\">1<\/span><\/span><\/span><\/div><\/div>\n<\/div><\/section>\n<\/div><\/div><\/div><!-- close content main div --><\/div><\/div><div id='av_section_2'  class='avia-section av-lhptwh-7973d056fb460acb650bc12822202ae9 main_color avia-section-huge avia-no-border-styling  avia-builder-el-3  el_after_av_textblock  el_before_av_section  avia-bg-style-scroll container_wrap sidebar_left'  ><div class='container av-section-cont-open' ><div class='template-page content  av-content-small units'><div class='post-entry post-entry-type-page post-entry-48321'><div class='entry-content-wrapper clearfix'>\n<div class='flex_column_table av-5667r8h-5972741fafe0064abd607bb1d8233cbd sc-av_one_half av-equal-height-column-flextable'><div  class='flex_column av-5667r8h-5972741fafe0064abd607bb1d8233cbd av_one_half  avia-builder-el-4  el_before_av_one_half  avia-builder-el-first  first flex_column_table_cell av-equal-height-column av-align-top  '     ><style type=\"text\/css\" data-created_by=\"avia_inline_auto\" id=\"style-css-av-lztw7y1a-41acd52fd12a4729bff67878ea1815be\">\n#top .av_textblock_section.av-lztw7y1a-41acd52fd12a4729bff67878ea1815be .avia_textblock{\ntext-align:left;\n}\n<\/style>\n<section  class='av_textblock_section av-lztw7y1a-41acd52fd12a4729bff67878ea1815be '   itemscope=\"itemscope\" itemtype=\"https:\/\/schema.org\/CreativeWork\" ><div class='avia_textblock image-dark-section-title'  itemprop=\"text\" ><div class=\"ce-header h2-mb ce-header-left\">\n<div class=\"ce-headline\">\n<h2 class=\"schwa-h3 schwa-h4\"><strong>Unser Qualit\u00e4tsversprechen<\/strong><\/h2>\n<p>Die H\u00fcffermann Produkte sind t\u00e4glich den unterschiedlichsten Umwelteinfl\u00fcssen ausgesetzt. Dies stellt hohe Anforderungen an Material und Lackierung der Fahrzeuge. H\u00fcffermann bedient sich hier modernster Technologien, um eine langlebige Optik auch bei extremen Eins\u00e4tzen zu garantieren.<\/p>\n<\/div>\n<\/div>\n<\/div><\/section><\/div><div class='av-flex-placeholder'><\/div><div  class='flex_column av-4rh5z35-d1f58d64344cd5d225ea77eed956c57c av_one_half  avia-builder-el-6  el_after_av_one_half  avia-builder-el-last  flex_column_table_cell av-equal-height-column av-align-top  '     ><style type=\"text\/css\" data-created_by=\"avia_inline_auto\" id=\"style-css-av-lztw86as-a3bf5aab41e25d6be59deb53611f35c5\">\n#top .av_textblock_section.av-lztw86as-a3bf5aab41e25d6be59deb53611f35c5 .avia_textblock{\ntext-align:left;\n}\n<\/style>\n<section  class='av_textblock_section av-lztw86as-a3bf5aab41e25d6be59deb53611f35c5 '   itemscope=\"itemscope\" itemtype=\"https:\/\/schema.org\/CreativeWork\" ><div class='avia_textblock image-dark-section-title'  itemprop=\"text\" ><div class=\"ce-header h2-mb ce-header-left\">\n<div class=\"ce-headline\">\n<h2 class=\"schwa-h3 schwa-h4\"><strong>Stahlbau<\/strong><\/h2>\n<p>F\u00fcr jedes Fahrzeug wird ausschlie\u00dflich hochwertiger Stahl verwendet. Nach der Konstruktion wird das Chassi und seine Anbauteile auf einem vollautomatischem Schwei\u00dfroboter gefertigt. Klein- und Kleinstserien werden manuell geschwei\u00dft.<\/p>\n<\/div>\n<\/div>\n<\/div><\/section><\/div><\/div><!--close column table wrapper. Autoclose: 1 -->\n\n<\/div><\/div><\/div><!-- close content main div --><\/div><\/div>\n<style type=\"text\/css\" data-created_by=\"avia_inline_auto\" id=\"style-css-av-lztwchtg-5d49fcb9a4419f5f1e2654e352021b36\">\n.avia-section.av-lztwchtg-5d49fcb9a4419f5f1e2654e352021b36{\nbackground-color:#f7f7f7;\nbackground-image:unset;\n}\n<\/style>\n<div id='av_section_3'  class='avia-section av-lztwchtg-5d49fcb9a4419f5f1e2654e352021b36 main_color avia-section-huge avia-no-border-styling  avia-builder-el-8  el_after_av_section  el_before_av_section  avia-bg-style-scroll container_wrap sidebar_left'  ><div class='container av-section-cont-open' ><div class='template-page content  av-content-small units'><div class='post-entry post-entry-type-page post-entry-48321'><div class='entry-content-wrapper clearfix'>\n\n<style type=\"text\/css\" data-created_by=\"avia_inline_auto\" id=\"style-css-av-lztw7mh3-2efd0b91a85876961aa64f52d81b065a\">\n#top .av_textblock_section.av-lztw7mh3-2efd0b91a85876961aa64f52d81b065a .avia_textblock{\ntext-align:left;\n}\n<\/style>\n<section  class='av_textblock_section av-lztw7mh3-2efd0b91a85876961aa64f52d81b065a '   itemscope=\"itemscope\" itemtype=\"https:\/\/schema.org\/CreativeWork\" ><div class='avia_textblock image-dark-section-title'  itemprop=\"text\" ><div class=\"ce-header h2-mb ce-header-left\">\n<div class=\"ce-headline\">\n<div id=\"c69639\" class=\"frame frame-type-textmedia frame-layout-0 frame-space-before-extra-large frame-space-after-extra-large frame-padding-top-extra-large frame-padding-bottom-extra-large mb-1 frame-\">\n<div class=\"ce-content\">\n<div class=\"row\">\n<div id=\"c69639-c0\" class=\" d-block col-12 d-sm-block col-sm-12 d-md-block col-md-12 d-lg-block col-lg-12 d-xl-block col-xl-12 column-0 order-md-1\">\n<div class=\"ce-bodytext\">\n<h2 class=\"schwa-h3 schwa-h4\"><strong>Individuelle Oberfl\u00e4chenbehandlung<\/strong><\/h2>\n<\/div>\n<\/div>\n<\/div>\n<\/div>\n<\/div>\n<div id=\"c69634\" class=\"frame frame-type-wst3bootstrap_fluidrow frame-layout-0 frame-space-before-none frame-space-after-none frame-padding-top-extra-large frame-padding-bottom-none frame-row-flex-swap row-flex-swap\">\n<div class=\"ce-content\">\n<div class=\"row\">\n<div class=\" d-block col-12 d-sm-block col-sm-12 d-md-block col-md-12 d-lg-block col-lg-6 d-xl-block col-xl-6 colindex-0\">\n<div id=\"c69635\" class=\"frame frame-type-text frame-layout-0 frame-space-before-none frame-space-after-extra-large frame-padding-top-none frame-padding-bottom-none frame-\">\n<div class=\"ce-content\"><\/div>\n<\/div>\n<\/div>\n<\/div>\n<\/div>\n<\/div>\n<\/div>\n<\/div>\n<\/div><\/section>\n<div  class='flex_column av-48w9gxt-09b6f62082ddb765ec5e5b44c6bfe204 av_one_half  avia-builder-el-10  el_after_av_textblock  el_before_av_one_half  first flex_column_div  column-top-margin'     ><style type=\"text\/css\" data-created_by=\"avia_inline_auto\" id=\"style-css-av-lztw2ny4-3164b21e4ba8682370c00a266035eaa1\">\n#top .av_textblock_section.av-lztw2ny4-3164b21e4ba8682370c00a266035eaa1 .avia_textblock{\ntext-align:left;\n}\n<\/style>\n<section  class='av_textblock_section av-lztw2ny4-3164b21e4ba8682370c00a266035eaa1 '   itemscope=\"itemscope\" itemtype=\"https:\/\/schema.org\/CreativeWork\" ><div class='avia_textblock image-dark-section-title'  itemprop=\"text\" ><div>\n<div>\n<h3 class=\"schwa-h5\">1. Strahlanlage<\/h3>\n<ul>\n<li>\u00a0vollautomatische Strahlanlage<\/li>\n<li>\u00a0manuelle Nachstrahlung<\/li>\n<\/ul>\n<p>Grundlage einer guten Oberfl\u00e4chenbeschichtung durch Spritzverzinkung und \/ oder Lackierung ist eine reine, komplett von Schmutz, Fett und Fremdk\u00f6rpern befreite Oberfl\u00e4che.<\/p>\n<p>Durch die Kombination von einer vollautomatischen Sandstrahlanlage mit einer manuellen Nacharbeitung (Freihandstrahlkabine) erreichen wir ein 100% reines gleichbleibendes Strahlbild und eine perfekte Oberfl\u00e4chenstruktur zum Aufbringen der gew\u00fcnschten Beschichtung und einer langlebigen Performance.<\/p>\n<\/div>\n<\/div>\n<\/div><\/section><\/div><div  class='flex_column av-41zkpk1-336714e71159da557d41e87e195988d6 av_one_half  avia-builder-el-12  el_after_av_one_half  avia-builder-el-last  flex_column_div  column-top-margin'     ><style type=\"text\/css\" data-created_by=\"avia_inline_auto\" id=\"style-css-av-lztw32vj-c5e1cdbf68eb8dc588b2eed9e8c7fea2\">\n.avia-image-container.av-lztw32vj-c5e1cdbf68eb8dc588b2eed9e8c7fea2 img.avia_image{\nbox-shadow:none;\n}\n.avia-image-container.av-lztw32vj-c5e1cdbf68eb8dc588b2eed9e8c7fea2 .av-image-caption-overlay-center{\ncolor:#ffffff;\n}\n<\/style>\n<div  class='avia-image-container av-lztw32vj-c5e1cdbf68eb8dc588b2eed9e8c7fea2 av-styling- avia-align-center  avia-builder-el-13  avia-builder-el-no-sibling '   itemprop=\"image\" itemscope=\"itemscope\" itemtype=\"https:\/\/schema.org\/ImageObject\" ><div class=\"avia-image-container-inner\"><div class=\"avia-image-overlay-wrap\"><img decoding=\"async\" fetchpriority=\"high\" class='wp-image-48332 avia-img-lazy-loading-not-48332 avia_image ' src=\"https:\/\/hueffermann.de\/wp-content\/uploads\/sites\/3\/2024\/08\/csm_hueffermann-contentimg-produktion-strahlanlage_15a22929e2.jpg\" alt='' title='csm_hueffermann-contentimg-produktion-strahlanlage_15a22929e2'  height=\"560\" width=\"700\"  itemprop=\"thumbnailUrl\" srcset=\"https:\/\/hueffermann.de\/wp-content\/uploads\/sites\/3\/2024\/08\/csm_hueffermann-contentimg-produktion-strahlanlage_15a22929e2.jpg 700w, https:\/\/hueffermann.de\/wp-content\/uploads\/sites\/3\/2024\/08\/csm_hueffermann-contentimg-produktion-strahlanlage_15a22929e2-300x240.jpg 300w\" sizes=\"(max-width: 700px) 100vw, 700px\" \/><\/div><\/div><\/div><\/div>\n\n<\/div><\/div><\/div><!-- close content main div --><\/div><\/div><div id='av_section_4'  class='avia-section av-cjdqzl-e1c420c67641792a1f54048bb8425484 main_color avia-section-huge avia-no-border-styling  avia-builder-el-14  el_after_av_section  el_before_av_section  avia-bg-style-scroll container_wrap sidebar_left'  ><div class='container av-section-cont-open' ><div class='template-page content  av-content-small units'><div class='post-entry post-entry-type-page post-entry-48321'><div class='entry-content-wrapper clearfix'>\n<div  class='flex_column av-31u7fhd-0f22a597a65c2e8f8b7abb3b50ca65d7 av_one_half  avia-builder-el-15  el_before_av_one_half  avia-builder-el-first  first flex_column_div  '     ><style type=\"text\/css\" data-created_by=\"avia_inline_auto\" id=\"style-css-av-lztw3fka-91d5aeb6a93171b438a47739322578e5\">\n.avia-image-container.av-lztw3fka-91d5aeb6a93171b438a47739322578e5 img.avia_image{\nbox-shadow:none;\n}\n.avia-image-container.av-lztw3fka-91d5aeb6a93171b438a47739322578e5 .av-image-caption-overlay-center{\ncolor:#ffffff;\n}\n<\/style>\n<div  class='avia-image-container av-lztw3fka-91d5aeb6a93171b438a47739322578e5 av-styling- avia-align-center  avia-builder-el-16  avia-builder-el-no-sibling '   itemprop=\"image\" itemscope=\"itemscope\" itemtype=\"https:\/\/schema.org\/ImageObject\" ><div class=\"avia-image-container-inner\"><div class=\"avia-image-overlay-wrap\"><img decoding=\"async\" fetchpriority=\"high\" class='wp-image-48327 avia-img-lazy-loading-not-48327 avia_image ' src=\"https:\/\/hueffermann.de\/wp-content\/uploads\/sites\/3\/2024\/08\/csm_hueffermann-contentimg-produktion-lichtbogenverzinkung_d3f38960fd.jpg\" alt='' title='csm_hueffermann-contentimg-produktion-lichtbogenverzinkung_d3f38960fd'  height=\"560\" width=\"700\"  itemprop=\"thumbnailUrl\" srcset=\"https:\/\/hueffermann.de\/wp-content\/uploads\/sites\/3\/2024\/08\/csm_hueffermann-contentimg-produktion-lichtbogenverzinkung_d3f38960fd.jpg 700w, https:\/\/hueffermann.de\/wp-content\/uploads\/sites\/3\/2024\/08\/csm_hueffermann-contentimg-produktion-lichtbogenverzinkung_d3f38960fd-300x240.jpg 300w\" sizes=\"(max-width: 700px) 100vw, 700px\" \/><\/div><\/div><\/div><\/div><div  class='flex_column av-2fqsba9-876312f4232b587d77d1eaa682f201b3 av_one_half  avia-builder-el-17  el_after_av_one_half  avia-builder-el-last  flex_column_div  '     ><style type=\"text\/css\" data-created_by=\"avia_inline_auto\" id=\"style-css-av-lztw4f9z-3ae537777f638d073a50d36bb7fb2e6f\">\n#top .av_textblock_section.av-lztw4f9z-3ae537777f638d073a50d36bb7fb2e6f .avia_textblock{\ntext-align:left;\n}\n<\/style>\n<section  class='av_textblock_section av-lztw4f9z-3ae537777f638d073a50d36bb7fb2e6f '   itemscope=\"itemscope\" itemtype=\"https:\/\/schema.org\/CreativeWork\" ><div class='avia_textblock image-dark-section-title'  itemprop=\"text\" ><div>\n<div>\n<h3 class=\"schwa-h5\">2. OPTIONAL: Lichtbogenverzinkung<\/h3>\n<ul>\n<li>\u00a0Einsatzsicherheit und Wertstabilit\u00e4t<\/li>\n<li>\u00a0Steinschlagbest\u00e4ndig, abriebfest<\/li>\n<li>\u00a0hochwertiges Erscheinungsbild<\/li>\n<\/ul>\n<p>H\u00fcffermann liefert seit Anfang der 90er Jahre spritzverzinkte Anh\u00e4nger an Kunden, welche die Fahrzeuge unter extremen Umweltbelastungen einsetzen. Ende 2009 hat H\u00fcffermann die Lichtbogenverzinkung im eigenen Haus integriert, um die Oberfl\u00e4chenbeschichtung zeitnah durchf\u00fchren zu k\u00f6nnen.<\/p>\n<p>Die vollfl\u00e4chige Lichtbogenverzinkung mit anschlie\u00dfender Lackierung garantiert eine langlebige Optik, auch unter extremen Eins\u00e4tzen.<\/p>\n<p>Alle Anbauteile sind in feuerverzinkter Ausf\u00fchrung lieferbar. Achsen, R\u00e4der, Zuggabel und Montageteile sind KTL (Kathodische Tauch-lackierung) beschichtet.<\/p>\n<\/div>\n<\/div>\n<\/div><\/section><\/div>\n\n<\/div><\/div><\/div><!-- close content main div --><\/div><\/div><div id='av_section_5'  class='avia-section av-1zxfhhd-d8c976fe77ed7ed732ff867fa3ce61fc main_color avia-section-huge avia-no-border-styling  avia-builder-el-19  el_after_av_section  el_before_av_section  avia-bg-style-scroll container_wrap sidebar_left'  ><div class='container av-section-cont-open' ><div class='template-page content  av-content-small units'><div class='post-entry post-entry-type-page post-entry-48321'><div class='entry-content-wrapper clearfix'>\n<div class='flex_column_table av-1lftme9-32b4a4e15abe4d2eedcf00a1e0fb92c3 sc-av_one_half av-equal-height-column-flextable'><div  class='flex_column av-1lftme9-32b4a4e15abe4d2eedcf00a1e0fb92c3 av_one_half  avia-builder-el-20  el_before_av_one_half  avia-builder-el-first  first flex_column_table_cell av-equal-height-column av-align-top  '     ><style type=\"text\/css\" data-created_by=\"avia_inline_auto\" id=\"style-css-av-lztw5xwv-05ab177f531a04416be81bf98ff0568c\">\n#top .av_textblock_section.av-lztw5xwv-05ab177f531a04416be81bf98ff0568c .avia_textblock{\ntext-align:left;\n}\n<\/style>\n<section  class='av_textblock_section av-lztw5xwv-05ab177f531a04416be81bf98ff0568c '   itemscope=\"itemscope\" itemtype=\"https:\/\/schema.org\/CreativeWork\" ><div class='avia_textblock image-dark-section-title'  itemprop=\"text\" ><div>\n<div>\n<h3 class=\"schwa-h5\">3. Lackierung<\/h3>\n<ul>\n<li>\u00a0individuelle Farbgebung m\u00f6glich<\/li>\n<\/ul>\n<p>Alle Fahrzeuge sowie deren Anbauteile k\u00f6nnen in individueller Kundenfarbe gestaltet werden. Nach der Grundierung erfolgt die Lackierung mit einem Decklack mit hohem Festk\u00f6rperanteil, damit jeder kleinste Spalt abgedeckt wird.<br \/>\nNach der Montage und der endg\u00fcltigen Freigabe des Fahrzeuges durch die Qualit\u00e4tskontrolle wird das Fahrzeug an Materialdoppelungen und -\u00fcberg\u00e4ngen konserviert. Die Konservierung erfolgt mit einem speziellen Kriechwachs.<\/p>\n<\/div>\n<\/div>\n<\/div><\/section><\/div><div class='av-flex-placeholder'><\/div><div  class='flex_column av-1789zfl-062f9d0cedc9043e466dcf0080f98b49 av_one_half  avia-builder-el-22  el_after_av_one_half  avia-builder-el-last  flex_column_table_cell av-equal-height-column av-align-top  '     ><style type=\"text\/css\" data-created_by=\"avia_inline_auto\" id=\"style-css-av-lztw5b79-5984d6309d94291cb3dad6d7e6081cfd\">\n.avia-image-container.av-lztw5b79-5984d6309d94291cb3dad6d7e6081cfd img.avia_image{\nbox-shadow:none;\n}\n.avia-image-container.av-lztw5b79-5984d6309d94291cb3dad6d7e6081cfd .av-image-caption-overlay-center{\ncolor:#ffffff;\n}\n<\/style>\n<div  class='avia-image-container av-lztw5b79-5984d6309d94291cb3dad6d7e6081cfd av-styling- avia-align-center  avia-builder-el-23  avia-builder-el-no-sibling '   itemprop=\"image\" itemscope=\"itemscope\" itemtype=\"https:\/\/schema.org\/ImageObject\" ><div class=\"avia-image-container-inner\"><div class=\"avia-image-overlay-wrap\"><img decoding=\"async\" fetchpriority=\"high\" class='wp-image-48322 avia-img-lazy-loading-not-48322 avia_image ' src=\"https:\/\/hueffermann.de\/wp-content\/uploads\/sites\/3\/2024\/08\/csm_hueffermann-contentimg-produktion-lackierung_dfd9512ffd.jpg\" alt='' title='csm_hueffermann-contentimg-produktion-lackierung_dfd9512ffd'  height=\"560\" width=\"700\"  itemprop=\"thumbnailUrl\" srcset=\"https:\/\/hueffermann.de\/wp-content\/uploads\/sites\/3\/2024\/08\/csm_hueffermann-contentimg-produktion-lackierung_dfd9512ffd.jpg 700w, https:\/\/hueffermann.de\/wp-content\/uploads\/sites\/3\/2024\/08\/csm_hueffermann-contentimg-produktion-lackierung_dfd9512ffd-300x240.jpg 300w\" sizes=\"(max-width: 700px) 100vw, 700px\" \/><\/div><\/div><\/div><\/div><\/div><!--close column table wrapper. Autoclose: 1 -->\n\n<\/div><\/div><\/div><!-- close content main div --><\/div><\/div><div id='av_section_6'  class='avia-section av-o9dskh-a9298f479128a7ff5744d7ea35567d87 main_color avia-section-default avia-no-border-styling  avia-builder-el-24  el_after_av_section  avia-builder-el-last  avia-bg-style-scroll container_wrap sidebar_left'  ><div class='container av-section-cont-open' ><div class='template-page content  av-content-small units'><div class='post-entry post-entry-type-page post-entry-48321'><div class='entry-content-wrapper clearfix'>\n\n<style type=\"text\/css\" data-created_by=\"avia_inline_auto\" id=\"style-css-av-lztw7alc-4a3a9ab9b050c302f961ebaaa9626eab\">\n#top .av_textblock_section.av-lztw7alc-4a3a9ab9b050c302f961ebaaa9626eab .avia_textblock{\ntext-align:center;\n}\n<\/style>\n<section  class='av_textblock_section av-lztw7alc-4a3a9ab9b050c302f961ebaaa9626eab '   itemscope=\"itemscope\" itemtype=\"https:\/\/schema.org\/CreativeWork\" ><div class='avia_textblock'  itemprop=\"text\" ><h2 class=\"align-center schwa-h1\"><strong>Sie haben Fragen?<\/strong><\/h2>\n<p class=\"align-center\"><strong>Schreiben Sie uns einfach an<br \/>\n<a href=\"mailto:info@hueffermann.de\">info@hueffermann.de<\/a><\/strong><\/p>\n<p class=\"align-center\"><strong>oder rufen Sie uns an:<br \/>\n<a href=\"tel:+49339709960\">+49 33970 996-0<\/a><\/strong><\/p>\n<\/div><\/section>\n<\/div><\/div><\/div><!-- close content main div --><\/div><\/div><div id='after_section_6'  class='main_color av_default_container_wrap container_wrap sidebar_left'  ><div class='container av-section-cont-open' ><div class='template-page content  av-content-small units'><div class='post-entry post-entry-type-page post-entry-48321'><div class='entry-content-wrapper clearfix'>\n","protected":false},"excerpt":{"rendered":"","protected":false},"author":7,"featured_media":0,"parent":0,"menu_order":0,"comment_status":"closed","ping_status":"closed","template":"","meta":{"_acf_changed":false,"_relevanssi_hide_post":"","_relevanssi_hide_content":"","_relevanssi_pin_for_all":"","_relevanssi_pin_keywords":"","_relevanssi_unpin_keywords":"","_relevanssi_related_keywords":"","_relevanssi_related_include_ids":"","_relevanssi_related_exclude_ids":"","_relevanssi_related_no_append":"","_relevanssi_related_not_related":"","_relevanssi_related_posts":"47376,48135,47626,47091,47545,47107","_relevanssi_noindex_reason":"","footnotes":""},"class_list":["post-48321","page","type-page","status-publish","hentry"],"acf":[],"yoast_head":"<!-- This site is optimized with the Yoast SEO Premium plugin v26.4 (Yoast SEO v27.2) - https:\/\/yoast.com\/product\/yoast-seo-premium-wordpress\/ -->\n<title>Produktion - H\u00fcffermann<\/title>\n<meta name=\"robots\" content=\"index, follow, max-snippet:-1, max-image-preview:large, max-video-preview:-1\" \/>\n<link rel=\"canonical\" href=\"https:\/\/hueffermann.de\/de\/produktion\/\" \/>\n<meta property=\"og:locale\" content=\"de_DE\" \/>\n<meta property=\"og:type\" content=\"article\" \/>\n<meta property=\"og:title\" content=\"Produktion\" \/>\n<meta property=\"og:url\" content=\"https:\/\/hueffermann.de\/de\/produktion\/\" \/>\n<meta property=\"og:site_name\" content=\"H\u00fcffermann\" \/>\n<meta property=\"article:modified_time\" content=\"2024-09-19T19:52:51+00:00\" \/>\n<meta name=\"twitter:card\" content=\"summary_large_image\" \/>\n<meta name=\"twitter:label1\" content=\"Gesch\u00e4tzte Lesezeit\" \/>\n\t<meta name=\"twitter:data1\" content=\"3\u00a0Minuten\" \/>\n<script type=\"application\/ld+json\" class=\"yoast-schema-graph\">{\"@context\":\"https:\/\/schema.org\",\"@graph\":[{\"@type\":\"WebPage\",\"@id\":\"https:\/\/hueffermann.de\/de\/produktion\/\",\"url\":\"https:\/\/hueffermann.de\/de\/produktion\/\",\"name\":\"Produktion - H\u00fcffermann\",\"isPartOf\":{\"@id\":\"https:\/\/hueffermann.de\/en\/#website\"},\"datePublished\":\"2024-08-14T13:35:38+00:00\",\"dateModified\":\"2024-09-19T19:52:51+00:00\",\"breadcrumb\":{\"@id\":\"https:\/\/hueffermann.de\/de\/produktion\/#breadcrumb\"},\"inLanguage\":\"de\",\"potentialAction\":[{\"@type\":\"ReadAction\",\"target\":[\"https:\/\/hueffermann.de\/de\/produktion\/\"]}]},{\"@type\":\"BreadcrumbList\",\"@id\":\"https:\/\/hueffermann.de\/de\/produktion\/#breadcrumb\",\"itemListElement\":[{\"@type\":\"ListItem\",\"position\":1,\"name\":\"Home\",\"item\":\"https:\/\/hueffermann.de\/de\/home\/\"},{\"@type\":\"ListItem\",\"position\":2,\"name\":\"Produktion\"}]},{\"@type\":\"WebSite\",\"@id\":\"https:\/\/hueffermann.de\/en\/#website\",\"url\":\"https:\/\/hueffermann.de\/en\/\",\"name\":\"H\u00fcffermann\",\"description\":\"\",\"potentialAction\":[{\"@type\":\"SearchAction\",\"target\":{\"@type\":\"EntryPoint\",\"urlTemplate\":\"https:\/\/hueffermann.de\/en\/?s={search_term_string}\"},\"query-input\":{\"@type\":\"PropertyValueSpecification\",\"valueRequired\":true,\"valueName\":\"search_term_string\"}}],\"inLanguage\":\"de\"}]}<\/script>\n<!-- \/ Yoast SEO Premium plugin. -->","yoast_head_json":{"title":"Produktion - H\u00fcffermann","robots":{"index":"index","follow":"follow","max-snippet":"max-snippet:-1","max-image-preview":"max-image-preview:large","max-video-preview":"max-video-preview:-1"},"canonical":"https:\/\/hueffermann.de\/de\/produktion\/","og_locale":"de_DE","og_type":"article","og_title":"Produktion","og_url":"https:\/\/hueffermann.de\/de\/produktion\/","og_site_name":"H\u00fcffermann","article_modified_time":"2024-09-19T19:52:51+00:00","twitter_card":"summary_large_image","twitter_misc":{"Gesch\u00e4tzte Lesezeit":"3\u00a0Minuten"},"schema":{"@context":"https:\/\/schema.org","@graph":[{"@type":"WebPage","@id":"https:\/\/hueffermann.de\/de\/produktion\/","url":"https:\/\/hueffermann.de\/de\/produktion\/","name":"Produktion - H\u00fcffermann","isPartOf":{"@id":"https:\/\/hueffermann.de\/en\/#website"},"datePublished":"2024-08-14T13:35:38+00:00","dateModified":"2024-09-19T19:52:51+00:00","breadcrumb":{"@id":"https:\/\/hueffermann.de\/de\/produktion\/#breadcrumb"},"inLanguage":"de","potentialAction":[{"@type":"ReadAction","target":["https:\/\/hueffermann.de\/de\/produktion\/"]}]},{"@type":"BreadcrumbList","@id":"https:\/\/hueffermann.de\/de\/produktion\/#breadcrumb","itemListElement":[{"@type":"ListItem","position":1,"name":"Home","item":"https:\/\/hueffermann.de\/de\/home\/"},{"@type":"ListItem","position":2,"name":"Produktion"}]},{"@type":"WebSite","@id":"https:\/\/hueffermann.de\/en\/#website","url":"https:\/\/hueffermann.de\/en\/","name":"H\u00fcffermann","description":"","potentialAction":[{"@type":"SearchAction","target":{"@type":"EntryPoint","urlTemplate":"https:\/\/hueffermann.de\/en\/?s={search_term_string}"},"query-input":{"@type":"PropertyValueSpecification","valueRequired":true,"valueName":"search_term_string"}}],"inLanguage":"de"}]}},"_links":{"self":[{"href":"https:\/\/hueffermann.de\/de\/wp-json\/wp\/v2\/pages\/48321","targetHints":{"allow":["GET"]}}],"collection":[{"href":"https:\/\/hueffermann.de\/de\/wp-json\/wp\/v2\/pages"}],"about":[{"href":"https:\/\/hueffermann.de\/de\/wp-json\/wp\/v2\/types\/page"}],"author":[{"embeddable":true,"href":"https:\/\/hueffermann.de\/de\/wp-json\/wp\/v2\/users\/7"}],"replies":[{"embeddable":true,"href":"https:\/\/hueffermann.de\/de\/wp-json\/wp\/v2\/comments?post=48321"}],"version-history":[{"count":26,"href":"https:\/\/hueffermann.de\/de\/wp-json\/wp\/v2\/pages\/48321\/revisions"}],"predecessor-version":[{"id":49350,"href":"https:\/\/hueffermann.de\/de\/wp-json\/wp\/v2\/pages\/48321\/revisions\/49350"}],"wp:attachment":[{"href":"https:\/\/hueffermann.de\/de\/wp-json\/wp\/v2\/media?parent=48321"}],"curies":[{"name":"wp","href":"https:\/\/api.w.org\/{rel}","templated":true}]}}