{"id":50100,"date":"2024-09-23T08:08:55","date_gmt":"2024-09-23T06:08:55","guid":{"rendered":"https:\/\/hueffermann.de\/?page_id=50100"},"modified":"2024-12-06T11:12:54","modified_gmt":"2024-12-06T10:12:54","slug":"teilnahmebedingungen","status":"publish","type":"page","link":"https:\/\/hueffermann.de\/de\/social-media\/teilnahmebedingungen\/","title":{"rendered":"Teilnahmebedingungen"},"content":{"rendered":"<div id='av_section_1'  class='avia-section av-164v4k4-e4ee2e9f50d4ca089f7a0baff6567c77 main_color avia-section-default avia-no-border-styling  avia-builder-el-0  avia-builder-el-no-sibling  avia-bg-style-scroll container_wrap sidebar_left'  ><div class='container av-section-cont-open' ><main  role=\"main\" itemprop=\"mainContentOfPage\"  class='template-page content  av-content-small units'><div class='post-entry post-entry-type-page post-entry-50100'><div class='entry-content-wrapper clearfix'>\n\n<style type=\"text\/css\" data-created_by=\"avia_inline_auto\" id=\"style-css-av-m1elvu4q-38f1ba86ae902bd911744518d2ee4a47\">\n#top .av-special-heading.av-m1elvu4q-38f1ba86ae902bd911744518d2ee4a47{\npadding-bottom:10px;\n}\nbody .av-special-heading.av-m1elvu4q-38f1ba86ae902bd911744518d2ee4a47 .av-special-heading-tag .heading-char{\nfont-size:25px;\n}\n.av-special-heading.av-m1elvu4q-38f1ba86ae902bd911744518d2ee4a47 .av-subheading{\nfont-size:15px;\n}\n<\/style>\n<div  class='av-special-heading av-m1elvu4q-38f1ba86ae902bd911744518d2ee4a47 av-special-heading-h1  avia-builder-el-1  el_before_av_hr  avia-builder-el-first '><h1 class='av-special-heading-tag '  itemprop=\"headline\"  >Teilnahmebedingungen<\/h1><div class=\"special-heading-border\"><div class=\"special-heading-inner-border\"><\/div><\/div><\/div>\n<div  class='hr av-njjmac-373aba09db107e6acbc38d157ad42368 hr-default  avia-builder-el-2  el_after_av_heading  el_before_av_textblock '><span class='hr-inner '><span class=\"hr-inner-style\"><\/span><\/span><\/div>\n<section  class='av_textblock_section av-m1elwpfb-9c5bbfaf65c3cc1a84c5725cbf13cbe3 '   itemscope=\"itemscope\" itemtype=\"https:\/\/schema.org\/CreativeWork\" ><div class='avia_textblock'  itemprop=\"text\" ><p>Das Gewinnspiel endet am 12.12.2024, 10:00 Uhr. Teilnahmeberechtigt sind alle Personen ab dem vollendeten 18. Lebensjahr, die eine g\u00fcltige Zustellanschrift in Deutschland oder \u00d6sterreich haben und \u00fcber ein echtes Personenprofil auf Instagram verf\u00fcgen. Jeder Teilnehmer darf am Gewinnspiel nur einmal teilnehmen. Mehrfachteilnahmen werden nicht ber\u00fccksichtigt. Mitarbeiter sind von der Teilnahme ausgeschlossen.<\/p>\n<p>Die Teilnahme am Gewinnspiel erfolgt, indem der Teilnehmer einen Kommentar unter dem Gewinnspielposting vom 06.012.2024 innerhalb des Teilnahmezeitraumes hochl\u00e4dt. Teilnahmen, die auf anderem Weg (zB per Post, E-Mail oder \u00fcber andere soziale Medien) erfolgen, k\u00f6nnen nicht ber\u00fccksichtigt werden.<\/p>\n<p>Sollte ein Bild und\/oder Kommentar rechtswidrige, politische, nicht jugendfreie oder ethisch nicht vertretbare Elemente enthalten, wird die Teilnahme der verfassenden Person ung\u00fcltig. Werden mehrere Kommentare durch eine Person hochgeladen, bleibt nur der chronologisch \u00e4lteste Beitrag g\u00fcltig.<\/p>\n<p>H\u00dcFFERMANN beh\u00e4lt sich das Recht vor, jeden Teilnehmer zu disqualifizieren, der das Gewinnspiel manipuliert oder gegen diese Teilnahmebedingungen verst\u00f6\u00dft. Eine Disqualifikation erfolgt bereits bei Vorliegen eines begr\u00fcndeten Verdachts. H\u00dcFFERMANN beh\u00e4lt sich die Einleitung rechtlicher Schritte vor. Die Teilnahme am Gewinnspiel ist freiwillig und kostenlos. Der Teilnehmer muss lediglich die Geb\u00fchren f\u00fcr die Internetverbindung zu den Webseiten mit dem Gewinnspiel selbst tragen. Die Teilnahme sowie die Gewinnchancen sind unabh\u00e4ngig vom Erwerb von Waren oder Dienstleistungen. Unter allen Teilnehmern werden 5&#215;2 5&#215;2 Tickets f\u00fcr die IAA Transportation 2022 in Hannover verlost.<\/p>\n<p>Die technische Durchf\u00fchrung der Verlosung, welche auf einer Zufallsziehung basiert, obliegt H\u00dcFFERMANN.<\/p>\n<p>Der Gewinner wird nach Ablauf des Teilnahmezeitraums durch eine Instagram Direktnachricht und Kommentar durch H\u00dcFFERMANN informiert. In der Nachricht wird der Gewinner gebeten, den vollst\u00e4ndigen Namen, Adresse und Kontaktdaten zu Telefonnummer und E-Mail Adresse binnen einer Woche zu senden, andernfalls verf\u00e4llt der Gewinn und es kann per Zufallsziehung ein neuer Gewinner ermittelt werden. F\u00fcr die Richtigkeit seiner eigenen Angaben ist der Gewinner selbst verantwortlich. H\u00dcFFERMANN ist nicht verpflichtet, richtige Namen und Adressen auszuforschen. Der Gewinnanspruch ist nicht abtretbar, Barauszahlungen des Gegenwertes sind nicht m\u00f6glich.<\/p>\n<p>H\u00dcFFERMANN beh\u00e4lt sich das Recht vor, das Gewinnspiel zu jedem Zeitpunkt ohne Vorank\u00fcndigung und ohne Angabe von Gr\u00fcnden abzubrechen oder zu beenden. Von dieser M\u00f6glichkeit macht H\u00dcFFERMANN insbesondere dann Gebrauch, wenn aus technischen oder rechtlichen Gr\u00fcnden eine ordnungsgem\u00e4\u00dfe Durchf\u00fchrung des Gewinnspieles nicht gew\u00e4hrleistet werden kann. Sofern eine derartige Beendigung durch das Verhalten eines Teilnehmers verursacht wird, kann SCHWARZM\u00dcLLER von dieser Person den entstandenen Schaden ersetzt verlangen.<\/p>\n<p>Im Gewinnfall hat der Teilnehmer seinen Vor- und Nachnamen, Adresse, Telefonnummer und E-Mail-Adresse bekannt zu geben. Diese vom Teilnehmer bekannt gegebenen personenbezogenen Daten werden von H\u00dcFFERMANN vertraulich behandelt und ausschlie\u00dflich zum Zwecke der Durchf\u00fchrung des Gewinnspiels erhoben, verarbeitet und genutzt, insbesondere zum Zweck der Kontaktaufnahme im Rahmen des Gewinnspieles. Die personenbezogenen Daten werden nicht an Dritte weitergegeben. Dar\u00fcber hinaus werden die notwendigen personenbezogenen Daten in Entsprechung der anwendbaren gesetzlichen Bestimmungen bzw. Aufbewahrungspflichten (DSGVO, DSG 2018, UGB, ABGB) aufbewahrt.<\/p>\n<p>Mit der Teilnahme am Gewinnspiel erteilt der Teilnehmer seine Zustimmung zu dieser Datenschutzerkl\u00e4rung. Die Rechtsgrundlage f\u00fcr die Verarbeitungsschritte bei der Durchf\u00fchrung und Abwicklung von Gewinnspielen stellt gem\u00e4\u00df Art 6 Abs 1 lit a DSGVO Ihre freiwillig abgegebene Einwilligungserkl\u00e4rung dar. Die personenbezogenen Daten des Gewinners werden von H\u00dcFFERMANN bis zur endg\u00fcltigen Abwicklung des Gewinnspieles (Abkl\u00e4rung der Teilnahmeberechtigung, Kontaktaufnahme im Rahmen des Gewinnspiels) auf einem sicheren Server von H\u00dcFFERMANN gespeichert und danach vollst\u00e4ndig und sicher gel\u00f6scht.<\/p>\n<p>H\u00dcFFERMANN leistet keine Gew\u00e4hr f\u00fcr die Verf\u00fcgbarkeit der Instagram-App sowie der offiziellen Instagram-Seite von H\u00dcFFERMANN. F\u00fcr Sch\u00e4den durch Fehler, Verz\u00f6gerungen oder Unterbrechungen in der Daten\u00fcbertragung, bei St\u00f6rungen der technischen Anlagen und des Services, unrichtige Inhalte, Verlust oder L\u00f6schung von Daten und Viren haftet H\u00dcFFERMANN nicht.<\/p>\n<p>H\u00dcFFERMANN beh\u00e4lt sich vor, diese Teilnahmebedingungen jederzeit und ohne Angabe von Gr\u00fcnden zu \u00e4ndern, insbesondere soweit dies aufgrund h\u00f6herer Gewalt oder \u00e4u\u00dferer, nicht von H\u00dcFFERMANN zu beeinflussender Umst\u00e4nde erforderlich sein sollte oder wenn nur so eine ordnungsgem\u00e4\u00dfe Durchf\u00fchrung der Gewinnspiele gew\u00e4hrleistet werden kann.<\/p>\n<p>Dieses Gewinnspiel steht in keiner Verbindung zu Facebook bzw. Instagram und wird in keiner Weise von Facebook bzw. Instagram gesponsert, unterst\u00fctzt oder organisiert. Der Empf\u00e4nger der vom Teilnehmer bereitgestellten Informationen ist nicht Facebook bzw. Instagram, sondern H\u00dcFFERMANN. Die bereitgestellten Informationen werden einzig f\u00fcr das Gewinnspiel verwendet. Die Teilnehmer stellen Facebook bzw. Instagram von jeglicher Haftung, welche aus Anspr\u00fcchen im Zusammenhang mit der Durchf\u00fchrung des Gewinnspiels (insbesondere dessen Publikation und Organisation) resultieren, frei. S\u00e4mtliche Fragen, Kommentare oder Beschwerden zum Gewinnspiel sind direkt an H\u00dcFFERMANN und nicht an Facebook bzw. Instagram zu richten. Auf die Nutzungsbedingungen und Datenschutzregeln (<a href=\"https:\/\/eur01.safelinks.protection.outlook.com\/?url=http%3A%2F%2Fwww.facebook.com%2Fhelp%2Finstagram%2F%3Frdrhc&amp;data=04%7C01%7Ctim.reimann%40schwarzmueller.com%7C6931b774e840421e14d708d97c26f29d%7C3484c9da087043b9bcd8cf56e318c537%7C0%7C0%7C637677328988168556%7CUnknown%7CTWFpbGZsb3d8eyJWIjoiMC4wLjAwMDAiLCJQIjoiV2luMzIiLCJBTiI6Ik1haWwiLCJXVCI6Mn0%3D%7C1000&amp;sdata=VRyujTqJh6PRDbvap74S0MNVpNfhx3Hj66onK3DsGi8%3D&amp;reserved=0\" target=\"_blank\" rel=\"noopener\" data-cke-saved-href=\"https:\/\/eur01.safelinks.protection.outlook.com\/?url=http%3A%2F%2Fwww.facebook.com%2Fhelp%2Finstagram%2F%3Frdrhc&amp;data=04%7C01%7Ctim.reimann%40schwarzmueller.com%7C6931b774e840421e14d708d97c26f29d%7C3484c9da087043b9bcd8cf56e318c537%7C0%7C0%7C637677328988168556%7CUnknown%7CTWFpbGZsb3d8eyJWIjoiMC4wLjAwMDAiLCJQIjoiV2luMzIiLCJBTiI6Ik1haWwiLCJXVCI6Mn0%3D%7C1000&amp;sdata=VRyujTqJh6PRDbvap74S0MNVpNfhx3Hj66onK3DsGi8%3D&amp;reserved=0\">www.facebook.com\/help\/instagram\/?rdrhc<\/a>) von Instagram wird hingewiesen.<\/p>\n<p>Der Rechtsweg ist ausgeschlossen. Es gilt ausschlie\u00dflich deutsches Recht.<\/p>\n<\/div><\/section>\n<\/div><\/div><\/main><!-- close content main element --><\/div><\/div><div id='after_section_1'  class='main_color av_default_container_wrap container_wrap sidebar_left'  ><div class='container av-section-cont-open' ><div class='template-page content  av-content-small units'><div class='post-entry post-entry-type-page post-entry-50100'><div class='entry-content-wrapper clearfix'>\n","protected":false},"excerpt":{"rendered":"","protected":false},"author":8,"featured_media":0,"parent":50097,"menu_order":0,"comment_status":"closed","ping_status":"closed","template":"","meta":{"_acf_changed":false,"_relevanssi_hide_post":"","_relevanssi_hide_content":"","_relevanssi_pin_for_all":"","_relevanssi_pin_keywords":"","_relevanssi_unpin_keywords":"","_relevanssi_related_keywords":"","_relevanssi_related_include_ids":"","_relevanssi_related_exclude_ids":"","_relevanssi_related_no_append":"","_relevanssi_related_not_related":"","_relevanssi_related_posts":"47091,48135,48052,47804,47205,48107","_relevanssi_noindex_reason":"","footnotes":""},"class_list":["post-50100","page","type-page","status-publish","hentry"],"acf":[],"yoast_head":"<!-- This site is optimized with the Yoast SEO Premium plugin v26.4 (Yoast SEO v27.2) - https:\/\/yoast.com\/product\/yoast-seo-premium-wordpress\/ -->\n<title>Teilnahmebedingungen - H\u00fcffermann<\/title>\n<meta name=\"robots\" content=\"index, follow, max-snippet:-1, max-image-preview:large, max-video-preview:-1\" \/>\n<link rel=\"canonical\" href=\"https:\/\/hueffermann.de\/de\/social-media\/teilnahmebedingungen\/\" \/>\n<meta property=\"og:locale\" content=\"de_DE\" \/>\n<meta property=\"og:type\" content=\"article\" \/>\n<meta property=\"og:title\" content=\"Teilnahmebedingungen\" \/>\n<meta property=\"og:url\" content=\"https:\/\/hueffermann.de\/de\/social-media\/teilnahmebedingungen\/\" \/>\n<meta property=\"og:site_name\" content=\"H\u00fcffermann\" \/>\n<meta property=\"article:modified_time\" content=\"2024-12-06T10:12:54+00:00\" \/>\n<meta name=\"twitter:card\" content=\"summary_large_image\" \/>\n<meta name=\"twitter:label1\" content=\"Gesch\u00e4tzte Lesezeit\" \/>\n\t<meta name=\"twitter:data1\" content=\"5\u00a0Minuten\" \/>\n<script type=\"application\/ld+json\" class=\"yoast-schema-graph\">{\"@context\":\"https:\/\/schema.org\",\"@graph\":[{\"@type\":\"WebPage\",\"@id\":\"https:\/\/hueffermann.de\/de\/social-media\/teilnahmebedingungen\/\",\"url\":\"https:\/\/hueffermann.de\/de\/social-media\/teilnahmebedingungen\/\",\"name\":\"Teilnahmebedingungen - H\u00fcffermann\",\"isPartOf\":{\"@id\":\"https:\/\/hueffermann.de\/en\/#website\"},\"datePublished\":\"2024-09-23T06:08:55+00:00\",\"dateModified\":\"2024-12-06T10:12:54+00:00\",\"breadcrumb\":{\"@id\":\"https:\/\/hueffermann.de\/de\/social-media\/teilnahmebedingungen\/#breadcrumb\"},\"inLanguage\":\"de\",\"potentialAction\":[{\"@type\":\"ReadAction\",\"target\":[\"https:\/\/hueffermann.de\/de\/social-media\/teilnahmebedingungen\/\"]}]},{\"@type\":\"BreadcrumbList\",\"@id\":\"https:\/\/hueffermann.de\/de\/social-media\/teilnahmebedingungen\/#breadcrumb\",\"itemListElement\":[{\"@type\":\"ListItem\",\"position\":1,\"name\":\"Home\",\"item\":\"https:\/\/hueffermann.de\/de\/home\/\"},{\"@type\":\"ListItem\",\"position\":2,\"name\":\"Social Media\",\"item\":\"https:\/\/hueffermann.de\/de\/social-media\/\"},{\"@type\":\"ListItem\",\"position\":3,\"name\":\"Teilnahmebedingungen\"}]},{\"@type\":\"WebSite\",\"@id\":\"https:\/\/hueffermann.de\/en\/#website\",\"url\":\"https:\/\/hueffermann.de\/en\/\",\"name\":\"H\u00fcffermann\",\"description\":\"\",\"potentialAction\":[{\"@type\":\"SearchAction\",\"target\":{\"@type\":\"EntryPoint\",\"urlTemplate\":\"https:\/\/hueffermann.de\/en\/?s={search_term_string}\"},\"query-input\":{\"@type\":\"PropertyValueSpecification\",\"valueRequired\":true,\"valueName\":\"search_term_string\"}}],\"inLanguage\":\"de\"}]}<\/script>\n<!-- \/ Yoast SEO Premium plugin. -->","yoast_head_json":{"title":"Teilnahmebedingungen - H\u00fcffermann","robots":{"index":"index","follow":"follow","max-snippet":"max-snippet:-1","max-image-preview":"max-image-preview:large","max-video-preview":"max-video-preview:-1"},"canonical":"https:\/\/hueffermann.de\/de\/social-media\/teilnahmebedingungen\/","og_locale":"de_DE","og_type":"article","og_title":"Teilnahmebedingungen","og_url":"https:\/\/hueffermann.de\/de\/social-media\/teilnahmebedingungen\/","og_site_name":"H\u00fcffermann","article_modified_time":"2024-12-06T10:12:54+00:00","twitter_card":"summary_large_image","twitter_misc":{"Gesch\u00e4tzte Lesezeit":"5\u00a0Minuten"},"schema":{"@context":"https:\/\/schema.org","@graph":[{"@type":"WebPage","@id":"https:\/\/hueffermann.de\/de\/social-media\/teilnahmebedingungen\/","url":"https:\/\/hueffermann.de\/de\/social-media\/teilnahmebedingungen\/","name":"Teilnahmebedingungen - H\u00fcffermann","isPartOf":{"@id":"https:\/\/hueffermann.de\/en\/#website"},"datePublished":"2024-09-23T06:08:55+00:00","dateModified":"2024-12-06T10:12:54+00:00","breadcrumb":{"@id":"https:\/\/hueffermann.de\/de\/social-media\/teilnahmebedingungen\/#breadcrumb"},"inLanguage":"de","potentialAction":[{"@type":"ReadAction","target":["https:\/\/hueffermann.de\/de\/social-media\/teilnahmebedingungen\/"]}]},{"@type":"BreadcrumbList","@id":"https:\/\/hueffermann.de\/de\/social-media\/teilnahmebedingungen\/#breadcrumb","itemListElement":[{"@type":"ListItem","position":1,"name":"Home","item":"https:\/\/hueffermann.de\/de\/home\/"},{"@type":"ListItem","position":2,"name":"Social Media","item":"https:\/\/hueffermann.de\/de\/social-media\/"},{"@type":"ListItem","position":3,"name":"Teilnahmebedingungen"}]},{"@type":"WebSite","@id":"https:\/\/hueffermann.de\/en\/#website","url":"https:\/\/hueffermann.de\/en\/","name":"H\u00fcffermann","description":"","potentialAction":[{"@type":"SearchAction","target":{"@type":"EntryPoint","urlTemplate":"https:\/\/hueffermann.de\/en\/?s={search_term_string}"},"query-input":{"@type":"PropertyValueSpecification","valueRequired":true,"valueName":"search_term_string"}}],"inLanguage":"de"}]}},"_links":{"self":[{"href":"https:\/\/hueffermann.de\/de\/wp-json\/wp\/v2\/pages\/50100","targetHints":{"allow":["GET"]}}],"collection":[{"href":"https:\/\/hueffermann.de\/de\/wp-json\/wp\/v2\/pages"}],"about":[{"href":"https:\/\/hueffermann.de\/de\/wp-json\/wp\/v2\/types\/page"}],"author":[{"embeddable":true,"href":"https:\/\/hueffermann.de\/de\/wp-json\/wp\/v2\/users\/8"}],"replies":[{"embeddable":true,"href":"https:\/\/hueffermann.de\/de\/wp-json\/wp\/v2\/comments?post=50100"}],"version-history":[{"count":4,"href":"https:\/\/hueffermann.de\/de\/wp-json\/wp\/v2\/pages\/50100\/revisions"}],"predecessor-version":[{"id":51790,"href":"https:\/\/hueffermann.de\/de\/wp-json\/wp\/v2\/pages\/50100\/revisions\/51790"}],"up":[{"embeddable":true,"href":"https:\/\/hueffermann.de\/de\/wp-json\/wp\/v2\/pages\/50097"}],"wp:attachment":[{"href":"https:\/\/hueffermann.de\/de\/wp-json\/wp\/v2\/media?parent=50100"}],"curies":[{"name":"wp","href":"https:\/\/api.w.org\/{rel}","templated":true}]}}