{"id":51866,"date":"2025-01-22T06:40:54","date_gmt":"2025-01-22T05:40:54","guid":{"rendered":"https:\/\/hueffermann.de\/?page_id=51866"},"modified":"2025-01-22T06:49:58","modified_gmt":"2025-01-22T05:49:58","slug":"processing-applicant-data","status":"publish","type":"page","link":"https:\/\/hueffermann.de\/en\/info-contact\/processing-applicant-data\/","title":{"rendered":"Processing applicant data"},"content":{"rendered":"<section  class='av_textblock_section av-av_textblock-60b0e0d1ee9b0c10ae872a628415a6eb '   itemscope=\"itemscope\" itemtype=\"https:\/\/schema.org\/CreativeWork\" ><div class='avia_textblock sch-breadcrumb'  itemprop=\"text\" ><div class=\"breadcrumb breadcrumbs avia-breadcrumbs\"><div class=\"breadcrumb-trail\" ><span class=\"trail-before\"><span class=\"breadcrumb-title\">You are here:<\/span><\/span> <span  itemscope=\"itemscope\" itemtype=\"https:\/\/schema.org\/BreadcrumbList\" ><span  itemscope=\"itemscope\" itemtype=\"https:\/\/schema.org\/ListItem\" itemprop=\"itemListElement\" ><a itemprop=\"url\" href=\"https:\/\/hueffermann.de\/en\/\" title=\"H\u00fcffermann\" rel=\"home\" class=\"trail-begin\"><span itemprop=\"name\">Home<\/span><\/a><span itemprop=\"position\" class=\"hidden\">1<\/span><\/span><\/span><\/div><\/div>\n<\/div><\/section>\n<\/div><\/div><\/div><!-- close content main div --><\/div><\/div><div id='av_section_1'  class='avia-section av-av_section-faaf37a124be0c993c21c61c7574190b main_color avia-section-default avia-no-border-styling  avia-builder-el-1  el_after_av_textblock  el_before_av_section  avia-bg-style-scroll container_wrap sidebar_left'  ><div class='container av-section-cont-open' ><div class='template-page content  av-content-small units'><div class='post-entry post-entry-type-page post-entry-51866'><div class='entry-content-wrapper clearfix'>\n\n<style type=\"text\/css\" data-created_by=\"avia_inline_auto\" id=\"style-css-av-m233i8pl-1227c7cf61bb76bd6c43023ed390d3df\">\n#top .av_textblock_section.av-m233i8pl-1227c7cf61bb76bd6c43023ed390d3df .avia_textblock{\ntext-align:center;\n}\n<\/style>\n<section  class='av_textblock_section av-m233i8pl-1227c7cf61bb76bd6c43023ed390d3df '   itemscope=\"itemscope\" itemtype=\"https:\/\/schema.org\/CreativeWork\" ><div class='avia_textblock'  itemprop=\"text\" ><h1 class=\"align-center schwa-h2\">Information about our processing of applicant data<\/h1>\n<p class=\"align-center\">Under Art. 13, 21 GDPR<\/p>\n<\/div><\/section>\n\n<\/div><\/div><\/div><!-- close content main div --><\/div><\/div><div id='av_section_2'  class='avia-section av-av_section-faaf37a124be0c993c21c61c7574190b main_color avia-section-default avia-no-border-styling  avia-builder-el-3  el_after_av_section  avia-builder-el-last  avia-bg-style-scroll container_wrap sidebar_left'  ><div class='container av-section-cont-open' ><div class='template-page content  av-content-small units'><div class='post-entry post-entry-type-page post-entry-51866'><div class='entry-content-wrapper clearfix'>\n<section  class='av_textblock_section av-m233ilp1-47d6485eaec7b6f88471acb146ed3e5d '   itemscope=\"itemscope\" itemtype=\"https:\/\/schema.org\/CreativeWork\" ><div class='avia_textblock'  itemprop=\"text\" ><p><strong>1. CONTROLLER<\/strong><\/p>\n<p>H\u00fcffermann Transportsysteme GmbH<br \/>\nKampehler Stra\u00dfe 10<br \/>\n16845 Neustadt (Dosse)<\/p>\n<p><strong>2. PURPOSES AND LEGAL BASES OF PROCESSING<\/strong><br \/>\nWe process your personal data to the extent that this is necessary for the decision on the establishment of an employment relationship with us. Legal basis in this case is point (b) of Art. 6(1) GDPR on the initiation or implementation of contractual relationships. Furthermore, we may process personal data of you where this is necessary to ward off legal claims asserted against us (point (f) of Art. 6(1) GDPR). We expressly ask you not to transfer any sensitive data (= which reveals racial and ethnic origin, religious or philosophical beliefs, trade union membership, as well as data concerning health or information on sex life or sexual orientation) to us. We take any voluntary transfer of sensitive data as consent (point (a) of Art. 6(1) GDPR). Such a consent may be withdrawn at any time with effect for the future by e-mail to\u00a0<a title=\"personal@schwarzmueller.com\" href=\"mailto:personalabteilung@hueffermann.de\">personalabteilung@hueffermann.de<\/a>. If your application is completed with a positive outcome, we will separately inform you about the further data processing.<\/p>\n<p><strong>3. CATEGORIES OF PERSONAL DATA<\/strong><br \/>\nWe process only data relating to your application. This may be general data on your person, specifications on your vocational qualification and school education, advanced vocational training and, where appropriate, further (sensitive) data you transfer to us in connection with your application. We process sensitive data which reveals ethnic origin, political opinion, religious beliefs or trade union membership, as well as data concerning health, sexual orientation or criminal convictions only to the extent that you transfer such data voluntarily to us.<\/p>\n<p><strong>4. AUTOMATED DECISION-MAKING<\/strong><br \/>\nWe do not use any automated decision-making under Art. 22 GDPR to perform the application process.<\/p>\n<p><strong>5. NECESSITY<\/strong><br \/>\nThe provision of the personal data (contact data, apprenticeship, qualifications) is necessary to establish an employment relationship. Any non-provision means that we cannot take your application into consideration in some circumstances.<\/p>\n<p><strong>6. DATA RECIPIENTS<\/strong><br \/>\nYour data may be accessed by the employees in charge in the Schwarzm\u00fcller Group and involved in the relevant personnel selection process (Wilhelm Schwarzm\u00fcller GmbH, Schwarzm\u00fcller GmbH &amp; Co. KG, H\u00fcffermann Transportsysteme GmbH, Schwarzm\u00fcller s.r.o., Schwarzm\u00fcller Kft.).<\/p>\n<p>Personal data can be passed on to recipients that offer the operation of IT systems. Furthermore, personal data will be disseminated to recipients outside the company only to the extent that this is required by law. Any transfer into a third country is not intended.<\/p>\n<p><strong>7. DATA RETENTION PERIOD<\/strong><br \/>\nWe retain your personal data as long as this is necessary for the decision on your application. Your personal data or application documents will be erased six months after the end of the application procedure, unless any longer retention is legally required or admissible. In the event that you consented to any longer retention of your personal data, we will retain such data in accordance with your declaration of consent. Where an employment relationship is concluded, we will inform you about the processing of your data in the context of the employment relationship.<\/p>\n<p><strong>8. YOUR RIGHTS<\/strong><br \/>\nYou have the right to obtain access to your personal data as well as to request the rectification, erasure, restriction of processing as well as transmission of your indicated data. Furthermore, you may object to the processing of your personal data under certain circumstances. In addition, you have the right to lodge a complaint with the Austrian data protection authority (<a title=\"dsb@dsb.gv.at\" href=\"mailto:dsb@dsb.gv.at\">dsb@dsb.gv.at<\/a>) or with a supervisory authority under data protection law in another EU state, in particular at your place of residence or work, if you take the view that the processing of your personal data is not legitimate. Where data is processed based on your consent, you are entitled, however, to withdraw such consent at any time. Please note that the withdrawal will be effective only for the future.<\/p>\n<\/div><\/section>\n<\/div><\/div><\/div><!-- close content main div --><\/div><\/div><div id='after_section_2'  class='main_color av_default_container_wrap container_wrap sidebar_left'  ><div class='container av-section-cont-open' ><div class='template-page content  av-content-small units'><div class='post-entry post-entry-type-page post-entry-51866'><div class='entry-content-wrapper clearfix'>\n","protected":false},"excerpt":{"rendered":"","protected":false},"author":8,"featured_media":0,"parent":50073,"menu_order":0,"comment_status":"closed","ping_status":"open","template":"","meta":{"_acf_changed":false,"_relevanssi_hide_post":"","_relevanssi_hide_content":"","_relevanssi_pin_for_all":"","_relevanssi_pin_keywords":"","_relevanssi_unpin_keywords":"","_relevanssi_related_keywords":"","_relevanssi_related_include_ids":"","_relevanssi_related_exclude_ids":"","_relevanssi_related_no_append":"","_relevanssi_related_not_related":"","_relevanssi_related_posts":"50675,50756,50742,50762,51810,50737","_relevanssi_noindex_reason":"","footnotes":""},"class_list":["post-51866","page","type-page","status-publish","hentry"],"acf":[],"yoast_head":"<!-- This site is optimized with the Yoast SEO Premium plugin v26.4 (Yoast SEO v27.2) - https:\/\/yoast.com\/product\/yoast-seo-premium-wordpress\/ -->\n<title>Processing applicant data - H\u00fcffermann<\/title>\n<meta name=\"robots\" content=\"index, follow, max-snippet:-1, max-image-preview:large, max-video-preview:-1\" \/>\n<link rel=\"canonical\" href=\"https:\/\/hueffermann.de\/en\/info-contact\/processing-applicant-data\/\" \/>\n<meta property=\"og:locale\" content=\"en_US\" \/>\n<meta property=\"og:type\" content=\"article\" \/>\n<meta property=\"og:title\" content=\"Processing applicant data\" \/>\n<meta property=\"og:url\" content=\"https:\/\/hueffermann.de\/en\/info-contact\/processing-applicant-data\/\" \/>\n<meta property=\"og:site_name\" content=\"H\u00fcffermann\" \/>\n<meta property=\"article:modified_time\" content=\"2025-01-22T05:49:58+00:00\" \/>\n<meta name=\"twitter:card\" content=\"summary_large_image\" \/>\n<meta name=\"twitter:label1\" content=\"Est. reading time\" \/>\n\t<meta name=\"twitter:data1\" content=\"4 minutes\" \/>\n<script type=\"application\/ld+json\" class=\"yoast-schema-graph\">{\"@context\":\"https:\/\/schema.org\",\"@graph\":[{\"@type\":\"WebPage\",\"@id\":\"https:\/\/hueffermann.de\/en\/info-contact\/processing-applicant-data\/\",\"url\":\"https:\/\/hueffermann.de\/en\/info-contact\/processing-applicant-data\/\",\"name\":\"Processing applicant data - H\u00fcffermann\",\"isPartOf\":{\"@id\":\"https:\/\/hueffermann.de\/en\/#website\"},\"datePublished\":\"2025-01-22T05:40:54+00:00\",\"dateModified\":\"2025-01-22T05:49:58+00:00\",\"breadcrumb\":{\"@id\":\"https:\/\/hueffermann.de\/en\/info-contact\/processing-applicant-data\/#breadcrumb\"},\"inLanguage\":\"en-US\",\"potentialAction\":[{\"@type\":\"ReadAction\",\"target\":[\"https:\/\/hueffermann.de\/en\/info-contact\/processing-applicant-data\/\"]}]},{\"@type\":\"BreadcrumbList\",\"@id\":\"https:\/\/hueffermann.de\/en\/info-contact\/processing-applicant-data\/#breadcrumb\",\"itemListElement\":[{\"@type\":\"ListItem\",\"position\":1,\"name\":\"Home\",\"item\":\"https:\/\/hueffermann.de\/en\/home-2\/\"},{\"@type\":\"ListItem\",\"position\":2,\"name\":\"Info contact\",\"item\":\"https:\/\/hueffermann.de\/en\/info-contact\/\"},{\"@type\":\"ListItem\",\"position\":3,\"name\":\"Processing applicant data\"}]},{\"@type\":\"WebSite\",\"@id\":\"https:\/\/hueffermann.de\/en\/#website\",\"url\":\"https:\/\/hueffermann.de\/en\/\",\"name\":\"H\u00fcffermann\",\"description\":\"\",\"potentialAction\":[{\"@type\":\"SearchAction\",\"target\":{\"@type\":\"EntryPoint\",\"urlTemplate\":\"https:\/\/hueffermann.de\/en\/?s={search_term_string}\"},\"query-input\":{\"@type\":\"PropertyValueSpecification\",\"valueRequired\":true,\"valueName\":\"search_term_string\"}}],\"inLanguage\":\"en-US\"}]}<\/script>\n<!-- \/ Yoast SEO Premium plugin. -->","yoast_head_json":{"title":"Processing applicant data - H\u00fcffermann","robots":{"index":"index","follow":"follow","max-snippet":"max-snippet:-1","max-image-preview":"max-image-preview:large","max-video-preview":"max-video-preview:-1"},"canonical":"https:\/\/hueffermann.de\/en\/info-contact\/processing-applicant-data\/","og_locale":"en_US","og_type":"article","og_title":"Processing applicant data","og_url":"https:\/\/hueffermann.de\/en\/info-contact\/processing-applicant-data\/","og_site_name":"H\u00fcffermann","article_modified_time":"2025-01-22T05:49:58+00:00","twitter_card":"summary_large_image","twitter_misc":{"Est. reading time":"4 minutes"},"schema":{"@context":"https:\/\/schema.org","@graph":[{"@type":"WebPage","@id":"https:\/\/hueffermann.de\/en\/info-contact\/processing-applicant-data\/","url":"https:\/\/hueffermann.de\/en\/info-contact\/processing-applicant-data\/","name":"Processing applicant data - H\u00fcffermann","isPartOf":{"@id":"https:\/\/hueffermann.de\/en\/#website"},"datePublished":"2025-01-22T05:40:54+00:00","dateModified":"2025-01-22T05:49:58+00:00","breadcrumb":{"@id":"https:\/\/hueffermann.de\/en\/info-contact\/processing-applicant-data\/#breadcrumb"},"inLanguage":"en-US","potentialAction":[{"@type":"ReadAction","target":["https:\/\/hueffermann.de\/en\/info-contact\/processing-applicant-data\/"]}]},{"@type":"BreadcrumbList","@id":"https:\/\/hueffermann.de\/en\/info-contact\/processing-applicant-data\/#breadcrumb","itemListElement":[{"@type":"ListItem","position":1,"name":"Home","item":"https:\/\/hueffermann.de\/en\/home-2\/"},{"@type":"ListItem","position":2,"name":"Info contact","item":"https:\/\/hueffermann.de\/en\/info-contact\/"},{"@type":"ListItem","position":3,"name":"Processing applicant data"}]},{"@type":"WebSite","@id":"https:\/\/hueffermann.de\/en\/#website","url":"https:\/\/hueffermann.de\/en\/","name":"H\u00fcffermann","description":"","potentialAction":[{"@type":"SearchAction","target":{"@type":"EntryPoint","urlTemplate":"https:\/\/hueffermann.de\/en\/?s={search_term_string}"},"query-input":{"@type":"PropertyValueSpecification","valueRequired":true,"valueName":"search_term_string"}}],"inLanguage":"en-US"}]}},"_links":{"self":[{"href":"https:\/\/hueffermann.de\/en\/wp-json\/wp\/v2\/pages\/51866","targetHints":{"allow":["GET"]}}],"collection":[{"href":"https:\/\/hueffermann.de\/en\/wp-json\/wp\/v2\/pages"}],"about":[{"href":"https:\/\/hueffermann.de\/en\/wp-json\/wp\/v2\/types\/page"}],"author":[{"embeddable":true,"href":"https:\/\/hueffermann.de\/en\/wp-json\/wp\/v2\/users\/8"}],"replies":[{"embeddable":true,"href":"https:\/\/hueffermann.de\/en\/wp-json\/wp\/v2\/comments?post=51866"}],"version-history":[{"count":7,"href":"https:\/\/hueffermann.de\/en\/wp-json\/wp\/v2\/pages\/51866\/revisions"}],"predecessor-version":[{"id":51908,"href":"https:\/\/hueffermann.de\/en\/wp-json\/wp\/v2\/pages\/51866\/revisions\/51908"}],"up":[{"embeddable":true,"href":"https:\/\/hueffermann.de\/en\/wp-json\/wp\/v2\/pages\/50073"}],"wp:attachment":[{"href":"https:\/\/hueffermann.de\/en\/wp-json\/wp\/v2\/media?parent=51866"}],"curies":[{"name":"wp","href":"https:\/\/api.w.org\/{rel}","templated":true}]}}