{"id":46554,"date":"2024-04-04T11:19:35","date_gmt":"2024-04-04T09:19:35","guid":{"rendered":"https:\/\/hueffermann.de\/szervezet\/"},"modified":"2024-10-23T17:45:05","modified_gmt":"2024-10-23T15:45:05","slug":"szervezet","status":"publish","type":"page","link":"https:\/\/hueffermann.de\/hu\/vallalat\/szervezet\/","title":{"rendered":"Szervezet"},"content":{"rendered":"\n<style type=\"text\/css\" data-created_by=\"avia_inline_auto\" id=\"style-css-av-1ii99mq-eb3edf708bfb1d6a91bbafeaf8a7b566\">\n.avia-section.av-1ii99mq-eb3edf708bfb1d6a91bbafeaf8a7b566{\nbackground-repeat:no-repeat;\nbackground-image:url(https:\/\/hueffermann.de\/wp-content\/uploads\/sites\/3\/2024\/05\/csm_04_cover_hueffermann_neu_grau_red_8baca4f305-2.jpg);\nbackground-position:50% 50%;\nbackground-attachment:scroll;\n}\n.avia-section.av-1ii99mq-eb3edf708bfb1d6a91bbafeaf8a7b566 .av-section-color-overlay{\nopacity:0.5;\nbackground-color:#0a0a0a;\n}\n<\/style>\n<div id='av_section_1'  class='avia-section av-1ii99mq-eb3edf708bfb1d6a91bbafeaf8a7b566 alternate_color avia-section-huge avia-no-border-styling  avia-builder-el-0  el_before_av_textblock  avia-builder-el-first  avia-full-stretch avia-bg-style-scroll av-section-color-overlay-active av-minimum-height av-minimum-height-custom av-height-custom  container_wrap sidebar_left'  data-section-bg-repeat='stretch' data-av_minimum_height_px='512'><div class=\"av-section-color-overlay-wrap\"><div class=\"av-section-color-overlay\"><\/div><div class='container av-section-cont-open' style='height:512px'><main  role=\"main\" itemprop=\"mainContentOfPage\"  class='template-page content  av-content-small units'><div class='post-entry post-entry-type-page post-entry-46554'><div class='entry-content-wrapper clearfix'>\n<section  class='av_textblock_section av-4lycde-0f76c8296f69092d0d48c422c683c569 '   itemscope=\"itemscope\" itemtype=\"https:\/\/schema.org\/CreativeWork\" ><div class='avia_textblock hero-title av_inherit_color'  itemprop=\"text\" ><h1><strong>INNOVAT\u00cdV \u00e9s C\u00c9LIR\u00c1NYOS \u00fat a J\u00d6V\u0150BE<\/strong><\/h1>\n<\/div><\/section>\n<\/div><\/div><\/main><!-- close content main element --><\/div><\/div><\/div><div id='after_section_1'  class='main_color av_default_container_wrap container_wrap sidebar_left'  ><div class='container av-section-cont-open' ><div class='template-page content  av-content-small units'><div class='post-entry post-entry-type-page post-entry-46554'><div class='entry-content-wrapper clearfix'>\n<section  class='av_textblock_section av-av_textblock-0dd15fa843e338cf00ea773c83866ab2 '   itemscope=\"itemscope\" itemtype=\"https:\/\/schema.org\/CreativeWork\" ><div class='avia_textblock sch-breadcrumb'  itemprop=\"text\" ><div class=\"breadcrumb breadcrumbs avia-breadcrumbs\"><div class=\"breadcrumb-trail\" ><span class=\"trail-before\"><span class=\"breadcrumb-title\">\u00d6n itt \u00e1ll:<\/span><\/span> <span  itemscope=\"itemscope\" itemtype=\"https:\/\/schema.org\/BreadcrumbList\" ><span  itemscope=\"itemscope\" itemtype=\"https:\/\/schema.org\/ListItem\" itemprop=\"itemListElement\" ><a itemprop=\"url\" href=\"https:\/\/hueffermann.de\/hu\/\" title=\"H\u00fcffermann\" rel=\"home\" class=\"trail-begin\"><span itemprop=\"name\">Kezd\u0151lap<\/span><\/a><span itemprop=\"position\" class=\"hidden\">1<\/span><\/span><\/span><\/div><\/div>\n<\/div><\/section>\n<\/div><\/div><\/div><!-- close content main div --><\/div><\/div><div id='av_section_2'  class='avia-section av-z0wn0i-2bd8902999baddc8cd6ce2b89c19308f main_color avia-section-huge avia-no-border-styling  avia-builder-el-3  el_after_av_textblock  avia-builder-el-last  avia-bg-style-scroll container_wrap sidebar_left'  ><div class='container av-section-cont-open' ><div class='template-page content  av-content-small units'><div class='post-entry post-entry-type-page post-entry-46554'><div class='entry-content-wrapper clearfix'>\n<div class='flex_column_table av-nqokyq-d66fb8451bc736530e325f77d04e3c1e sc-av_one_half av-equal-height-column-flextable'><div  class='flex_column av-nqokyq-d66fb8451bc736530e325f77d04e3c1e av_one_half  avia-builder-el-4  el_before_av_one_half  avia-builder-el-first  first flex_column_table_cell av-equal-height-column av-align-top  '     ><style type=\"text\/css\" data-created_by=\"avia_inline_auto\" id=\"style-css-av-lw7jmr7a-a466956b6f953561c9d1213e2039396e\">\n#top .av_textblock_section.av-lw7jmr7a-a466956b6f953561c9d1213e2039396e .avia_textblock{\ntext-align:left;\n}\n<\/style>\n<section  class='av_textblock_section av-lw7jmr7a-a466956b6f953561c9d1213e2039396e '   itemscope=\"itemscope\" itemtype=\"https:\/\/schema.org\/CreativeWork\" ><div class='avia_textblock image-dark-section-title'  itemprop=\"text\" ><div class=\"ce-header h2-mb ce-header-left\">\n<div class=\"ce-headline\">\n<h2><strong>A v\u00e1llalat<\/strong><\/h2>\n<\/div>\n<\/div>\n<p>A H\u00fcffermann Transportsysteme GmbH a brandenburgi Neustadtban (Dosse) tal\u00e1lhat\u00f3 gy\u00e1r\u00e1val \u00e9s Wildeshausenben (Als\u00f3-Sz\u00e1szorsz\u00e1g) tal\u00e1lhat\u00f3 \u00e9rt\u00e9kes\u00edt\u00e9si irod\u00e1j\u00e1val kont\u00e9nersz\u00e1ll\u00edt\u00f3 p\u00f3tkocsik, terherg\u00e9pj\u00e1rm\u0171 fel\u00e9p\u00edtm\u00e9nyek \u00e9s a nemzetk\u00f6zi kont\u00e9nerszabv\u00e1nyoknak megfelel\u0151 egyedi j\u00e1rm\u0171vek, valamint rakom\u00e1nyr\u00f6gz\u00edt\u0151 rendszerek magasan specializ\u00e1l\u00f3dott gy\u00e1rt\u00f3ja.<\/p>\n<p>A H\u00fcffermann a modulrendszer\u0171 p\u00f3tkocsigy\u00e1rt\u00e1sra \u00e9s a haszong\u00e9pj\u00e1rm\u0171-fel\u00e9p\u00edtm\u00e9nyek \u00f6sszeszerel\u00e9s\u00e9re f\u00f3kusz\u00e1l. A H\u00fcffermann haszong\u00e9pj\u00e1rm\u0171 centrum\u00e1ban a vev\u0151i ig\u00e9nyek alapj\u00e1n v\u00e9gzik el a jav\u00edt\u00e1sokat, karbantart\u00e1sokat \u00e9s a g\u00e9pj\u00e1rm\u0171b\u00e9rbead\u00e1st is. T\u00f6bb mint 100 \u00e9ves tapasztalat\u00e1val \u00e9s a leg\u00fajabb gy\u00e1rt\u00e1si technol\u00f3gia seg\u00edts\u00e9g\u00e9vel, valamint a fejleszt\u00e9st el\u0151k\u00e9sz\u00edt\u0151 els\u0151 tanulm\u00e1nyt\u00f3l a kisz\u00e1ll\u00edt\u00e1sig terjed\u0151 \u00e1tfog\u00f3 projektt\u00e1mogat\u00e1ssal a H\u00fcffermann Transportsysteme GmbH magasra helyezte a m\u00e9rc\u00e9t a p\u00f3tkocsik sz\u00e1ll\u00edt\u00f3jak\u00e9nt.<\/p>\n<p>Mindezek k\u00f6z\u00f6tt az \u00f6sszetev\u0151k k\u00f6z\u00f6tt, amik azz\u00e1 tett\u00e9k a H\u00fcffermann Transportsysteme GmbH v\u00e1llalatot, ami, els\u0151sorban a min\u0151s\u00e9g \u00e1ll a k\u00f6z\u00e9ppontban. Ez\u00e9rt a k\u00f6vetkez\u0151 igaz r\u00e1nk: A p\u00f3tkocsik gy\u00e1rt\u00e1sa az ac\u00e9l karossz\u00e9ri\u00e1t\u00f3l a f\u00e9nyez\u00e9sig 100%-ban \u201eMade in Germany\u201d. Ez\u00e9rt nagyon fontosnak tartjuk, hogy megfelelj\u00fcnk a DIN ISO 9001 min\u0151s\u00e9gir\u00e1ny\u00edt\u00e1si rendszer k\u00f6vetelm\u00e9nyeinek \u00e9s krit\u00e9riumainak, amir\u0151l tan\u00fas\u00edtv\u00e1nyt is szerezt\u00fcnk, \u00e9s hogy folyamatosan tov\u00e1bb is fejlessz\u00fck azt.<\/p>\n<p>A H\u00fcffermann Transportsysteme GmbH 2020 janu\u00e1rja \u00f3ta a Schwarzm\u00fcller csoport tagja.<\/p>\n<\/div><\/section><\/div><div class='av-flex-placeholder'><\/div><div  class='flex_column av-lw7jwu0h-0f6aefbb98b7f15fd2d5a47b14fa4f27 av_one_half  avia-builder-el-6  el_after_av_one_half  avia-builder-el-last  flex_column_table_cell av-equal-height-column av-align-top  '     ><p>\n<style type=\"text\/css\" data-created_by=\"avia_inline_auto\" id=\"style-css-av-lw7k40qh-06ea54ae8ca7546f69eb05fe09e0c7cf\">\n.avia-image-container.av-lw7k40qh-06ea54ae8ca7546f69eb05fe09e0c7cf img.avia_image{\nbox-shadow:none;\n}\n.avia-image-container.av-lw7k40qh-06ea54ae8ca7546f69eb05fe09e0c7cf .av-image-caption-overlay-center{\ncolor:#ffffff;\n}\n<\/style>\n<div  class='avia-image-container av-lw7k40qh-06ea54ae8ca7546f69eb05fe09e0c7cf av-styling- avia-align-center  avia-builder-el-7  el_before_av_image  avia-builder-el-first '   itemprop=\"image\" itemscope=\"itemscope\" itemtype=\"https:\/\/schema.org\/ImageObject\" ><div class=\"avia-image-container-inner\"><div class=\"avia-image-overlay-wrap\"><img decoding=\"async\" fetchpriority=\"high\" class='wp-image-44260 avia-img-lazy-loading-not-44260 avia_image ' src=\"https:\/\/hueffermann.de\/wp-content\/uploads\/sites\/3\/2024\/05\/schwarzmueller_neustadt_dosse_0720_hueffermann_bild3_1365-1.jpg\" alt='' title='schwarzmueller_neustadt_dosse_0720_hueffermann_bild3_1365'  height=\"640\" width=\"960\"  itemprop=\"thumbnailUrl\" srcset=\"https:\/\/hueffermann.de\/wp-content\/uploads\/sites\/3\/2024\/05\/schwarzmueller_neustadt_dosse_0720_hueffermann_bild3_1365-1.jpg 960w, https:\/\/hueffermann.de\/wp-content\/uploads\/sites\/3\/2024\/05\/schwarzmueller_neustadt_dosse_0720_hueffermann_bild3_1365-1-300x200.jpg 300w, https:\/\/hueffermann.de\/wp-content\/uploads\/sites\/3\/2024\/05\/schwarzmueller_neustadt_dosse_0720_hueffermann_bild3_1365-1-768x512.jpg 768w, https:\/\/hueffermann.de\/wp-content\/uploads\/sites\/3\/2024\/05\/schwarzmueller_neustadt_dosse_0720_hueffermann_bild3_1365-1-705x470.jpg 705w\" sizes=\"(max-width: 960px) 100vw, 960px\" \/><\/div><\/div><\/div><br \/>\n\n<style type=\"text\/css\" data-created_by=\"avia_inline_auto\" id=\"style-css-av-lw7k4sz5-0d2ba69108246b578bc9c90bb3d23eb6\">\n.avia-image-container.av-lw7k4sz5-0d2ba69108246b578bc9c90bb3d23eb6 img.avia_image{\nbox-shadow:none;\n}\n.avia-image-container.av-lw7k4sz5-0d2ba69108246b578bc9c90bb3d23eb6 .av-image-caption-overlay-center{\ncolor:#ffffff;\n}\n<\/style>\n<div  class='avia-image-container av-lw7k4sz5-0d2ba69108246b578bc9c90bb3d23eb6 av-styling- avia-align-center  avia-builder-el-8  el_after_av_image  avia-builder-el-last '   itemprop=\"image\" itemscope=\"itemscope\" itemtype=\"https:\/\/schema.org\/ImageObject\" ><div class=\"avia-image-container-inner\"><div class=\"avia-image-overlay-wrap\"><img decoding=\"async\" fetchpriority=\"high\" class='wp-image-44268 avia-img-lazy-loading-not-44268 avia_image ' src=\"https:\/\/hueffermann.de\/wp-content\/uploads\/sites\/3\/2024\/05\/csm_Luftaufnahme_1000x728_9bce99fafd-2.jpg\" alt='' title='csm_Luftaufnahme_1000x728_9bce99fafd'  height=\"510\" width=\"700\"  itemprop=\"thumbnailUrl\" srcset=\"https:\/\/hueffermann.de\/wp-content\/uploads\/sites\/3\/2024\/05\/csm_Luftaufnahme_1000x728_9bce99fafd-2.jpg 700w, https:\/\/hueffermann.de\/wp-content\/uploads\/sites\/3\/2024\/05\/csm_Luftaufnahme_1000x728_9bce99fafd-2-300x219.jpg 300w\" sizes=\"(max-width: 700px) 100vw, 700px\" \/><\/div><\/div><\/div><\/p><\/div><\/div><!--close column table wrapper. Autoclose: 1 -->\n<\/div><\/div><\/div><!-- close content main div --><\/div><\/div><div id='after_section_2'  class='main_color av_default_container_wrap container_wrap sidebar_left'  ><div class='container av-section-cont-open' ><div class='template-page content  av-content-small units'><div class='post-entry post-entry-type-page post-entry-46554'><div class='entry-content-wrapper clearfix'>\n","protected":false},"excerpt":{"rendered":"","protected":false},"author":5,"featured_media":0,"parent":49301,"menu_order":0,"comment_status":"closed","ping_status":"closed","template":"","meta":{"_acf_changed":false,"_relevanssi_hide_post":"","_relevanssi_hide_content":"","_relevanssi_pin_for_all":"","_relevanssi_pin_keywords":"","_relevanssi_unpin_keywords":"","_relevanssi_related_keywords":"","_relevanssi_related_include_ids":"","_relevanssi_related_exclude_ids":"","_relevanssi_related_no_append":"","_relevanssi_related_not_related":"","_relevanssi_related_posts":"50662,50679,50739,50744,50673,50754","_relevanssi_noindex_reason":"","footnotes":""},"class_list":["post-46554","page","type-page","status-publish","hentry"],"acf":[],"yoast_head":"<!-- This site is optimized with the Yoast SEO Premium plugin v26.4 (Yoast SEO v27.2) - https:\/\/yoast.com\/product\/yoast-seo-premium-wordpress\/ -->\n<title>Szervezet - H\u00fcffermann<\/title>\n<meta name=\"robots\" content=\"index, follow, max-snippet:-1, max-image-preview:large, max-video-preview:-1\" \/>\n<link rel=\"canonical\" href=\"https:\/\/hueffermann.de\/hu\/vallalat\/szervezet\/\" \/>\n<meta property=\"og:locale\" content=\"hu_HU\" \/>\n<meta property=\"og:type\" content=\"article\" \/>\n<meta property=\"og:title\" content=\"Szervezet\" \/>\n<meta property=\"og:url\" content=\"https:\/\/hueffermann.de\/hu\/vallalat\/szervezet\/\" \/>\n<meta property=\"og:site_name\" content=\"H\u00fcffermann\" \/>\n<meta property=\"article:modified_time\" content=\"2024-10-23T15:45:05+00:00\" \/>\n<meta name=\"twitter:card\" content=\"summary_large_image\" \/>\n<meta name=\"twitter:label1\" content=\"Becs\u00fclt olvas\u00e1si id\u0151\" \/>\n\t<meta name=\"twitter:data1\" content=\"2 perc\" \/>\n<script type=\"application\/ld+json\" class=\"yoast-schema-graph\">{\"@context\":\"https:\/\/schema.org\",\"@graph\":[{\"@type\":\"WebPage\",\"@id\":\"https:\/\/hueffermann.de\/hu\/vallalat\/szervezet\/\",\"url\":\"https:\/\/hueffermann.de\/hu\/vallalat\/szervezet\/\",\"name\":\"Szervezet - H\u00fcffermann\",\"isPartOf\":{\"@id\":\"https:\/\/hueffermann.de\/en\/#website\"},\"datePublished\":\"2024-04-04T09:19:35+00:00\",\"dateModified\":\"2024-10-23T15:45:05+00:00\",\"breadcrumb\":{\"@id\":\"https:\/\/hueffermann.de\/hu\/vallalat\/szervezet\/#breadcrumb\"},\"inLanguage\":\"hu\",\"potentialAction\":[{\"@type\":\"ReadAction\",\"target\":[\"https:\/\/hueffermann.de\/hu\/vallalat\/szervezet\/\"]}]},{\"@type\":\"BreadcrumbList\",\"@id\":\"https:\/\/hueffermann.de\/hu\/vallalat\/szervezet\/#breadcrumb\",\"itemListElement\":[{\"@type\":\"ListItem\",\"position\":1,\"name\":\"Home\",\"item\":\"https:\/\/hueffermann.de\/hu\/kezdooldal\/\"},{\"@type\":\"ListItem\",\"position\":2,\"name\":\"V\u00e1llalat\",\"item\":\"https:\/\/hueffermann.de\/hu\/vallalat\/\"},{\"@type\":\"ListItem\",\"position\":3,\"name\":\"Szervezet\"}]},{\"@type\":\"WebSite\",\"@id\":\"https:\/\/hueffermann.de\/en\/#website\",\"url\":\"https:\/\/hueffermann.de\/en\/\",\"name\":\"H\u00fcffermann\",\"description\":\"\",\"potentialAction\":[{\"@type\":\"SearchAction\",\"target\":{\"@type\":\"EntryPoint\",\"urlTemplate\":\"https:\/\/hueffermann.de\/en\/?s={search_term_string}\"},\"query-input\":{\"@type\":\"PropertyValueSpecification\",\"valueRequired\":true,\"valueName\":\"search_term_string\"}}],\"inLanguage\":\"hu\"}]}<\/script>\n<!-- \/ Yoast SEO Premium plugin. -->","yoast_head_json":{"title":"Szervezet - H\u00fcffermann","robots":{"index":"index","follow":"follow","max-snippet":"max-snippet:-1","max-image-preview":"max-image-preview:large","max-video-preview":"max-video-preview:-1"},"canonical":"https:\/\/hueffermann.de\/hu\/vallalat\/szervezet\/","og_locale":"hu_HU","og_type":"article","og_title":"Szervezet","og_url":"https:\/\/hueffermann.de\/hu\/vallalat\/szervezet\/","og_site_name":"H\u00fcffermann","article_modified_time":"2024-10-23T15:45:05+00:00","twitter_card":"summary_large_image","twitter_misc":{"Becs\u00fclt olvas\u00e1si id\u0151":"2 perc"},"schema":{"@context":"https:\/\/schema.org","@graph":[{"@type":"WebPage","@id":"https:\/\/hueffermann.de\/hu\/vallalat\/szervezet\/","url":"https:\/\/hueffermann.de\/hu\/vallalat\/szervezet\/","name":"Szervezet - H\u00fcffermann","isPartOf":{"@id":"https:\/\/hueffermann.de\/en\/#website"},"datePublished":"2024-04-04T09:19:35+00:00","dateModified":"2024-10-23T15:45:05+00:00","breadcrumb":{"@id":"https:\/\/hueffermann.de\/hu\/vallalat\/szervezet\/#breadcrumb"},"inLanguage":"hu","potentialAction":[{"@type":"ReadAction","target":["https:\/\/hueffermann.de\/hu\/vallalat\/szervezet\/"]}]},{"@type":"BreadcrumbList","@id":"https:\/\/hueffermann.de\/hu\/vallalat\/szervezet\/#breadcrumb","itemListElement":[{"@type":"ListItem","position":1,"name":"Home","item":"https:\/\/hueffermann.de\/hu\/kezdooldal\/"},{"@type":"ListItem","position":2,"name":"V\u00e1llalat","item":"https:\/\/hueffermann.de\/hu\/vallalat\/"},{"@type":"ListItem","position":3,"name":"Szervezet"}]},{"@type":"WebSite","@id":"https:\/\/hueffermann.de\/en\/#website","url":"https:\/\/hueffermann.de\/en\/","name":"H\u00fcffermann","description":"","potentialAction":[{"@type":"SearchAction","target":{"@type":"EntryPoint","urlTemplate":"https:\/\/hueffermann.de\/en\/?s={search_term_string}"},"query-input":{"@type":"PropertyValueSpecification","valueRequired":true,"valueName":"search_term_string"}}],"inLanguage":"hu"}]}},"_links":{"self":[{"href":"https:\/\/hueffermann.de\/hu\/wp-json\/wp\/v2\/pages\/46554","targetHints":{"allow":["GET"]}}],"collection":[{"href":"https:\/\/hueffermann.de\/hu\/wp-json\/wp\/v2\/pages"}],"about":[{"href":"https:\/\/hueffermann.de\/hu\/wp-json\/wp\/v2\/types\/page"}],"author":[{"embeddable":true,"href":"https:\/\/hueffermann.de\/hu\/wp-json\/wp\/v2\/users\/5"}],"replies":[{"embeddable":true,"href":"https:\/\/hueffermann.de\/hu\/wp-json\/wp\/v2\/comments?post=46554"}],"version-history":[{"count":6,"href":"https:\/\/hueffermann.de\/hu\/wp-json\/wp\/v2\/pages\/46554\/revisions"}],"predecessor-version":[{"id":51413,"href":"https:\/\/hueffermann.de\/hu\/wp-json\/wp\/v2\/pages\/46554\/revisions\/51413"}],"up":[{"embeddable":true,"href":"https:\/\/hueffermann.de\/hu\/wp-json\/wp\/v2\/pages\/49301"}],"wp:attachment":[{"href":"https:\/\/hueffermann.de\/hu\/wp-json\/wp\/v2\/media?parent=46554"}],"curies":[{"name":"wp","href":"https:\/\/api.w.org\/{rel}","templated":true}]}}