{"id":46667,"date":"2024-02-16T11:29:27","date_gmt":"2024-02-16T10:29:27","guid":{"rendered":"https:\/\/hueffermann.de\/workshop-kereses\/"},"modified":"2024-10-23T17:34:48","modified_gmt":"2024-10-23T15:34:48","slug":"szervizmuhely-keresese","status":"publish","type":"page","link":"https:\/\/hueffermann.de\/hu\/szolgaltatas\/szervizmuhely-keresese\/","title":{"rendered":"Szervizm\u0171hely keres\u00e9se"},"content":{"rendered":"\n<style type=\"text\/css\" data-created_by=\"avia_inline_auto\" id=\"style-css-av-lv2cnmd9-df73172d487936905f730d17411018f8\">\n.avia-section.av-lv2cnmd9-df73172d487936905f730d17411018f8{\nbackground-repeat:no-repeat;\nbackground-image:url(https:\/\/hueffermann.de\/wp-content\/uploads\/sites\/3\/2024\/05\/hueffermann-background-img-header-werkstatt-suche.jpg);\nbackground-position:50% 50%;\nbackground-attachment:scroll;\n}\n<\/style>\n<div id='av_section_1'  class='avia-section av-lv2cnmd9-df73172d487936905f730d17411018f8 main_color avia-section-huge avia-no-border-styling  avia-builder-el-0  el_before_av_textblock  avia-builder-el-first  avia-full-stretch avia-bg-style-scroll container_wrap sidebar_left'  data-section-bg-repeat='stretch'><div class='container av-section-cont-open' ><main  role=\"main\" itemprop=\"mainContentOfPage\"  class='template-page content  av-content-small units'><div class='post-entry post-entry-type-page post-entry-46667'><div class='entry-content-wrapper clearfix'>\n\n<style type=\"text\/css\" data-created_by=\"avia_inline_auto\" id=\"style-css-av-lv2bw1rn-c9785b797d7e6b75f0a0c74b6be31c42\">\n#top .av_textblock_section.av-lv2bw1rn-c9785b797d7e6b75f0a0c74b6be31c42 .avia_textblock{\ncolor:#ffffff;\ntext-align:center;\n}\n<\/style>\n<section  class='av_textblock_section av-lv2bw1rn-c9785b797d7e6b75f0a0c74b6be31c42 '   itemscope=\"itemscope\" itemtype=\"https:\/\/schema.org\/CreativeWork\" ><div class='avia_textblock hero-title av_inherit_color'  itemprop=\"text\" ><h1>K\u00f6zel az \u00fcgyf\u00e9lhez<\/h1>\n<p>H\u00fcffermann szervizhelyei \u00e9s szervizpartnerei az \u00d6n ter\u00fclet\u00e9n<\/p>\n<div class=\"headline\"><\/div>\n<\/div><\/section>\n<div  class='avia-button-wrap av-3wjft-6f30e5b135228928b1532dca8932f797-wrap avia-button-left  avia-builder-el-2  el_after_av_textblock  avia-builder-el-last  button-filled-red'>\n<style type=\"text\/css\" data-created_by=\"avia_inline_auto\" id=\"style-css-av-3wjft-6f30e5b135228928b1532dca8932f797\">\n#top #wrap_all .avia-button.av-3wjft-6f30e5b135228928b1532dca8932f797{\nborder-style:hidden;\nborder-radius:0 0 0 0;\ntransition:all 0.4s ease-in-out;\nmargin:2rem 0 0 0;\npadding:1rem 2rem 1rem 2rem;\n}\n#top #wrap_all .avia-button.av-3wjft-6f30e5b135228928b1532dca8932f797:hover{\nbackground-color:white;\ncolor:black;\ntransition:all 0.4s ease-in-out;\n}\n#top #wrap_all.avia-button.av-3wjft-6f30e5b135228928b1532dca8932f797:hover .avia_button_background{\nborder-radius:0 0 0 0;\n}\n#top #wrap_all .avia-button.av-3wjft-6f30e5b135228928b1532dca8932f797:hover .avia-svg-icon svg:first-child{\nfill:black;\nstroke:black;\n}\n<\/style>\n<a href='#karte'  class='avia-button av-3wjft-6f30e5b135228928b1532dca8932f797 av-link-btn avia-icon_select-no avia-size-medium avia-position-left avia-color-theme-color avia-font-color-white'   aria-label=\"T\u00e9rk\u00e9p\"><span class='avia_iconbox_title' >T\u00e9rk\u00e9p<\/span><\/a><\/div>\n<\/div><\/div><\/main><!-- close content main element --><\/div><\/div><div id='after_section_1'  class='main_color av_default_container_wrap container_wrap sidebar_left'  ><div class='container av-section-cont-open' ><div class='template-page content  av-content-small units'><div class='post-entry post-entry-type-page post-entry-46667'><div class='entry-content-wrapper clearfix'>\n<section  class='av_textblock_section av-av_textblock-0dd15fa843e338cf00ea773c83866ab2 '   itemscope=\"itemscope\" itemtype=\"https:\/\/schema.org\/CreativeWork\" ><div class='avia_textblock sch-breadcrumb'  itemprop=\"text\" ><div class=\"breadcrumb breadcrumbs avia-breadcrumbs\"><div class=\"breadcrumb-trail\" ><span class=\"trail-before\"><span class=\"breadcrumb-title\">\u00d6n itt \u00e1ll:<\/span><\/span> <span  itemscope=\"itemscope\" itemtype=\"https:\/\/schema.org\/BreadcrumbList\" ><span  itemscope=\"itemscope\" itemtype=\"https:\/\/schema.org\/ListItem\" itemprop=\"itemListElement\" ><a itemprop=\"url\" href=\"https:\/\/hueffermann.de\/hu\/\" title=\"H\u00fcffermann\" rel=\"home\" class=\"trail-begin\"><span itemprop=\"name\">Kezd\u0151lap<\/span><\/a><span itemprop=\"position\" class=\"hidden\">1<\/span><\/span><\/span><\/div><\/div>\n<\/div><\/section>\n<\/div><\/div><\/div><!-- close content main div --><\/div><\/div><div id='karte'  class='avia-section av-lw7zq103-03d33e6c204227668d794c84a7d595ed main_color avia-section-no-padding avia-no-border-styling  avia-builder-el-4  el_after_av_textblock  el_before_av_section  wpsl-store-container avia-bg-style-scroll container_wrap sidebar_left'  ><div class='container av-section-cont-open' ><div class='template-page content  av-content-small units'><div class='post-entry post-entry-type-page post-entry-46667'><div class='entry-content-wrapper clearfix'>\n<section  class='av_textblock_section av-vtl29x-517178cc1be2459a7a8a5a697e2a282a '   itemscope=\"itemscope\" itemtype=\"https:\/\/schema.org\/CreativeWork\" ><div class='avia_textblock'  itemprop=\"text\" ><style>\r\n\t#wpsl-stores .wpsl-store-thumb {height:45px !important; width:45px !important;}\r\n\t#wpsl-stores, #wpsl-direction-details, #wpsl-gmap {height:600px !important;}\r\n\t#wpsl-gmap .wpsl-info-window {max-width:325px !important;}\r\n\t.wpsl-input label, #wpsl-radius label, #wpsl-category label {width:95px;}\r\n\t#wpsl-search-input  {width:179px;}\r\n<\/style>\r\n<div class=\"sch-result-store-wrapper\"><div id=\"wpsl-gmap\" class=\"wpsl-gmap-canvas\"><\/div>\r\n<div class=\"sch-result-store-flex\"><div id=\"wpsl-wrap\" style=\"overflow:visible;\">\r\n<div class=\"wpsl-search wpsl-clearfix \">\r\n<div>\r\n<h2 class=\"schwa-h5\">Szervizek az \u00d6n k\u00f6zel\u00e9ben<\/h2>\r\n<p>Ahhoz, hogy H\u00fcffermann j\u00e1rm\u0171v\u00e9t megfelel\u0151en karbantartsa, eur\u00f3pai szerv\u00edzh\u00e1l\u00f3zatot biztos\u00edtunk \u00d6nnek.<\/p>\r\n<\/div>\r\n<div id=\"wpsl-search-wrap\">\r\n<form autocomplete=\"off\">\r\n<div class=\"wpsl-input\">\r\n<input id=\"wpsl-search-input\" placeholder=\"PLZ eingeben\" type=\"text\" value=\"\" name=\"wpsl-search-input\" placeholder=\"\" aria-required=\"true\" \/>\r\n<\/div>\r\n<div class=\"wpsl-select-wrap\">\r\n<div id=\"wpsl-radius\">\r\n<label for=\"wpsl-radius-dropdown\">Keres\u00e9si r\u00e1diusz:<\/label>\r\n<select id=\"wpsl-radius-dropdown\" class=\"wpsl-dropdown\" name=\"wpsl-radius\">\r\n<option value=\"10\">10 km<\/option><option value=\"25\">25 km<\/option><option value=\"50\">50 km<\/option><option value=\"100\">100 km<\/option><option value=\"200\">200 km<\/option><option value=\"300\">300 km<\/option><option selected=\"selected\" value=\"400\">400 km<\/option>\r\n<\/select>\r\n<\/div>\r\n<div id=\"wpsl-results\">\r\n<label for=\"wpsl-results-dropdown\">Kijelzett tal\u00e1latok:<\/label>\r\n<select id=\"wpsl-results-dropdown\" class=\"wpsl-dropdown\" name=\"wpsl-results\">\r\n<option value=\"25\">25<\/option><option value=\"50\">50<\/option><option value=\"75\">75<\/option><option value=\"100\">100<\/option><option selected=\"selected\" value=\"300\">300<\/option>\r\n<\/select>\r\n<\/div>\r\n<\/div>\r\n<div class=\"wpsl-search-btn-wrap\"><input id=\"wpsl-search-btn\" type=\"submit\" value=\"Keres\"><\/div>\r\n<\/form>\r\n<\/div>\r\n<\/div>\r\n<\/div>\r\n<div id=\"wpsl-result-list\">\r\n<div id=\"wpsl-stores\" >\r\n<ul><\/ul>\r\n<\/div>\r\n<div id=\"wpsl-direction-details\">\r\n<ul><\/ul>\r\n<\/div>\r\n<\/div>\r\n<\/div><\/div><\/div>\r\n\n<\/div><\/section>\n\n<\/div><\/div><\/div><!-- close content main div --><\/div><\/div>\n<style type=\"text\/css\" data-created_by=\"avia_inline_auto\" id=\"style-css-av-37iqt-381c82eabe1d7a06114debdc24b269fa\">\n.avia-section.av-37iqt-381c82eabe1d7a06114debdc24b269fa{\nbackground-repeat:no-repeat;\nbackground-image:url(https:\/\/hueffermann.de\/wp-content\/uploads\/sites\/3\/2024\/10\/csm_hueffermann-background-img-app-2x-blank_2af5dcaa15.jpg);\nbackground-position:50% 0%;\nbackground-attachment:scroll;\n}\n<\/style>\n<div id='av_section_3'  class='avia-section av-37iqt-381c82eabe1d7a06114debdc24b269fa alternate_color avia-section-huge avia-no-border-styling  avia-builder-el-6  el_after_av_section  avia-builder-el-last  avia-full-stretch avia-bg-style-scroll av-minimum-height av-minimum-height-50 av-height-50  container_wrap sidebar_left'  data-section-bg-repeat='stretch' data-av_minimum_height_pc='50' data-av_min_height_opt='50'><div class='container av-section-cont-open' ><div class='template-page content  av-content-small units'><div class='post-entry post-entry-type-page post-entry-46667'><div class='entry-content-wrapper clearfix'>\n<div  class='flex_column av-2xvtx-76a962333e7f48a4f12c146dfd010ba5 av_one_half  avia-builder-el-7  avia-builder-el-no-sibling  first flex_column_div  '     ><section  class='av_textblock_section av-23e59-f57a9aa40474cccf9c0512dcc25c4555 '   itemscope=\"itemscope\" itemtype=\"https:\/\/schema.org\/CreativeWork\" ><div class='avia_textblock'  itemprop=\"text\" ><div id=\"c74479\" class=\"frame frame-type-textmedia frame-layout-0 frame-space-before-none frame-space-after-medium frame-padding-top-none frame-padding-bottom-none mb-1 frame-\">\n<div class=\"ce-content\">\n<div class=\"row\">\n<div id=\"c74479-c0\" class=\" d-block col-12 d-sm-block col-sm-12 d-md-block col-md-12 d-lg-block col-lg-12 d-xl-block col-xl-12 column-0 order-md-1\">\n<div class=\"ce-bodytext\">\n<div id=\"c38849\" class=\"frame frame-type-textmedia frame-layout-0 frame-space-before-none frame-space-after-medium frame-padding-top-none frame-padding-bottom-none mb-1 frame-\">\n<div class=\"ce-content\">\n<div class=\"row\">\n<div id=\"c38849-c0\" class=\" d-block col-12 d-sm-block col-sm-12 d-md-block col-md-12 d-lg-block col-lg-12 d-xl-block col-xl-12 column-0 order-md-1\">\n<div class=\"ce-bodytext\">\n<h2 class=\"schwa-h4\"><strong>Mindig j\u00f3 \u00faton a<\/strong> <strong>H\u00fcffermann alkalmaz\u00e1ssal<\/strong><\/h2>\n<\/div>\n<\/div>\n<\/div>\n<\/div>\n<\/div>\n<div id=\"c38850\" class=\"frame frame-type-html frame-layout-0 frame-space-before-none frame-space-after-medium frame-padding-top-none frame-padding-bottom-none frame-\">\n<div class=\"ce-content\">\n<p>B\u00edzzon kiv\u00e1l\u00f3 szolg\u00e1ltat\u00e1sainkban &#8211; \u00fatk\u00f6zben is. Az alkalmaz\u00e1s m\u0171szaki meghib\u00e1sod\u00e1s eset\u00e9n seg\u00edts\u00e9gk\u00e9nt szolg\u00e1l a bajban, \u00e9s ak\u00e1r offline is rendelkez\u00e9sre \u00e1ll.<\/p>\n<\/div>\n<\/div>\n<\/div>\n<\/div>\n<\/div>\n<\/div>\n<\/div>\n<div id=\"c74478\" class=\"frame frame-type-html frame-layout-0 frame-space-before-none frame-space-after-medium frame-padding-top-none frame-padding-bottom-none frame-\">\n<div class=\"ce-content\"><\/div>\n<\/div>\n<\/div><\/section><br \/>\n\n<style type=\"text\/css\" data-created_by=\"avia_inline_auto\" id=\"style-css-av-1bqup-d5155b769b8b676562db62680096347d\">\n#top .hr.hr-invisible.av-1bqup-d5155b769b8b676562db62680096347d{\nheight:1rempx;\n}\n<\/style>\n<div  class='hr av-1bqup-d5155b769b8b676562db62680096347d hr-invisible  avia-builder-el-9  el_after_av_textblock  el_before_av_textblock '><span class='hr-inner '><span class=\"hr-inner-style\"><\/span><\/span><\/div><br \/>\n<section  class='av_textblock_section av-vqul-a85102f7fcf3bc3345bb347e82cfaa2f '   itemscope=\"itemscope\" itemtype=\"https:\/\/schema.org\/CreativeWork\" ><div class='avia_textblock'  itemprop=\"text\" ><div><a href=\"https:\/\/apps.apple.com\/de\/app\/h%C3%BCffermann\/id1611021796\" target=\"_blank\" rel=\"noopener\"><img loading=\"lazy\" decoding=\"async\" class=\"alignnone\" src=\"https:\/\/schwarzmueller.com\/wp-content\/uploads\/2024\/03\/appinstall-cta-appstore.png\" alt=\"Download on the App Store\" width=\"194\" height=\"57\"><\/a> <a href=\"https:\/\/play.google.com\/store\/apps\/details?id=de.hueffermann.serviceapp\" target=\"_blank\" rel=\"noopener\"><img loading=\"lazy\" decoding=\"async\" class=\"alignnone\" src=\"https:\/\/schwarzmueller.com\/wp-content\/uploads\/2024\/03\/appinstall-cta-playstore.png\" alt=\"Get it on Google Play\" width=\"194\" height=\"57\"><\/a><\/div>\n<\/div><\/section><\/p><\/div>\n<\/div><\/div><\/div><!-- close content main div --><\/div><\/div><div id='after_section_3'  class='main_color av_default_container_wrap container_wrap sidebar_left'  ><div class='container av-section-cont-open' ><div class='template-page content  av-content-small units'><div class='post-entry post-entry-type-page post-entry-46667'><div class='entry-content-wrapper clearfix'>\n","protected":false},"excerpt":{"rendered":"","protected":false},"author":5,"featured_media":0,"parent":46502,"menu_order":0,"comment_status":"closed","ping_status":"closed","template":"","meta":{"_acf_changed":false,"_relevanssi_hide_post":"","_relevanssi_hide_content":"","_relevanssi_pin_for_all":"","_relevanssi_pin_keywords":"","_relevanssi_unpin_keywords":"","_relevanssi_related_keywords":"","_relevanssi_related_include_ids":"","_relevanssi_related_exclude_ids":"","_relevanssi_related_no_append":"","_relevanssi_related_not_related":"","_relevanssi_related_posts":"50670,50750,50679,50739,50662,50760","_relevanssi_noindex_reason":"","footnotes":""},"class_list":["post-46667","page","type-page","status-publish","hentry"],"acf":[],"yoast_head":"<!-- This site is optimized with the Yoast SEO Premium plugin v26.4 (Yoast SEO v27.2) - https:\/\/yoast.com\/product\/yoast-seo-premium-wordpress\/ -->\n<title>Szervizm\u0171hely keres\u00e9se - H\u00fcffermann<\/title>\n<meta name=\"robots\" content=\"index, follow, max-snippet:-1, max-image-preview:large, max-video-preview:-1\" \/>\n<link rel=\"canonical\" href=\"https:\/\/hueffermann.de\/hu\/szolgaltatas\/szervizmuhely-keresese\/\" \/>\n<meta property=\"og:locale\" content=\"hu_HU\" \/>\n<meta property=\"og:type\" content=\"article\" \/>\n<meta property=\"og:title\" content=\"Szervizm\u0171hely keres\u00e9se\" \/>\n<meta property=\"og:url\" content=\"https:\/\/hueffermann.de\/hu\/szolgaltatas\/szervizmuhely-keresese\/\" \/>\n<meta property=\"og:site_name\" content=\"H\u00fcffermann\" \/>\n<meta property=\"article:modified_time\" content=\"2024-10-23T15:34:48+00:00\" \/>\n<meta property=\"og:image\" content=\"https:\/\/schwarzmueller.com\/wp-content\/uploads\/2024\/03\/appinstall-cta-appstore.png\" \/>\n<meta name=\"twitter:card\" content=\"summary_large_image\" \/>\n<meta name=\"twitter:label1\" content=\"Becs\u00fclt olvas\u00e1si id\u0151\" \/>\n\t<meta name=\"twitter:data1\" content=\"1 perc\" \/>\n<script type=\"application\/ld+json\" class=\"yoast-schema-graph\">{\"@context\":\"https:\/\/schema.org\",\"@graph\":[{\"@type\":\"WebPage\",\"@id\":\"https:\/\/hueffermann.de\/hu\/szolgaltatas\/szervizmuhely-keresese\/\",\"url\":\"https:\/\/hueffermann.de\/hu\/szolgaltatas\/szervizmuhely-keresese\/\",\"name\":\"Szervizm\u0171hely keres\u00e9se - H\u00fcffermann\",\"isPartOf\":{\"@id\":\"https:\/\/hueffermann.de\/en\/#website\"},\"primaryImageOfPage\":{\"@id\":\"https:\/\/hueffermann.de\/hu\/szolgaltatas\/szervizmuhely-keresese\/#primaryimage\"},\"image\":{\"@id\":\"https:\/\/hueffermann.de\/hu\/szolgaltatas\/szervizmuhely-keresese\/#primaryimage\"},\"thumbnailUrl\":\"https:\/\/schwarzmueller.com\/wp-content\/uploads\/2024\/03\/appinstall-cta-appstore.png\",\"datePublished\":\"2024-02-16T10:29:27+00:00\",\"dateModified\":\"2024-10-23T15:34:48+00:00\",\"breadcrumb\":{\"@id\":\"https:\/\/hueffermann.de\/hu\/szolgaltatas\/szervizmuhely-keresese\/#breadcrumb\"},\"inLanguage\":\"hu\",\"potentialAction\":[{\"@type\":\"ReadAction\",\"target\":[\"https:\/\/hueffermann.de\/hu\/szolgaltatas\/szervizmuhely-keresese\/\"]}]},{\"@type\":\"ImageObject\",\"inLanguage\":\"hu\",\"@id\":\"https:\/\/hueffermann.de\/hu\/szolgaltatas\/szervizmuhely-keresese\/#primaryimage\",\"url\":\"https:\/\/schwarzmueller.com\/wp-content\/uploads\/2024\/03\/appinstall-cta-appstore.png\",\"contentUrl\":\"https:\/\/schwarzmueller.com\/wp-content\/uploads\/2024\/03\/appinstall-cta-appstore.png\"},{\"@type\":\"BreadcrumbList\",\"@id\":\"https:\/\/hueffermann.de\/hu\/szolgaltatas\/szervizmuhely-keresese\/#breadcrumb\",\"itemListElement\":[{\"@type\":\"ListItem\",\"position\":1,\"name\":\"Home\",\"item\":\"https:\/\/hueffermann.de\/hu\/kezdooldal\/\"},{\"@type\":\"ListItem\",\"position\":2,\"name\":\"Szolg\u00e1ltat\u00e1s\",\"item\":\"https:\/\/hueffermann.de\/hu\/szolgaltatas\/\"},{\"@type\":\"ListItem\",\"position\":3,\"name\":\"Szervizm\u0171hely keres\u00e9se\"}]},{\"@type\":\"WebSite\",\"@id\":\"https:\/\/hueffermann.de\/en\/#website\",\"url\":\"https:\/\/hueffermann.de\/en\/\",\"name\":\"H\u00fcffermann\",\"description\":\"\",\"potentialAction\":[{\"@type\":\"SearchAction\",\"target\":{\"@type\":\"EntryPoint\",\"urlTemplate\":\"https:\/\/hueffermann.de\/en\/?s={search_term_string}\"},\"query-input\":{\"@type\":\"PropertyValueSpecification\",\"valueRequired\":true,\"valueName\":\"search_term_string\"}}],\"inLanguage\":\"hu\"}]}<\/script>\n<!-- \/ Yoast SEO Premium plugin. -->","yoast_head_json":{"title":"Szervizm\u0171hely keres\u00e9se - H\u00fcffermann","robots":{"index":"index","follow":"follow","max-snippet":"max-snippet:-1","max-image-preview":"max-image-preview:large","max-video-preview":"max-video-preview:-1"},"canonical":"https:\/\/hueffermann.de\/hu\/szolgaltatas\/szervizmuhely-keresese\/","og_locale":"hu_HU","og_type":"article","og_title":"Szervizm\u0171hely keres\u00e9se","og_url":"https:\/\/hueffermann.de\/hu\/szolgaltatas\/szervizmuhely-keresese\/","og_site_name":"H\u00fcffermann","article_modified_time":"2024-10-23T15:34:48+00:00","og_image":[{"url":"https:\/\/schwarzmueller.com\/wp-content\/uploads\/2024\/03\/appinstall-cta-appstore.png","type":"","width":"","height":""}],"twitter_card":"summary_large_image","twitter_misc":{"Becs\u00fclt olvas\u00e1si id\u0151":"1 perc"},"schema":{"@context":"https:\/\/schema.org","@graph":[{"@type":"WebPage","@id":"https:\/\/hueffermann.de\/hu\/szolgaltatas\/szervizmuhely-keresese\/","url":"https:\/\/hueffermann.de\/hu\/szolgaltatas\/szervizmuhely-keresese\/","name":"Szervizm\u0171hely keres\u00e9se - H\u00fcffermann","isPartOf":{"@id":"https:\/\/hueffermann.de\/en\/#website"},"primaryImageOfPage":{"@id":"https:\/\/hueffermann.de\/hu\/szolgaltatas\/szervizmuhely-keresese\/#primaryimage"},"image":{"@id":"https:\/\/hueffermann.de\/hu\/szolgaltatas\/szervizmuhely-keresese\/#primaryimage"},"thumbnailUrl":"https:\/\/schwarzmueller.com\/wp-content\/uploads\/2024\/03\/appinstall-cta-appstore.png","datePublished":"2024-02-16T10:29:27+00:00","dateModified":"2024-10-23T15:34:48+00:00","breadcrumb":{"@id":"https:\/\/hueffermann.de\/hu\/szolgaltatas\/szervizmuhely-keresese\/#breadcrumb"},"inLanguage":"hu","potentialAction":[{"@type":"ReadAction","target":["https:\/\/hueffermann.de\/hu\/szolgaltatas\/szervizmuhely-keresese\/"]}]},{"@type":"ImageObject","inLanguage":"hu","@id":"https:\/\/hueffermann.de\/hu\/szolgaltatas\/szervizmuhely-keresese\/#primaryimage","url":"https:\/\/schwarzmueller.com\/wp-content\/uploads\/2024\/03\/appinstall-cta-appstore.png","contentUrl":"https:\/\/schwarzmueller.com\/wp-content\/uploads\/2024\/03\/appinstall-cta-appstore.png"},{"@type":"BreadcrumbList","@id":"https:\/\/hueffermann.de\/hu\/szolgaltatas\/szervizmuhely-keresese\/#breadcrumb","itemListElement":[{"@type":"ListItem","position":1,"name":"Home","item":"https:\/\/hueffermann.de\/hu\/kezdooldal\/"},{"@type":"ListItem","position":2,"name":"Szolg\u00e1ltat\u00e1s","item":"https:\/\/hueffermann.de\/hu\/szolgaltatas\/"},{"@type":"ListItem","position":3,"name":"Szervizm\u0171hely keres\u00e9se"}]},{"@type":"WebSite","@id":"https:\/\/hueffermann.de\/en\/#website","url":"https:\/\/hueffermann.de\/en\/","name":"H\u00fcffermann","description":"","potentialAction":[{"@type":"SearchAction","target":{"@type":"EntryPoint","urlTemplate":"https:\/\/hueffermann.de\/en\/?s={search_term_string}"},"query-input":{"@type":"PropertyValueSpecification","valueRequired":true,"valueName":"search_term_string"}}],"inLanguage":"hu"}]}},"_links":{"self":[{"href":"https:\/\/hueffermann.de\/hu\/wp-json\/wp\/v2\/pages\/46667","targetHints":{"allow":["GET"]}}],"collection":[{"href":"https:\/\/hueffermann.de\/hu\/wp-json\/wp\/v2\/pages"}],"about":[{"href":"https:\/\/hueffermann.de\/hu\/wp-json\/wp\/v2\/types\/page"}],"author":[{"embeddable":true,"href":"https:\/\/hueffermann.de\/hu\/wp-json\/wp\/v2\/users\/5"}],"replies":[{"embeddable":true,"href":"https:\/\/hueffermann.de\/hu\/wp-json\/wp\/v2\/comments?post=46667"}],"version-history":[{"count":10,"href":"https:\/\/hueffermann.de\/hu\/wp-json\/wp\/v2\/pages\/46667\/revisions"}],"predecessor-version":[{"id":51340,"href":"https:\/\/hueffermann.de\/hu\/wp-json\/wp\/v2\/pages\/46667\/revisions\/51340"}],"up":[{"embeddable":true,"href":"https:\/\/hueffermann.de\/hu\/wp-json\/wp\/v2\/pages\/46502"}],"wp:attachment":[{"href":"https:\/\/hueffermann.de\/hu\/wp-json\/wp\/v2\/media?parent=46667"}],"curies":[{"name":"wp","href":"https:\/\/api.w.org\/{rel}","templated":true}]}}