{"id":46691,"date":"2024-03-07T17:39:29","date_gmt":"2024-03-07T16:39:29","guid":{"rendered":"https:\/\/hueffermann.de\/kapcsolattartok\/"},"modified":"2024-11-05T13:56:00","modified_gmt":"2024-11-05T12:56:00","slug":"kapcsolattartok","status":"publish","type":"page","link":"https:\/\/hueffermann.de\/hu\/info-es-kapcsolat\/kapcsolattartok\/","title":{"rendered":"Kapcsolattart\u00f3k"},"content":{"rendered":"\n<style type=\"text\/css\" data-created_by=\"avia_inline_auto\" id=\"style-css-av-24ypo7d-afa7929bcbca644237bd750920c6e5a9\">\n.avia-section.av-24ypo7d-afa7929bcbca644237bd750920c6e5a9{\nbackground-repeat:no-repeat;\nbackground-image:url(https:\/\/hueffermann.de\/wp-content\/uploads\/sites\/3\/2024\/05\/csm_hueffermann_0013_header_f8b480dafc.jpg);\nbackground-position:50% 50%;\nbackground-attachment:scroll;\n}\n.avia-section.av-24ypo7d-afa7929bcbca644237bd750920c6e5a9 .av-section-color-overlay{\nopacity:0.5;\nbackground-color:#0a0a0a;\n}\n<\/style>\n<div id='av_section_1'  class='avia-section av-24ypo7d-afa7929bcbca644237bd750920c6e5a9 main_color avia-section-huge avia-no-border-styling  avia-builder-el-0  el_before_av_textblock  avia-builder-el-first  avia-full-stretch avia-bg-style-scroll av-section-color-overlay-active av-minimum-height av-minimum-height-custom av-height-custom  container_wrap sidebar_left'  data-section-bg-repeat='stretch' data-av_minimum_height_px='512'><div class=\"av-section-color-overlay-wrap\"><div class=\"av-section-color-overlay\"><\/div><div class='container av-section-cont-open' style='height:512px'><main  role=\"main\" itemprop=\"mainContentOfPage\"  class='template-page content  av-content-small units'><div class='post-entry post-entry-type-page post-entry-46691'><div class='entry-content-wrapper clearfix'>\n\n<style type=\"text\/css\" data-created_by=\"avia_inline_auto\" id=\"style-css-av-lv2bgwhd-346727aca68ae77b475eea2666d0a188\">\n#top .av_textblock_section.av-lv2bgwhd-346727aca68ae77b475eea2666d0a188 .avia_textblock{\ncolor:#ffffff;\n}\n<\/style>\n<section  class='av_textblock_section av-lv2bgwhd-346727aca68ae77b475eea2666d0a188 '   itemscope=\"itemscope\" itemtype=\"https:\/\/schema.org\/CreativeWork\" ><div class='avia_textblock hero-title av_inherit_color'  itemprop=\"text\" ><h1>Az \u00d6n H\u00fcffermann kapcsolattart\u00f3ja<\/h1>\n<h2 class=\"schwa-h5\">Mindig az \u00d6n k\u00f6zel\u00e9ben. Sz\u00edvesen \u00e1llunk rendelkez\u00e9s\u00e9re.<\/h2>\n<\/div><\/section>\n<\/div><\/div><\/main><!-- close content main element --><\/div><\/div><\/div><div id='after_section_1'  class='main_color av_default_container_wrap container_wrap sidebar_left'  ><div class='container av-section-cont-open' ><div class='template-page content  av-content-small units'><div class='post-entry post-entry-type-page post-entry-46691'><div class='entry-content-wrapper clearfix'>\n<section  class='av_textblock_section av-av_textblock-0dd15fa843e338cf00ea773c83866ab2 '   itemscope=\"itemscope\" itemtype=\"https:\/\/schema.org\/CreativeWork\" ><div class='avia_textblock sch-breadcrumb'  itemprop=\"text\" ><div class=\"breadcrumb breadcrumbs avia-breadcrumbs\"><div class=\"breadcrumb-trail\" ><span class=\"trail-before\"><span class=\"breadcrumb-title\">\u00d6n itt \u00e1ll:<\/span><\/span> <span  itemscope=\"itemscope\" itemtype=\"https:\/\/schema.org\/BreadcrumbList\" ><span  itemscope=\"itemscope\" itemtype=\"https:\/\/schema.org\/ListItem\" itemprop=\"itemListElement\" ><a itemprop=\"url\" href=\"https:\/\/hueffermann.de\/hu\/\" title=\"H\u00fcffermann\" rel=\"home\" class=\"trail-begin\"><span itemprop=\"name\">Kezd\u0151lap<\/span><\/a><span itemprop=\"position\" class=\"hidden\">1<\/span><\/span><\/span><\/div><\/div>\n<\/div><\/section>\n<\/div><\/div><\/div><!-- close content main div --><\/div><\/div>\n<style type=\"text\/css\" data-created_by=\"avia_inline_auto\" id=\"style-css-av-lw7nqwqr-87b696b08765cd08a8ab06ab6eddf294\">\n.avia-section.av-lw7nqwqr-87b696b08765cd08a8ab06ab6eddf294{\nbackground-color:#f7f7f7;\nbackground-image:unset;\n}\n<\/style>\n<div id='av_section_2'  class='avia-section av-lw7nqwqr-87b696b08765cd08a8ab06ab6eddf294 main_color avia-section-huge avia-no-border-styling  avia-builder-el-3  el_after_av_textblock  el_before_av_one_full  avia-bg-style-scroll av-minimum-height av-minimum-height-custom av-height-custom  container_wrap sidebar_left'   data-av_minimum_height_px='220'><div class='container av-section-cont-open' style='height:220px'><div class='template-page content  av-content-small units'><div class='post-entry post-entry-type-page post-entry-46691'><div class='entry-content-wrapper clearfix'>\n\n<style type=\"text\/css\" data-created_by=\"avia_inline_auto\" id=\"style-css-av-lw7npeyb-8ddee0a43a46aa5650ea232fc54bb05e\">\n#top .av_textblock_section.av-lw7npeyb-8ddee0a43a46aa5650ea232fc54bb05e .avia_textblock{\ntext-align:left;\n}\n<\/style>\n<section  class='av_textblock_section av-lw7npeyb-8ddee0a43a46aa5650ea232fc54bb05e '   itemscope=\"itemscope\" itemtype=\"https:\/\/schema.org\/CreativeWork\" ><div class='avia_textblock image-dark-section-title'  itemprop=\"text\" ><div>\n<p class=\"schwa-h4\">\n<div class=\"contact-category-item\">\n<div class=\"contact-category-info\">\n<h3 class=\"schwa-h5\">Schwarzm\u00fcller k\u00e9pvisel\u0151 keres\u00e9se\n<\/h3><p>Inform\u00e1ci\u00f3k \u00e9s tan\u00e1csad\u00e1s az \u00faj-, illetve haszn\u00e1lt j\u00e1rm\u0171veinkr\u0151l, valamint alkatr\u00e9szk\u00edn\u00e1latunkr\u00f3l, illetve szerv\u00edzszolg\u00e1ltat\u00e1sainkr\u00f3l\n\n<\/p>\n\t\t<form id=\"schwarzmueller-core-search-contact-persons\">\n\t\t\t<input type=\"hidden\" id=\"_wpnonce\" name=\"_wpnonce\" value=\"39562b4320\" \/><input type=\"hidden\" name=\"_wp_http_referer\" value=\"\/hu\/wp-json\/wp\/v2\/pages\/46691\" \/>\t\t\t<input id=\"site\" type=\"hidden\" value=\"hueffermann\" \/>\n\t\t\t<select required id=\"country\" name=\"countries\">\n\t\t\t<option value=\"\" disabled selected>Orsz\u00e1g kiv\u00e1laszt\u00e1sa<\/option>\t\t\t\t\t\t\t<option value=\"AF\">\n\t\t\t\t\tAfganiszt\u00e1n\t\t\t\t<\/option>\n\t\t\t\t\t\t\t\t<option value=\"AT\">\n\t\t\t\t\tAusztria\t\t\t\t<\/option>\n\t\t\t\t\t\t\t\t<option value=\"BE\">\n\t\t\t\t\tBelgium\t\t\t\t<\/option>\n\t\t\t\t\t\t\t\t<option value=\"BA\">\n\t\t\t\t\tBosznia-Hercegovina\t\t\t\t<\/option>\n\t\t\t\t\t\t\t\t<option value=\"BG\">\n\t\t\t\t\tBulg\u00e1ria\t\t\t\t<\/option>\n\t\t\t\t\t\t\t\t<option value=\"CZ\">\n\t\t\t\t\tCsehorsz\u00e1g\t\t\t\t<\/option>\n\t\t\t\t\t\t\t\t<option value=\"DK\">\n\t\t\t\t\tD\u00e1nia\t\t\t\t<\/option>\n\t\t\t\t\t\t\t\t<option value=\"GB\">\n\t\t\t\t\tEgyes\u00fclt Kir\u00e1lys\u00e1g\t\t\t\t<\/option>\n\t\t\t\t\t\t\t\t<option value=\"EE\">\n\t\t\t\t\t\u00c9sztorsz\u00e1g\t\t\t\t<\/option>\n\t\t\t\t\t\t\t\t<option value=\"FI\">\n\t\t\t\t\tFinnorsz\u00e1g\t\t\t\t<\/option>\n\t\t\t\t\t\t\t\t<option value=\"FR\">\n\t\t\t\t\tFranciaorsz\u00e1g\t\t\t\t<\/option>\n\t\t\t\t\t\t\t\t<option value=\"NL\">\n\t\t\t\t\tHollandia\t\t\t\t<\/option>\n\t\t\t\t\t\t\t\t<option value=\"HR\">\n\t\t\t\t\tHorv\u00e1torsz\u00e1g\t\t\t\t<\/option>\n\t\t\t\t\t\t\t\t<option value=\"IE\">\n\t\t\t\t\t\u00cdrorsz\u00e1g\t\t\t\t<\/option>\n\t\t\t\t\t\t\t\t<option value=\"JP\">\n\t\t\t\t\tJap\u00e1n\t\t\t\t<\/option>\n\t\t\t\t\t\t\t\t<option value=\"PL\">\n\t\t\t\t\tLengyelorsz\u00e1g\t\t\t\t<\/option>\n\t\t\t\t\t\t\t\t<option value=\"LT\">\n\t\t\t\t\tLitv\u00e1nia\t\t\t\t<\/option>\n\t\t\t\t\t\t\t\t<option value=\"LU\">\n\t\t\t\t\tLuxemburg\t\t\t\t<\/option>\n\t\t\t\t\t\t\t\t<option value=\"HU\">\n\t\t\t\t\tMagyarorsz\u00e1g\t\t\t\t<\/option>\n\t\t\t\t\t\t\t\t<option value=\"ME\">\n\t\t\t\t\tMontenegr\u00f3\t\t\t\t<\/option>\n\t\t\t\t\t\t\t\t<option value=\"DE\">\n\t\t\t\t\tN\u00e9metorsz\u00e1g\t\t\t\t<\/option>\n\t\t\t\t\t\t\t\t<option value=\"NO\">\n\t\t\t\t\tNorv\u00e9gia\t\t\t\t<\/option>\n\t\t\t\t\t\t\t\t<option value=\"IT\">\n\t\t\t\t\tOlaszorsz\u00e1g\t\t\t\t<\/option>\n\t\t\t\t\t\t\t\t<option value=\"RO\">\n\t\t\t\t\tRom\u00e1nia\t\t\t\t<\/option>\n\t\t\t\t\t\t\t\t<option value=\"ES\">\n\t\t\t\t\tSpanyolorsz\u00e1g\t\t\t\t<\/option>\n\t\t\t\t\t\t\t\t<option value=\"CH\">\n\t\t\t\t\tSv\u00e1jc\t\t\t\t<\/option>\n\t\t\t\t\t\t\t\t<option value=\"RS\">\n\t\t\t\t\tSzerbia\t\t\t\t<\/option>\n\t\t\t\t\t\t\t\t<option value=\"SK\">\n\t\t\t\t\tSzlov\u00e1kia\t\t\t\t<\/option>\n\t\t\t\t\t\t\t\t<option value=\"SI\">\n\t\t\t\t\tSzlov\u00e9nia\t\t\t\t<\/option>\n\t\t\t\t\t\t\t\t<option value=\"UA\">\n\t\t\t\t\tUkrajna\t\t\t\t<\/option>\n\t\t\t\t\t\t\t<\/select>\n\t\t\t<input id=\"zip\" type=\"text\" placeholder=\"Ir\u00e1ny\u00edt\u00f3sz\u00e1m be\u00edr\u00e1sa\">\n\t\t\t<select id=\"category\" name=\"category\">\n\t\t\t\t<option value=\"\">Minden ter\u00fclet<\/option>\n\t\t\t\t\t\t\t\t<option value=\"7326\">\n\t\t\t\t\tAlkatr\u00e9sz-\u00e9rt\u00e9kes\u00edt\u00e9s\t\t\t\t<\/option>\n\t\t\t\t\t\t\t\t<option value=\"7327\">\n\t\t\t\t\tB\u00e9rlet\t\t\t\t<\/option>\n\t\t\t\t\t\t\t\t<option value=\"7328\">\n\t\t\t\t\tHaszn\u00e1lt j\u00e1rm\u0171-\u00e9rt\u00e9kes\u00edt\u00e9s\t\t\t\t<\/option>\n\t\t\t\t\t\t\t\t<option value=\"58836\">\n\t\t\t\t\tKulcsfi\u00f3k t\u00f6rmel\u00e9k \u00e9s \u00fajrahasznos\u00edt\u00e1s\t\t\t\t<\/option>\n\t\t\t\t\t\t\t\t<option value=\"7329\">\n\t\t\t\t\tSzervizpartner-menedzsment\t\t\t\t<\/option>\n\t\t\t\t\t\t\t\t<option value=\"7325\">\n\t\t\t\t\t\u00daj j\u00e1rm\u0171-\u00e9rt\u00e9kes\u00edt\u00e9s\t\t\t\t<\/option>\n\t\t\t\t\t\t\t\t<option value=\"58923\">\n\t\t\t\t\tVehicule noi\t\t\t\t<\/option>\n\t\t\t\t\t\t\t<\/select>\n\t\t\t<div class=\"contact-search-button \">\n\t\t\t\t<button type=\"submit\" class=\"btn-schwa btn-red-schwa\">\n\t\t\t\t\tSuchen\t\t\t\t<\/button>\n\t\t\t<\/div>\n\t\t<\/form>\n\t<\/div>\n\t<div class=\"contact-cards\">\n\t\t<div id=\"contact-result\">\n\t\t<h3 class=\"schwa-h5 contact-persons-placeholder-title\"> K\u00e9rem v\u00e1lasszon!<\/h3>\t\t<\/div>\n\t<\/div>\n<\/div>\n<\/div>\n<script>\n\tconst form = jQuery('#schwarzmueller-core-search-contact-persons');\n\n\tform.on('submit', function(e) {\n\t\te.preventDefault();\n\n\t\tconst _wpnonce = e.target.elements._wpnonce.value;\n\t\tconst site = e.target.elements.site.value;\n\t\tconst country = e.target.elements.country.value;\n\t\tconst zip = e.target.elements.zip.value;\n\t\tconst category = e.target.elements.category.value;\n\n\n\t\tjQuery.ajax({\n\t\t\turl: 'https:\/\/schwarzmueller.com\/wp-admin\/admin-ajax.php',\n\t\t\tmethod: 'POST',\n\t\t\tdata: {\n\t\t\t\taction: 'schwarzmueller_search_contact_person',\n\t\t\t\t_wpnonce,\n\t\t\t\tsite,\n\t\t\t\tcountry,\n\t\t\t\tzip,\n\t\t\t\tcategory,\n\t\t\t},\n\t\t\tsuccess: function(data) {\n\n\t\t\t\tjQuery('#contact-result').html(data.data.persons);\n\t\t\t},\n\t\t\terror: function(data) {\n\t\t\t\tconsole.log('error');\n\t\t\t\tconsole.log(data);\n\t\t\t}\n\t\t});\n\n\n\t});\n\tjQuery('#country').on('change', triggerFormSubmit);\n\tjQuery('#zip').on('change', triggerFormSubmit);\n\tjQuery('#category').on('change', triggerFormSubmit);\n\n\tfunction triggerFormSubmit() {\n\t\tjQuery('#schwarzmueller-core-search-contact-persons').submit();\n\t}\n<\/script>\n<\/p>\n<\/div>\n<\/div><\/section>\n<\/div><\/div><\/div><!-- close content main div --><\/div><\/div><div id='after_section_2'  class='main_color av_default_container_wrap container_wrap sidebar_left'  ><div class='container av-section-cont-open' ><div class='template-page content  av-content-small units'><div class='post-entry post-entry-type-page post-entry-46691'><div class='entry-content-wrapper clearfix'>\n<div class='flex_column_table av-lw7nqgjt-094f24d6eb39f0630bc4fb74498fd58e sc-av_one_full av-equal-height-column-flextable'>\n<style type=\"text\/css\" data-created_by=\"avia_inline_auto\" id=\"style-css-av-lw7nqgjt-094f24d6eb39f0630bc4fb74498fd58e\">\n.flex_column.av-lw7nqgjt-094f24d6eb39f0630bc4fb74498fd58e{\npadding:50px 50px 50px 50px;\nbackground-color:#ffffff;\n}\n<\/style>\n<div  class='flex_column av-lw7nqgjt-094f24d6eb39f0630bc4fb74498fd58e av_one_full  avia-builder-el-5  el_after_av_section  avia-builder-el-no-sibling  first flex_column_table_cell av-equal-height-column av-align-top  '     ><style type=\"text\/css\" data-created_by=\"avia_inline_auto\" id=\"style-css-av-lw7nraei-cb2617035a9515c6b10eaf6a22de22ae\">\n#top .av_textblock_section.av-lw7nraei-cb2617035a9515c6b10eaf6a22de22ae .avia_textblock{\ntext-align:left;\n}\n<\/style>\n<section  class='av_textblock_section av-lw7nraei-cb2617035a9515c6b10eaf6a22de22ae '   itemscope=\"itemscope\" itemtype=\"https:\/\/schema.org\/CreativeWork\" ><div class='avia_textblock image-dark-section-title'  itemprop=\"text\" ><div>\n<div>\n<h3 class=\"schwa-h4\">Nem tal\u00e1lt kapcsolattart\u00f3t?<\/h3>\n<\/div>\n<\/div>\n<\/div><\/section><br \/>\n<div  class='avia-button-wrap av-lw7nsuq8-e9b62bcaa69234f1f27a6493c5281892-wrap avia-button-left  avia-builder-el-7  el_after_av_textblock  avia-builder-el-last '>\n<style type=\"text\/css\" data-created_by=\"avia_inline_auto\" id=\"style-css-av-lw7nsuq8-e9b62bcaa69234f1f27a6493c5281892\">\n#top #wrap_all .avia-button.av-lw7nsuq8-e9b62bcaa69234f1f27a6493c5281892{\nborder-style:hidden;\nborder-radius:0 0 0 0;\ntransition:all 0.4s ease-in-out;\nmargin:30px 0 0 0;\npadding:1rem 2rem 1rem 2rem;\n}\n#top #wrap_all .avia-button.av-lw7nsuq8-e9b62bcaa69234f1f27a6493c5281892:hover{\nbackground-color:white;\ncolor:black;\ntransition:all 0.4s ease-in-out;\n}\n#top #wrap_all.avia-button.av-lw7nsuq8-e9b62bcaa69234f1f27a6493c5281892:hover .avia_button_background{\nborder-radius:0 0 0 0;\n}\n#top #wrap_all .avia-button.av-lw7nsuq8-e9b62bcaa69234f1f27a6493c5281892:hover .avia-svg-icon svg:first-child{\nfill:black;\nstroke:black;\n}\n<\/style>\n<a href='https:\/\/hueffermann.de\/hu\/kontakt\/'  class='avia-button av-lw7nsuq8-e9b62bcaa69234f1f27a6493c5281892 av-link-btn avia-icon_select-no avia-size-small avia-position-left avia-color-theme-color avia-font-color-theme-color'   aria-label=\"\u00cdrjon nek\u00fcnk\"><span class='avia_iconbox_title' >\u00cdrjon nek\u00fcnk<\/span><\/a><\/div><\/p><\/div><\/div><!--close column table wrapper. Autoclose: 1 -->\n","protected":false},"excerpt":{"rendered":"","protected":false},"author":5,"featured_media":0,"parent":50077,"menu_order":0,"comment_status":"closed","ping_status":"closed","template":"","meta":{"_acf_changed":false,"_relevanssi_hide_post":"","_relevanssi_hide_content":"","_relevanssi_pin_for_all":"","_relevanssi_pin_keywords":"","_relevanssi_unpin_keywords":"","_relevanssi_related_keywords":"","_relevanssi_related_include_ids":"","_relevanssi_related_exclude_ids":"","_relevanssi_related_no_append":"","_relevanssi_related_not_related":"","_relevanssi_related_posts":"50679,50760,50670,50662,50754,50739","_relevanssi_noindex_reason":"","footnotes":""},"class_list":["post-46691","page","type-page","status-publish","hentry"],"acf":[],"yoast_head":"<!-- This site is optimized with the Yoast SEO Premium plugin v26.4 (Yoast SEO v27.2) - https:\/\/yoast.com\/product\/yoast-seo-premium-wordpress\/ -->\n<title>Kapcsolattart\u00f3k - H\u00fcffermann<\/title>\n<meta name=\"robots\" content=\"index, follow, max-snippet:-1, max-image-preview:large, max-video-preview:-1\" \/>\n<link rel=\"canonical\" href=\"https:\/\/hueffermann.de\/hu\/info-es-kapcsolat\/kapcsolattartok\/\" \/>\n<meta property=\"og:locale\" content=\"hu_HU\" \/>\n<meta property=\"og:type\" content=\"article\" \/>\n<meta property=\"og:title\" content=\"Kapcsolattart\u00f3k\" \/>\n<meta property=\"og:url\" content=\"https:\/\/hueffermann.de\/hu\/info-es-kapcsolat\/kapcsolattartok\/\" \/>\n<meta property=\"og:site_name\" content=\"H\u00fcffermann\" \/>\n<meta property=\"article:modified_time\" content=\"2024-11-05T12:56:00+00:00\" \/>\n<meta name=\"twitter:card\" content=\"summary_large_image\" \/>\n<meta name=\"twitter:label1\" content=\"Becs\u00fclt olvas\u00e1si id\u0151\" \/>\n\t<meta name=\"twitter:data1\" content=\"1 perc\" \/>\n<script type=\"application\/ld+json\" class=\"yoast-schema-graph\">{\"@context\":\"https:\/\/schema.org\",\"@graph\":[{\"@type\":\"WebPage\",\"@id\":\"https:\/\/hueffermann.de\/hu\/info-es-kapcsolat\/kapcsolattartok\/\",\"url\":\"https:\/\/hueffermann.de\/hu\/info-es-kapcsolat\/kapcsolattartok\/\",\"name\":\"Kapcsolattart\u00f3k - H\u00fcffermann\",\"isPartOf\":{\"@id\":\"https:\/\/hueffermann.de\/en\/#website\"},\"datePublished\":\"2024-03-07T16:39:29+00:00\",\"dateModified\":\"2024-11-05T12:56:00+00:00\",\"breadcrumb\":{\"@id\":\"https:\/\/hueffermann.de\/hu\/info-es-kapcsolat\/kapcsolattartok\/#breadcrumb\"},\"inLanguage\":\"hu\",\"potentialAction\":[{\"@type\":\"ReadAction\",\"target\":[\"https:\/\/hueffermann.de\/hu\/info-es-kapcsolat\/kapcsolattartok\/\"]}]},{\"@type\":\"BreadcrumbList\",\"@id\":\"https:\/\/hueffermann.de\/hu\/info-es-kapcsolat\/kapcsolattartok\/#breadcrumb\",\"itemListElement\":[{\"@type\":\"ListItem\",\"position\":1,\"name\":\"Home\",\"item\":\"https:\/\/hueffermann.de\/hu\/kezdooldal\/\"},{\"@type\":\"ListItem\",\"position\":2,\"name\":\"info es kapcsolat\",\"item\":\"https:\/\/hueffermann.de\/hu\/info-es-kapcsolat\/\"},{\"@type\":\"ListItem\",\"position\":3,\"name\":\"Kapcsolattart\u00f3k\"}]},{\"@type\":\"WebSite\",\"@id\":\"https:\/\/hueffermann.de\/en\/#website\",\"url\":\"https:\/\/hueffermann.de\/en\/\",\"name\":\"H\u00fcffermann\",\"description\":\"\",\"potentialAction\":[{\"@type\":\"SearchAction\",\"target\":{\"@type\":\"EntryPoint\",\"urlTemplate\":\"https:\/\/hueffermann.de\/en\/?s={search_term_string}\"},\"query-input\":{\"@type\":\"PropertyValueSpecification\",\"valueRequired\":true,\"valueName\":\"search_term_string\"}}],\"inLanguage\":\"hu\"}]}<\/script>\n<!-- \/ Yoast SEO Premium plugin. -->","yoast_head_json":{"title":"Kapcsolattart\u00f3k - H\u00fcffermann","robots":{"index":"index","follow":"follow","max-snippet":"max-snippet:-1","max-image-preview":"max-image-preview:large","max-video-preview":"max-video-preview:-1"},"canonical":"https:\/\/hueffermann.de\/hu\/info-es-kapcsolat\/kapcsolattartok\/","og_locale":"hu_HU","og_type":"article","og_title":"Kapcsolattart\u00f3k","og_url":"https:\/\/hueffermann.de\/hu\/info-es-kapcsolat\/kapcsolattartok\/","og_site_name":"H\u00fcffermann","article_modified_time":"2024-11-05T12:56:00+00:00","twitter_card":"summary_large_image","twitter_misc":{"Becs\u00fclt olvas\u00e1si id\u0151":"1 perc"},"schema":{"@context":"https:\/\/schema.org","@graph":[{"@type":"WebPage","@id":"https:\/\/hueffermann.de\/hu\/info-es-kapcsolat\/kapcsolattartok\/","url":"https:\/\/hueffermann.de\/hu\/info-es-kapcsolat\/kapcsolattartok\/","name":"Kapcsolattart\u00f3k - H\u00fcffermann","isPartOf":{"@id":"https:\/\/hueffermann.de\/en\/#website"},"datePublished":"2024-03-07T16:39:29+00:00","dateModified":"2024-11-05T12:56:00+00:00","breadcrumb":{"@id":"https:\/\/hueffermann.de\/hu\/info-es-kapcsolat\/kapcsolattartok\/#breadcrumb"},"inLanguage":"hu","potentialAction":[{"@type":"ReadAction","target":["https:\/\/hueffermann.de\/hu\/info-es-kapcsolat\/kapcsolattartok\/"]}]},{"@type":"BreadcrumbList","@id":"https:\/\/hueffermann.de\/hu\/info-es-kapcsolat\/kapcsolattartok\/#breadcrumb","itemListElement":[{"@type":"ListItem","position":1,"name":"Home","item":"https:\/\/hueffermann.de\/hu\/kezdooldal\/"},{"@type":"ListItem","position":2,"name":"info es kapcsolat","item":"https:\/\/hueffermann.de\/hu\/info-es-kapcsolat\/"},{"@type":"ListItem","position":3,"name":"Kapcsolattart\u00f3k"}]},{"@type":"WebSite","@id":"https:\/\/hueffermann.de\/en\/#website","url":"https:\/\/hueffermann.de\/en\/","name":"H\u00fcffermann","description":"","potentialAction":[{"@type":"SearchAction","target":{"@type":"EntryPoint","urlTemplate":"https:\/\/hueffermann.de\/en\/?s={search_term_string}"},"query-input":{"@type":"PropertyValueSpecification","valueRequired":true,"valueName":"search_term_string"}}],"inLanguage":"hu"}]}},"_links":{"self":[{"href":"https:\/\/hueffermann.de\/hu\/wp-json\/wp\/v2\/pages\/46691","targetHints":{"allow":["GET"]}}],"collection":[{"href":"https:\/\/hueffermann.de\/hu\/wp-json\/wp\/v2\/pages"}],"about":[{"href":"https:\/\/hueffermann.de\/hu\/wp-json\/wp\/v2\/types\/page"}],"author":[{"embeddable":true,"href":"https:\/\/hueffermann.de\/hu\/wp-json\/wp\/v2\/users\/5"}],"replies":[{"embeddable":true,"href":"https:\/\/hueffermann.de\/hu\/wp-json\/wp\/v2\/comments?post=46691"}],"version-history":[{"count":8,"href":"https:\/\/hueffermann.de\/hu\/wp-json\/wp\/v2\/pages\/46691\/revisions"}],"predecessor-version":[{"id":51771,"href":"https:\/\/hueffermann.de\/hu\/wp-json\/wp\/v2\/pages\/46691\/revisions\/51771"}],"up":[{"embeddable":true,"href":"https:\/\/hueffermann.de\/hu\/wp-json\/wp\/v2\/pages\/50077"}],"wp:attachment":[{"href":"https:\/\/hueffermann.de\/hu\/wp-json\/wp\/v2\/media?parent=46691"}],"curies":[{"name":"wp","href":"https:\/\/api.w.org\/{rel}","templated":true}]}}