{"id":46707,"date":"2024-02-16T10:07:27","date_gmt":"2024-02-16T09:07:27","guid":{"rendered":"https:\/\/hueffermann.de\/impresszum\/"},"modified":"2025-09-04T12:15:54","modified_gmt":"2025-09-04T10:15:54","slug":"impresszum","status":"publish","type":"page","link":"https:\/\/hueffermann.de\/hu\/info-es-kapcsolat\/impresszum\/","title":{"rendered":"Impresszum"},"content":{"rendered":"<section  class='av_textblock_section av-av_textblock-0dd15fa843e338cf00ea773c83866ab2 '   itemscope=\"itemscope\" itemtype=\"https:\/\/schema.org\/CreativeWork\" ><div class='avia_textblock sch-breadcrumb'  itemprop=\"text\" ><div class=\"breadcrumb breadcrumbs avia-breadcrumbs\"><div class=\"breadcrumb-trail\" ><span class=\"trail-before\"><span class=\"breadcrumb-title\">\u00d6n itt \u00e1ll:<\/span><\/span> <span  itemscope=\"itemscope\" itemtype=\"https:\/\/schema.org\/BreadcrumbList\" ><span  itemscope=\"itemscope\" itemtype=\"https:\/\/schema.org\/ListItem\" itemprop=\"itemListElement\" ><a itemprop=\"url\" href=\"https:\/\/hueffermann.de\/hu\/\" title=\"H\u00fcffermann\" rel=\"home\" class=\"trail-begin\"><span itemprop=\"name\">Kezd\u0151lap<\/span><\/a><span itemprop=\"position\" class=\"hidden\">1<\/span><\/span><\/span><\/div><\/div>\n<\/div><\/section>\n<\/div><\/div><\/div><!-- close content main div --><\/div><\/div><div id='av_section_1'  class='avia-section av-r8yd-833224942343c44b9d39a1788a19399c main_color avia-section-default avia-no-border-styling  avia-builder-el-1  el_after_av_textblock  avia-builder-el-last  avia-bg-style-scroll container_wrap sidebar_left'  ><div class='container av-section-cont-open' ><div class='template-page content  av-content-small units'><div class='post-entry post-entry-type-page post-entry-46707'><div class='entry-content-wrapper clearfix'>\n<section  class='av_textblock_section av-lyzlof8m-dc648c99126e4c31e512d511aa264b64 '   itemscope=\"itemscope\" itemtype=\"https:\/\/schema.org\/CreativeWork\" ><div class='avia_textblock'  itemprop=\"text\" ><h1>Impresszum<\/h1>\n<p>A n\u00e9met telem\u00e9dia t\u00f6rv\u00e9ny [TMG] 5. \u00a7-a szerinti felel\u0151s<\/p>\n<p>H\u00fcffermann Transportsysteme GmbH<br \/>\nKampehler Stra\u00dfe 10<br \/>\n16845 Neustadt (Dosse)<br \/>\nTelefon: +49 33970 996-0<br \/>\nTelefax: +49 33970 132-16<br \/>\nE-mail: info@hueffermann.de<\/p>\n<p>A v\u00e1llalat k\u00e9pviselet\u00e9ben elj\u00e1rni jogosult \u00fcgyvezet\u0151k: Bastian Litterscheid, Lennart Kluge<\/p>\n<p>C\u00e9gb\u00edr\u00f3s\u00e1g:\u00a0Amtsgericht Neuruppin<br \/>\nC\u00e9gjegyz\u00e9ksz\u00e1m:\u00a0HRB 85<br \/>\nK\u00f6z\u00f6ss\u00e9gi ad\u00f3sz\u00e1m a forgalmi ad\u00f3r\u00f3l sz\u00f3l\u00f3 t\u00f6rv\u00e9ny 27. \u00a7 a) pontja alapj\u00e1n:\u00a0DE811483909<\/p>\n<p>A tartalom\u00e9rt a tartom\u00e1nyk\u00f6zi m\u0171sorszolg\u00e1ltat\u00e1si egyezm\u00e9ny (MDStV) 55. \u00a7 (2) bekezd\u00e9se alapj\u00e1n felel\u0151s:\u00a0Klaus Kieler<br \/>\nH\u00fcffermann Transportsysteme GmbH, \u00e9rt\u00e9kes\u00edt\u00e9si iroda<br \/>\nAhlhorner Stra\u00dfe 89<br \/>\n27793 Wildeshausen<br \/>\nTelefon: +49 4431 94553-120<br \/>\nTelefax: +49 4431 94553-245<\/p>\n<p>Jogi tudnival\u00f3k a jelen honlapra vonatkoz\u00f3an:<\/p>\n<p>1. Az online k\u00edn\u00e1lat tartalma<br \/>\nA H\u00fcffermann Transportsysteme GmbH semmilyen garanci\u00e1t nem v\u00e1llal a rendelkez\u00e9sre bocs\u00e1tott inform\u00e1ci\u00f3k naprak\u00e9szs\u00e9g\u00e9t, helyess\u00e9g\u00e9t, teljess\u00e9g\u00e9t vagy min\u0151s\u00e9g\u00e9t illet\u0151en. Teljes m\u00e9rt\u00e9kben kiz\u00e1rtak a szerz\u0151vel szemben beny\u00fajtott felel\u0151ss\u00e9gre von\u00e1si keresetek, amelyek anyagi vagy eszmei k\u00e1rokra vonatkoznak, amelyeket a rendelkez\u00e9sre \u00e1ll\u00f3 inform\u00e1ci\u00f3k haszn\u00e1lata vagy nem haszn\u00e1lata, ill. hib\u00e1s \u00e9s nem teljes inform\u00e1ci\u00f3k okoztak, amennyiben a szerz\u0151 oldal\u00e1r\u00f3l nem fordul el\u0151 bizony\u00edthat\u00f3an sz\u00e1nd\u00e9kos vagy durv\u00e1n hanyag magatart\u00e1s.<br \/>\nMinden aj\u00e1nlat megv\u00e1ltozhat \u00e9s nem k\u00f6telez\u0151 \u00e9rv\u00e9ny\u0171. A H\u00fcffermann Transportsysteme GmbH kifejezetten fenntartja mag\u00e1nak a jogot, hogy az oldalak egy r\u00e9sz\u00e9t vagy a teljes k\u00edn\u00e1latot k\u00fcl\u00f6n bejelent\u00e9s n\u00e9lk\u00fcl m\u00f3dos\u00edtsa, kieg\u00e9sz\u00edtse, t\u00f6r\u00f6lje vagy a k\u00f6zz\u00e9t\u00e9telt id\u0151nk\u00e9nt vagy v\u00e9glegesen besz\u00fcntesse.<br \/>\nAz \u00e1br\u00e1zolt j\u00e1rm\u0171vek egyedi felszerelts\u00e9gekkel rendelkezhetnek, amely fel\u00e1r ellen\u00e9ben megv\u00e1s\u00e1rolhat\u00f3k.<\/p>\n<p>2. Hivatkoz\u00e1sok \u00e9s linkek<br \/>\nAz olyan k\u00fcls\u0151 internetes oldalakra val\u00f3 k\u00f6zvetlen vagy k\u00f6zvetett hivatkoz\u00e1sok (linkek) eset\u00e9ben, melyek a szerz\u0151 felel\u0151ss\u00e9gi k\u00f6r\u00e9n k\u00edv\u00fcl esnek, a felel\u0151ss\u00e9gi k\u00f6telezetts\u00e9g kiz\u00e1r\u00f3lag abban az esetben l\u00e9phet \u00e9rv\u00e9nybe, ha a H\u00fcffermann Transportsysteme GmbH a tartalomr\u00f3l tudom\u00e1ssal b\u00edrt, \u00e9s technikailag lehets\u00e9ges \u00e9s felt\u00e9telezhet\u0151 lenne, hogy a felhaszn\u00e1l\u00e1st jogszer\u0171tlen tartalmak eset\u00e9n megakad\u00e1lyozza.<br \/>\nA H\u00fcffermann Transportsysteme GmbH ez\u00e9rt kifejezetten kijelenti, hogy a link elhelyez\u00e9s\u00e9nek id\u0151pontj\u00e1ban a megfelel\u0151 belinkelt oldalak illeg\u00e1lis tartalmakat nem k\u00f6z\u00f6ltek. A H\u00fcffermann Transportsysteme GmbH v\u00e1llalatnak nincs befoly\u00e1sa a belinkelt\/hivatkozott oldalak jelenlegi \u00e9s j\u00f6v\u0151beli kialak\u00edt\u00e1s\u00e1ra \u00e9s azok tartalm\u00e1ra. Ez\u00e9rt ez\u00faton kifejezetten elhat\u00e1rol\u00f3dik a belinkelt\/hivatkozott oldalak minden olyan tartalm\u00e1t\u00f3l, amelyeket a link elhelyez\u00e9se ut\u00e1n m\u00f3dos\u00edtottak. Jelen meg\u00e1llap\u00edt\u00e1s minden, a saj\u00e1t internetes k\u00edn\u00e1latban felt\u00fcntetett linkre \u00e9s hivatkoz\u00e1sra, valamint a szerz\u0151 \u00e1ltal kialak\u00edtott vend\u00e9gk\u00f6nyv, kommunik\u00e1ci\u00f3s f\u00f3rum \u00e9s levelez\u0151lista idegenek \u00e1ltal t\u00f6rt\u00e9nt bejegyz\u00e9seire vonatkozik. Az illeg\u00e1lis, hib\u00e1s vagy hi\u00e1nyos tartalmak\u00e9rt, illetve azok\u00e9rt a k\u00e1rok\u00e9rt, melyek az \u00edgy megjelen\u00edtett inform\u00e1ci\u00f3k felhaszn\u00e1l\u00e1s\u00e1b\u00f3l vagy fel nem haszn\u00e1l\u00e1s\u00e1b\u00f3l sz\u00e1rmaznak, kiz\u00e1r\u00f3lag azon oldal szolg\u00e1ltat\u00f3ja felel, melyre hivatkoz\u00e1s t\u00f6rt\u00e9nt, nem pedig az, aki a linken kereszt\u00fcl a mindenkori k\u00f6zz\u00e9t\u00e9telre hivatkozik.<\/p>\n<p>3. Szerz\u0151i \u00e9s ismertet\u0151i jog<br \/>\nA H\u00fcffermann Transportsysteme GmbH t\u00f6rekszik arra, hogy valamennyi publik\u00e1ci\u00f3ban tekintettel legyen a grafik\u00e1k, hangos dokumentumok, vide\u00f3 r\u00e9szletek \u00e9s sz\u00f6vegek szerz\u0151i jogaira, saj\u00e1t maga \u00e1ltal k\u00e9sz\u00edtett grafik\u00e1kat, hangos dokumentumokat, vide\u00f3 r\u00e9szleteket \u00e9s sz\u00f6vegeket, vagy licencmentes grafik\u00e1kat, hangos dokumentumokat \u00e9s vide\u00f3 r\u00e9szleteket haszn\u00e1ljon fel.<br \/>\nMinden az internetes k\u00edn\u00e1latban megnevezett \u00e9s esetenk\u00e9nt harmadik f\u00e9l \u00e1ltal v\u00e9dett, bejegyeztetett m\u00e1rk\u00e1k, v\u00e9djegyek korl\u00e1toz\u00e1s n\u00e9lk\u00fcl a mindenkori bejegyzett tulajdonosuk tulajdon\u00e1t k\u00e9pezik, \u00e9s a mindenkor \u00e9rv\u00e9nyes v\u00e9djegyekre vonatkoz\u00f3 jogszab\u00e1lyok rendelkez\u00e9seinek hat\u00e1lya alatt \u00e1llnak. Kiz\u00e1r\u00f3lag csak a megnevez\u00e9s alapj\u00e1n nem vonhat\u00f3 le az a k\u00f6vetkeztet\u00e9s, hogy a m\u00e1rkajelz\u00e9s harmadik f\u00e9l jogait nem v\u00e9di! A szerz\u0151i jog a k\u00f6zz\u00e9tett, a szerz\u0151 \u00e1ltal saj\u00e1t kez\u0171leg k\u00e9sz\u00edtett elemek vonatkoz\u00e1s\u00e1ban kiz\u00e1r\u00f3lag az oldal szerz\u0151j\u00e9n\u00e9l marad. Az ilyen grafik\u00e1k, hangos dokumentumok, vide\u00f3 r\u00e9szletek \u00e9s sz\u00f6vegek sokszoros\u00edt\u00e1sa \u00e9s alkalmaz\u00e1sa m\u00e1s elektronikus vagy nyomtatott publik\u00e1ci\u00f3ban a szerz\u0151 kifejezett hozz\u00e1j\u00e1rul\u00e1sa n\u00e9lk\u00fcl nem enged\u00e9lyezett.<br \/>\nSzerz\u0151i jog \u00a9 2009 H\u00fcffermann Transportsysteme GmbH \u00e9s\/vagy annak sz\u00e1ll\u00edt\u00f3i. Minden, itt kifejezetten nem megadott jog fenntartva.<\/p>\n<p>4. Adatv\u00e9delem<br \/>\nAmennyiben az internetes aj\u00e1nlatban fenn\u00e1ll a lehet\u0151s\u00e9g szem\u00e9lyes vagy \u00fczleti adatok (e-mail-c\u00edmek, nevek postai c\u00edmek) bevitel\u00e9re, \u00fagy ezeket az adatokat a felhaszn\u00e1l\u00f3 kiz\u00e1r\u00f3lag \u00f6nk\u00e9nt adja meg.<\/p>\n<p>Az impresszum vagy hasonl\u00f3 jelleg\u0171 adatok keret\u00e9ben k\u00f6zz\u00e9tett el\u00e9rhet\u0151s\u00e9gek k\u00edv\u00fcl\u00e1ll\u00f3k \u00e1ltal kifejezetten nem k\u00e9rt rekl\u00e1manyagok megk\u00fcld\u00e9se c\u00e9lj\u00e1b\u00f3l t\u00f6rt\u00e9n\u0151 felhaszn\u00e1l\u00e1sa nem enged\u00e9lyezett. A jelen oldal \u00fczemeltet\u0151je hat\u00e1rozottan fenntartja mag\u00e1nak a jogot arra, hogy a rekl\u00e1manyagok, mint pl. lev\u00e9lszem\u00e9t nem ig\u00e9nyelt megk\u00fcld\u00e9se eset\u00e9n megtegye a megfelel\u0151 jogi l\u00e9p\u00e9seket.<\/p>\n<p>4.1. Google Analytics<br \/>\nAmennyiben a jelen honlap a Google Analytics, a Google Inc. (\u201eGoogle\u201d) internetes elemz\u00e9si szolg\u00e1ltat\u00e1sait haszn\u00e1lja, a b\u00f6ng\u00e9sz\u0151je a Google Inc. vagy harmadik f\u00e9l \u00e1ltal k\u00fcld\u00f6tt s\u00fctiket (\u00fan. cookie-kat) t\u00e1rol, amelyek lehet\u0151v\u00e9 teszik a jelen honlap \u00d6n \u00e1ltal t\u00f6rt\u00e9n\u0151 haszn\u00e1lat\u00e1nak elemz\u00e9s\u00e9t. Az \u00edgy gy\u0171jt\u00f6tt inform\u00e1ci\u00f3kat (bele\u00e9rtve az IP-c\u00edm\u00e9t is) a Google az Amerikai Egyes\u00fclt \u00c1llamokban m\u0171k\u00f6d\u0151 szerver\u00e9re tov\u00e1bb\u00edtja \u00e9s ott t\u00e1rolja. A Google ezeket az inform\u00e1ci\u00f3kat haszn\u00e1lja fel arra, hogy \u00e9rt\u00e9kelje a honlap \u00d6n \u00e1ltali haszn\u00e1lat\u00e1t, hogy jelent\u00e9seket k\u00e9sz\u00edtsen a honlap \u00fczemeltet\u0151j\u00e9nek a honlapon bel\u00fcli l\u00e9p\u00e9seir\u0151l, \u00e9s hogy tov\u00e1bbi, a honlap haszn\u00e1lat\u00e1val \u00e9s az Internet haszn\u00e1lat\u00e1val \u00f6sszef\u00fcgg\u0151 szolg\u00e1ltat\u00e1sokat ny\u00fajtson.<\/p>\n<p>Ezeket az inform\u00e1ci\u00f3kat a Google adott esetben tov\u00e1bb\u00edtja harmadik f\u00e9lnek is, amennyiben ez jogszab\u00e1lyi el\u0151\u00edr\u00e1s, vagy amennyiben harmadik f\u00e9l dolgozza fel ezeket az adatokat a Google megb\u00edz\u00e1s\u00e1b\u00f3l. A Google semmik\u00e9ppen nem kapcsolja \u00f6ssze az \u00d6n IP-c\u00edm\u00e9t m\u00e1s, a Google-n\u00e9l t\u00e1rolt adatokkal. A s\u00fctik telep\u00edt\u00e9s\u00e9t \u00d6n megakad\u00e1lyozhatja. Ehhez az \u00d6n b\u00f6ng\u00e9sz\u0151j\u00e9nek be\u00e1ll\u00edt\u00e1saiban v\u00e1lassza ki \u201eS\u00fctik elutas\u00edt\u00e1sa\u201d (Az Internet Explorerben l\u00e1sd itt: \u201eEszk\u00f6z\u00f6k\/Internetopci\u00f3k\/Adatv\u00e9delem\/Be\u00e1llt\u00e1s\u201d, a Firefoxn\u00e1l az \u201eEszk\u00f6z\u00f6k\/Be\u00e1ll\u00edt\u00e1sok\/Adatv\u00e9delem\/S\u00fctik\u201d).<\/p>\n<p>Felh\u00edvjuk a figyelm\u00e9t arra, hogy ebben az esetben el\u0151fordulhat, hogy nem tudja teljes m\u00e9rt\u00e9kben haszn\u00e1lni a jelen honlap valamennyi funkci\u00f3j\u00e1t. A jelen honlap haszn\u00e1lat\u00e1val hozz\u00e1j\u00e1rul az \u00d6nr\u0151l r\u00f6gz\u00edtett adatok a Google \u00e1ltal a fent le\u00edrt m\u00f3don \u00e9s a fent ismertetett c\u00e9lra t\u00f6rt\u00e9n\u0151 feldolgoz\u00e1s\u00e1hoz.<\/p>\n<p>5. A felel\u0151ss\u00e9g kiz\u00e1r\u00e1s\u00e1nak jogi hat\u00e1lya<br \/>\nA felel\u0151ss\u00e9gnek ezt a kiz\u00e1r\u00e1s\u00e1t annak az internetes aj\u00e1nlatnak a r\u00e9sz\u00e9nek kell tekinteni, amelyr\u0151l egy hivatkoz\u00e1s seg\u00edts\u00e9g\u00e9vel eljutott ide. Amennyiben ennek a sz\u00f6vegnek r\u00e9szei vagy egyes megfogalmaz\u00e1sai nem, m\u00e1r nem vagy nem teljesen felelnek meg az \u00e9rv\u00e9nyes jogi helyzetnek, a dokumentum egy\u00e9b r\u00e9szeit ez tartalm\u00e1ban \u00e9s \u00e9rv\u00e9nyess\u00e9g\u00e9ben nem \u00e9rinti.<\/p>\n<p>Felel\u0151ss\u00e9gi tudnival\u00f3k:<\/p>\n<p>A jelen honlapon rendelkez\u00e9sre bocs\u00e1tott inform\u00e1ci\u00f3kat alaposan ellen\u0151rizt\u00fck, \u00e9s rendszeresen friss\u00edtj\u00fck. Ennek ellen\u00e9re nem v\u00e1llalunk garanci\u00e1t arra, hogy minden megjelen\u00edtett adat mindenkor teljes, helyes \u00e9s naprak\u00e9sz.<\/p>\n<p>Minden adat m\u00f3dos\u00edthat\u00f3, t\u00f6r\u00f6lhet\u0151 vagy kieg\u00e9sz\u00edthet\u0151 el\u0151zetes bejelent\u00e9s n\u00e9lk\u00fcl. Az \u201e\u00fcgyf\u00e9l\u201d ez\u00e9rt nem v\u00e1llal semminem\u0171 felel\u0151ss\u00e9get b\u00e1rmilyen hib\u00e1\u00e9rt, mulaszt\u00e1s\u00e9rt vagy k\u00e1rok\u00e9rt, amelyek az internetoldalainkon tal\u00e1lhat\u00f3 inform\u00e1ci\u00f3k haszn\u00e1lat\u00e1b\u00f3l ad\u00f3dnak.<\/p>\n<p>A tartalom alapos ellen\u0151rz\u00e9se ellen\u00e9re nem v\u00e1llalunk felel\u0151ss\u00e9get a k\u00fcls\u0151 hivatkoz\u00e1sok tartalm\u00e1\u00e9rt. A hivatkozott oldalak tartalm\u00e1\u00e9rt kiz\u00e1r\u00f3lag ezek \u00fczemeltet\u0151i felel\u0151sek.<\/p>\n<p>Megjegyz\u00e9s:<\/p>\n<p>El\u0151zetes \u00edr\u00e1sbeli kapcsolatfelv\u00e9tel n\u00e9lk\u00fcl figyelmeztet\u00e9s nem k\u00fcldhet\u0151! Amennyiben a weboldalaink tartalma vagy megjelen\u00e9se harmadik f\u00e9l idegen jogait vagy t\u00f6rv\u00e9nyi rendelkez\u00e9seit megs\u00e9rten\u00e9, k\u00e9rj\u00fck, megfelel\u0151 \u00fczenet k\u00fcld\u00e9s\u00e9t, k\u00f6lts\u00e9gjegyz\u00e9k n\u00e9lk\u00fcl. Ezeken az oldalakon szerepl\u0151 szellemi jogi megs\u00e9rt\u00e9sek megsz\u00fcntet\u00e9se a szellemi jog tulajdonosa \u00e1ltal a hozz\u00e1j\u00e1rul\u00e1sunk n\u00e9lk\u00fcl nem megengedett.<\/p>\n<p>Garant\u00e1ljuk, hogy a jogosan kifog\u00e1solt sz\u00f6vegr\u00e9szeket azonnal t\u00f6r\u00fclj\u00fck, an\u00e9lk\u00fcl, hogy az \u00d6n r\u00e9sz\u00e9r\u0151l jogi k\u00e9pviselet bevon\u00e1sa sz\u00fcks\u00e9ges lenne. Az el\u0151zetes kapcsolatfelv\u00e9tel n\u00e9lk\u00fcl kiv\u00e1ltott k\u00f6lts\u00e9geket teljes m\u00e9rt\u00e9kben elutas\u00edtjuk, \u00e9s adott esetben az el\u0151bb megnevezett rendelkez\u00e9sek megs\u00e9rt\u00e9se miatt viszontkeresetet ny\u00fajthatunk be.<\/p>\n<\/div><\/section>\n<\/div><\/div><\/div><!-- close content main div --><\/div><\/div><div id='after_section_1'  class='main_color av_default_container_wrap container_wrap sidebar_left'  ><div class='container av-section-cont-open' ><div class='template-page content  av-content-small units'><div class='post-entry post-entry-type-page post-entry-46707'><div class='entry-content-wrapper clearfix'>\n","protected":false},"excerpt":{"rendered":"","protected":false},"author":5,"featured_media":0,"parent":50077,"menu_order":0,"comment_status":"closed","ping_status":"closed","template":"","meta":{"_acf_changed":false,"_relevanssi_hide_post":"","_relevanssi_hide_content":"","_relevanssi_pin_for_all":"","_relevanssi_pin_keywords":"","_relevanssi_unpin_keywords":"","_relevanssi_related_keywords":"","_relevanssi_related_include_ids":"","_relevanssi_related_exclude_ids":"","_relevanssi_related_no_append":"","_relevanssi_related_not_related":"","_relevanssi_related_posts":"45374","_relevanssi_noindex_reason":"","footnotes":""},"class_list":["post-46707","page","type-page","status-publish","hentry"],"acf":[],"yoast_head":"<!-- This site is optimized with the Yoast SEO Premium plugin v26.4 (Yoast SEO v27.2) - https:\/\/yoast.com\/product\/yoast-seo-premium-wordpress\/ -->\n<title>Impresszum - H\u00fcffermann<\/title>\n<meta name=\"robots\" content=\"index, follow, max-snippet:-1, max-image-preview:large, max-video-preview:-1\" \/>\n<link rel=\"canonical\" href=\"https:\/\/hueffermann.de\/hu\/info-es-kapcsolat\/impresszum\/\" \/>\n<meta property=\"og:locale\" content=\"hu_HU\" \/>\n<meta property=\"og:type\" content=\"article\" \/>\n<meta property=\"og:title\" content=\"Impresszum\" \/>\n<meta property=\"og:url\" content=\"https:\/\/hueffermann.de\/hu\/info-es-kapcsolat\/impresszum\/\" \/>\n<meta property=\"og:site_name\" content=\"H\u00fcffermann\" \/>\n<meta property=\"article:modified_time\" content=\"2025-09-04T10:15:54+00:00\" \/>\n<meta name=\"twitter:card\" content=\"summary_large_image\" \/>\n<meta name=\"twitter:label1\" content=\"Becs\u00fclt olvas\u00e1si id\u0151\" \/>\n\t<meta name=\"twitter:data1\" content=\"6 perc\" \/>\n<script type=\"application\/ld+json\" class=\"yoast-schema-graph\">{\"@context\":\"https:\/\/schema.org\",\"@graph\":[{\"@type\":\"WebPage\",\"@id\":\"https:\/\/hueffermann.de\/hu\/info-es-kapcsolat\/impresszum\/\",\"url\":\"https:\/\/hueffermann.de\/hu\/info-es-kapcsolat\/impresszum\/\",\"name\":\"Impresszum - H\u00fcffermann\",\"isPartOf\":{\"@id\":\"https:\/\/hueffermann.de\/en\/#website\"},\"datePublished\":\"2024-02-16T09:07:27+00:00\",\"dateModified\":\"2025-09-04T10:15:54+00:00\",\"breadcrumb\":{\"@id\":\"https:\/\/hueffermann.de\/hu\/info-es-kapcsolat\/impresszum\/#breadcrumb\"},\"inLanguage\":\"hu\",\"potentialAction\":[{\"@type\":\"ReadAction\",\"target\":[\"https:\/\/hueffermann.de\/hu\/info-es-kapcsolat\/impresszum\/\"]}]},{\"@type\":\"BreadcrumbList\",\"@id\":\"https:\/\/hueffermann.de\/hu\/info-es-kapcsolat\/impresszum\/#breadcrumb\",\"itemListElement\":[{\"@type\":\"ListItem\",\"position\":1,\"name\":\"Home\",\"item\":\"https:\/\/hueffermann.de\/hu\/kezdooldal\/\"},{\"@type\":\"ListItem\",\"position\":2,\"name\":\"info es kapcsolat\",\"item\":\"https:\/\/hueffermann.de\/hu\/info-es-kapcsolat\/\"},{\"@type\":\"ListItem\",\"position\":3,\"name\":\"Impresszum\"}]},{\"@type\":\"WebSite\",\"@id\":\"https:\/\/hueffermann.de\/en\/#website\",\"url\":\"https:\/\/hueffermann.de\/en\/\",\"name\":\"H\u00fcffermann\",\"description\":\"\",\"potentialAction\":[{\"@type\":\"SearchAction\",\"target\":{\"@type\":\"EntryPoint\",\"urlTemplate\":\"https:\/\/hueffermann.de\/en\/?s={search_term_string}\"},\"query-input\":{\"@type\":\"PropertyValueSpecification\",\"valueRequired\":true,\"valueName\":\"search_term_string\"}}],\"inLanguage\":\"hu\"}]}<\/script>\n<!-- \/ Yoast SEO Premium plugin. -->","yoast_head_json":{"title":"Impresszum - H\u00fcffermann","robots":{"index":"index","follow":"follow","max-snippet":"max-snippet:-1","max-image-preview":"max-image-preview:large","max-video-preview":"max-video-preview:-1"},"canonical":"https:\/\/hueffermann.de\/hu\/info-es-kapcsolat\/impresszum\/","og_locale":"hu_HU","og_type":"article","og_title":"Impresszum","og_url":"https:\/\/hueffermann.de\/hu\/info-es-kapcsolat\/impresszum\/","og_site_name":"H\u00fcffermann","article_modified_time":"2025-09-04T10:15:54+00:00","twitter_card":"summary_large_image","twitter_misc":{"Becs\u00fclt olvas\u00e1si id\u0151":"6 perc"},"schema":{"@context":"https:\/\/schema.org","@graph":[{"@type":"WebPage","@id":"https:\/\/hueffermann.de\/hu\/info-es-kapcsolat\/impresszum\/","url":"https:\/\/hueffermann.de\/hu\/info-es-kapcsolat\/impresszum\/","name":"Impresszum - H\u00fcffermann","isPartOf":{"@id":"https:\/\/hueffermann.de\/en\/#website"},"datePublished":"2024-02-16T09:07:27+00:00","dateModified":"2025-09-04T10:15:54+00:00","breadcrumb":{"@id":"https:\/\/hueffermann.de\/hu\/info-es-kapcsolat\/impresszum\/#breadcrumb"},"inLanguage":"hu","potentialAction":[{"@type":"ReadAction","target":["https:\/\/hueffermann.de\/hu\/info-es-kapcsolat\/impresszum\/"]}]},{"@type":"BreadcrumbList","@id":"https:\/\/hueffermann.de\/hu\/info-es-kapcsolat\/impresszum\/#breadcrumb","itemListElement":[{"@type":"ListItem","position":1,"name":"Home","item":"https:\/\/hueffermann.de\/hu\/kezdooldal\/"},{"@type":"ListItem","position":2,"name":"info es kapcsolat","item":"https:\/\/hueffermann.de\/hu\/info-es-kapcsolat\/"},{"@type":"ListItem","position":3,"name":"Impresszum"}]},{"@type":"WebSite","@id":"https:\/\/hueffermann.de\/en\/#website","url":"https:\/\/hueffermann.de\/en\/","name":"H\u00fcffermann","description":"","potentialAction":[{"@type":"SearchAction","target":{"@type":"EntryPoint","urlTemplate":"https:\/\/hueffermann.de\/en\/?s={search_term_string}"},"query-input":{"@type":"PropertyValueSpecification","valueRequired":true,"valueName":"search_term_string"}}],"inLanguage":"hu"}]}},"_links":{"self":[{"href":"https:\/\/hueffermann.de\/hu\/wp-json\/wp\/v2\/pages\/46707","targetHints":{"allow":["GET"]}}],"collection":[{"href":"https:\/\/hueffermann.de\/hu\/wp-json\/wp\/v2\/pages"}],"about":[{"href":"https:\/\/hueffermann.de\/hu\/wp-json\/wp\/v2\/types\/page"}],"author":[{"embeddable":true,"href":"https:\/\/hueffermann.de\/hu\/wp-json\/wp\/v2\/users\/5"}],"replies":[{"embeddable":true,"href":"https:\/\/hueffermann.de\/hu\/wp-json\/wp\/v2\/comments?post=46707"}],"version-history":[{"count":9,"href":"https:\/\/hueffermann.de\/hu\/wp-json\/wp\/v2\/pages\/46707\/revisions"}],"predecessor-version":[{"id":53235,"href":"https:\/\/hueffermann.de\/hu\/wp-json\/wp\/v2\/pages\/46707\/revisions\/53235"}],"up":[{"embeddable":true,"href":"https:\/\/hueffermann.de\/hu\/wp-json\/wp\/v2\/pages\/50077"}],"wp:attachment":[{"href":"https:\/\/hueffermann.de\/hu\/wp-json\/wp\/v2\/media?parent=46707"}],"curies":[{"name":"wp","href":"https:\/\/api.w.org\/{rel}","templated":true}]}}