{"id":46853,"date":"2024-04-04T11:14:41","date_gmt":"2024-04-04T09:14:41","guid":{"rendered":"https:\/\/hueffermann.de\/kapcsolattartobelso-szolgalat\/"},"modified":"2024-10-23T17:52:09","modified_gmt":"2024-10-23T15:52:09","slug":"kapcsolattartobelso-szolgalat","status":"publish","type":"page","link":"https:\/\/hueffermann.de\/hu\/info-es-kapcsolat\/kapcsolattartobelso-szolgalat\/","title":{"rendered":"Kapcsolattart\u00f3bels\u0151 szolg\u00e1lat"},"content":{"rendered":"\n<style type=\"text\/css\" data-created_by=\"avia_inline_auto\" id=\"style-css-av-luwep09t-bd9d1152c4f4bac9447ae5e1ea0de993\">\n.avia-section.av-luwep09t-bd9d1152c4f4bac9447ae5e1ea0de993{\nbackground-repeat:no-repeat;\nbackground-image:url(https:\/\/hueffermann.de\/wp-content\/uploads\/sites\/3\/2024\/05\/csm_04_cover_hueffermann_neu_grau_red_8baca4f305-3.jpg);\nbackground-position:50% 0%;\nbackground-attachment:scroll;\n}\n.avia-section.av-luwep09t-bd9d1152c4f4bac9447ae5e1ea0de993 .av-section-color-overlay{\nopacity:0.4;\nbackground-color:#0a0a0a;\n}\n<\/style>\n<div id='av_section_1'  class='avia-section av-luwep09t-bd9d1152c4f4bac9447ae5e1ea0de993 main_color avia-section-huge avia-no-border-styling  avia-builder-el-0  el_before_av_textblock  avia-builder-el-first  avia-full-stretch avia-bg-style-scroll av-section-color-overlay-active av-minimum-height av-minimum-height-custom av-height-custom  container_wrap sidebar_left'  data-section-bg-repeat='stretch' data-av_minimum_height_px='600'><div class=\"av-section-color-overlay-wrap\"><div class=\"av-section-color-overlay\"><\/div><div class='container av-section-cont-open' style='height:600px'><main  role=\"main\" itemprop=\"mainContentOfPage\"  class='template-page content  av-content-small units'><div class='post-entry post-entry-type-page post-entry-46853'><div class='entry-content-wrapper clearfix'>\n\n<style type=\"text\/css\" data-created_by=\"avia_inline_auto\" id=\"style-css-av-luweno3r-bff9c8610edca80a5142d1288a2a359e\">\n#top .av_textblock_section.av-luweno3r-bff9c8610edca80a5142d1288a2a359e .avia_textblock{\ncolor:#ffffff;\n}\n<\/style>\n<section  class='av_textblock_section av-luweno3r-bff9c8610edca80a5142d1288a2a359e '   itemscope=\"itemscope\" itemtype=\"https:\/\/schema.org\/CreativeWork\" ><div class='avia_textblock hero-title av_inherit_color'  itemprop=\"text\" ><h1>Kapcsolattart\u00f3<br \/>bels\u0151 szolg\u00e1lat<\/h1>\n<\/div><\/section>\n<\/div><\/div><\/main><!-- close content main element --><\/div><\/div><\/div><div id='after_section_1'  class='main_color av_default_container_wrap container_wrap sidebar_left'  ><div class='container av-section-cont-open' ><div class='template-page content  av-content-small units'><div class='post-entry post-entry-type-page post-entry-46853'><div class='entry-content-wrapper clearfix'>\n<section  class='av_textblock_section av-av_textblock-0dd15fa843e338cf00ea773c83866ab2 '   itemscope=\"itemscope\" itemtype=\"https:\/\/schema.org\/CreativeWork\" ><div class='avia_textblock sch-breadcrumb'  itemprop=\"text\" ><div class=\"breadcrumb breadcrumbs avia-breadcrumbs\"><div class=\"breadcrumb-trail\" ><span class=\"trail-before\"><span class=\"breadcrumb-title\">\u00d6n itt \u00e1ll:<\/span><\/span> <span  itemscope=\"itemscope\" itemtype=\"https:\/\/schema.org\/BreadcrumbList\" ><span  itemscope=\"itemscope\" itemtype=\"https:\/\/schema.org\/ListItem\" itemprop=\"itemListElement\" ><a itemprop=\"url\" href=\"https:\/\/hueffermann.de\/hu\/\" title=\"H\u00fcffermann\" rel=\"home\" class=\"trail-begin\"><span itemprop=\"name\">Kezd\u0151lap<\/span><\/a><span itemprop=\"position\" class=\"hidden\">1<\/span><\/span><\/span><\/div><\/div>\n<\/div><\/section>\n<\/div><\/div><\/div><!-- close content main div --><\/div><\/div><div id='av_section_2'  class='avia-section av-44i4jgb-e2fae76180ef2f01e2643ef88173821f main_color avia-section-huge avia-no-border-styling  avia-builder-el-3  el_after_av_textblock  avia-builder-el-last  avia-bg-style-scroll container_wrap sidebar_left'  ><div class='container av-section-cont-open' ><div class='template-page content  av-content-small units'><div class='post-entry post-entry-type-page post-entry-46853'><div class='entry-content-wrapper clearfix'>\n\n<style type=\"text\/css\" data-created_by=\"avia_inline_auto\" id=\"style-css-av-lw7snkds-9e95c13a9963384c9d1403dc636ee3f3\">\n#top .av_textblock_section.av-lw7snkds-9e95c13a9963384c9d1403dc636ee3f3 .avia_textblock{\ntext-align:left;\n}\n<\/style>\n<section  class='av_textblock_section av-lw7snkds-9e95c13a9963384c9d1403dc636ee3f3 '   itemscope=\"itemscope\" itemtype=\"https:\/\/schema.org\/CreativeWork\" ><div class='avia_textblock image-dark-section-title'  itemprop=\"text\" ><div class=\"ce-header h2-mb ce-header-left\">\n<div class=\"ce-headline\">\n<h2 class=\"schwa-h3\"><strong>Wildeshausen telephely<\/strong><\/h2>\n<h2 class=\"schwa-h3\"><\/h2>\n<p> Az als\u00f3-sz\u00e1szorsz\u00e1gi Wildeshausenben rendelkez\u00e9s\u00e9re \u00e1ll a megfelel\u0151 kapcsolattart\u00f3 a bels\u0151 \u00fcgyf\u00e9lszolg\u00e1latban a hat\u00f3s\u00e1gokkal val\u00f3 \u00fczleti tev\u00e9kenys\u00e9g, nagykereskedelmi \u00fcgyf\u00e9lszolg\u00e1lat, valamint a nemzetk\u00f6zi \u00e9rt\u00e9kes\u00edt\u00e9s t\u00e9mak\u00f6r\u00f6kben. <\/p>\n<\/div>\n<\/div>\n<\/div><\/section>\n<div class='flex_column_table av-3crkbnf-d9b3fc960bdbb867c8713c9f2a2e186b sc-av_one_half av-equal-height-column-flextable'><div  class='flex_column av-3crkbnf-d9b3fc960bdbb867c8713c9f2a2e186b av_one_half  avia-builder-el-5  el_after_av_textblock  el_before_av_one_half  first flex_column_table_cell av-equal-height-column av-align-top  column-top-margin'     ><style type=\"text\/css\" data-created_by=\"avia_inline_auto\" id=\"style-css-av-lw7soztd-489ee48a9197664ee37ca20a8044767a\">\n.avia-image-container.av-lw7soztd-489ee48a9197664ee37ca20a8044767a img.avia_image{\nbox-shadow:none;\n}\n.avia-image-container.av-lw7soztd-489ee48a9197664ee37ca20a8044767a .av-image-caption-overlay-center{\ncolor:#ffffff;\n}\n<\/style>\n<div  class='avia-image-container av-lw7soztd-489ee48a9197664ee37ca20a8044767a av-styling- avia-align-center  avia-builder-el-6  avia-builder-el-no-sibling '   itemprop=\"image\" itemscope=\"itemscope\" itemtype=\"https:\/\/schema.org\/ImageObject\" ><div class=\"avia-image-container-inner\"><div class=\"avia-image-overlay-wrap\"><img decoding=\"async\" fetchpriority=\"high\" class='wp-image-44480 avia-img-lazy-loading-not-44480 avia_image ' src=\"https:\/\/hueffermann.de\/wp-content\/uploads\/sites\/3\/2024\/05\/csm_hueffermann-contentimg-ansprechpartner-innendienst-rainer-lange_304287434f.jpg\" alt='' title='csm_hueffermann-contentimg-ansprechpartner-innendienst-rainer-lange_304287434f'  height=\"560\" width=\"700\"  itemprop=\"thumbnailUrl\" srcset=\"https:\/\/hueffermann.de\/wp-content\/uploads\/sites\/3\/2024\/05\/csm_hueffermann-contentimg-ansprechpartner-innendienst-rainer-lange_304287434f.jpg 700w, https:\/\/hueffermann.de\/wp-content\/uploads\/sites\/3\/2024\/05\/csm_hueffermann-contentimg-ansprechpartner-innendienst-rainer-lange_304287434f-300x240.jpg 300w\" sizes=\"(max-width: 700px) 100vw, 700px\" \/><\/div><\/div><\/div><\/div><div class='av-flex-placeholder'><\/div><div  class='flex_column av-2xjitaz-66e18d249fc3197cc3e927a518c6e4b6 av_one_half  avia-builder-el-7  el_after_av_one_half  el_before_av_one_half  flex_column_table_cell av-equal-height-column av-align-top  column-top-margin'     ><style type=\"text\/css\" data-created_by=\"avia_inline_auto\" id=\"style-css-av-lw7spnfw-53d1e89810fc33d92f277701209ec75e\">\n.avia-image-container.av-lw7spnfw-53d1e89810fc33d92f277701209ec75e img.avia_image{\nbox-shadow:none;\n}\n.avia-image-container.av-lw7spnfw-53d1e89810fc33d92f277701209ec75e .av-image-caption-overlay-center{\ncolor:#ffffff;\n}\n<\/style>\n<div  class='avia-image-container av-lw7spnfw-53d1e89810fc33d92f277701209ec75e av-styling- avia-align-center  avia-builder-el-8  avia-builder-el-no-sibling '   itemprop=\"image\" itemscope=\"itemscope\" itemtype=\"https:\/\/schema.org\/ImageObject\" ><div class=\"avia-image-container-inner\"><div class=\"avia-image-overlay-wrap\"><img decoding=\"async\" fetchpriority=\"high\" class='wp-image-44464 avia-img-lazy-loading-not-44464 avia_image ' src=\"https:\/\/hueffermann.de\/wp-content\/uploads\/sites\/3\/2024\/05\/csm_hueffermann-contentimg-ansprechpartner-innendienst-samir-gulamov_deaa51500c.jpg\" alt='' title='csm_hueffermann-contentimg-ansprechpartner-innendienst-samir-gulamov_deaa51500c'  height=\"560\" width=\"700\"  itemprop=\"thumbnailUrl\" srcset=\"https:\/\/hueffermann.de\/wp-content\/uploads\/sites\/3\/2024\/05\/csm_hueffermann-contentimg-ansprechpartner-innendienst-samir-gulamov_deaa51500c.jpg 700w, https:\/\/hueffermann.de\/wp-content\/uploads\/sites\/3\/2024\/05\/csm_hueffermann-contentimg-ansprechpartner-innendienst-samir-gulamov_deaa51500c-300x240.jpg 300w\" sizes=\"(max-width: 700px) 100vw, 700px\" \/><\/div><\/div><\/div><\/div><\/div><!--close column table wrapper. Autoclose: 1 --><div  class='flex_column av-31kk09n-cd32f0b70a176b6cc8a825c09fa20c43 av_one_half  avia-builder-el-9  el_after_av_one_half  el_before_av_one_half  first flex_column_div  column-top-margin'     ><style type=\"text\/css\" data-created_by=\"avia_inline_auto\" id=\"style-css-av-lw7speaf-8145d2c7c681af6c15b730c76d585807\">\n#top .av_textblock_section.av-lw7speaf-8145d2c7c681af6c15b730c76d585807 .avia_textblock{\ntext-align:left;\n}\n<\/style>\n<section  class='av_textblock_section av-lw7speaf-8145d2c7c681af6c15b730c76d585807 '   itemscope=\"itemscope\" itemtype=\"https:\/\/schema.org\/CreativeWork\" ><div class='avia_textblock image-dark-section-title'  itemprop=\"text\" ><h3 class=\"schwa-h6\"><strong>Rainer Lange<\/strong><\/h3>\n<p> Nemzetk\u00f6zi \u00e9rt\u00e9kes\u00edt\u00e9s\/Key Account<br \/>E-Mail: <a href=\"mailto:Rainer.lange@schwarzmueller.com\">Rainer.lange@schwarzmueller.com<\/a><br \/>Telefon: +49 4431 94553-141<\/p>\n<\/div><\/section><\/div><div  class='flex_column av-2d446vv-1f8e9859a81cfbb0a82cf440e5ff856c av_one_half  avia-builder-el-11  el_after_av_one_half  avia-builder-el-last  flex_column_div  column-top-margin'     ><style type=\"text\/css\" data-created_by=\"avia_inline_auto\" id=\"style-css-av-lw7spz5y-4b4491398ed04f42e1800e63973aba8a\">\n#top .av_textblock_section.av-lw7spz5y-4b4491398ed04f42e1800e63973aba8a .avia_textblock{\ntext-align:left;\n}\n<\/style>\n<section  class='av_textblock_section av-lw7spz5y-4b4491398ed04f42e1800e63973aba8a '   itemscope=\"itemscope\" itemtype=\"https:\/\/schema.org\/CreativeWork\" ><div class='avia_textblock image-dark-section-title'  itemprop=\"text\" ><h3 class=\"schwa-h6\"><strong>Samir Gulamov<\/strong><\/h3>\n<p> Nemzetk\u00f6zi \u00e9rt\u00e9kes\u00edt\u00e9s\/\u00c9szaki partnerorsz\u00e1gok<br \/>E-Mail: <a href=\"mailto:Samir.gulamov@schwarzmueller.com\">Samir.gulamov@schwarzmueller.com<\/a><br \/>Telefon: +49 4431 94553-188<\/p>\n<\/div><\/section><\/div>\n<\/div><\/div><\/div><!-- close content main div --><\/div><\/div><div id='after_section_2'  class='main_color av_default_container_wrap container_wrap sidebar_left'  ><div class='container av-section-cont-open' ><div class='template-page content  av-content-small units'><div class='post-entry post-entry-type-page post-entry-46853'><div class='entry-content-wrapper clearfix'>\n","protected":false},"excerpt":{"rendered":"","protected":false},"author":5,"featured_media":0,"parent":50077,"menu_order":0,"comment_status":"closed","ping_status":"closed","template":"","meta":{"_acf_changed":false,"_relevanssi_hide_post":"","_relevanssi_hide_content":"","_relevanssi_pin_for_all":"","_relevanssi_pin_keywords":"","_relevanssi_unpin_keywords":"","_relevanssi_related_keywords":"","_relevanssi_related_include_ids":"","_relevanssi_related_exclude_ids":"","_relevanssi_related_no_append":"","_relevanssi_related_not_related":"","_relevanssi_related_posts":"50739,50670,50750,50679,50673,50744","_relevanssi_noindex_reason":"","footnotes":""},"class_list":["post-46853","page","type-page","status-publish","hentry"],"acf":[],"yoast_head":"<!-- This site is optimized with the Yoast SEO Premium plugin v26.4 (Yoast SEO v27.2) - https:\/\/yoast.com\/product\/yoast-seo-premium-wordpress\/ -->\n<title>Kapcsolattart\u00f3bels\u0151 szolg\u00e1lat - H\u00fcffermann<\/title>\n<meta name=\"robots\" content=\"index, follow, max-snippet:-1, max-image-preview:large, max-video-preview:-1\" \/>\n<link rel=\"canonical\" href=\"https:\/\/hueffermann.de\/hu\/info-es-kapcsolat\/kapcsolattartobelso-szolgalat\/\" \/>\n<meta property=\"og:locale\" content=\"hu_HU\" \/>\n<meta property=\"og:type\" content=\"article\" \/>\n<meta property=\"og:title\" content=\"Kapcsolattart\u00f3bels\u0151 szolg\u00e1lat\" \/>\n<meta property=\"og:url\" content=\"https:\/\/hueffermann.de\/hu\/info-es-kapcsolat\/kapcsolattartobelso-szolgalat\/\" \/>\n<meta property=\"og:site_name\" content=\"H\u00fcffermann\" \/>\n<meta property=\"article:modified_time\" content=\"2024-10-23T15:52:09+00:00\" \/>\n<meta name=\"twitter:card\" content=\"summary_large_image\" \/>\n<script type=\"application\/ld+json\" class=\"yoast-schema-graph\">{\"@context\":\"https:\/\/schema.org\",\"@graph\":[{\"@type\":\"WebPage\",\"@id\":\"https:\/\/hueffermann.de\/hu\/info-es-kapcsolat\/kapcsolattartobelso-szolgalat\/\",\"url\":\"https:\/\/hueffermann.de\/hu\/info-es-kapcsolat\/kapcsolattartobelso-szolgalat\/\",\"name\":\"Kapcsolattart\u00f3bels\u0151 szolg\u00e1lat - H\u00fcffermann\",\"isPartOf\":{\"@id\":\"https:\/\/hueffermann.de\/en\/#website\"},\"datePublished\":\"2024-04-04T09:14:41+00:00\",\"dateModified\":\"2024-10-23T15:52:09+00:00\",\"breadcrumb\":{\"@id\":\"https:\/\/hueffermann.de\/hu\/info-es-kapcsolat\/kapcsolattartobelso-szolgalat\/#breadcrumb\"},\"inLanguage\":\"hu\",\"potentialAction\":[{\"@type\":\"ReadAction\",\"target\":[\"https:\/\/hueffermann.de\/hu\/info-es-kapcsolat\/kapcsolattartobelso-szolgalat\/\"]}]},{\"@type\":\"BreadcrumbList\",\"@id\":\"https:\/\/hueffermann.de\/hu\/info-es-kapcsolat\/kapcsolattartobelso-szolgalat\/#breadcrumb\",\"itemListElement\":[{\"@type\":\"ListItem\",\"position\":1,\"name\":\"Home\",\"item\":\"https:\/\/hueffermann.de\/hu\/kezdooldal\/\"},{\"@type\":\"ListItem\",\"position\":2,\"name\":\"info es kapcsolat\",\"item\":\"https:\/\/hueffermann.de\/hu\/info-es-kapcsolat\/\"},{\"@type\":\"ListItem\",\"position\":3,\"name\":\"Kapcsolattart\u00f3bels\u0151 szolg\u00e1lat\"}]},{\"@type\":\"WebSite\",\"@id\":\"https:\/\/hueffermann.de\/en\/#website\",\"url\":\"https:\/\/hueffermann.de\/en\/\",\"name\":\"H\u00fcffermann\",\"description\":\"\",\"potentialAction\":[{\"@type\":\"SearchAction\",\"target\":{\"@type\":\"EntryPoint\",\"urlTemplate\":\"https:\/\/hueffermann.de\/en\/?s={search_term_string}\"},\"query-input\":{\"@type\":\"PropertyValueSpecification\",\"valueRequired\":true,\"valueName\":\"search_term_string\"}}],\"inLanguage\":\"hu\"}]}<\/script>\n<!-- \/ Yoast SEO Premium plugin. -->","yoast_head_json":{"title":"Kapcsolattart\u00f3bels\u0151 szolg\u00e1lat - H\u00fcffermann","robots":{"index":"index","follow":"follow","max-snippet":"max-snippet:-1","max-image-preview":"max-image-preview:large","max-video-preview":"max-video-preview:-1"},"canonical":"https:\/\/hueffermann.de\/hu\/info-es-kapcsolat\/kapcsolattartobelso-szolgalat\/","og_locale":"hu_HU","og_type":"article","og_title":"Kapcsolattart\u00f3bels\u0151 szolg\u00e1lat","og_url":"https:\/\/hueffermann.de\/hu\/info-es-kapcsolat\/kapcsolattartobelso-szolgalat\/","og_site_name":"H\u00fcffermann","article_modified_time":"2024-10-23T15:52:09+00:00","twitter_card":"summary_large_image","schema":{"@context":"https:\/\/schema.org","@graph":[{"@type":"WebPage","@id":"https:\/\/hueffermann.de\/hu\/info-es-kapcsolat\/kapcsolattartobelso-szolgalat\/","url":"https:\/\/hueffermann.de\/hu\/info-es-kapcsolat\/kapcsolattartobelso-szolgalat\/","name":"Kapcsolattart\u00f3bels\u0151 szolg\u00e1lat - H\u00fcffermann","isPartOf":{"@id":"https:\/\/hueffermann.de\/en\/#website"},"datePublished":"2024-04-04T09:14:41+00:00","dateModified":"2024-10-23T15:52:09+00:00","breadcrumb":{"@id":"https:\/\/hueffermann.de\/hu\/info-es-kapcsolat\/kapcsolattartobelso-szolgalat\/#breadcrumb"},"inLanguage":"hu","potentialAction":[{"@type":"ReadAction","target":["https:\/\/hueffermann.de\/hu\/info-es-kapcsolat\/kapcsolattartobelso-szolgalat\/"]}]},{"@type":"BreadcrumbList","@id":"https:\/\/hueffermann.de\/hu\/info-es-kapcsolat\/kapcsolattartobelso-szolgalat\/#breadcrumb","itemListElement":[{"@type":"ListItem","position":1,"name":"Home","item":"https:\/\/hueffermann.de\/hu\/kezdooldal\/"},{"@type":"ListItem","position":2,"name":"info es kapcsolat","item":"https:\/\/hueffermann.de\/hu\/info-es-kapcsolat\/"},{"@type":"ListItem","position":3,"name":"Kapcsolattart\u00f3bels\u0151 szolg\u00e1lat"}]},{"@type":"WebSite","@id":"https:\/\/hueffermann.de\/en\/#website","url":"https:\/\/hueffermann.de\/en\/","name":"H\u00fcffermann","description":"","potentialAction":[{"@type":"SearchAction","target":{"@type":"EntryPoint","urlTemplate":"https:\/\/hueffermann.de\/en\/?s={search_term_string}"},"query-input":{"@type":"PropertyValueSpecification","valueRequired":true,"valueName":"search_term_string"}}],"inLanguage":"hu"}]}},"_links":{"self":[{"href":"https:\/\/hueffermann.de\/hu\/wp-json\/wp\/v2\/pages\/46853","targetHints":{"allow":["GET"]}}],"collection":[{"href":"https:\/\/hueffermann.de\/hu\/wp-json\/wp\/v2\/pages"}],"about":[{"href":"https:\/\/hueffermann.de\/hu\/wp-json\/wp\/v2\/types\/page"}],"author":[{"embeddable":true,"href":"https:\/\/hueffermann.de\/hu\/wp-json\/wp\/v2\/users\/5"}],"replies":[{"embeddable":true,"href":"https:\/\/hueffermann.de\/hu\/wp-json\/wp\/v2\/comments?post=46853"}],"version-history":[{"count":6,"href":"https:\/\/hueffermann.de\/hu\/wp-json\/wp\/v2\/pages\/46853\/revisions"}],"predecessor-version":[{"id":51466,"href":"https:\/\/hueffermann.de\/hu\/wp-json\/wp\/v2\/pages\/46853\/revisions\/51466"}],"up":[{"embeddable":true,"href":"https:\/\/hueffermann.de\/hu\/wp-json\/wp\/v2\/pages\/50077"}],"wp:attachment":[{"href":"https:\/\/hueffermann.de\/hu\/wp-json\/wp\/v2\/media?parent=46853"}],"curies":[{"name":"wp","href":"https:\/\/api.w.org\/{rel}","templated":true}]}}