{"id":51877,"date":"2025-01-22T06:40:54","date_gmt":"2025-01-22T05:40:54","guid":{"rendered":"https:\/\/hueffermann.de\/?page_id=51877"},"modified":"2025-01-22T06:47:08","modified_gmt":"2025-01-22T05:47:08","slug":"palyazok-adatainak-kezeleserol","status":"publish","type":"page","link":"https:\/\/hueffermann.de\/hu\/info-es-kapcsolat\/palyazok-adatainak-kezeleserol\/","title":{"rendered":"P\u00e1ly\u00e1z\u00f3k adatainak kezel\u00e9s\u00e9r\u0151l"},"content":{"rendered":"<section  class='av_textblock_section av-av_textblock-beeb41102f7ca92b91fb4a3aca77e40b '   itemscope=\"itemscope\" itemtype=\"https:\/\/schema.org\/CreativeWork\" ><div class='avia_textblock sch-breadcrumb'  itemprop=\"text\" ><div class=\"breadcrumb breadcrumbs avia-breadcrumbs\"><div class=\"breadcrumb-trail\" ><span class=\"trail-before\"><span class=\"breadcrumb-title\">\u00d6n itt \u00e1ll:<\/span><\/span> <span  itemscope=\"itemscope\" itemtype=\"https:\/\/schema.org\/BreadcrumbList\" ><span  itemscope=\"itemscope\" itemtype=\"https:\/\/schema.org\/ListItem\" itemprop=\"itemListElement\" ><a itemprop=\"url\" href=\"https:\/\/hueffermann.de\/hu\/\" title=\"H\u00fcffermann\" rel=\"home\" class=\"trail-begin\"><span itemprop=\"name\">Kezd\u0151lap<\/span><\/a><span itemprop=\"position\" class=\"hidden\">1<\/span><\/span><\/span><\/div><\/div>\n<\/div><\/section>\n<\/div><\/div><\/div><!-- close content main div --><\/div><\/div><div id='av_section_1'  class='avia-section av-av_section-faaf37a124be0c993c21c61c7574190b main_color avia-section-default avia-no-border-styling  avia-builder-el-1  el_after_av_textblock  el_before_av_section  avia-bg-style-scroll container_wrap sidebar_left'  ><div class='container av-section-cont-open' ><div class='template-page content  av-content-small units'><div class='post-entry post-entry-type-page post-entry-51877'><div class='entry-content-wrapper clearfix'>\n\n<style type=\"text\/css\" data-created_by=\"avia_inline_auto\" id=\"style-css-av-m233lnt2-537b809554010b622cacd3eabe63c280\">\n#top .av_textblock_section.av-m233lnt2-537b809554010b622cacd3eabe63c280 .avia_textblock{\ntext-align:center;\n}\n<\/style>\n<section  class='av_textblock_section av-m233lnt2-537b809554010b622cacd3eabe63c280 '   itemscope=\"itemscope\" itemtype=\"https:\/\/schema.org\/CreativeWork\" ><div class='avia_textblock'  itemprop=\"text\" ><h1 class=\"align-center schwa-h2\">T\u00e1j\u00e9koztat\u00f3 a p\u00e1ly\u00e1z\u00f3k adatainak kezel\u00e9s\u00e9r\u0151l<\/h1>\n<p class=\"align-center\">A GDPR 13. cikke szerint<\/p>\n<\/div><\/section>\n\n<\/div><\/div><\/div><!-- close content main div --><\/div><\/div><div id='av_section_2'  class='avia-section av-av_section-faaf37a124be0c993c21c61c7574190b main_color avia-section-default avia-no-border-styling  avia-builder-el-3  el_after_av_section  avia-builder-el-last  avia-bg-style-scroll container_wrap sidebar_left'  ><div class='container av-section-cont-open' ><div class='template-page content  av-content-small units'><div class='post-entry post-entry-type-page post-entry-51877'><div class='entry-content-wrapper clearfix'>\n<section  class='av_textblock_section av-m233mfpm-6ebc3072e1d7a3dee9a70b0781b861f6 '   itemscope=\"itemscope\" itemtype=\"https:\/\/schema.org\/CreativeWork\" ><div class='avia_textblock'  itemprop=\"text\" ><p><main id=\"content\" class=\"main-content\"><\/p>\n<div class=\"container mt-4\">\n<div id=\"c53636\" class=\"frame frame-type-wst3bootstrap_container frame-layout-0 frame-space-before-none frame-space-after-none frame-padding-top-none frame-padding-bottom-none frame-\">\n<div class=\"ce-content\">\n<div class=\"groupelements bg- \">\n<div id=\"c39167\" class=\"frame frame-type-wst3bootstrap_container frame-layout-0 frame-space-before-extra-large frame-space-after-extra-large frame-padding-top-none frame-padding-bottom-none frame-\">\n<div class=\"ce-content\">\n<div class=\"groupelements bg- article-teaser-look \">\n<div id=\"c39166\" class=\"frame frame-type-text frame-layout-0 frame-space-before-none frame-space-after-medium frame-padding-top-none frame-padding-bottom-none frame-\">\n<div class=\"ce-content\">\n<p><strong>1. FELEL\u0150S<\/strong><\/p>\n<p>H\u00fcffermann Transportsysteme GmbH<br \/>\nKampehler Stra\u00dfe 10<br \/>\n16845 Neustadt (Dosse)<\/p>\n<p><strong>2. AZ ADATKEZEL\u00c9S C\u00c9LJA \u00c9S JOGALAPJA<\/strong><br \/>\nA szem\u00e9lyes adatait olyan m\u00e9rt\u00e9kben kezelj\u00fck, amennyire az a foglalkoztat\u00e1si jogviszonyr\u00f3l meghozand\u00f3 d\u00f6nt\u00e9shez sz\u00fcks\u00e9ges. Ennek jogalapja a GDPR 6. cikk (1) bek. b) pontja szerz\u0151d\u00e9ses jogviszonyok kezd\u00e9s\u00e9hez vagy folytat\u00e1s\u00e1hoz. Ezen k\u00edv\u00fcl akkor is kezelhetj\u00fck szem\u00e9lyes adatait, ha az az ellen\u00fcnk \u00e9rv\u00e9nyes\u00edtett jogi ig\u00e9nyek eset\u00e9n a v\u00e9dekez\u00e9s sor\u00e1n sz\u00fcks\u00e9ges (GDPR 6. cikk (1) bek. f) pont).Kifejezetten k\u00e9rj\u00fck, hogy ne adjon meg \u00e9rz\u00e9keny adatokat ( = amib\u0151l a faji vagy etnikai sz\u00e1rmaz\u00e1s\u00e1ra, vall\u00e1si vagy vil\u00e1gn\u00e9zeti meggy\u0151z\u0151d\u00e9s\u00e9re, szakszervezeti tags\u00e1g\u00e1ra lehet k\u00f6vetkeztetni, valamint az eg\u00e9szs\u00e9g\u00e9re, szexu\u00e1lis \u00e9let\u00e9re vagy szexu\u00e1lis ir\u00e1nyults\u00e1g\u00e1ra vonatkoz\u00f3 adatokat). Az \u00e9rz\u00e9keny adatok \u00f6nk\u00e9ntes rendelkez\u00e9sre bocs\u00e1t\u00e1s\u00e1t beleegyez\u00e9sk\u00e9nt \u00e9rt\u00e9kelj\u00fck (GDPR 6. cikk (1) bek. a) pont). Az ilyen beleegyez\u00e9st b\u00e1rmikor visszavonhatja e-mailben a\u00a0<a title=\"allas@schwarzmueller.com\" href=\"mailto:personalabteilung@hueffermann.de\">personalabteilung@hueffermann.de<\/a>\u00a0c\u00edmre k\u00fcld\u00f6tt lev\u00e9lben. Ha a jelentkez\u00e9se pozit\u00edv elb\u00edr\u00e1l\u00e1ssal z\u00e1rul, adatainak tov\u00e1bbi kezel\u00e9s\u00e9r\u0151l k\u00fcl\u00f6n t\u00e1j\u00e9koztatjuk.<\/p>\n<p><strong>3. SZEM\u00c9LYES ADATOK KATEG\u00d3RI\u00c1I<\/strong><br \/>\nCsak olyan adatokat kezel\u00fcnk, amik a p\u00e1ly\u00e1zat\u00e1val \u00f6sszef\u00fcgg\u00e9sben vannak. Ezek a szem\u00e9ly\u00e9re vonatkoz\u00f3 \u00e1ltal\u00e1nos adatok, szakk\u00e9pzetts\u00e9g\u00e9re \u00e9s iskolai v\u00e9gzetts\u00e9g\u00e9re, szakmai tov\u00e1bbk\u00e9pz\u00e9s\u00e9re vonatkoz\u00f3, valamint egy\u00e9b (\u00e9rz\u00e9keny) adatok lehetnek, amelyeket p\u00e1ly\u00e1zata sor\u00e1n oszt meg vel\u00fcnk. Az etnikai sz\u00e1rmaz\u00e1s\u00e1ra, politikai n\u00e9zeteire, vall\u00e1si meggy\u0151z\u0151d\u00e9s\u00e9re vagy szakszervezeti tags\u00e1g\u00e1ra, valamint az eg\u00e9szs\u00e9g\u00e9re, szexu\u00e1lis ir\u00e1nyults\u00e1g\u00e1ra vagy b\u00fcntetett el\u0151\u00e9let\u00e9re vonatkoz\u00f3 \u00e9rz\u00e9keny adatokat csak akkor kezelj\u00fck, amennyiben azokat \u00f6nk\u00e9ntesen a rendelkez\u00e9s\u00fcnkre bocs\u00e1totta.<\/p>\n<p><strong>4. AUTOMATIZ\u00c1LT D\u00d6NT\u00c9SHOZATAL<\/strong><br \/>\nA p\u00e1ly\u00e1zati folyamat sor\u00e1n nem alkalmazunk a GDPR 22. cikke \u00e9rtelm\u00e9ben vett automatiz\u00e1lt d\u00f6nt\u00e9shozatalt.<\/p>\n<p><strong>5. SZ\u00dcKS\u00c9GESS\u00c9G<\/strong><br \/>\nA szem\u00e9lyes adatok (el\u00e9rhet\u0151s\u00e9g, iskolai v\u00e9gzetts\u00e9g, szakk\u00e9pzetts\u00e9g) k\u00f6zl\u00e9se a foglalkoztat\u00e1si jogviszony megalapozotts\u00e1g\u00e1hoz sz\u00fcks\u00e9ges. Az adatok visszatart\u00e1sa azt eredm\u00e9nyezheti, hogy p\u00e1ly\u00e1zat\u00e1t adott esetben nem tudjuk figyelembe venni.<\/p>\n<p><strong>6. AZ ADATOK BEFOGAD\u00d3JA<\/strong><br \/>\nAz adataihoz a Schwarzm\u00fcller Csoport azon illet\u00e9kes munkat\u00e1rsai f\u00e9rhetnek hozz\u00e1, akik r\u00e9szt vesznek a munkat\u00e1rskiv\u00e1laszt\u00e1si folyamatban (Wilhelm Schwarzm\u00fcller GmbH, Schwarzm\u00fcller GmbH &amp; Co KG, H\u00fcffermann Transportsysteme GmbH, Schwarzm\u00fcller s.r.o., Schwarzm\u00fcller Kft.).<\/p>\n<p>A szem\u00e9lyes adatok tov\u00e1bb\u00edthat\u00f3k az informatikai rendszerek \u00fczemeltet\u00e9s\u00e9t k\u00edn\u00e1l\u00f3 c\u00edmzetteknek. Ezenk\u00edv\u00fcl a szem\u00e9lyes adatokat a t\u00e1rsas\u00e1gon k\u00edv\u00fcli c\u00edmzetteknek csak akkor terjesztik, amennyire a t\u00f6rv\u00e9ny el\u0151\u00edrja. Adatait nem sz\u00e1nd\u00e9kozzuk harmadik orsz\u00e1gba tov\u00e1bb\u00edtani.<\/p>\n<p><strong>7. AZ ADATT\u00c1ROL\u00c1S ID\u0150TARTAMA<\/strong><br \/>\nA szem\u00e9lyes adatait addig t\u00e1roljuk, am\u00edg az a p\u00e1ly\u00e1zat\u00e1r\u00f3l meghozand\u00f3 d\u00f6nt\u00e9shez sz\u00fcks\u00e9ges. A p\u00e1ly\u00e1zat lez\u00e1r\u00e1st k\u00f6vet\u0151 hat h\u00f3nap eltelt\u00e9vel szem\u00e9lyes adatait ill. p\u00e1ly\u00e1zati anyagait t\u00f6r\u00f6lj\u00fck, ha a t\u00f6rv\u00e9ny nem \u00edr el\u0151 vagy nem enged meg hosszabb t\u00e1rol\u00e1st. Abban az esetben, ha \u00d6n hozz\u00e1j\u00e1rult szem\u00e9lyes adatainak hosszabb t\u00e1rol\u00e1s\u00e1hoz, azokat az \u00d6n \u00e1ltal megadott beleegyez\u0151 nyilatkozatnak megfelel\u0151en t\u00e1roljuk. Amennyiben foglalkoztat\u00e1si jogviszony megk\u00f6t\u00e9s\u00e9re ker\u00fcl sor, \u00fagy az adatainak munkaviszony keret\u00e9ben t\u00f6rt\u00e9n\u0151 kezel\u00e9s\u00e9r\u0151l k\u00fcl\u00f6n t\u00e1j\u00e9koztatjuk.<\/p>\n<p><strong>8. AZ \u00d6N JOGAI<\/strong><br \/>\n\u00d6nnek joga van t\u00e1j\u00e9koztat\u00e1st k\u00e9rni a kezelt szem\u00e9lyes adatair\u00f3l, valamint k\u00e9rheti azok jav\u00edt\u00e1s\u00e1t \u00e9s az adatkezel\u00e9s valamint a megadott adatainak tov\u00e1bb\u00edt\u00e1s\u00e1nak korl\u00e1toz\u00e1s\u00e1t. Bizonyos k\u00f6r\u00fclm\u00e9nyek k\u00f6z\u00f6tt \u00d6n megtilthatja tov\u00e1bb\u00e1 a szem\u00e9lyes adatainak kezel\u00e9s\u00e9t. Ezen k\u00edv\u00fcl \u00d6n panasszal \u00e9lhet az Osztr\u00e1k Adatv\u00e9delmi Hivataln\u00e1l (<a title=\"dsb@dsb.gv.at\" href=\"mailto:dsb@dsb.gv.at\">dsb@dsb.gv.at<\/a>) vagy egy m\u00e1sik EU tag\u00e1llam adatv\u00e9delmi fel\u00fcgyeleti hat\u00f3s\u00e1g\u00e1n\u00e1l, k\u00fcl\u00f6n\u00f6sen a lakhelye vagy munkahelye szerinti \u00e1llamban, ha \u00fagy gondolja, hogy a szem\u00e9lyes adatainak kezel\u00e9se jogellenesen t\u00f6rt\u00e9nik. Ha az adatainak a kezel\u00e9se az \u00d6n beleegyez\u00e9se alapj\u00e1n t\u00f6rt\u00e9nik, akkor \u00d6n jogosult beleegyez\u00e9s\u00e9t b\u00e1rmikor visszavonni. K\u00e9rj\u00fck, vegye figyelembe, hogy a visszavon\u00e1s csak a j\u00f6v\u0151beni adatkezel\u00e9sre \u00e9rv\u00e9nyes.<\/p>\n<\/div>\n<\/div>\n<\/div>\n<\/div>\n<\/div>\n<\/div>\n<\/div>\n<\/div>\n<\/div>\n<p><\/main><\/p>\n<footer id=\"footer\" class=\"high-ct\">\n<div class=\"footer-section small\">\n<div class=\"fullwidth-footer-first\">\n<div class=\"container footer-1\">\n<div id=\"c2341\" class=\"frame frame-type-wst3bootstrap_container frame-layout-0 frame-space-before-none frame-space-after-none frame-padding-top-none frame-padding-bottom-none frame-\">\n<div class=\"ce-content\">\n<div class=\"container bg- footer-container \">\n<div id=\"c2340\" class=\"frame frame-type-wst3bootstrap_fluidrow frame-layout-0 frame-space-before-none frame-space-after-none frame-padding-top-none frame-padding-bottom-none mb-1 frame-\">\n<div class=\"ce-content\">\n<div class=\"row\">\n<div class=\" d-block col-12 d-sm-block col-sm-12 d-md-block col-md-6 d-lg-block col-lg-3 d-xl-block col-xl-3 colindex-2\">\n<div id=\"c2333\" class=\"frame frame-type-header frame-layout-0 frame-space-before-none frame-space-after-none frame-padding-top-none frame-padding-bottom-none frame-\">\n<div class=\"ce-content\">\n<div class=\"ce-header h5-mb ce-header-left\">\n<div class=\"ce-headline\"><\/div>\n<\/div>\n<\/div>\n<\/div>\n<\/div>\n<\/div>\n<\/div>\n<\/div>\n<\/div>\n<\/div>\n<\/div>\n<\/div>\n<\/div>\n<\/div>\n<\/footer>\n<\/div><\/section>\n<\/div><\/div><\/div><!-- close content main div --><\/div><\/div><div id='after_section_2'  class='main_color av_default_container_wrap container_wrap sidebar_left'  ><div class='container av-section-cont-open' ><div class='template-page content  av-content-small units'><div class='post-entry post-entry-type-page post-entry-51877'><div class='entry-content-wrapper clearfix'>\n","protected":false},"excerpt":{"rendered":"","protected":false},"author":8,"featured_media":0,"parent":50077,"menu_order":0,"comment_status":"closed","ping_status":"open","template":"","meta":{"_acf_changed":false,"_relevanssi_hide_post":"","_relevanssi_hide_content":"","_relevanssi_pin_for_all":"","_relevanssi_pin_keywords":"","_relevanssi_unpin_keywords":"","_relevanssi_related_keywords":"","_relevanssi_related_include_ids":"","_relevanssi_related_exclude_ids":"","_relevanssi_related_no_append":"","_relevanssi_related_not_related":"","_relevanssi_related_posts":"50760,50673,50662,50679,50750,50670","_relevanssi_noindex_reason":"","footnotes":""},"class_list":["post-51877","page","type-page","status-publish","hentry"],"acf":[],"yoast_head":"<!-- This site is optimized with the Yoast SEO Premium plugin v26.4 (Yoast SEO v27.2) - https:\/\/yoast.com\/product\/yoast-seo-premium-wordpress\/ -->\n<title>P\u00e1ly\u00e1z\u00f3k adatainak kezel\u00e9s\u00e9r\u0151l - H\u00fcffermann<\/title>\n<meta name=\"robots\" content=\"index, follow, max-snippet:-1, max-image-preview:large, max-video-preview:-1\" \/>\n<link rel=\"canonical\" href=\"https:\/\/hueffermann.de\/hu\/info-es-kapcsolat\/palyazok-adatainak-kezeleserol\/\" \/>\n<meta property=\"og:locale\" content=\"hu_HU\" \/>\n<meta property=\"og:type\" content=\"article\" \/>\n<meta property=\"og:title\" content=\"P\u00e1ly\u00e1z\u00f3k adatainak kezel\u00e9s\u00e9r\u0151l\" \/>\n<meta property=\"og:url\" content=\"https:\/\/hueffermann.de\/hu\/info-es-kapcsolat\/palyazok-adatainak-kezeleserol\/\" \/>\n<meta property=\"og:site_name\" content=\"H\u00fcffermann\" \/>\n<meta property=\"article:modified_time\" content=\"2025-01-22T05:47:08+00:00\" \/>\n<meta name=\"twitter:card\" content=\"summary_large_image\" \/>\n<meta name=\"twitter:label1\" content=\"Becs\u00fclt olvas\u00e1si id\u0151\" \/>\n\t<meta name=\"twitter:data1\" content=\"3 perc\" \/>\n<script type=\"application\/ld+json\" class=\"yoast-schema-graph\">{\"@context\":\"https:\/\/schema.org\",\"@graph\":[{\"@type\":\"WebPage\",\"@id\":\"https:\/\/hueffermann.de\/hu\/info-es-kapcsolat\/palyazok-adatainak-kezeleserol\/\",\"url\":\"https:\/\/hueffermann.de\/hu\/info-es-kapcsolat\/palyazok-adatainak-kezeleserol\/\",\"name\":\"P\u00e1ly\u00e1z\u00f3k adatainak kezel\u00e9s\u00e9r\u0151l - H\u00fcffermann\",\"isPartOf\":{\"@id\":\"https:\/\/hueffermann.de\/en\/#website\"},\"datePublished\":\"2025-01-22T05:40:54+00:00\",\"dateModified\":\"2025-01-22T05:47:08+00:00\",\"breadcrumb\":{\"@id\":\"https:\/\/hueffermann.de\/hu\/info-es-kapcsolat\/palyazok-adatainak-kezeleserol\/#breadcrumb\"},\"inLanguage\":\"hu\",\"potentialAction\":[{\"@type\":\"ReadAction\",\"target\":[\"https:\/\/hueffermann.de\/hu\/info-es-kapcsolat\/palyazok-adatainak-kezeleserol\/\"]}]},{\"@type\":\"BreadcrumbList\",\"@id\":\"https:\/\/hueffermann.de\/hu\/info-es-kapcsolat\/palyazok-adatainak-kezeleserol\/#breadcrumb\",\"itemListElement\":[{\"@type\":\"ListItem\",\"position\":1,\"name\":\"Home\",\"item\":\"https:\/\/hueffermann.de\/hu\/kezdooldal\/\"},{\"@type\":\"ListItem\",\"position\":2,\"name\":\"info es kapcsolat\",\"item\":\"https:\/\/hueffermann.de\/hu\/info-es-kapcsolat\/\"},{\"@type\":\"ListItem\",\"position\":3,\"name\":\"P\u00e1ly\u00e1z\u00f3k adatainak kezel\u00e9s\u00e9r\u0151l\"}]},{\"@type\":\"WebSite\",\"@id\":\"https:\/\/hueffermann.de\/en\/#website\",\"url\":\"https:\/\/hueffermann.de\/en\/\",\"name\":\"H\u00fcffermann\",\"description\":\"\",\"potentialAction\":[{\"@type\":\"SearchAction\",\"target\":{\"@type\":\"EntryPoint\",\"urlTemplate\":\"https:\/\/hueffermann.de\/en\/?s={search_term_string}\"},\"query-input\":{\"@type\":\"PropertyValueSpecification\",\"valueRequired\":true,\"valueName\":\"search_term_string\"}}],\"inLanguage\":\"hu\"}]}<\/script>\n<!-- \/ Yoast SEO Premium plugin. -->","yoast_head_json":{"title":"P\u00e1ly\u00e1z\u00f3k adatainak kezel\u00e9s\u00e9r\u0151l - H\u00fcffermann","robots":{"index":"index","follow":"follow","max-snippet":"max-snippet:-1","max-image-preview":"max-image-preview:large","max-video-preview":"max-video-preview:-1"},"canonical":"https:\/\/hueffermann.de\/hu\/info-es-kapcsolat\/palyazok-adatainak-kezeleserol\/","og_locale":"hu_HU","og_type":"article","og_title":"P\u00e1ly\u00e1z\u00f3k adatainak kezel\u00e9s\u00e9r\u0151l","og_url":"https:\/\/hueffermann.de\/hu\/info-es-kapcsolat\/palyazok-adatainak-kezeleserol\/","og_site_name":"H\u00fcffermann","article_modified_time":"2025-01-22T05:47:08+00:00","twitter_card":"summary_large_image","twitter_misc":{"Becs\u00fclt olvas\u00e1si id\u0151":"3 perc"},"schema":{"@context":"https:\/\/schema.org","@graph":[{"@type":"WebPage","@id":"https:\/\/hueffermann.de\/hu\/info-es-kapcsolat\/palyazok-adatainak-kezeleserol\/","url":"https:\/\/hueffermann.de\/hu\/info-es-kapcsolat\/palyazok-adatainak-kezeleserol\/","name":"P\u00e1ly\u00e1z\u00f3k adatainak kezel\u00e9s\u00e9r\u0151l - H\u00fcffermann","isPartOf":{"@id":"https:\/\/hueffermann.de\/en\/#website"},"datePublished":"2025-01-22T05:40:54+00:00","dateModified":"2025-01-22T05:47:08+00:00","breadcrumb":{"@id":"https:\/\/hueffermann.de\/hu\/info-es-kapcsolat\/palyazok-adatainak-kezeleserol\/#breadcrumb"},"inLanguage":"hu","potentialAction":[{"@type":"ReadAction","target":["https:\/\/hueffermann.de\/hu\/info-es-kapcsolat\/palyazok-adatainak-kezeleserol\/"]}]},{"@type":"BreadcrumbList","@id":"https:\/\/hueffermann.de\/hu\/info-es-kapcsolat\/palyazok-adatainak-kezeleserol\/#breadcrumb","itemListElement":[{"@type":"ListItem","position":1,"name":"Home","item":"https:\/\/hueffermann.de\/hu\/kezdooldal\/"},{"@type":"ListItem","position":2,"name":"info es kapcsolat","item":"https:\/\/hueffermann.de\/hu\/info-es-kapcsolat\/"},{"@type":"ListItem","position":3,"name":"P\u00e1ly\u00e1z\u00f3k adatainak kezel\u00e9s\u00e9r\u0151l"}]},{"@type":"WebSite","@id":"https:\/\/hueffermann.de\/en\/#website","url":"https:\/\/hueffermann.de\/en\/","name":"H\u00fcffermann","description":"","potentialAction":[{"@type":"SearchAction","target":{"@type":"EntryPoint","urlTemplate":"https:\/\/hueffermann.de\/en\/?s={search_term_string}"},"query-input":{"@type":"PropertyValueSpecification","valueRequired":true,"valueName":"search_term_string"}}],"inLanguage":"hu"}]}},"_links":{"self":[{"href":"https:\/\/hueffermann.de\/hu\/wp-json\/wp\/v2\/pages\/51877","targetHints":{"allow":["GET"]}}],"collection":[{"href":"https:\/\/hueffermann.de\/hu\/wp-json\/wp\/v2\/pages"}],"about":[{"href":"https:\/\/hueffermann.de\/hu\/wp-json\/wp\/v2\/types\/page"}],"author":[{"embeddable":true,"href":"https:\/\/hueffermann.de\/hu\/wp-json\/wp\/v2\/users\/8"}],"replies":[{"embeddable":true,"href":"https:\/\/hueffermann.de\/hu\/wp-json\/wp\/v2\/comments?post=51877"}],"version-history":[{"count":5,"href":"https:\/\/hueffermann.de\/hu\/wp-json\/wp\/v2\/pages\/51877\/revisions"}],"predecessor-version":[{"id":51939,"href":"https:\/\/hueffermann.de\/hu\/wp-json\/wp\/v2\/pages\/51877\/revisions\/51939"}],"up":[{"embeddable":true,"href":"https:\/\/hueffermann.de\/hu\/wp-json\/wp\/v2\/pages\/50077"}],"wp:attachment":[{"href":"https:\/\/hueffermann.de\/hu\/wp-json\/wp\/v2\/media?parent=51877"}],"curies":[{"name":"wp","href":"https:\/\/api.w.org\/{rel}","templated":true}]}}