{"id":46557,"date":"2024-04-04T11:19:35","date_gmt":"2024-04-04T09:19:35","guid":{"rendered":"https:\/\/hueffermann.de\/organizacja\/"},"modified":"2024-10-23T17:46:21","modified_gmt":"2024-10-23T15:46:21","slug":"organizacja","status":"publish","type":"page","link":"https:\/\/hueffermann.de\/pl\/firma\/organizacja\/","title":{"rendered":"Organizacja"},"content":{"rendered":"\n<style type=\"text\/css\" data-created_by=\"avia_inline_auto\" id=\"style-css-av-1ii99mq-eb3edf708bfb1d6a91bbafeaf8a7b566\">\n.avia-section.av-1ii99mq-eb3edf708bfb1d6a91bbafeaf8a7b566{\nbackground-repeat:no-repeat;\nbackground-image:url(https:\/\/hueffermann.de\/wp-content\/uploads\/sites\/3\/2024\/05\/csm_04_cover_hueffermann_neu_grau_red_8baca4f305-2.jpg);\nbackground-position:50% 50%;\nbackground-attachment:scroll;\n}\n.avia-section.av-1ii99mq-eb3edf708bfb1d6a91bbafeaf8a7b566 .av-section-color-overlay{\nopacity:0.5;\nbackground-color:#0a0a0a;\n}\n<\/style>\n<div id='av_section_1'  class='avia-section av-1ii99mq-eb3edf708bfb1d6a91bbafeaf8a7b566 alternate_color avia-section-huge avia-no-border-styling  avia-builder-el-0  el_before_av_textblock  avia-builder-el-first  avia-full-stretch avia-bg-style-scroll av-section-color-overlay-active av-minimum-height av-minimum-height-custom av-height-custom  container_wrap sidebar_left'  data-section-bg-repeat='stretch' data-av_minimum_height_px='512'><div class=\"av-section-color-overlay-wrap\"><div class=\"av-section-color-overlay\"><\/div><div class='container av-section-cont-open' style='height:512px'><main  role=\"main\" itemprop=\"mainContentOfPage\"  class='template-page content  av-content-small units'><div class='post-entry post-entry-type-page post-entry-46557'><div class='entry-content-wrapper clearfix'>\n<section  class='av_textblock_section av-4lycde-0f76c8296f69092d0d48c422c683c569 '   itemscope=\"itemscope\" itemtype=\"https:\/\/schema.org\/CreativeWork\" ><div class='avia_textblock hero-title av_inherit_color'  itemprop=\"text\" ><h1><strong>INNOWACYJNIE i AMBITNIE w PRZYSZ\u0141O\u015a\u0106<\/strong><\/h1>\n<\/div><\/section>\n<\/div><\/div><\/main><!-- close content main element --><\/div><\/div><\/div><div id='after_section_1'  class='main_color av_default_container_wrap container_wrap sidebar_left'  ><div class='container av-section-cont-open' ><div class='template-page content  av-content-small units'><div class='post-entry post-entry-type-page post-entry-46557'><div class='entry-content-wrapper clearfix'>\n<section  class='av_textblock_section av-av_textblock-b24ce34b7cbb3066dbe98fb27243f9ab '   itemscope=\"itemscope\" itemtype=\"https:\/\/schema.org\/CreativeWork\" ><div class='avia_textblock sch-breadcrumb'  itemprop=\"text\" ><div class=\"breadcrumb breadcrumbs avia-breadcrumbs\"><div class=\"breadcrumb-trail\" ><span class=\"trail-before\"><span class=\"breadcrumb-title\">Jeste\u015b tutaj:<\/span><\/span> <span  itemscope=\"itemscope\" itemtype=\"https:\/\/schema.org\/BreadcrumbList\" ><span  itemscope=\"itemscope\" itemtype=\"https:\/\/schema.org\/ListItem\" itemprop=\"itemListElement\" ><a itemprop=\"url\" href=\"https:\/\/hueffermann.de\/pl\/\" title=\"H\u00fcffermann\" rel=\"home\" class=\"trail-begin\"><span itemprop=\"name\">Home<\/span><\/a><span itemprop=\"position\" class=\"hidden\">1<\/span><\/span><\/span><\/div><\/div>\n<\/div><\/section>\n<\/div><\/div><\/div><!-- close content main div --><\/div><\/div><div id='av_section_2'  class='avia-section av-z0wn0i-2bd8902999baddc8cd6ce2b89c19308f main_color avia-section-huge avia-no-border-styling  avia-builder-el-3  el_after_av_textblock  avia-builder-el-last  avia-bg-style-scroll container_wrap sidebar_left'  ><div class='container av-section-cont-open' ><div class='template-page content  av-content-small units'><div class='post-entry post-entry-type-page post-entry-46557'><div class='entry-content-wrapper clearfix'>\n<div class='flex_column_table av-nqokyq-d66fb8451bc736530e325f77d04e3c1e sc-av_one_half av-equal-height-column-flextable'><div  class='flex_column av-nqokyq-d66fb8451bc736530e325f77d04e3c1e av_one_half  avia-builder-el-4  el_before_av_one_half  avia-builder-el-first  first flex_column_table_cell av-equal-height-column av-align-top  '     ><style type=\"text\/css\" data-created_by=\"avia_inline_auto\" id=\"style-css-av-lw7jmr7a-a466956b6f953561c9d1213e2039396e\">\n#top .av_textblock_section.av-lw7jmr7a-a466956b6f953561c9d1213e2039396e .avia_textblock{\ntext-align:left;\n}\n<\/style>\n<section  class='av_textblock_section av-lw7jmr7a-a466956b6f953561c9d1213e2039396e '   itemscope=\"itemscope\" itemtype=\"https:\/\/schema.org\/CreativeWork\" ><div class='avia_textblock image-dark-section-title'  itemprop=\"text\" ><div class=\"ce-header h2-mb ce-header-left\">\n<div class=\"ce-headline\">\n<h2><strong>Przedsi\u0119biorstwo<\/strong><\/h2>\n<\/div>\n<\/div>\n<p>H\u00fcffermann Transportsysteme GmbH z zak\u0142adem produkcyjnym w Neustadt (Dosse) w Brandenburgii i biurem sprzeda\u017cy w Wildeshausen w Dolnej Saksonii jest producentem naczep do transportowania kontener\u00f3w, zabud\u00f3w pojazd\u00f3w ci\u0119\u017carowych i pojazd\u00f3w specjalnych do kontener\u00f3w spe\u0142niaj\u0105cych mi\u0119dzynarodowe normy oraz system\u00f3w zabezpieczenia \u0142adunku.<\/p>\n<p>Firma H\u00fcffermann koncentruje si\u0119 na produkcji przyczep w systemie modu\u0142owym i monta\u017cu nadwozi do pojazd\u00f3w u\u017cytkowych. Naprawy, przegl\u0105dy i us\u0142ugi wynajmu realizowane s\u0105 na zam\u00f3wienie klient\u00f3w w centrum pojazd\u00f3w u\u017cytkowych H\u00fcffermann. Ponad 100 lat do\u015bwiadczenia i korzystanie z najnowszych technologii produkcji oraz umiej\u0119tno\u015b\u0107 kompleksowego podej\u015bcia do prowadzenia projekt\u00f3w od pierwszych bada\u0144 rozwojowych do dostawy sprawia, \u017ce H\u00fcffermann Transportsysteme GmbH wyznacza standardy jako dostawca naczep.<\/p>\n<p>W\u015br\u00f3d tych wszystkich element\u00f3w, kt\u00f3re nadaj\u0105 firmie H\u00fcffermann Transportsysteme GmbH w\u0142a\u015bnie taki kszta\u0142t, na pierwszy plan wysuwa si\u0119 przede wszystkim jedno \u2013 jako\u015b\u0107. Dlatego kierujemy si\u0119 zasad\u0105, \u017ce od konstrukcji stalowej a\u017c po lakierowanie naczepy maj\u0105 by\u0107 w 100% \u201emade in Germany\u201d. Dlatego te\u017c tak wa\u017cne jest dla nas, aby spe\u0142nia\u0107 wymagania i kryteria naszego certyfikatu systemu zarz\u0105dzania jako\u015bci\u0105 DIN ISO 9001, a tak\u017ce stale wprowadza\u0107 usprawnienia.<\/p>\n<p>Od stycznia 2020 r. firma H\u00fcffermann Transportsysteme GmbH nale\u017cy do Schwarzm\u00fcller Gruppe.<\/p>\n<\/div><\/section><\/div><div class='av-flex-placeholder'><\/div><div  class='flex_column av-lw7jwu0h-0f6aefbb98b7f15fd2d5a47b14fa4f27 av_one_half  avia-builder-el-6  el_after_av_one_half  avia-builder-el-last  flex_column_table_cell av-equal-height-column av-align-top  '     ><p>\n<style type=\"text\/css\" data-created_by=\"avia_inline_auto\" id=\"style-css-av-lw7k40qh-a04f1345af577371eeb85d218e49f631\">\n.avia-image-container.av-lw7k40qh-a04f1345af577371eeb85d218e49f631 img.avia_image{\nbox-shadow:none;\n}\n.avia-image-container.av-lw7k40qh-a04f1345af577371eeb85d218e49f631 .av-image-caption-overlay-center{\ncolor:#ffffff;\n}\n<\/style>\n<div  class='avia-image-container av-lw7k40qh-a04f1345af577371eeb85d218e49f631 av-styling- avia-align-center  avia-builder-el-7  el_before_av_image  avia-builder-el-first '   itemprop=\"image\" itemscope=\"itemscope\" itemtype=\"https:\/\/schema.org\/ImageObject\" ><div class=\"avia-image-container-inner\"><div class=\"avia-image-overlay-wrap\"><img decoding=\"async\" fetchpriority=\"high\" class='wp-image-44261 avia-img-lazy-loading-not-44261 avia_image ' src=\"https:\/\/hueffermann.de\/wp-content\/uploads\/sites\/3\/2024\/05\/schwarzmueller_neustadt_dosse_0720_hueffermann_bild3_1365-1.jpg\" alt='' title='schwarzmueller_neustadt_dosse_0720_hueffermann_bild3_1365'  height=\"640\" width=\"960\"  itemprop=\"thumbnailUrl\" srcset=\"https:\/\/hueffermann.de\/wp-content\/uploads\/sites\/3\/2024\/05\/schwarzmueller_neustadt_dosse_0720_hueffermann_bild3_1365-1.jpg 960w, https:\/\/hueffermann.de\/wp-content\/uploads\/sites\/3\/2024\/05\/schwarzmueller_neustadt_dosse_0720_hueffermann_bild3_1365-1-300x200.jpg 300w, https:\/\/hueffermann.de\/wp-content\/uploads\/sites\/3\/2024\/05\/schwarzmueller_neustadt_dosse_0720_hueffermann_bild3_1365-1-768x512.jpg 768w, https:\/\/hueffermann.de\/wp-content\/uploads\/sites\/3\/2024\/05\/schwarzmueller_neustadt_dosse_0720_hueffermann_bild3_1365-1-705x470.jpg 705w\" sizes=\"(max-width: 960px) 100vw, 960px\" \/><\/div><\/div><\/div><br \/>\n\n<style type=\"text\/css\" data-created_by=\"avia_inline_auto\" id=\"style-css-av-lw7k4sz5-8cadca3a2a763e677187776e1f145083\">\n.avia-image-container.av-lw7k4sz5-8cadca3a2a763e677187776e1f145083 img.avia_image{\nbox-shadow:none;\n}\n.avia-image-container.av-lw7k4sz5-8cadca3a2a763e677187776e1f145083 .av-image-caption-overlay-center{\ncolor:#ffffff;\n}\n<\/style>\n<div  class='avia-image-container av-lw7k4sz5-8cadca3a2a763e677187776e1f145083 av-styling- avia-align-center  avia-builder-el-8  el_after_av_image  avia-builder-el-last '   itemprop=\"image\" itemscope=\"itemscope\" itemtype=\"https:\/\/schema.org\/ImageObject\" ><div class=\"avia-image-container-inner\"><div class=\"avia-image-overlay-wrap\"><img decoding=\"async\" fetchpriority=\"high\" class='wp-image-44269 avia-img-lazy-loading-not-44269 avia_image ' src=\"https:\/\/hueffermann.de\/wp-content\/uploads\/sites\/3\/2024\/05\/csm_Luftaufnahme_1000x728_9bce99fafd-2.jpg\" alt='' title='csm_Luftaufnahme_1000x728_9bce99fafd'  height=\"510\" width=\"700\"  itemprop=\"thumbnailUrl\" srcset=\"https:\/\/hueffermann.de\/wp-content\/uploads\/sites\/3\/2024\/05\/csm_Luftaufnahme_1000x728_9bce99fafd-2.jpg 700w, https:\/\/hueffermann.de\/wp-content\/uploads\/sites\/3\/2024\/05\/csm_Luftaufnahme_1000x728_9bce99fafd-2-300x219.jpg 300w\" sizes=\"(max-width: 700px) 100vw, 700px\" \/><\/div><\/div><\/div><\/p><\/div><\/div><!--close column table wrapper. Autoclose: 1 -->\n<\/div><\/div><\/div><!-- close content main div --><\/div><\/div><div id='after_section_2'  class='main_color av_default_container_wrap container_wrap sidebar_left'  ><div class='container av-section-cont-open' ><div class='template-page content  av-content-small units'><div class='post-entry post-entry-type-page post-entry-46557'><div class='entry-content-wrapper clearfix'>\n","protected":false},"excerpt":{"rendered":"","protected":false},"author":5,"featured_media":0,"parent":49303,"menu_order":0,"comment_status":"closed","ping_status":"closed","template":"","meta":{"_acf_changed":false,"_relevanssi_hide_post":"","_relevanssi_hide_content":"","_relevanssi_pin_for_all":"","_relevanssi_pin_keywords":"","_relevanssi_unpin_keywords":"","_relevanssi_related_keywords":"","_relevanssi_related_include_ids":"","_relevanssi_related_exclude_ids":"","_relevanssi_related_no_append":"","_relevanssi_related_not_related":"","_relevanssi_related_posts":"50759,50659,50753,50745,50740,50669","_relevanssi_noindex_reason":"","footnotes":""},"class_list":["post-46557","page","type-page","status-publish","hentry"],"acf":[],"yoast_head":"<!-- This site is optimized with the Yoast SEO Premium plugin v26.4 (Yoast SEO v27.2) - https:\/\/yoast.com\/product\/yoast-seo-premium-wordpress\/ -->\n<title>Organizacja - H\u00fcffermann<\/title>\n<meta name=\"robots\" content=\"index, follow, max-snippet:-1, max-image-preview:large, max-video-preview:-1\" \/>\n<link rel=\"canonical\" href=\"https:\/\/hueffermann.de\/pl\/firma\/organizacja\/\" \/>\n<meta property=\"og:locale\" content=\"pl_PL\" \/>\n<meta property=\"og:type\" content=\"article\" \/>\n<meta property=\"og:title\" content=\"Organizacja\" \/>\n<meta property=\"og:url\" content=\"https:\/\/hueffermann.de\/pl\/firma\/organizacja\/\" \/>\n<meta property=\"og:site_name\" content=\"H\u00fcffermann\" \/>\n<meta property=\"article:modified_time\" content=\"2024-10-23T15:46:21+00:00\" \/>\n<meta name=\"twitter:card\" content=\"summary_large_image\" \/>\n<meta name=\"twitter:label1\" content=\"Szacowany czas czytania\" \/>\n\t<meta name=\"twitter:data1\" content=\"2 minuty\" \/>\n<script type=\"application\/ld+json\" class=\"yoast-schema-graph\">{\"@context\":\"https:\/\/schema.org\",\"@graph\":[{\"@type\":\"WebPage\",\"@id\":\"https:\/\/hueffermann.de\/pl\/firma\/organizacja\/\",\"url\":\"https:\/\/hueffermann.de\/pl\/firma\/organizacja\/\",\"name\":\"Organizacja - H\u00fcffermann\",\"isPartOf\":{\"@id\":\"https:\/\/hueffermann.de\/en\/#website\"},\"datePublished\":\"2024-04-04T09:19:35+00:00\",\"dateModified\":\"2024-10-23T15:46:21+00:00\",\"breadcrumb\":{\"@id\":\"https:\/\/hueffermann.de\/pl\/firma\/organizacja\/#breadcrumb\"},\"inLanguage\":\"pl-PL\",\"potentialAction\":[{\"@type\":\"ReadAction\",\"target\":[\"https:\/\/hueffermann.de\/pl\/firma\/organizacja\/\"]}]},{\"@type\":\"BreadcrumbList\",\"@id\":\"https:\/\/hueffermann.de\/pl\/firma\/organizacja\/#breadcrumb\",\"itemListElement\":[{\"@type\":\"ListItem\",\"position\":1,\"name\":\"Home\",\"item\":\"https:\/\/hueffermann.de\/pl\/home\/\"},{\"@type\":\"ListItem\",\"position\":2,\"name\":\"Firma\",\"item\":\"https:\/\/hueffermann.de\/pl\/firma\/\"},{\"@type\":\"ListItem\",\"position\":3,\"name\":\"Organizacja\"}]},{\"@type\":\"WebSite\",\"@id\":\"https:\/\/hueffermann.de\/en\/#website\",\"url\":\"https:\/\/hueffermann.de\/en\/\",\"name\":\"H\u00fcffermann\",\"description\":\"\",\"potentialAction\":[{\"@type\":\"SearchAction\",\"target\":{\"@type\":\"EntryPoint\",\"urlTemplate\":\"https:\/\/hueffermann.de\/en\/?s={search_term_string}\"},\"query-input\":{\"@type\":\"PropertyValueSpecification\",\"valueRequired\":true,\"valueName\":\"search_term_string\"}}],\"inLanguage\":\"pl-PL\"}]}<\/script>\n<!-- \/ Yoast SEO Premium plugin. -->","yoast_head_json":{"title":"Organizacja - H\u00fcffermann","robots":{"index":"index","follow":"follow","max-snippet":"max-snippet:-1","max-image-preview":"max-image-preview:large","max-video-preview":"max-video-preview:-1"},"canonical":"https:\/\/hueffermann.de\/pl\/firma\/organizacja\/","og_locale":"pl_PL","og_type":"article","og_title":"Organizacja","og_url":"https:\/\/hueffermann.de\/pl\/firma\/organizacja\/","og_site_name":"H\u00fcffermann","article_modified_time":"2024-10-23T15:46:21+00:00","twitter_card":"summary_large_image","twitter_misc":{"Szacowany czas czytania":"2 minuty"},"schema":{"@context":"https:\/\/schema.org","@graph":[{"@type":"WebPage","@id":"https:\/\/hueffermann.de\/pl\/firma\/organizacja\/","url":"https:\/\/hueffermann.de\/pl\/firma\/organizacja\/","name":"Organizacja - H\u00fcffermann","isPartOf":{"@id":"https:\/\/hueffermann.de\/en\/#website"},"datePublished":"2024-04-04T09:19:35+00:00","dateModified":"2024-10-23T15:46:21+00:00","breadcrumb":{"@id":"https:\/\/hueffermann.de\/pl\/firma\/organizacja\/#breadcrumb"},"inLanguage":"pl-PL","potentialAction":[{"@type":"ReadAction","target":["https:\/\/hueffermann.de\/pl\/firma\/organizacja\/"]}]},{"@type":"BreadcrumbList","@id":"https:\/\/hueffermann.de\/pl\/firma\/organizacja\/#breadcrumb","itemListElement":[{"@type":"ListItem","position":1,"name":"Home","item":"https:\/\/hueffermann.de\/pl\/home\/"},{"@type":"ListItem","position":2,"name":"Firma","item":"https:\/\/hueffermann.de\/pl\/firma\/"},{"@type":"ListItem","position":3,"name":"Organizacja"}]},{"@type":"WebSite","@id":"https:\/\/hueffermann.de\/en\/#website","url":"https:\/\/hueffermann.de\/en\/","name":"H\u00fcffermann","description":"","potentialAction":[{"@type":"SearchAction","target":{"@type":"EntryPoint","urlTemplate":"https:\/\/hueffermann.de\/en\/?s={search_term_string}"},"query-input":{"@type":"PropertyValueSpecification","valueRequired":true,"valueName":"search_term_string"}}],"inLanguage":"pl-PL"}]}},"_links":{"self":[{"href":"https:\/\/hueffermann.de\/pl\/wp-json\/wp\/v2\/pages\/46557","targetHints":{"allow":["GET"]}}],"collection":[{"href":"https:\/\/hueffermann.de\/pl\/wp-json\/wp\/v2\/pages"}],"about":[{"href":"https:\/\/hueffermann.de\/pl\/wp-json\/wp\/v2\/types\/page"}],"author":[{"embeddable":true,"href":"https:\/\/hueffermann.de\/pl\/wp-json\/wp\/v2\/users\/5"}],"replies":[{"embeddable":true,"href":"https:\/\/hueffermann.de\/pl\/wp-json\/wp\/v2\/comments?post=46557"}],"version-history":[{"count":6,"href":"https:\/\/hueffermann.de\/pl\/wp-json\/wp\/v2\/pages\/46557\/revisions"}],"predecessor-version":[{"id":51421,"href":"https:\/\/hueffermann.de\/pl\/wp-json\/wp\/v2\/pages\/46557\/revisions\/51421"}],"up":[{"embeddable":true,"href":"https:\/\/hueffermann.de\/pl\/wp-json\/wp\/v2\/pages\/49303"}],"wp:attachment":[{"href":"https:\/\/hueffermann.de\/pl\/wp-json\/wp\/v2\/media?parent=46557"}],"curies":[{"name":"wp","href":"https:\/\/api.w.org\/{rel}","templated":true}]}}