{"id":46584,"date":"2024-04-04T14:31:17","date_gmt":"2024-04-04T12:31:17","guid":{"rendered":"https:\/\/hueffermann.de\/naprawy\/"},"modified":"2025-06-30T08:08:48","modified_gmt":"2025-06-30T06:08:48","slug":"naprawy","status":"publish","type":"page","link":"https:\/\/hueffermann.de\/pl\/serwis\/naprawy\/","title":{"rendered":"Naprawy"},"content":{"rendered":"<\/p>\n\n<style type=\"text\/css\" data-created_by=\"avia_inline_auto\" id=\"style-css-av-lv2dejar-8e96483406319b750ffa7bf92b0625fb\">\n.avia-section.av-lv2dejar-8e96483406319b750ffa7bf92b0625fb{\nbackground-repeat:no-repeat;\nbackground-image:url(https:\/\/hueffermann.de\/wp-content\/uploads\/sites\/3\/2024\/05\/csm_hueffermann-background-img-header-instandsetzungen_3a6a0ec430.jpg);\nbackground-position:50% 50%;\nbackground-attachment:scroll;\n}\n.avia-section.av-lv2dejar-8e96483406319b750ffa7bf92b0625fb .av-section-color-overlay{\nopacity:0.5;\nbackground-color:#0a0a0a;\n}\n<\/style>\n<div id='av_section_1'  class='avia-section av-lv2dejar-8e96483406319b750ffa7bf92b0625fb main_color avia-section-huge avia-no-border-styling  avia-builder-el-0  el_before_av_textblock  avia-builder-el-first  avia-full-stretch avia-bg-style-scroll av-section-color-overlay-active av-minimum-height av-minimum-height-custom av-height-custom  container_wrap sidebar_left'  data-section-bg-repeat='stretch' data-av_minimum_height_px='512'><div class=\"av-section-color-overlay-wrap\"><div class=\"av-section-color-overlay\"><\/div><div class='container av-section-cont-open' style='height:512px'><main  role=\"main\" itemprop=\"mainContentOfPage\"  class='template-page content  av-content-small units'><div class='post-entry post-entry-type-page post-entry-46584'><div class='entry-content-wrapper clearfix'>\n\n<style type=\"text\/css\" data-created_by=\"avia_inline_auto\" id=\"style-css-av-lv2ddznt-9bca530e5a99d8529b8bdcf8f2f1a372\">\n#top .av_textblock_section.av-lv2ddznt-9bca530e5a99d8529b8bdcf8f2f1a372 .avia_textblock{\ncolor:#ffffff;\n}\n<\/style>\n<section  class='av_textblock_section av-lv2ddznt-9bca530e5a99d8529b8bdcf8f2f1a372 '   itemscope=\"itemscope\" itemtype=\"https:\/\/schema.org\/CreativeWork\" ><div class='avia_textblock hero-title av_inherit_color'  itemprop=\"text\" ><h1>Naprawy<\/h1>\n<\/div><\/section>\n<\/div><\/div><\/main><!-- close content main element --><\/div><\/div><\/div><div id='after_section_1'  class='main_color av_default_container_wrap container_wrap sidebar_left'  ><div class='container av-section-cont-open' ><div class='template-page content  av-content-small units'><div class='post-entry post-entry-type-page post-entry-46584'><div class='entry-content-wrapper clearfix'>\n<section  class='av_textblock_section av-av_textblock-b24ce34b7cbb3066dbe98fb27243f9ab '   itemscope=\"itemscope\" itemtype=\"https:\/\/schema.org\/CreativeWork\" ><div class='avia_textblock sch-breadcrumb'  itemprop=\"text\" ><div class=\"breadcrumb breadcrumbs avia-breadcrumbs\"><div class=\"breadcrumb-trail\" ><span class=\"trail-before\"><span class=\"breadcrumb-title\">Jeste\u015b tutaj:<\/span><\/span> <span  itemscope=\"itemscope\" itemtype=\"https:\/\/schema.org\/BreadcrumbList\" ><span  itemscope=\"itemscope\" itemtype=\"https:\/\/schema.org\/ListItem\" itemprop=\"itemListElement\" ><a itemprop=\"url\" href=\"https:\/\/hueffermann.de\/pl\/\" title=\"H\u00fcffermann\" rel=\"home\" class=\"trail-begin\"><span itemprop=\"name\">Home<\/span><\/a><span itemprop=\"position\" class=\"hidden\">1<\/span><\/span><\/span><\/div><\/div>\n<\/div><\/section>\n<\/div><\/div><\/div><!-- close content main div --><\/div><\/div><div id='av_section_2'  class='avia-section av-29lf5dt-4c60f77f08a58fa758f19c476622bf6d main_color avia-section-huge avia-no-border-styling  avia-builder-el-3  el_after_av_textblock  el_before_av_section  avia-bg-style-scroll container_wrap sidebar_left'  ><div class='container av-section-cont-open' ><div class='template-page content  av-content-small units'><div class='post-entry post-entry-type-page post-entry-46584'><div class='entry-content-wrapper clearfix'>\n<div  class='flex_column av-5fm62gx-e461da871c98926a44860fda0ee484de av_one_full  avia-builder-el-4  el_before_av_one_full  avia-builder-el-first  first flex_column_div  '     ><style type=\"text\/css\" data-created_by=\"avia_inline_auto\" id=\"style-css-av-lv2dzeus-3cf09318fb104b29845893b5e7ae9a97\">\n#top .av_textblock_section.av-lv2dzeus-3cf09318fb104b29845893b5e7ae9a97 .avia_textblock{\ntext-align:left;\n}\n<\/style>\n<section  class='av_textblock_section av-lv2dzeus-3cf09318fb104b29845893b5e7ae9a97 '   itemscope=\"itemscope\" itemtype=\"https:\/\/schema.org\/CreativeWork\" ><div class='avia_textblock image-dark-section-heading'  itemprop=\"text\" ><h2><strong>Remont generalny<br \/>\npojazd\u00f3w specjalnych<\/strong><\/h2>\n<\/div><\/section><\/div><div  class='flex_column av-4yiwpxd-0cf965b17c497e61b29e2b781ae8d6fd av_one_full  avia-builder-el-6  el_after_av_one_full  el_before_av_one_full  first flex_column_div  column-top-margin'     ><style type=\"text\/css\" data-created_by=\"avia_inline_auto\" id=\"style-css-av-lw8z0of2-affed020f84530d5b40db0cff394df2d\">\n#top .av_textblock_section.av-lw8z0of2-affed020f84530d5b40db0cff394df2d .avia_textblock{\ntext-align:left;\n}\n<\/style>\n<section  class='av_textblock_section av-lw8z0of2-affed020f84530d5b40db0cff394df2d '   itemscope=\"itemscope\" itemtype=\"https:\/\/schema.org\/CreativeWork\" ><div class='avia_textblock image-dark-section-heading'  itemprop=\"text\" ><p>Dzia\u0142 naprawczo-serwisowy H\u00fcffermann wyspecjalizowa\u0142 si\u0119 w remontach generalnych pojazd\u00f3w specjalnych oraz naczep siod\u0142owych do transportowania substancji lotnych:<\/p>\n<ul>\n<li>Przygotowanie naczep do lakierowania<br \/>\n(demonta\u017c, obr\u00f3bka strumieniowo-\u015bcierna, opcjonalnie cynkowanie \u0142ukowe, lakierowanie i monta\u017c)<\/li>\n<li>Remont\/wymiana uk\u0142ad\u00f3w hamulcowych i podwozi<br \/>\n(remont\/wymiana hamulc\u00f3w ko\u0142a (b\u0119bnowych lub tarczowych), miech\u00f3w powietrznych i amortyzator\u00f3w, dyszl\u00f3w wid\u0142owych, wie\u0144c\u00f3w obrotowych itp.)<\/li>\n<li>Modyfikowanie instalacji o\u015bwietleniowych i pneumatycznych<br \/>\n(ca\u0142kowita wymiana \/ rozbudowa \/ przezbrojenie na technik\u0119 LED, ca\u0142kowita wymiana wszystkich przewod\u00f3w pneumatycznych \/ zawor\u00f3w i si\u0142ownik\u00f3w)<\/li>\n<li>Og\u00f3lne prace przy podwoziach, np. wieszakach osi i elementach osprz\u0119tu,<br \/>\nNaprawa po z\u0142amaniu lub zu\u017cyciu<\/li>\n<\/ul>\n<\/div><\/section><\/div><div  class='flex_column av-48k410h-88bc19988e1894af3f52c2e4c87f1b19 av_one_full  avia-builder-el-8  el_after_av_one_full  avia-builder-el-last  first flex_column_div  column-top-margin'     ><style type=\"text\/css\" data-created_by=\"avia_inline_auto\" id=\"style-css-av-lw8z1k8o-25fbaf2ebc6f14d9a610e539c7df7f1c\">\n#top .av_textblock_section.av-lw8z1k8o-25fbaf2ebc6f14d9a610e539c7df7f1c .avia_textblock{\ntext-align:left;\n}\n<\/style>\n<section  class='av_textblock_section av-lw8z1k8o-25fbaf2ebc6f14d9a610e539c7df7f1c '   itemscope=\"itemscope\" itemtype=\"https:\/\/schema.org\/CreativeWork\" ><div class='avia_textblock image-dark-section-heading'  itemprop=\"text\" ><h3 class=\"schwa-h4\"><strong>Diagnostyka:<\/strong><\/h3>\n<p>W posiadaniu s\u0105 najwa\u017cniejsze testery, jak:<br \/>\nWabco, Knorr, Haldex (ABS\/EBS), Hiab, Multilift, HMF, niezale\u017cna diagnostyka W\u00fcrth.<\/p>\n<\/div><\/section><\/div><\/div><\/div><\/div><!-- close content main div --><\/div><\/div>\n<style type=\"text\/css\" data-created_by=\"avia_inline_auto\" id=\"style-css-av-1hxliyp-ac5eef5ef3c17e7162068ad108d686db\">\n.avia-section.av-1hxliyp-ac5eef5ef3c17e7162068ad108d686db{\nbackground-color:#f7f7f7;\nbackground-image:unset;\n}\n<\/style>\n<div id='av_section_3'  class='avia-section av-1hxliyp-ac5eef5ef3c17e7162068ad108d686db main_color avia-section-huge avia-no-border-styling  avia-builder-el-10  el_after_av_section  el_before_av_section  pattern-section-background avia-bg-style-scroll container_wrap sidebar_left'  ><div class='container av-section-cont-open' ><div class='template-page content  av-content-small units'><div class='post-entry post-entry-type-page post-entry-46584'><div class='entry-content-wrapper clearfix'>\n<div  class='flex_column av-432btup-eccc8be1fe44321ef518957154a715e5 av_one_full  avia-builder-el-11  el_before_av_one_half  avia-builder-el-first  first flex_column_div  '     ><style type=\"text\/css\" data-created_by=\"avia_inline_auto\" id=\"style-css-av-lv2dhkc7-cd4f30243ae4d0cdf47e3ef90932162d\">\n#top .av_textblock_section.av-lv2dhkc7-cd4f30243ae4d0cdf47e3ef90932162d .avia_textblock{\ntext-align:left;\n}\n<\/style>\n<section  class='av_textblock_section av-lv2dhkc7-cd4f30243ae4d0cdf47e3ef90932162d '   itemscope=\"itemscope\" itemtype=\"https:\/\/schema.org\/CreativeWork\" ><div class='avia_textblock image-dark-section-heading'  itemprop=\"text\" ><h2 class=\"schwa-h3\"><strong>Przegl\u0105dy i serwisowanie podwozi, zabud\u00f3w i naczep<\/strong><\/h2>\n<\/div><\/section><\/div><div class='flex_column_table av-1cpvjxd-2c0a51eeda979203d681bc1792099f85 sc-av_one_half av-equal-height-column-flextable'><div  class='flex_column av-1cpvjxd-2c0a51eeda979203d681bc1792099f85 av_one_half  avia-builder-el-13  el_after_av_one_full  el_before_av_one_half  first flex_column_table_cell av-equal-height-column av-align-middle  column-top-margin'     ><style type=\"text\/css\" data-created_by=\"avia_inline_auto\" id=\"style-css-av-lw8z46rh-ff737cef05309abb4ee4ffef210059e1\">\n#top .av_textblock_section.av-lw8z46rh-ff737cef05309abb4ee4ffef210059e1 .avia_textblock{\ntext-align:left;\n}\n<\/style>\n<section  class='av_textblock_section av-lw8z46rh-ff737cef05309abb4ee4ffef210059e1 '   itemscope=\"itemscope\" itemtype=\"https:\/\/schema.org\/CreativeWork\" ><div class='avia_textblock image-dark-section-heading'  itemprop=\"text\" ><h3 class=\"schwa-h6\"><strong>Instalacje hydrauliczne<\/strong>:<\/h3>\n<\/div><\/section><\/div><div class='av-flex-placeholder'><\/div><div  class='flex_column av-3hh6pxd-714e6b1b49547f4e8f85c47383dd4aa0 av_one_half  avia-builder-el-15  el_after_av_one_half  el_before_av_one_half  flex_column_table_cell av-equal-height-column av-align-middle  column-top-margin'     ><style type=\"text\/css\" data-created_by=\"avia_inline_auto\" id=\"style-css-av-lw8z4oka-7fc0b6ca6de273ded0a314e35d038d8d\">\n#top .av_textblock_section.av-lw8z4oka-7fc0b6ca6de273ded0a314e35d038d8d .avia_textblock{\ntext-align:left;\n}\n<\/style>\n<section  class='av_textblock_section av-lw8z4oka-7fc0b6ca6de273ded0a314e35d038d8d '   itemscope=\"itemscope\" itemtype=\"https:\/\/schema.org\/CreativeWork\" ><div class='avia_textblock image-dark-section-heading'  itemprop=\"text\" ><h3 class=\"schwa-h6\"><strong>Naprawy pojazd\u00f3w z ruchom\u0105 pod\u0142og\u0105:<\/strong><\/h3>\n<\/div><\/section><\/div><\/div><!--close column table wrapper. Autoclose: 1 --><div class='flex_column_table av-lw8z5cc5-386ea30a552cbb986911587ff10c7838 sc-av_one_half av-equal-height-column-flextable'><div  class='flex_column av-lw8z5cc5-386ea30a552cbb986911587ff10c7838 av_one_half  avia-builder-el-17  el_after_av_one_half  el_before_av_one_half  first flex_column_table_cell av-equal-height-column av-align-top  column-top-margin'     ><style type=\"text\/css\" data-created_by=\"avia_inline_auto\" id=\"style-css-av-lw8z4c7o-1e2e99d88944ea7dfa3290a7b57087e1\">\n#top .av_textblock_section.av-lw8z4c7o-1e2e99d88944ea7dfa3290a7b57087e1 .avia_textblock{\ntext-align:left;\n}\n<\/style>\n<section  class='av_textblock_section av-lw8z4c7o-1e2e99d88944ea7dfa3290a7b57087e1 '   itemscope=\"itemscope\" itemtype=\"https:\/\/schema.org\/CreativeWork\" ><div class='avia_textblock image-dark-section-heading'  itemprop=\"text\" ><ul>\n<li>Diagnostyka i naprawa<\/li>\n<li>Wykonywanie w\u0119\u017cy wysokoci\u015bnieniowych na wz\u00f3r<\/li>\n<li>Obr\u00f3bka si\u0142ownik\u00f3w wysokoci\u015bnieniowych<\/li>\n<li>Obliczanie parametr\u00f3w dzia\u0142ania instalacji hydraulicznej<br \/>\nza pomoc\u0105 posiadanych urz\u0105dze\u0144 pomiarowych<\/li>\n<\/ul>\n<\/div><\/section><\/div><div class='av-flex-placeholder'><\/div><div  class='flex_column av-30ruwxt-6014a0ab88a9d3a1f4568cd4b2fd5561 av_one_half  avia-builder-el-19  el_after_av_one_half  el_before_av_one_half  flex_column_table_cell av-equal-height-column av-align-top  column-top-margin'     ><style type=\"text\/css\" data-created_by=\"avia_inline_auto\" id=\"style-css-av-lw8z4uwy-e2788c45c6f4a96ecb5a0d1b01806b50\">\n#top .av_textblock_section.av-lw8z4uwy-e2788c45c6f4a96ecb5a0d1b01806b50 .avia_textblock{\ntext-align:left;\n}\n<\/style>\n<section  class='av_textblock_section av-lw8z4uwy-e2788c45c6f4a96ecb5a0d1b01806b50 '   itemscope=\"itemscope\" itemtype=\"https:\/\/schema.org\/CreativeWork\" ><div class='avia_textblock image-dark-section-heading'  itemprop=\"text\" ><ul>\n<li>Obracanie \/ wymiana profili pod\u0142ogowych<\/li>\n<li>Naprawy cz\u0119\u015bciowe<\/li>\n<li>Spawanie aluminium<\/li>\n<li>Ca\u0142kowita wymiana ruchomej pod\u0142ogi<\/li>\n<li>Serwis system\u00f3w i podzespo\u0142\u00f3w hydraulicznych<\/li>\n<li>Naprawa \u015bcian bocznych \/ tylnych drzwi itp.<\/li>\n<li>Naprawa powypadkowa<\/li>\n<\/ul>\n<\/div><\/section><\/div><\/div><!--close column table wrapper. Autoclose: 1 --><div class='flex_column_table av-lw8z60l9-153264976b495eb8c566200c3da05551 sc-av_one_half av-equal-height-column-flextable'><div  class='flex_column av-lw8z60l9-153264976b495eb8c566200c3da05551 av_one_half  avia-builder-el-21  el_after_av_one_half  el_before_av_one_half  first flex_column_table_cell av-equal-height-column av-align-middle  column-top-margin'     ><style type=\"text\/css\" data-created_by=\"avia_inline_auto\" id=\"style-css-av-lw8z5uv7-8675108331c26183f4e917fc957d8240\">\n#top .av_textblock_section.av-lw8z5uv7-8675108331c26183f4e917fc957d8240 .avia_textblock{\ntext-align:left;\n}\n<\/style>\n<section  class='av_textblock_section av-lw8z5uv7-8675108331c26183f4e917fc957d8240 '   itemscope=\"itemscope\" itemtype=\"https:\/\/schema.org\/CreativeWork\" ><div class='avia_textblock image-dark-section-heading'  itemprop=\"text\" ><h3 class=\"schwa-h6\"><strong>Przezbrojenia \/ dozbrojenia:<\/strong><\/h3>\n<\/div><\/section><\/div><div class='av-flex-placeholder'><\/div><div  class='flex_column av-2mlduv5-e5c0363f4ed2f5129fee370f734d6512 av_one_half  avia-builder-el-23  el_after_av_one_half  el_before_av_one_half  flex_column_table_cell av-equal-height-column av-align-middle  column-top-margin'     ><style type=\"text\/css\" data-created_by=\"avia_inline_auto\" id=\"style-css-av-lw8z8exe-bd65c4223e224f5ae672189b05764e7a\">\n#top .av_textblock_section.av-lw8z8exe-bd65c4223e224f5ae672189b05764e7a .avia_textblock{\ntext-align:left;\n}\n<\/style>\n<section  class='av_textblock_section av-lw8z8exe-bd65c4223e224f5ae672189b05764e7a '   itemscope=\"itemscope\" itemtype=\"https:\/\/schema.org\/CreativeWork\" ><div class='avia_textblock image-dark-section-heading'  itemprop=\"text\" ><h3 class=\"schwa-h6\"><strong>Inne:<\/strong><\/h3>\n<\/div><\/section><\/div><\/div><!--close column table wrapper. Autoclose: 1 --><div class='flex_column_table av-lw8z9auo-b3f75d1d88997eaf0f1bffac43ca29eb sc-av_one_half av-equal-height-column-flextable'><div  class='flex_column av-lw8z9auo-b3f75d1d88997eaf0f1bffac43ca29eb av_one_half  avia-builder-el-25  el_after_av_one_half  el_before_av_one_half  first flex_column_table_cell av-equal-height-column av-align-top  column-top-margin'     ><style type=\"text\/css\" data-created_by=\"avia_inline_auto\" id=\"style-css-av-lw8z8oi8-060e6cb41c292e5beb27c36044c967ad\">\n#top .av_textblock_section.av-lw8z8oi8-060e6cb41c292e5beb27c36044c967ad .avia_textblock{\ntext-align:left;\n}\n<\/style>\n<section  class='av_textblock_section av-lw8z8oi8-060e6cb41c292e5beb27c36044c967ad '   itemscope=\"itemscope\" itemtype=\"https:\/\/schema.org\/CreativeWork\" ><div class='avia_textblock image-dark-section-heading'  itemprop=\"text\" ><ul>\n<li> System wspomagania skr\u0119tu<\/li>\n<li>System kamery cofania<\/li>\n<li>Zdalne sterowanie w obszarach d\u017awigu za\u0142adowczego i ruchomej pod\u0142ogi<\/li>\n<li>Systemy zabezpieczania \u0142adunku na naczepach H\u00fcffermann<\/li>\n<li>Przezbrajanie ABS na EBS na naczepach<\/li>\n<li>Przezbrajanie na o\u015bwietlenie LED<\/li>\n<\/ul>\n<\/div><\/section><\/div><div class='av-flex-placeholder'><\/div><div  class='flex_column av-20s7e9t-48d1a1beb3abccf62cebf303f7aed21a av_one_half  avia-builder-el-27  el_after_av_one_half  avia-builder-el-last  flex_column_table_cell av-equal-height-column av-align-top  column-top-margin'     ><style type=\"text\/css\" data-created_by=\"avia_inline_auto\" id=\"style-css-av-lw8z8uap-50659120c1f3303f342062c9dd75d5b7\">\n#top .av_textblock_section.av-lw8z8uap-50659120c1f3303f342062c9dd75d5b7 .avia_textblock{\ntext-align:left;\n}\n<\/style>\n<section  class='av_textblock_section av-lw8z8uap-50659120c1f3303f342062c9dd75d5b7 '   itemscope=\"itemscope\" itemtype=\"https:\/\/schema.org\/CreativeWork\" ><div class='avia_textblock image-dark-section-heading'  itemprop=\"text\" ><ul>\n<li>Naprawa szk\u00f3d wypadkowych<\/li>\n<li>Naprawy kontener\u00f3w (np. wymiana uchwyt\u00f3w)<\/li>\n<li>Wymiana hak\u00f3w w hakowcu<\/li>\n<\/ul>\n<\/div><\/section><\/div><\/div><!--close column table wrapper. Autoclose: 1 -->\n<\/p>\n<\/div><\/div><\/div><!-- close content main div --><\/div><\/div><div id='av_section_4'  class='avia-section av-1iktfk1-77c2e2f4fd6e771f3bcd772a5cf5d47c main_color avia-section-huge avia-no-border-styling  avia-builder-el-29  el_after_av_section  avia-builder-el-last  avia-bg-style-scroll container_wrap sidebar_left'  ><div class='container av-section-cont-open' ><div class='template-page content  av-content-small units'><div class='post-entry post-entry-type-page post-entry-46584'><div class='entry-content-wrapper clearfix'>\n<div  class='flex_column av-1afyb35-57ed0d906ce2ba53e8dfaebfdfaf8391 av_one_full  avia-builder-el-30  el_before_av_one_full  avia-builder-el-first  first flex_column_div  '     ><style type=\"text\/css\" data-created_by=\"avia_inline_auto\" id=\"style-css-av-lw8zaqg6-153fb1e062c8bae30b7e7d687c20c9ba\">\n#top .av_textblock_section.av-lw8zaqg6-153fb1e062c8bae30b7e7d687c20c9ba .avia_textblock{\ntext-align:center;\n}\n<\/style>\n<section  class='av_textblock_section av-lw8zaqg6-153fb1e062c8bae30b7e7d687c20c9ba '   itemscope=\"itemscope\" itemtype=\"https:\/\/schema.org\/CreativeWork\" ><div class='avia_textblock image-dark-section-heading'  itemprop=\"text\" ><h2 class=\"align-center\"><strong>Konsultantka:<\/strong><\/h2>\n<\/div><\/section><\/div><div  class='flex_column av-nz2sm9-3750481c7a65154a3b99c9ac16cc3d7b av_one_full  avia-builder-el-32  el_after_av_one_full  avia-builder-el-last  first flex_column_div  column-top-margin'     ><style type=\"text\/css\" data-created_by=\"avia_inline_auto\" id=\"style-css-av-lw8zbc6p-5ee9284c17f4f7f005f882d9532b8721\">\n#top .av_textblock_section.av-lw8zbc6p-5ee9284c17f4f7f005f882d9532b8721 .avia_textblock{\ntext-align:center;\n}\n<\/style>\n<section  class='av_textblock_section av-lw8zbc6p-5ee9284c17f4f7f005f882d9532b8721 '   itemscope=\"itemscope\" itemtype=\"https:\/\/schema.org\/CreativeWork\" ><div class='avia_textblock image-dark-section-heading'  itemprop=\"text\" ><h3 class=\"align-center schwa-h5\">Julien Klare<\/h3>\n<p class=\"align-center\">Administracja\/koordynacja<\/p>\n<p class=\"align-center\">Telefon: +49 33970 996 653<br \/>\nE-Mail: <a href=\"mailto:julien.klare@hueffermann.de\">julien.klare@hueffermann.de<\/a><\/p>\n<\/div><\/section><\/div>\n<\/div><\/div><\/div><!-- close content main div --><\/div><\/div><div id='after_section_4'  class='main_color av_default_container_wrap container_wrap sidebar_left'  ><div class='container av-section-cont-open' ><div class='template-page content  av-content-small units'><div class='post-entry post-entry-type-page post-entry-46584'><div class='entry-content-wrapper clearfix'>\n","protected":false},"excerpt":{"rendered":"","protected":false},"author":5,"featured_media":0,"parent":46505,"menu_order":0,"comment_status":"closed","ping_status":"closed","template":"","meta":{"_acf_changed":false,"_relevanssi_hide_post":"","_relevanssi_hide_content":"","_relevanssi_pin_for_all":"","_relevanssi_pin_keywords":"","_relevanssi_unpin_keywords":"","_relevanssi_related_keywords":"","_relevanssi_related_include_ids":"","_relevanssi_related_exclude_ids":"","_relevanssi_related_no_append":"","_relevanssi_related_not_related":"","_relevanssi_related_posts":"50659,50678,50745,50669,50753,50752","_relevanssi_noindex_reason":"","footnotes":""},"class_list":["post-46584","page","type-page","status-publish","hentry"],"acf":[],"yoast_head":"<!-- This site is optimized with the Yoast SEO Premium plugin v26.4 (Yoast SEO v27.2) - https:\/\/yoast.com\/product\/yoast-seo-premium-wordpress\/ -->\n<title>Naprawy - H\u00fcffermann<\/title>\n<meta name=\"robots\" content=\"index, follow, max-snippet:-1, max-image-preview:large, max-video-preview:-1\" \/>\n<link rel=\"canonical\" href=\"https:\/\/hueffermann.de\/pl\/serwis\/naprawy\/\" \/>\n<meta property=\"og:locale\" content=\"pl_PL\" \/>\n<meta property=\"og:type\" content=\"article\" \/>\n<meta property=\"og:title\" content=\"Naprawy\" \/>\n<meta property=\"og:url\" content=\"https:\/\/hueffermann.de\/pl\/serwis\/naprawy\/\" \/>\n<meta property=\"og:site_name\" content=\"H\u00fcffermann\" \/>\n<meta property=\"article:modified_time\" content=\"2025-06-30T06:08:48+00:00\" \/>\n<meta name=\"twitter:card\" content=\"summary_large_image\" \/>\n<meta name=\"twitter:label1\" content=\"Szacowany czas czytania\" \/>\n\t<meta name=\"twitter:data1\" content=\"2 minuty\" \/>\n<script type=\"application\/ld+json\" class=\"yoast-schema-graph\">{\"@context\":\"https:\/\/schema.org\",\"@graph\":[{\"@type\":\"WebPage\",\"@id\":\"https:\/\/hueffermann.de\/pl\/serwis\/naprawy\/\",\"url\":\"https:\/\/hueffermann.de\/pl\/serwis\/naprawy\/\",\"name\":\"Naprawy - H\u00fcffermann\",\"isPartOf\":{\"@id\":\"https:\/\/hueffermann.de\/en\/#website\"},\"datePublished\":\"2024-04-04T12:31:17+00:00\",\"dateModified\":\"2025-06-30T06:08:48+00:00\",\"breadcrumb\":{\"@id\":\"https:\/\/hueffermann.de\/pl\/serwis\/naprawy\/#breadcrumb\"},\"inLanguage\":\"pl-PL\",\"potentialAction\":[{\"@type\":\"ReadAction\",\"target\":[\"https:\/\/hueffermann.de\/pl\/serwis\/naprawy\/\"]}]},{\"@type\":\"BreadcrumbList\",\"@id\":\"https:\/\/hueffermann.de\/pl\/serwis\/naprawy\/#breadcrumb\",\"itemListElement\":[{\"@type\":\"ListItem\",\"position\":1,\"name\":\"Home\",\"item\":\"https:\/\/hueffermann.de\/pl\/home\/\"},{\"@type\":\"ListItem\",\"position\":2,\"name\":\"Serwis\",\"item\":\"https:\/\/hueffermann.de\/pl\/serwis\/\"},{\"@type\":\"ListItem\",\"position\":3,\"name\":\"Naprawy\"}]},{\"@type\":\"WebSite\",\"@id\":\"https:\/\/hueffermann.de\/en\/#website\",\"url\":\"https:\/\/hueffermann.de\/en\/\",\"name\":\"H\u00fcffermann\",\"description\":\"\",\"potentialAction\":[{\"@type\":\"SearchAction\",\"target\":{\"@type\":\"EntryPoint\",\"urlTemplate\":\"https:\/\/hueffermann.de\/en\/?s={search_term_string}\"},\"query-input\":{\"@type\":\"PropertyValueSpecification\",\"valueRequired\":true,\"valueName\":\"search_term_string\"}}],\"inLanguage\":\"pl-PL\"}]}<\/script>\n<!-- \/ Yoast SEO Premium plugin. -->","yoast_head_json":{"title":"Naprawy - H\u00fcffermann","robots":{"index":"index","follow":"follow","max-snippet":"max-snippet:-1","max-image-preview":"max-image-preview:large","max-video-preview":"max-video-preview:-1"},"canonical":"https:\/\/hueffermann.de\/pl\/serwis\/naprawy\/","og_locale":"pl_PL","og_type":"article","og_title":"Naprawy","og_url":"https:\/\/hueffermann.de\/pl\/serwis\/naprawy\/","og_site_name":"H\u00fcffermann","article_modified_time":"2025-06-30T06:08:48+00:00","twitter_card":"summary_large_image","twitter_misc":{"Szacowany czas czytania":"2 minuty"},"schema":{"@context":"https:\/\/schema.org","@graph":[{"@type":"WebPage","@id":"https:\/\/hueffermann.de\/pl\/serwis\/naprawy\/","url":"https:\/\/hueffermann.de\/pl\/serwis\/naprawy\/","name":"Naprawy - H\u00fcffermann","isPartOf":{"@id":"https:\/\/hueffermann.de\/en\/#website"},"datePublished":"2024-04-04T12:31:17+00:00","dateModified":"2025-06-30T06:08:48+00:00","breadcrumb":{"@id":"https:\/\/hueffermann.de\/pl\/serwis\/naprawy\/#breadcrumb"},"inLanguage":"pl-PL","potentialAction":[{"@type":"ReadAction","target":["https:\/\/hueffermann.de\/pl\/serwis\/naprawy\/"]}]},{"@type":"BreadcrumbList","@id":"https:\/\/hueffermann.de\/pl\/serwis\/naprawy\/#breadcrumb","itemListElement":[{"@type":"ListItem","position":1,"name":"Home","item":"https:\/\/hueffermann.de\/pl\/home\/"},{"@type":"ListItem","position":2,"name":"Serwis","item":"https:\/\/hueffermann.de\/pl\/serwis\/"},{"@type":"ListItem","position":3,"name":"Naprawy"}]},{"@type":"WebSite","@id":"https:\/\/hueffermann.de\/en\/#website","url":"https:\/\/hueffermann.de\/en\/","name":"H\u00fcffermann","description":"","potentialAction":[{"@type":"SearchAction","target":{"@type":"EntryPoint","urlTemplate":"https:\/\/hueffermann.de\/en\/?s={search_term_string}"},"query-input":{"@type":"PropertyValueSpecification","valueRequired":true,"valueName":"search_term_string"}}],"inLanguage":"pl-PL"}]}},"_links":{"self":[{"href":"https:\/\/hueffermann.de\/pl\/wp-json\/wp\/v2\/pages\/46584","targetHints":{"allow":["GET"]}}],"collection":[{"href":"https:\/\/hueffermann.de\/pl\/wp-json\/wp\/v2\/pages"}],"about":[{"href":"https:\/\/hueffermann.de\/pl\/wp-json\/wp\/v2\/types\/page"}],"author":[{"embeddable":true,"href":"https:\/\/hueffermann.de\/pl\/wp-json\/wp\/v2\/users\/5"}],"replies":[{"embeddable":true,"href":"https:\/\/hueffermann.de\/pl\/wp-json\/wp\/v2\/comments?post=46584"}],"version-history":[{"count":8,"href":"https:\/\/hueffermann.de\/pl\/wp-json\/wp\/v2\/pages\/46584\/revisions"}],"predecessor-version":[{"id":53023,"href":"https:\/\/hueffermann.de\/pl\/wp-json\/wp\/v2\/pages\/46584\/revisions\/53023"}],"up":[{"embeddable":true,"href":"https:\/\/hueffermann.de\/pl\/wp-json\/wp\/v2\/pages\/46505"}],"wp:attachment":[{"href":"https:\/\/hueffermann.de\/pl\/wp-json\/wp\/v2\/media?parent=46584"}],"curies":[{"name":"wp","href":"https:\/\/api.w.org\/{rel}","templated":true}]}}