{"id":46708,"date":"2024-02-16T10:07:27","date_gmt":"2024-02-16T09:07:27","guid":{"rendered":"https:\/\/hueffermann.de\/stopka-redakcyjna\/"},"modified":"2025-09-04T12:16:28","modified_gmt":"2025-09-04T10:16:28","slug":"impressum","status":"publish","type":"page","link":"https:\/\/hueffermann.de\/pl\/informacje-kontakt\/impressum\/","title":{"rendered":"Stopka redakcyjna"},"content":{"rendered":"<section  class='av_textblock_section av-av_textblock-b24ce34b7cbb3066dbe98fb27243f9ab '   itemscope=\"itemscope\" itemtype=\"https:\/\/schema.org\/CreativeWork\" ><div class='avia_textblock sch-breadcrumb'  itemprop=\"text\" ><div class=\"breadcrumb breadcrumbs avia-breadcrumbs\"><div class=\"breadcrumb-trail\" ><span class=\"trail-before\"><span class=\"breadcrumb-title\">Jeste\u015b tutaj:<\/span><\/span> <span  itemscope=\"itemscope\" itemtype=\"https:\/\/schema.org\/BreadcrumbList\" ><span  itemscope=\"itemscope\" itemtype=\"https:\/\/schema.org\/ListItem\" itemprop=\"itemListElement\" ><a itemprop=\"url\" href=\"https:\/\/hueffermann.de\/pl\/\" title=\"H\u00fcffermann\" rel=\"home\" class=\"trail-begin\"><span itemprop=\"name\">Home<\/span><\/a><span itemprop=\"position\" class=\"hidden\">1<\/span><\/span><\/span><\/div><\/div>\n<\/div><\/section>\n<\/div><\/div><\/div><!-- close content main div --><\/div><\/div><div id='av_section_1'  class='avia-section av-r8yd-833224942343c44b9d39a1788a19399c main_color avia-section-default avia-no-border-styling  avia-builder-el-1  el_after_av_textblock  avia-builder-el-last  avia-bg-style-scroll container_wrap sidebar_left'  ><div class='container av-section-cont-open' ><div class='template-page content  av-content-small units'><div class='post-entry post-entry-type-page post-entry-46708'><div class='entry-content-wrapper clearfix'>\n<section  class='av_textblock_section av-lyzlof8m-dc648c99126e4c31e512d511aa264b64 '   itemscope=\"itemscope\" itemtype=\"https:\/\/schema.org\/CreativeWork\" ><div class='avia_textblock'  itemprop=\"text\" ><h1>Stopka redakcyjna<\/h1>\n<p><strong>Podmiot odpowiedzialny w rozumieniu \u00a7 5 TMG [ustawa o telemediach]<\/strong><\/p>\n<p>H\u00fcffermann Transportsysteme GmbH<br \/>\nKampehler Stra\u00dfe 10<br \/>\n16845 Neustadt (Dosse)<br \/>\ntel.: +49 33970 996-0<br \/>\nfaks: +49 33970 132-16<br \/>\ne-mail: info@hueffermann.de<\/p>\n<p>Prezes uprawniony do reprezentowania:<\/p>\n<p>Bastian Litterscheid, Lennart Kluge<\/p>\n<p>S\u0105d rejestrowy:\u00a0Amtsgericht Neuruppin<br \/>\nNumer rejestru:\u00a0HRB 85<br \/>\nNumer identyfikacji podatkowej w\u00a0rozumieniu \u00a7 27 a\u00a0ustawy o\u00a0podatku od towar\u00f3w i\u00a0us\u0142ug:\u00a0DE811483909<\/p>\n<p>Osoba odpowiedzialna za tre\u015b\u0107 w\u00a0rozumieniu \u00a7 55 ust. 2 MDStV:<br \/>\nLennart Kluge<br \/>\nH\u00fcffermann Transportsysteme GmbH, biuro sprzeda\u017cy<br \/>\nKampehler Stra\u00dfe 10<br \/>\n16845 Neustadt (Dosse)<br \/>\nZastrze\u017cenia prawne dotycz\u0105ce niniejszej strony internetowej:<\/p>\n<p>1 Zawarto\u015b\u0107 oferty online<br \/>\nFirma H\u00fcffermann Transportsysteme GmbH nie ponosi odpowiedzialno\u015bci za aktualno\u015b\u0107, poprawno\u015b\u0107, kompletno\u015b\u0107 ani jako\u015b\u0107 udost\u0119pnianych informacji. Roszczenia wobec autora z\u00a0tytu\u0142u odpowiedzialno\u015bci cywilnej za szkody materialne lub niematerialne powsta\u0142e w\u00a0wyniku wykorzystania lub niewykorzystania udost\u0119pnionych informacji lub w\u00a0wyniku wykorzystania b\u0142\u0119dnych lub niekompletnych informacji, s\u0105 z\u00a0zasady wykluczone, o\u00a0ile ze strony autora nie mo\u017cna udowodni\u0107 dzia\u0142ania umy\u015blnego lub ra\u017c\u0105cego niedbalstwa.<br \/>\nWszystkie oferty mog\u0105 ulec zmianie i\u00a0nie s\u0105 wi\u0105\u017c\u0105ce. Firma H\u00fcffermann Transportsysteme GmbH wyra\u017anie zastrzega sobie prawo do zmiany, uzupe\u0142niania, usuwania lub czasowego b\u0105d\u017a trwa\u0142ego zaprzestania publikacji cz\u0119\u015bci stron lub ca\u0142ej strony internetowej bez uprzedniego powiadomienia.<br \/>\nPrzedstawione pojazdy mog\u0105 zawiera\u0107 wyposa\u017cenie dodatkowe, kt\u00f3re jest dost\u0119pne za dodatkow\u0105 op\u0142at\u0105.<\/p>\n<p>2 Odsy\u0142acze i\u00a0linki<br \/>\nFirma H\u00fcffermann Transportsysteme GmbH nie ponosi odpowiedzialno\u015bci za tre\u015bci, do kt\u00f3rych prowadz\u0105 odsy\u0142acze z\u00a0jej stron \u2013 zar\u00f3wno po\u015brednio, jak i\u00a0bezpo\u015brednio \u2013 chyba \u017ce posiada pe\u0142n\u0105 wiedz\u0119 o\u00a0nielegalnych tre\u015bciach i\u00a0by\u0142aby technicznie w\u00a0stanie zapobiec przegl\u0105daniu tych stron przez odwiedzaj\u0105cych jej stron\u0119.<br \/>\nFirma H\u00fcffermann Transportsysteme GmbH o\u015bwiadcza niniejszym wyra\u017anie, \u017ce w\u00a0momencie tworzenia link\u00f3w do stron, do kt\u00f3rych one prowadz\u0105, nie mo\u017cna by\u0142o rozpozna\u0107 \u017cadnych nielegalnych tre\u015bci. Firma H\u00fcffermann Transportsysteme GmbH nie ma wp\u0142ywu na aktualny i\u00a0przysz\u0142y kszta\u0142t, zawarto\u015b\u0107 lub autorstwo stron, do kt\u00f3rych prowadz\u0105 linki. Z\u00a0tego powodu dystansuje si\u0119 niniejszym od wszystkich tre\u015bci wszystkich stron, do kt\u00f3rych prowadz\u0105 linki, a\u00a0kt\u00f3re zosta\u0142y zmienione po utworzeniu linku. O\u015bwiadczenie to dotyczy wszystkich link\u00f3w i\u00a0odsy\u0142aczy utworzonych na w\u0142asnej stronie internetowej, jak r\u00f3wnie\u017c obcych wpis\u00f3w w\u00a0za\u0142o\u017conych przez autora ksi\u0119gach go\u015bci, forach dyskusyjnych i\u00a0listach wysy\u0142kowych. Za nielegalne, b\u0142\u0119dne lub niekompletne tre\u015bci, a\u00a0w\u00a0szczeg\u00f3lno\u015bci za szkody powsta\u0142e w\u00a0wyniku wykorzystania lub niewykorzystania takich informacji, odpowiedzialno\u015b\u0107 ponosi wy\u0142\u0105cznie oferent strony, do kt\u00f3rej prowadzi odsy\u0142acz, a\u00a0nie ten, kto jedynie odsy\u0142a do danej publikacji za pomoc\u0105 link\u00f3w.<\/p>\n<p>3 Prawo autorskie i\u00a0prawo znak\u00f3w towarowych<br \/>\nFirma H\u00fcffermann Transportsysteme GmbH stara si\u0119 przestrzega\u0107 praw autorskich do grafik, dokument\u00f3w d\u017awi\u0119kowych, sekwencji wideo i\u00a0tekst\u00f3w zamieszczonych we wszystkich publikacjach, wykorzystywa\u0107 grafiki, dokumenty d\u017awi\u0119kowe, sekwencje wideo i\u00a0teksty stworzone przez siebie lub korzysta\u0107 z\u00a0grafik, dokument\u00f3w d\u017awi\u0119kowych, sekwencji wideo i\u00a0tekst\u00f3w niepodlegaj\u0105cych licencji.<br \/>\nWszystkie wymienione na stronie internetowej i\u00a0ewentualnie chronione przez osoby trzecie nazwy marek i\u00a0znaki towarowe podlegaj\u0105 bez ogranicze\u0144 postanowieniom obowi\u0105zuj\u0105cego prawa o\u00a0znakach towarowych oraz prawom w\u0142asno\u015bci ich zarejestrowanych w\u0142a\u015bcicieli. Samo wymienienie znaku towarowego nie oznacza, \u017ce nie jest on chroniony prawami os\u00f3b trzecich! Prawa autorskie do opublikowanych obiekt\u00f3w b\u0119d\u0105cych dzie\u0142em samego autora nale\u017c\u0105 wy\u0142\u0105cznie do autora stron. Powielanie lub wykorzystywanie takich grafik, dokument\u00f3w d\u017awi\u0119kowych, sekwencji wideo i\u00a0tekst\u00f3w w\u00a0innych publikacjach elektronicznych lub drukowanych bez zgody autora jest zabronione.<br \/>\nPrawo autorskie i\u00a0Copyright \u00a9 2009 H\u00fcffermann Transportsysteme GmbH i\u00a0jej dostawcy. Wszelkie prawa, kt\u00f3re nie zosta\u0142y wyra\u017anie przyznane w\u00a0niniejszym dokumencie, s\u0105 zastrze\u017cone.<\/p>\n<p>4 Ochrona danych osobowych<br \/>\nJe\u015bli na stronie internetowej istnieje mo\u017cliwo\u015b\u0107 wprowadzenia danych osobowych lub firmowych (adresy e-mail, nazwiska, adresy), to wprowadzenie tych danych przez u\u017cytkownika odbywa si\u0119 dobrowolnie.<\/p>\n<p>Niniejszym zabrania si\u0119 wykorzystywania danych teleadresowych opublikowanych w\u00a0ramach obowi\u0105zku zamieszczenia stopki redakcyjnej przez osoby trzecie w\u00a0celu przesy\u0142ania materia\u0142\u00f3w reklamowych i\u00a0informacyjnych, kt\u00f3re nie zosta\u0142y wyra\u017anie zam\u00f3wione. Administratorzy stron zastrzegaj\u0105 sobie wyra\u017anie prawo do podj\u0119cia krok\u00f3w prawnych w\u00a0przypadku przesy\u0142ania niezam\u00f3wionych informacji reklamowych, np. w\u00a0formie spamu.<\/p>\n<p>4.1 Google Analytics<br \/>\nW\u00a0zakresie, w\u00a0jakim niniejsza strona korzysta z\u00a0Google Analytics, us\u0142ugi analizy ogl\u0105dalno\u015bci stron internetowych udost\u0119pnianej przez Google, Inc. (\u201eGoogle\u201d), przegl\u0105darka u\u017cytkownika mo\u017ce zapisa\u0107 plik cookie wys\u0142any przez Google Inc. lub osoby trzecie, kt\u00f3ry umo\u017cliwia analiz\u0119 korzystania z\u00a0tej strony internetowej. Zebrane w\u00a0ten spos\u00f3b informacje, w\u00a0tym adres IP u\u017cytkownika, s\u0105 przesy\u0142ane do serwera Google w\u00a0USA i\u00a0tam przechowywane. Google wykorzystuje te informacje do analizy sposobu korzystania przez u\u017cytkownika z\u00a0tej strony internetowej, sporz\u0105dzania sprawozda\u0144 dotycz\u0105cych aktywno\u015bci na stronie internetowej dla jej administratora oraz \u015bwiadczenia innych us\u0142ug zwi\u0105zanych ze sposobem korzystania ze strony internetowej i\u00a0Internetu.<\/p>\n<p>Google mo\u017ce przekazywa\u0107 te informacje osobom trzecim, o\u00a0ile jest to zgodne z\u00a0przepisami prawa lub gdy te osoby trzecie przetwarzaj\u0105 te dane na zlecenie Google. W\u00a0\u017cadnym wypadku Google nie b\u0119dzie \u0142\u0105czy\u0107 adresu IP u\u017cytkownika z\u00a0innymi danymi przechowywanymi przez Google. Mo\u017cesz uniemo\u017cliwi\u0107 instalowanie plik\u00f3w cookie. W\u00a0tym celu nale\u017cy wybra\u0107 opcj\u0119 \u201eNie akceptuj plik\u00f3w cookie\u201d w\u00a0ustawieniach przegl\u0105darki (w\u00a0Internet Explorer w\u00a0\u201eNarz\u0119dzia \/ Opcje internetowe \/ Ochrona danych osobowych \/ Ustawienia\u201d, w\u00a0Firefox w\u00a0\u201eNarz\u0119dzia \/ Ustawienia \/ Ochrona danych osobowych \/ Pliki cookie\u201d).<\/p>\n<p>Nale\u017cy pami\u0119ta\u0107, \u017ce niekt\u00f3re funkcje tej strony mog\u0105 wtedy nie dzia\u0142a\u0107 w\u00a0pe\u0142nym zakresie. Korzystaj\u0105c z\u00a0tej strony internetowej, wyra\u017casz zgod\u0119 na przetwarzanie przez Google zgromadzonych na Tw\u00f3j temat danych w\u00a0wy\u017cej opisany spos\u00f3b i\u00a0w\u00a0wy\u017cej okre\u015blonych celach.<\/p>\n<p>5 Wa\u017cno\u015b\u0107 prawna niniejszego wy\u0142\u0105czenia odpowiedzialno\u015bci<br \/>\nNiniejsze wy\u0142\u0105czenie odpowiedzialno\u015bci nale\u017cy traktowa\u0107 jako cz\u0119\u015b\u0107 strony internetowej, z\u00a0kt\u00f3rej nast\u0105pi\u0142o odes\u0142anie do tej strony. Je\u017celi cz\u0119\u015bci lub poszczeg\u00f3lne sformu\u0142owania niniejszego o\u015bwiadczenia s\u0105 niezgodne z\u00a0obowi\u0105zuj\u0105cym prawem, przesta\u0142y by\u0107 z\u00a0nim zgodne lub nie s\u0105 z\u00a0nim zgodne w\u00a0ca\u0142o\u015bci, nie ma to wp\u0142ywu na tre\u015b\u0107 lub wa\u017cno\u015b\u0107 pozosta\u0142ych cz\u0119\u015bci.<\/p>\n<p>Zastrze\u017cenia:<\/p>\n<p>Informacje zawarte na tej stronie zosta\u0142y starannie sprawdzone i\u00a0s\u0105 regularnie aktualizowane. Nie mo\u017cna jednak zagwarantowa\u0107, \u017ce wszystkie informacje s\u0105 zawsze kompletne, poprawne i\u00a0aktualne.<\/p>\n<p>Wszystkie informacje mog\u0105 zosta\u0107 zmienione, usuni\u0119te lub uzupe\u0142nione bez wcze\u015bniejszego powiadomienia. \u201eKlient\u201d nie ponosi zatem \u017cadnej odpowiedzialno\u015bci za jakiekolwiek b\u0142\u0119dy, pomini\u0119cia lub szkody powsta\u0142e w\u00a0wyniku korzystania z\u00a0informacji zawartych na naszych stronach internetowych.<\/p>\n<p>Pomimo starannej kontroli tre\u015bci nie ponosimy odpowiedzialno\u015bci za tre\u015b\u0107 zewn\u0119trznych link\u00f3w. Za tre\u015b\u0107 stron, do kt\u00f3rych prowadz\u0105 linki, odpowiedzialno\u015b\u0107 ponosz\u0105 wy\u0142\u0105cznie ich administratorzy.<\/p>\n<p>Wskaz\u00f3wka:<\/p>\n<p>Brak upomnienia bez wcze\u015bniejszego pisemnego powiadomienia! Je\u015bli tre\u015b\u0107 lub forma naszych stron internetowych narusza prawa os\u00f3b trzecich lub przepisy prawne, prosimy o\u00a0powiadomienie nas o\u00a0tym fakcie bez wysy\u0142ania faktury. Usuni\u0119cie ewentualnego naruszenia praw w\u0142asno\u015bci, wynikaj\u0105cego z\u00a0tych stron, przez samych w\u0142a\u015bcicieli praw w\u0142asno\u015bci nie mo\u017ce nast\u0105pi\u0107 bez naszej zgody.<\/p>\n<p>Gwarantujemy, \u017ce s\u0142usznie zakwestionowane fragmenty zostan\u0105 natychmiast usuni\u0119te bez udzia\u0142u Pa\u0144stwa adwokat\u00f3w. Niemniej jednak w\u00a0ca\u0142o\u015bci odrzucamy wszelkie \u017c\u0105dania rekompensaty poniesionych przez Pa\u0144stwa koszt\u00f3w w\u00a0przypadku braku wcze\u015bniejszego powiadomienia i\u00a0w\u00a0razie potrzeby wniesiemy pow\u00f3dztwo wzajemne z\u00a0powodu naruszenia wy\u017cej wymienionych warunk\u00f3w.<\/p>\n<\/div><\/section>\n<\/div><\/div><\/div><!-- close content main div --><\/div><\/div><div id='after_section_1'  class='main_color av_default_container_wrap container_wrap sidebar_left'  ><div class='container av-section-cont-open' ><div class='template-page content  av-content-small units'><div class='post-entry post-entry-type-page post-entry-46708'><div class='entry-content-wrapper clearfix'>\n","protected":false},"excerpt":{"rendered":"","protected":false},"author":5,"featured_media":0,"parent":50079,"menu_order":0,"comment_status":"closed","ping_status":"closed","template":"","meta":{"_acf_changed":false,"_relevanssi_hide_post":"","_relevanssi_hide_content":"","_relevanssi_pin_for_all":"","_relevanssi_pin_keywords":"","_relevanssi_unpin_keywords":"","_relevanssi_related_keywords":"","_relevanssi_related_include_ids":"","_relevanssi_related_exclude_ids":"","_relevanssi_related_no_append":"","_relevanssi_related_not_related":"","_relevanssi_related_posts":"45374","_relevanssi_noindex_reason":"","footnotes":""},"class_list":["post-46708","page","type-page","status-publish","hentry"],"acf":[],"yoast_head":"<!-- This site is optimized with the Yoast SEO Premium plugin v26.4 (Yoast SEO v27.2) - https:\/\/yoast.com\/product\/yoast-seo-premium-wordpress\/ -->\n<title>Stopka redakcyjna - H\u00fcffermann<\/title>\n<meta name=\"robots\" content=\"index, follow, max-snippet:-1, max-image-preview:large, max-video-preview:-1\" \/>\n<link rel=\"canonical\" href=\"https:\/\/hueffermann.de\/pl\/informacje-kontakt\/impressum\/\" \/>\n<meta property=\"og:locale\" content=\"pl_PL\" \/>\n<meta property=\"og:type\" content=\"article\" \/>\n<meta property=\"og:title\" content=\"Stopka redakcyjna\" \/>\n<meta property=\"og:url\" content=\"https:\/\/hueffermann.de\/pl\/informacje-kontakt\/impressum\/\" \/>\n<meta property=\"og:site_name\" content=\"H\u00fcffermann\" \/>\n<meta property=\"article:modified_time\" content=\"2025-09-04T10:16:28+00:00\" \/>\n<meta name=\"twitter:card\" content=\"summary_large_image\" \/>\n<meta name=\"twitter:label1\" content=\"Szacowany czas czytania\" \/>\n\t<meta name=\"twitter:data1\" content=\"7 minut\" \/>\n<script type=\"application\/ld+json\" class=\"yoast-schema-graph\">{\"@context\":\"https:\/\/schema.org\",\"@graph\":[{\"@type\":\"WebPage\",\"@id\":\"https:\/\/hueffermann.de\/pl\/informacje-kontakt\/impressum\/\",\"url\":\"https:\/\/hueffermann.de\/pl\/informacje-kontakt\/impressum\/\",\"name\":\"Stopka redakcyjna - H\u00fcffermann\",\"isPartOf\":{\"@id\":\"https:\/\/hueffermann.de\/en\/#website\"},\"datePublished\":\"2024-02-16T09:07:27+00:00\",\"dateModified\":\"2025-09-04T10:16:28+00:00\",\"breadcrumb\":{\"@id\":\"https:\/\/hueffermann.de\/pl\/informacje-kontakt\/impressum\/#breadcrumb\"},\"inLanguage\":\"pl-PL\",\"potentialAction\":[{\"@type\":\"ReadAction\",\"target\":[\"https:\/\/hueffermann.de\/pl\/informacje-kontakt\/impressum\/\"]}]},{\"@type\":\"BreadcrumbList\",\"@id\":\"https:\/\/hueffermann.de\/pl\/informacje-kontakt\/impressum\/#breadcrumb\",\"itemListElement\":[{\"@type\":\"ListItem\",\"position\":1,\"name\":\"Home\",\"item\":\"https:\/\/hueffermann.de\/pl\/home\/\"},{\"@type\":\"ListItem\",\"position\":2,\"name\":\"informacje kontakt\",\"item\":\"https:\/\/hueffermann.de\/pl\/informacje-kontakt\/\"},{\"@type\":\"ListItem\",\"position\":3,\"name\":\"Stopka redakcyjna\"}]},{\"@type\":\"WebSite\",\"@id\":\"https:\/\/hueffermann.de\/en\/#website\",\"url\":\"https:\/\/hueffermann.de\/en\/\",\"name\":\"H\u00fcffermann\",\"description\":\"\",\"potentialAction\":[{\"@type\":\"SearchAction\",\"target\":{\"@type\":\"EntryPoint\",\"urlTemplate\":\"https:\/\/hueffermann.de\/en\/?s={search_term_string}\"},\"query-input\":{\"@type\":\"PropertyValueSpecification\",\"valueRequired\":true,\"valueName\":\"search_term_string\"}}],\"inLanguage\":\"pl-PL\"}]}<\/script>\n<!-- \/ Yoast SEO Premium plugin. -->","yoast_head_json":{"title":"Stopka redakcyjna - H\u00fcffermann","robots":{"index":"index","follow":"follow","max-snippet":"max-snippet:-1","max-image-preview":"max-image-preview:large","max-video-preview":"max-video-preview:-1"},"canonical":"https:\/\/hueffermann.de\/pl\/informacje-kontakt\/impressum\/","og_locale":"pl_PL","og_type":"article","og_title":"Stopka redakcyjna","og_url":"https:\/\/hueffermann.de\/pl\/informacje-kontakt\/impressum\/","og_site_name":"H\u00fcffermann","article_modified_time":"2025-09-04T10:16:28+00:00","twitter_card":"summary_large_image","twitter_misc":{"Szacowany czas czytania":"7 minut"},"schema":{"@context":"https:\/\/schema.org","@graph":[{"@type":"WebPage","@id":"https:\/\/hueffermann.de\/pl\/informacje-kontakt\/impressum\/","url":"https:\/\/hueffermann.de\/pl\/informacje-kontakt\/impressum\/","name":"Stopka redakcyjna - H\u00fcffermann","isPartOf":{"@id":"https:\/\/hueffermann.de\/en\/#website"},"datePublished":"2024-02-16T09:07:27+00:00","dateModified":"2025-09-04T10:16:28+00:00","breadcrumb":{"@id":"https:\/\/hueffermann.de\/pl\/informacje-kontakt\/impressum\/#breadcrumb"},"inLanguage":"pl-PL","potentialAction":[{"@type":"ReadAction","target":["https:\/\/hueffermann.de\/pl\/informacje-kontakt\/impressum\/"]}]},{"@type":"BreadcrumbList","@id":"https:\/\/hueffermann.de\/pl\/informacje-kontakt\/impressum\/#breadcrumb","itemListElement":[{"@type":"ListItem","position":1,"name":"Home","item":"https:\/\/hueffermann.de\/pl\/home\/"},{"@type":"ListItem","position":2,"name":"informacje kontakt","item":"https:\/\/hueffermann.de\/pl\/informacje-kontakt\/"},{"@type":"ListItem","position":3,"name":"Stopka redakcyjna"}]},{"@type":"WebSite","@id":"https:\/\/hueffermann.de\/en\/#website","url":"https:\/\/hueffermann.de\/en\/","name":"H\u00fcffermann","description":"","potentialAction":[{"@type":"SearchAction","target":{"@type":"EntryPoint","urlTemplate":"https:\/\/hueffermann.de\/en\/?s={search_term_string}"},"query-input":{"@type":"PropertyValueSpecification","valueRequired":true,"valueName":"search_term_string"}}],"inLanguage":"pl-PL"}]}},"_links":{"self":[{"href":"https:\/\/hueffermann.de\/pl\/wp-json\/wp\/v2\/pages\/46708","targetHints":{"allow":["GET"]}}],"collection":[{"href":"https:\/\/hueffermann.de\/pl\/wp-json\/wp\/v2\/pages"}],"about":[{"href":"https:\/\/hueffermann.de\/pl\/wp-json\/wp\/v2\/types\/page"}],"author":[{"embeddable":true,"href":"https:\/\/hueffermann.de\/pl\/wp-json\/wp\/v2\/users\/5"}],"replies":[{"embeddable":true,"href":"https:\/\/hueffermann.de\/pl\/wp-json\/wp\/v2\/comments?post=46708"}],"version-history":[{"count":7,"href":"https:\/\/hueffermann.de\/pl\/wp-json\/wp\/v2\/pages\/46708\/revisions"}],"predecessor-version":[{"id":53237,"href":"https:\/\/hueffermann.de\/pl\/wp-json\/wp\/v2\/pages\/46708\/revisions\/53237"}],"up":[{"embeddable":true,"href":"https:\/\/hueffermann.de\/pl\/wp-json\/wp\/v2\/pages\/50079"}],"wp:attachment":[{"href":"https:\/\/hueffermann.de\/pl\/wp-json\/wp\/v2\/media?parent=46708"}],"curies":[{"name":"wp","href":"https:\/\/api.w.org\/{rel}","templated":true}]}}