{"id":46733,"date":"2024-04-04T11:26:33","date_gmt":"2024-04-04T09:26:33","guid":{"rendered":"https:\/\/hueffermann.de\/schwarzmueller\/"},"modified":"2024-10-29T15:37:57","modified_gmt":"2024-10-29T14:37:57","slug":"schwarzmueller","status":"publish","type":"page","link":"https:\/\/hueffermann.de\/pl\/firma\/schwarzmueller\/","title":{"rendered":"Schwarzm\u00fcller"},"content":{"rendered":"\n<style type=\"text\/css\" data-created_by=\"avia_inline_auto\" id=\"style-css-av-lv3qwffc-b11ff320dd87b3aae9d3fd1fa528c599\">\n.avia-section.av-lv3qwffc-b11ff320dd87b3aae9d3fd1fa528c599{\nbackground-repeat:no-repeat;\nbackground-image:url(https:\/\/hueffermann.de\/wp-content\/uploads\/sites\/3\/2024\/05\/csm_schwarzmueller_unternehmen_granit_5b5e07eeec.jpg);\nbackground-position:50% 50%;\nbackground-attachment:scroll;\n}\n.avia-section.av-lv3qwffc-b11ff320dd87b3aae9d3fd1fa528c599 .av-section-color-overlay{\nopacity:0.5;\nbackground-color:#0a0a0a;\n}\n<\/style>\n<div id='av_section_1'  class='avia-section av-lv3qwffc-b11ff320dd87b3aae9d3fd1fa528c599 main_color avia-section-huge avia-no-border-styling  avia-builder-el-0  el_before_av_textblock  avia-builder-el-first  avia-full-stretch avia-bg-style-scroll av-section-color-overlay-active av-minimum-height av-minimum-height-custom av-height-custom  container_wrap sidebar_left'  data-section-bg-repeat='stretch' data-av_minimum_height_px='512'><div class=\"av-section-color-overlay-wrap\"><div class=\"av-section-color-overlay\"><\/div><div class='container av-section-cont-open' style='height:512px'><main  role=\"main\" itemprop=\"mainContentOfPage\"  class='template-page content  av-content-small units'><div class='post-entry post-entry-type-page post-entry-46733'><div class='entry-content-wrapper clearfix'>\n\n<style type=\"text\/css\" data-created_by=\"avia_inline_auto\" id=\"style-css-av-lv3qw0b0-c4dbe3ea569ffd8f720640c479a5b182\">\n#top .av_textblock_section.av-lv3qw0b0-c4dbe3ea569ffd8f720640c479a5b182 .avia_textblock{\ncolor:#ffffff;\n}\n<\/style>\n<section  class='av_textblock_section av-lv3qw0b0-c4dbe3ea569ffd8f720640c479a5b182 '   itemscope=\"itemscope\" itemtype=\"https:\/\/schema.org\/CreativeWork\" ><div class='avia_textblock hero-title av_inherit_color'  itemprop=\"text\" ><h1>Wilhelm Schwarzm\u00fcller GmbH<\/h1>\n<\/div><\/section>\n<\/div><\/div><\/main><!-- close content main element --><\/div><\/div><\/div><div id='after_section_1'  class='main_color av_default_container_wrap container_wrap sidebar_left'  ><div class='container av-section-cont-open' ><div class='template-page content  av-content-small units'><div class='post-entry post-entry-type-page post-entry-46733'><div class='entry-content-wrapper clearfix'>\n<section  class='av_textblock_section av-av_textblock-b24ce34b7cbb3066dbe98fb27243f9ab '   itemscope=\"itemscope\" itemtype=\"https:\/\/schema.org\/CreativeWork\" ><div class='avia_textblock sch-breadcrumb'  itemprop=\"text\" ><div class=\"breadcrumb breadcrumbs avia-breadcrumbs\"><div class=\"breadcrumb-trail\" ><span class=\"trail-before\"><span class=\"breadcrumb-title\">Jeste\u015b tutaj:<\/span><\/span> <span  itemscope=\"itemscope\" itemtype=\"https:\/\/schema.org\/BreadcrumbList\" ><span  itemscope=\"itemscope\" itemtype=\"https:\/\/schema.org\/ListItem\" itemprop=\"itemListElement\" ><a itemprop=\"url\" href=\"https:\/\/hueffermann.de\/pl\/\" title=\"H\u00fcffermann\" rel=\"home\" class=\"trail-begin\"><span itemprop=\"name\">Home<\/span><\/a><span itemprop=\"position\" class=\"hidden\">1<\/span><\/span><\/span><\/div><\/div>\n<\/div><\/section>\n<\/div><\/div><\/div><!-- close content main div --><\/div><\/div><div id='av_section_2'  class='avia-section av-lv3qwus6-289faef83ce24734db1185c6965249c7 main_color avia-section-huge avia-no-border-styling  avia-builder-el-3  el_after_av_textblock  el_before_av_section  avia-bg-style-scroll container_wrap sidebar_left'  ><div class='container av-section-cont-open' ><div class='template-page content  av-content-small units'><div class='post-entry post-entry-type-page post-entry-46733'><div class='entry-content-wrapper clearfix'>\n<div class='flex_column_table av-55byqic-60bd6557f8dcf0b4f336750bb8990a01 sc-av_one_full av-equal-height-column-flextable'><div  class='flex_column av-55byqic-60bd6557f8dcf0b4f336750bb8990a01 av_one_full  avia-builder-el-4  el_before_av_one_half  avia-builder-el-first  first flex_column_table_cell av-equal-height-column av-align-top  '     ><section  class='av_textblock_section av-lv3qx23i-212496149ea40443ac94b4be2d356fae '   itemscope=\"itemscope\" itemtype=\"https:\/\/schema.org\/CreativeWork\" ><div class='avia_textblock image-dark-section-title'  itemprop=\"text\" ><div id=\"c37893\" class=\"frame frame-type-text frame-layout-0 frame-space-before-none frame-space-after-extra-large frame-padding-top-none frame-padding-bottom-none frame-\">\n<div class=\"ce-content\">\n<h2 class=\"schwa-h3\"><strong>Zasi\u0119g og\u00f3lnoeuropejski<\/strong><\/h2>\n<p><strong>Nastawienie na rozwi\u0105zania i innowacyjno\u015b\u0107 jako czynniki sukcesu<br \/><\/strong><\/p>\n<\/div>\n<\/div>\n<div id=\"c37890\" class=\"frame frame-type-wst3bootstrap_container frame-layout-0 frame-space-before-none frame-space-after-none frame-padding-top-none frame-padding-bottom-none frame-\">\n<div class=\"ce-content\">\n<div class=\"groupelements bg- \">\n<div id=\"c37889\" class=\"frame frame-type-text frame-layout-0 frame-space-before-none frame-space-after-medium frame-padding-top-none frame-padding-bottom-none frame-\">\n<div class=\"ce-content\"><\/div>\n<\/div>\n<\/div>\n<\/div>\n<\/div>\n<\/div><\/section><\/div><\/div><!--close column table wrapper. Autoclose: 1 --><div  class='flex_column av-gv2ehg-62b391c335e42532fbce15826e4bf168 av_one_half  avia-builder-el-6  el_after_av_one_full  el_before_av_one_half  first flex_column_div  column-top-margin'     ><style type=\"text\/css\" data-created_by=\"avia_inline_auto\" id=\"style-css-av-lv3qxug0-20a3ced3d143c99dc925f2d411707eee\">\n.avia-image-container.av-lv3qxug0-20a3ced3d143c99dc925f2d411707eee img.avia_image{\nbox-shadow:none;\n}\n.avia-image-container.av-lv3qxug0-20a3ced3d143c99dc925f2d411707eee .av-image-caption-overlay-center{\ncolor:#ffffff;\n}\n<\/style>\n<div  class='avia-image-container av-lv3qxug0-20a3ced3d143c99dc925f2d411707eee av-styling- avia-align-center  avia-builder-el-7  avia-builder-el-no-sibling '   itemprop=\"image\" itemscope=\"itemscope\" itemtype=\"https:\/\/schema.org\/ImageObject\" ><div class=\"avia-image-container-inner\"><div class=\"avia-image-overlay-wrap\"><img decoding=\"async\" fetchpriority=\"high\" class='wp-image-44373 avia-img-lazy-loading-not-44373 avia_image ' src=\"https:\/\/hueffermann.de\/wp-content\/uploads\/sites\/3\/2024\/05\/csm_hanzing-luftaufnahme_1000x1000_d204e008e8.jpg\" alt='' title='csm_hanzing-luftaufnahme_1000x1000_d204e008e8'  height=\"700\" width=\"700\"  itemprop=\"thumbnailUrl\" srcset=\"https:\/\/hueffermann.de\/wp-content\/uploads\/sites\/3\/2024\/05\/csm_hanzing-luftaufnahme_1000x1000_d204e008e8.jpg 700w, https:\/\/hueffermann.de\/wp-content\/uploads\/sites\/3\/2024\/05\/csm_hanzing-luftaufnahme_1000x1000_d204e008e8-300x300.jpg 300w, https:\/\/hueffermann.de\/wp-content\/uploads\/sites\/3\/2024\/05\/csm_hanzing-luftaufnahme_1000x1000_d204e008e8-80x80.jpg 80w, https:\/\/hueffermann.de\/wp-content\/uploads\/sites\/3\/2024\/05\/csm_hanzing-luftaufnahme_1000x1000_d204e008e8-36x36.jpg 36w, https:\/\/hueffermann.de\/wp-content\/uploads\/sites\/3\/2024\/05\/csm_hanzing-luftaufnahme_1000x1000_d204e008e8-180x180.jpg 180w\" sizes=\"(max-width: 700px) 100vw, 700px\" \/><\/div><\/div><\/div><\/div><div  class='flex_column av-oib3g4-e1c66db971705b07fdd0494b62777b4b av_one_half  avia-builder-el-8  el_after_av_one_half  avia-builder-el-last  flex_column_div  column-top-margin'     ><section  class='av_textblock_section av-lw7mbxte-faa92ddb249edfeab956258b0456bd1f '   itemscope=\"itemscope\" itemtype=\"https:\/\/schema.org\/CreativeWork\" ><div class='avia_textblock image-dark-section-title'  itemprop=\"text\" ><p>Schwarzm\u00fcller Gruppe z siedzib\u0105 we Freinberg w powiecie Sch\u00e4rding (Austria) jest jednym z najwi\u0119kszych dostawc\u00f3w ci\u0105gnionych pojazd\u00f3w u\u017cytkowych w Europie. Firma projektuje, produkuje i serwisuje pojazdy klasy premium do spersonalizowanych rozwi\u0105za\u0144 transportowych z gwarancj\u0105 warto\u015bci dodanej. Schwarzm\u00fcller wyznacza jako lider innowacji i technologii ze 150-letni\u0105 histori\u0105 standardy w dziedzinie pojazd\u00f3w u\u017cytkowych. Schwarzm\u00fcller Gruppe posiada mi\u0119dzynarodow\u0105 sie\u0107 w 21 krajach Europy \u015arodowej i Wschodniej. W macierzystym zak\u0142adzie Hanzing w gminie Freinberg (Austria) oraz zak\u0142adach produkcyjnych w Dunaharaszti (W\u0119gry), \u017debr\u00e1k (Czechy) i Neustadt\/Dosse (Niemcy) firma produkuje wraz ze swoj\u0105 sp\u00f3\u0142k\u0105 zale\u017cn\u0105 H\u00fcffermann Transportsysteme rocznie ponad 10 000 naczep i nadwozi pojazd\u00f3w ci\u0119\u017carowych marek Schwarzm\u00fcller i H\u00fcffermann. Maj\u0105c 2150 zatrudnionych os\u00f3b, grupa wypracowuje przychody w wysoko\u015bci 366 mln EUR (stan na 2020 r.). Opr\u00f3cz budowy pojazd\u00f3w zgodnie ze standardami bran\u017cowymi Schwarzm\u00fcller stawia na kompleksowe us\u0142ugi serwisowe spe\u0142niaj\u0105ce wszystkie wymagania klienta. Opr\u00f3cz przegl\u0105d\u00f3w, napraw i sprzeda\u017cy cz\u0119\u015bci zamiennych portfolio us\u0142ug obejmuje tak\u017ce jedn\u0105 z najwi\u0119kszych w Europie flot na wynajem, w kt\u00f3rej dost\u0119pne s\u0105 tak\u017ce pojazdy specjalne. Schwarzm\u00fcller prowadzi ponadto mi\u0119dzynarodowy handel u\u017cywanymi pojazdami. <\/p>\n<div>\n<div id=\"c37889\">\n<div><\/div>\n<\/div>\n<\/div>\n<\/div><\/section><\/div>\n\n<\/div><\/div><\/div><!-- close content main div --><\/div><\/div>\n<style type=\"text\/css\" data-created_by=\"avia_inline_auto\" id=\"style-css-av-lw7mp707-d79367bf1643e5afecb1b2aad6c11ac2\">\n.avia-section.av-lw7mp707-d79367bf1643e5afecb1b2aad6c11ac2{\nbackground-repeat:no-repeat;\nbackground-image:url(https:\/\/hueffermann.de\/wp-content\/uploads\/sites\/3\/2024\/05\/csm_background_as_fc22498690.jpg);\nbackground-position:50% 50%;\nbackground-attachment:scroll;\nmargin-top:0px;\nmargin-bottom:0px;\n}\n<\/style>\n<div id='av_section_3'  class='avia-section av-lw7mp707-d79367bf1643e5afecb1b2aad6c11ac2 main_color avia-section-default avia-no-border-styling  avia-builder-el-10  el_after_av_section  avia-builder-el-last  avia-full-stretch avia-bg-style-scroll av-minimum-height av-minimum-height-100 av-height-100  container_wrap sidebar_left'  data-section-bg-repeat='stretch' data-av_minimum_height_pc='100' data-av_min_height_opt='100'><div class='container av-section-cont-open' ><div class='template-page content  av-content-small units'><div class='post-entry post-entry-type-page post-entry-46733'><div class='entry-content-wrapper clearfix'>\n\n<style type=\"text\/css\" data-created_by=\"avia_inline_auto\" id=\"style-css-av-lw7mcz0c-8e342b4e9c8e242351f9fa513f321836\">\n#top .av_textblock_section.av-lw7mcz0c-8e342b4e9c8e242351f9fa513f321836 .avia_textblock{\ncolor:#ffffff;\ntext-align:center;\n}\n<\/style>\n<section  class='av_textblock_section av-lw7mcz0c-8e342b4e9c8e242351f9fa513f321836 '   itemscope=\"itemscope\" itemtype=\"https:\/\/schema.org\/CreativeWork\" ><div class='avia_textblock image-dark-section-heading av_inherit_color'  itemprop=\"text\" ><h2 class=\"align-center\">Lokalizacje Schwarzm\u00fcller<\/h2>\n<p class=\"align-center\">Informacje o zak\u0142adach produkcyjnych, us\u0142ugach serwisowych w oddzia\u0142ach i danych teleadresowych<\/p>\n<\/div><\/section>\n<div  class='avia-button-wrap av-lw7mdiiw-d7ac1a2d805d75518ad0a6a330c5d7e0-wrap avia-button-center  avia-builder-el-12  el_after_av_textblock  avia-builder-el-last  button-filled-red'>\n<style type=\"text\/css\" data-created_by=\"avia_inline_auto\" id=\"style-css-av-lw7mdiiw-d7ac1a2d805d75518ad0a6a330c5d7e0\">\n#top #wrap_all .avia-button.av-lw7mdiiw-d7ac1a2d805d75518ad0a6a330c5d7e0{\nborder-style:hidden;\nborder-radius:0 0 0 0;\ntransition:all 0.4s ease-in-out;\nmargin:2rem 0 2rem 0;\npadding:1rem 2rem 1rem 2rem;\n}\n#top #wrap_all .avia-button.av-lw7mdiiw-d7ac1a2d805d75518ad0a6a330c5d7e0:hover{\nbackground-color:white;\ncolor:black;\ntransition:all 0.4s ease-in-out;\n}\n#top #wrap_all.avia-button.av-lw7mdiiw-d7ac1a2d805d75518ad0a6a330c5d7e0:hover .avia_button_background{\nborder-radius:0 0 0 0;\n}\n#top #wrap_all .avia-button.av-lw7mdiiw-d7ac1a2d805d75518ad0a6a330c5d7e0:hover .avia-svg-icon svg:first-child{\nfill:black;\nstroke:black;\n}\n<\/style>\n<a href='https:\/\/schwarzmueller.com\/pl\/firma-2\/lokalizacje\/'  class='avia-button av-lw7mdiiw-d7ac1a2d805d75518ad0a6a330c5d7e0 av-link-btn avia-icon_select-no avia-size-medium avia-position-center avia-color-theme-color avia-font-color-theme-color'  target=\"_blank\"  rel=\"noopener noreferrer\"  aria-label=\"Ucz si\u0119 wi\u0119cej\"><span class='avia_iconbox_title' >Ucz si\u0119 wi\u0119cej<\/span><\/a><\/div>\n<\/div><\/div><\/div><!-- close content main div --><\/div><\/div><div id='after_section_3'  class='main_color av_default_container_wrap container_wrap sidebar_left'  ><div class='container av-section-cont-open' ><div class='template-page content  av-content-small units'><div class='post-entry post-entry-type-page post-entry-46733'><div class='entry-content-wrapper clearfix'>\n","protected":false},"excerpt":{"rendered":"","protected":false},"author":5,"featured_media":0,"parent":49303,"menu_order":0,"comment_status":"closed","ping_status":"closed","template":"","meta":{"_acf_changed":false,"_relevanssi_hide_post":"","_relevanssi_hide_content":"","_relevanssi_pin_for_all":"","_relevanssi_pin_keywords":"","_relevanssi_unpin_keywords":"","_relevanssi_related_keywords":"","_relevanssi_related_include_ids":"","_relevanssi_related_exclude_ids":"","_relevanssi_related_no_append":"","_relevanssi_related_not_related":"","_relevanssi_related_posts":"50678,50674,50753,50659,50669,50745","_relevanssi_noindex_reason":"","footnotes":""},"class_list":["post-46733","page","type-page","status-publish","hentry"],"acf":[],"yoast_head":"<!-- This site is optimized with the Yoast SEO Premium plugin v26.4 (Yoast SEO v27.2) - https:\/\/yoast.com\/product\/yoast-seo-premium-wordpress\/ -->\n<title>Schwarzm\u00fcller - H\u00fcffermann<\/title>\n<meta name=\"robots\" content=\"index, follow, max-snippet:-1, max-image-preview:large, max-video-preview:-1\" \/>\n<link rel=\"canonical\" href=\"https:\/\/hueffermann.de\/pl\/firma\/schwarzmueller\/\" \/>\n<meta property=\"og:locale\" content=\"pl_PL\" \/>\n<meta property=\"og:type\" content=\"article\" \/>\n<meta property=\"og:title\" content=\"Schwarzm\u00fcller\" \/>\n<meta property=\"og:url\" content=\"https:\/\/hueffermann.de\/pl\/firma\/schwarzmueller\/\" \/>\n<meta property=\"og:site_name\" content=\"H\u00fcffermann\" \/>\n<meta property=\"article:modified_time\" content=\"2024-10-29T14:37:57+00:00\" \/>\n<meta name=\"twitter:card\" content=\"summary_large_image\" \/>\n<meta name=\"twitter:label1\" content=\"Szacowany czas czytania\" \/>\n\t<meta name=\"twitter:data1\" content=\"2 minuty\" \/>\n<script type=\"application\/ld+json\" class=\"yoast-schema-graph\">{\"@context\":\"https:\/\/schema.org\",\"@graph\":[{\"@type\":\"WebPage\",\"@id\":\"https:\/\/hueffermann.de\/pl\/firma\/schwarzmueller\/\",\"url\":\"https:\/\/hueffermann.de\/pl\/firma\/schwarzmueller\/\",\"name\":\"Schwarzm\u00fcller - H\u00fcffermann\",\"isPartOf\":{\"@id\":\"https:\/\/hueffermann.de\/en\/#website\"},\"datePublished\":\"2024-04-04T09:26:33+00:00\",\"dateModified\":\"2024-10-29T14:37:57+00:00\",\"breadcrumb\":{\"@id\":\"https:\/\/hueffermann.de\/pl\/firma\/schwarzmueller\/#breadcrumb\"},\"inLanguage\":\"pl-PL\",\"potentialAction\":[{\"@type\":\"ReadAction\",\"target\":[\"https:\/\/hueffermann.de\/pl\/firma\/schwarzmueller\/\"]}]},{\"@type\":\"BreadcrumbList\",\"@id\":\"https:\/\/hueffermann.de\/pl\/firma\/schwarzmueller\/#breadcrumb\",\"itemListElement\":[{\"@type\":\"ListItem\",\"position\":1,\"name\":\"Home\",\"item\":\"https:\/\/hueffermann.de\/pl\/home\/\"},{\"@type\":\"ListItem\",\"position\":2,\"name\":\"Firma\",\"item\":\"https:\/\/hueffermann.de\/pl\/firma\/\"},{\"@type\":\"ListItem\",\"position\":3,\"name\":\"Schwarzm\u00fcller\"}]},{\"@type\":\"WebSite\",\"@id\":\"https:\/\/hueffermann.de\/en\/#website\",\"url\":\"https:\/\/hueffermann.de\/en\/\",\"name\":\"H\u00fcffermann\",\"description\":\"\",\"potentialAction\":[{\"@type\":\"SearchAction\",\"target\":{\"@type\":\"EntryPoint\",\"urlTemplate\":\"https:\/\/hueffermann.de\/en\/?s={search_term_string}\"},\"query-input\":{\"@type\":\"PropertyValueSpecification\",\"valueRequired\":true,\"valueName\":\"search_term_string\"}}],\"inLanguage\":\"pl-PL\"}]}<\/script>\n<!-- \/ Yoast SEO Premium plugin. -->","yoast_head_json":{"title":"Schwarzm\u00fcller - H\u00fcffermann","robots":{"index":"index","follow":"follow","max-snippet":"max-snippet:-1","max-image-preview":"max-image-preview:large","max-video-preview":"max-video-preview:-1"},"canonical":"https:\/\/hueffermann.de\/pl\/firma\/schwarzmueller\/","og_locale":"pl_PL","og_type":"article","og_title":"Schwarzm\u00fcller","og_url":"https:\/\/hueffermann.de\/pl\/firma\/schwarzmueller\/","og_site_name":"H\u00fcffermann","article_modified_time":"2024-10-29T14:37:57+00:00","twitter_card":"summary_large_image","twitter_misc":{"Szacowany czas czytania":"2 minuty"},"schema":{"@context":"https:\/\/schema.org","@graph":[{"@type":"WebPage","@id":"https:\/\/hueffermann.de\/pl\/firma\/schwarzmueller\/","url":"https:\/\/hueffermann.de\/pl\/firma\/schwarzmueller\/","name":"Schwarzm\u00fcller - H\u00fcffermann","isPartOf":{"@id":"https:\/\/hueffermann.de\/en\/#website"},"datePublished":"2024-04-04T09:26:33+00:00","dateModified":"2024-10-29T14:37:57+00:00","breadcrumb":{"@id":"https:\/\/hueffermann.de\/pl\/firma\/schwarzmueller\/#breadcrumb"},"inLanguage":"pl-PL","potentialAction":[{"@type":"ReadAction","target":["https:\/\/hueffermann.de\/pl\/firma\/schwarzmueller\/"]}]},{"@type":"BreadcrumbList","@id":"https:\/\/hueffermann.de\/pl\/firma\/schwarzmueller\/#breadcrumb","itemListElement":[{"@type":"ListItem","position":1,"name":"Home","item":"https:\/\/hueffermann.de\/pl\/home\/"},{"@type":"ListItem","position":2,"name":"Firma","item":"https:\/\/hueffermann.de\/pl\/firma\/"},{"@type":"ListItem","position":3,"name":"Schwarzm\u00fcller"}]},{"@type":"WebSite","@id":"https:\/\/hueffermann.de\/en\/#website","url":"https:\/\/hueffermann.de\/en\/","name":"H\u00fcffermann","description":"","potentialAction":[{"@type":"SearchAction","target":{"@type":"EntryPoint","urlTemplate":"https:\/\/hueffermann.de\/en\/?s={search_term_string}"},"query-input":{"@type":"PropertyValueSpecification","valueRequired":true,"valueName":"search_term_string"}}],"inLanguage":"pl-PL"}]}},"_links":{"self":[{"href":"https:\/\/hueffermann.de\/pl\/wp-json\/wp\/v2\/pages\/46733","targetHints":{"allow":["GET"]}}],"collection":[{"href":"https:\/\/hueffermann.de\/pl\/wp-json\/wp\/v2\/pages"}],"about":[{"href":"https:\/\/hueffermann.de\/pl\/wp-json\/wp\/v2\/types\/page"}],"author":[{"embeddable":true,"href":"https:\/\/hueffermann.de\/pl\/wp-json\/wp\/v2\/users\/5"}],"replies":[{"embeddable":true,"href":"https:\/\/hueffermann.de\/pl\/wp-json\/wp\/v2\/comments?post=46733"}],"version-history":[{"count":6,"href":"https:\/\/hueffermann.de\/pl\/wp-json\/wp\/v2\/pages\/46733\/revisions"}],"predecessor-version":[{"id":51646,"href":"https:\/\/hueffermann.de\/pl\/wp-json\/wp\/v2\/pages\/46733\/revisions\/51646"}],"up":[{"embeddable":true,"href":"https:\/\/hueffermann.de\/pl\/wp-json\/wp\/v2\/pages\/49303"}],"wp:attachment":[{"href":"https:\/\/hueffermann.de\/pl\/wp-json\/wp\/v2\/media?parent=46733"}],"curies":[{"name":"wp","href":"https:\/\/api.w.org\/{rel}","templated":true}]}}