{"id":49882,"date":"2024-09-22T19:28:23","date_gmt":"2024-09-22T17:28:23","guid":{"rendered":"https:\/\/hueffermann.de\/fleet-template\/"},"modified":"2024-10-29T15:14:59","modified_gmt":"2024-10-29T14:14:59","slug":"fleet-template","status":"publish","type":"page","link":"https:\/\/hueffermann.de\/pl\/fleet-template\/","title":{"rendered":"fleet-template"},"content":{"rendered":"<div id='av_section_1'  class='avia-section av-av_section-a0e39094734048265c0e1e923eda209c main_color avia-section-huge avia-no-border-styling  avia-builder-el-0  el_before_av_section  avia-builder-el-first  avia-bg-style-scroll container_wrap sidebar_left'  ><div class='container av-section-cont-open' ><main  role=\"main\" itemprop=\"mainContentOfPage\"  class='template-page content  av-content-small units'><div class='post-entry post-entry-type-page post-entry-49882'><div class='entry-content-wrapper clearfix'>\n\n<style type=\"text\/css\" data-created_by=\"avia_inline_auto\" id=\"style-css-av-m2uj2z9n-3c02811ec99fcca1fe2c33b2b9e7a781\">\n#top .av_textblock_section.av-m2uj2z9n-3c02811ec99fcca1fe2c33b2b9e7a781 .avia_textblock{\ntext-align:center;\n}\n<\/style>\n<section  class='av_textblock_section av-m2uj2z9n-3c02811ec99fcca1fe2c33b2b9e7a781 '   itemscope=\"itemscope\" itemtype=\"https:\/\/schema.org\/CreativeWork\" ><div class='avia_textblock image-dark-section-heading av_inherit_color'  itemprop=\"text\" ><h2 class=\"align-center schwa-h4\"><strong>Tw\u00f3j konsultant H\u00fcffermann<\/strong><\/h2>\n<p class=\"align-center\">Zawsze w pobli\u017cu. Jeste\u015bmy do us\u0142ug.<\/p>\n<\/div><\/section>\n<div  class='avia-button-wrap av-m2uj2npi-2ad04f5798ee84c8ba2fe88056eda200-wrap avia-button-center  avia-builder-el-2  el_after_av_textblock  avia-builder-el-last  button-filled-white'>\n<style type=\"text\/css\" data-created_by=\"avia_inline_auto\" id=\"style-css-av-m2uj2npi-2ad04f5798ee84c8ba2fe88056eda200\">\n#top #wrap_all .avia-button.av-m2uj2npi-2ad04f5798ee84c8ba2fe88056eda200{\nborder-style:hidden;\nborder-radius:0 0 0 0;\ntransition:all 0.4s ease-in-out;\nmargin:2rem 0 0 0;\npadding:1rem 2rem 1rem 2rem;\n}\n#top #wrap_all .avia-button.av-m2uj2npi-2ad04f5798ee84c8ba2fe88056eda200:hover{\nbackground-color:white;\ncolor:black;\ntransition:all 0.4s ease-in-out;\n}\n#top #wrap_all.avia-button.av-m2uj2npi-2ad04f5798ee84c8ba2fe88056eda200:hover .avia_button_background{\nborder-radius:0 0 0 0;\n}\n#top #wrap_all .avia-button.av-m2uj2npi-2ad04f5798ee84c8ba2fe88056eda200:hover .avia-svg-icon svg:first-child{\nfill:black;\nstroke:black;\n}\n<\/style>\n<a href='https:\/\/hueffermann.de\/pl\/informacje-kontakt\/konsultanci\/'  class='avia-button av-m2uj2npi-2ad04f5798ee84c8ba2fe88056eda200 av-link-btn avia-icon_select-no avia-size-medium avia-position-center avia-color-theme-color avia-font-color-theme-color'   aria-label=\"Wyszukaj konsultanta\"><span class='avia_iconbox_title' >Wyszukaj konsultanta<\/span><\/a><\/div>\n<\/div><\/div><\/main><!-- close content main element --><\/div><\/div>\n<style type=\"text\/css\" data-created_by=\"avia_inline_auto\" id=\"style-css-av-av_section-5e7dd03c37d193c16e719c15187cf25c\">\n.avia-section.av-av_section-5e7dd03c37d193c16e719c15187cf25c{\nbackground-repeat:no-repeat;\nbackground-image:url(https:\/\/hueffermann.de\/wp-content\/uploads\/sites\/3\/2024\/10\/hueffermann-background-img-header-modulbauweise.jpg);\nbackground-position:0% 0%;\nbackground-attachment:scroll;\n}\n.avia-section.av-av_section-5e7dd03c37d193c16e719c15187cf25c .av-section-color-overlay{\nopacity:0.5;\nbackground-color:#000000;\n}\n<\/style>\n<div id='av_section_2'  class='avia-section av-av_section-5e7dd03c37d193c16e719c15187cf25c main_color avia-section-no-padding avia-no-border-styling  avia-builder-el-3  el_after_av_section  el_before_av_section  image-dark-section-background avia-full-stretch avia-bg-style-scroll av-section-color-overlay-active av-minimum-height av-minimum-height-100 av-height-100  container_wrap sidebar_left'  data-section-bg-repeat='stretch' data-av_minimum_height_pc='100' data-av_min_height_opt='100'><div class=\"av-section-color-overlay-wrap\"><div class=\"av-section-color-overlay\"><\/div><div class='container av-section-cont-open' ><div class='template-page content  av-content-small units'><div class='post-entry post-entry-type-page post-entry-49882'><div class='entry-content-wrapper clearfix'>\n\n<style type=\"text\/css\" data-created_by=\"avia_inline_auto\" id=\"style-css-av-m2uj38d2-e64d5d4d3aec48bb8e2261be599712e1\">\n#top .av_textblock_section.av-m2uj38d2-e64d5d4d3aec48bb8e2261be599712e1 .avia_textblock{\ncolor:#ffffff;\ntext-align:left;\n}\n<\/style>\n<section  class='av_textblock_section av-m2uj38d2-e64d5d4d3aec48bb8e2261be599712e1 '   itemscope=\"itemscope\" itemtype=\"https:\/\/schema.org\/CreativeWork\" ><div class='avia_textblock image-dark-section-heading av_inherit_color'  itemprop=\"text\" ><h2>System modu\u0142owy H\u00fcffermann sprawdza si\u0119 w ka\u017cdym zastosowaniu<\/h2>\n<p>Modu\u0142owa konstrukcja H\u00fcffermann zapewnia dwie istotne korzy\u015bci: po pierwsze indywidualn\u0105 konstrukcj\u0119, kt\u00f3ra precyzyjnie spe\u0142nia dane wymagania, a zarazem wysokiej klasy wykonanie \u2013 w ca\u0142o\u015bci \u201emade in Germany\u201d. H\u00fcffermann montuje wy\u0142\u0105cznie pierwszorz\u0119dne podzespo\u0142y renomowanych producent\u00f3w, co przek\u0142ada si\u0119 na d\u0142ugi okres eksploatacji i p\u00f3\u017aniejsze oszcz\u0119dno\u015bci.<\/p>\n<\/div><\/section>\n<div  class='avia-button-wrap av-m2uj3bti-e1bfe5f75158d2968d43da058374f208-wrap avia-button-left  avia-builder-el-5  el_after_av_textblock  avia-builder-el-last  button-filled-red'>\n<style type=\"text\/css\" data-created_by=\"avia_inline_auto\" id=\"style-css-av-m2uj3bti-e1bfe5f75158d2968d43da058374f208\">\n#top #wrap_all .avia-button.av-m2uj3bti-e1bfe5f75158d2968d43da058374f208{\nborder-style:hidden;\nborder-radius:0 0 0 0;\ntransition:all 0.4s ease-in-out;\nmargin:2rem 0 2rem 0;\npadding:1rem 2rem 1rem 2rem;\n}\n#top #wrap_all .avia-button.av-m2uj3bti-e1bfe5f75158d2968d43da058374f208:hover{\nbackground-color:white;\ncolor:black;\ntransition:all 0.4s ease-in-out;\n}\n#top #wrap_all.avia-button.av-m2uj3bti-e1bfe5f75158d2968d43da058374f208:hover .avia_button_background{\nborder-radius:0 0 0 0;\n}\n#top #wrap_all .avia-button.av-m2uj3bti-e1bfe5f75158d2968d43da058374f208:hover .avia-svg-icon svg:first-child{\nfill:black;\nstroke:black;\n}\n<\/style>\n<a href='https:\/\/hueffermann.de\/pl\/modulowa-konstrukcja\/'  class='avia-button av-m2uj3bti-e1bfe5f75158d2968d43da058374f208 av-link-btn avia-icon_select-no avia-size-medium avia-position-left avia-color-white avia-font-color-black'   aria-label=\"DOWIEDZ SI\u0118 WI\u0118CEJ\"><span class='avia_iconbox_title' >DOWIEDZ SI\u0118 WI\u0118CEJ<\/span><\/a><\/div>\n<\/div><\/div><\/div><!-- close content main div --><\/div><\/div><\/div><div id='av_section_3'  class='avia-section av-av_section-a0e39094734048265c0e1e923eda209c main_color avia-section-huge avia-no-border-styling  avia-builder-el-6  el_after_av_section  el_before_av_layout_row  avia-bg-style-scroll container_wrap sidebar_left'  ><div class='container av-section-cont-open' ><div class='template-page content  av-content-small units'><div class='post-entry post-entry-type-page post-entry-49882'><div class='entry-content-wrapper clearfix'>\n<div  class='flex_column av-av_one_half-ae3c33a2eb2fac356e3426b5d1197ab6 av_one_half  avia-builder-el-7  el_before_av_one_half  avia-builder-el-first  first flex_column_div  '     ><style type=\"text\/css\" data-created_by=\"avia_inline_auto\" id=\"style-css-av-av_image-971bc8e95542c1136e22556d924ed06a\">\n.avia-image-container.av-av_image-971bc8e95542c1136e22556d924ed06a img.avia_image{\nbox-shadow:none;\n}\n.avia-image-container.av-av_image-971bc8e95542c1136e22556d924ed06a .av-image-caption-overlay-center{\ncolor:#ffffff;\n}\n<\/style>\n<div  class='avia-image-container av-av_image-971bc8e95542c1136e22556d924ed06a av-styling- avia-align-center  avia-builder-el-8  avia-builder-el-no-sibling '   itemprop=\"image\" itemscope=\"itemscope\" itemtype=\"https:\/\/schema.org\/ImageObject\" ><div class=\"avia-image-container-inner\"><div class=\"avia-image-overlay-wrap\"><img decoding=\"async\" fetchpriority=\"high\" class='wp-image-51589 avia-img-lazy-loading-not-51589 avia_image ' src=\"https:\/\/hueffermann.de\/wp-content\/uploads\/sites\/3\/2024\/10\/csm_hueffermann-contentimg-produktion-schweissen_610cafbc45.jpg\" alt='' title='csm_hueffermann-contentimg-produktion-schweissen_610cafbc45'  height=\"560\" width=\"700\"  itemprop=\"thumbnailUrl\" srcset=\"https:\/\/hueffermann.de\/wp-content\/uploads\/sites\/3\/2024\/10\/csm_hueffermann-contentimg-produktion-schweissen_610cafbc45.jpg 700w, https:\/\/hueffermann.de\/wp-content\/uploads\/sites\/3\/2024\/10\/csm_hueffermann-contentimg-produktion-schweissen_610cafbc45-300x240.jpg 300w\" sizes=\"(max-width: 700px) 100vw, 700px\" \/><\/div><\/div><\/div><\/div><div  class='flex_column av-av_one_half-a442fcbefec3fb321fedc06de3e59e03 av_one_half  avia-builder-el-9  el_after_av_one_half  avia-builder-el-last  flex_column_div  '     ><style type=\"text\/css\" data-created_by=\"avia_inline_auto\" id=\"style-css-av-m2uj41ig-3d97e17fad410656cc4639fab544fcd0\">\n#top .av_textblock_section.av-m2uj41ig-3d97e17fad410656cc4639fab544fcd0 .avia_textblock{\ntext-align:left;\n}\n<\/style>\n<section  class='av_textblock_section av-m2uj41ig-3d97e17fad410656cc4639fab544fcd0 '   itemscope=\"itemscope\" itemtype=\"https:\/\/schema.org\/CreativeWork\" ><div class='avia_textblock image-dark-section-heading av_inherit_color'  itemprop=\"text\" ><h2><strong>Produkcja H\u00fcffermann<\/strong><\/h2>\n<p><strong>Nasza obietnica jako\u015bci dla klient\u00f3w<\/strong><\/p>\n<p>Produkty H\u00fcffermann wystawiane s\u0105 codzienne na dzia\u0142anie najr\u00f3\u017cniejszych czynnik\u00f3w. Stawia to wysokie wymagania wobec materia\u0142u i lakierowania pojazdu. H\u00fcffermann wykorzystuje najnowocze\u015bniejsze technologie, aby zagwarantowa\u0107 utrzymanie walor\u00f3w wizualnych mimo pracy w ekstremalnych warunkach.<\/p>\n<\/div><\/section><br \/>\n<div  class='avia-button-wrap av-m2uj4btz-3173673110868347cfb44f25a3a61e6b-wrap avia-button-left  avia-builder-el-11  el_after_av_textblock  avia-builder-el-last  button-filled-white'>\n<style type=\"text\/css\" data-created_by=\"avia_inline_auto\" id=\"style-css-av-m2uj4btz-3173673110868347cfb44f25a3a61e6b\">\n#top #wrap_all .avia-button.av-m2uj4btz-3173673110868347cfb44f25a3a61e6b{\nborder-style:hidden;\nborder-radius:0 0 0 0;\ntransition:all 0.4s ease-in-out;\nmargin:2rem 0 0 0;\npadding:1rem 2rem 1rem 2rem;\n}\n#top #wrap_all .avia-button.av-m2uj4btz-3173673110868347cfb44f25a3a61e6b:hover{\nbackground-color:white;\ncolor:black;\ntransition:all 0.4s ease-in-out;\n}\n#top #wrap_all.avia-button.av-m2uj4btz-3173673110868347cfb44f25a3a61e6b:hover .avia_button_background{\nborder-radius:0 0 0 0;\n}\n#top #wrap_all .avia-button.av-m2uj4btz-3173673110868347cfb44f25a3a61e6b:hover .avia-svg-icon svg:first-child{\nfill:black;\nstroke:black;\n}\n<\/style>\n<a href='https:\/\/hueffermann.de\/pl\/produkcja\/'  class='avia-button av-m2uj4btz-3173673110868347cfb44f25a3a61e6b av-link-btn avia-icon_select-no avia-size-medium avia-position-left avia-color-theme-color avia-font-color-theme-color'   aria-label=\"Dowiedz si\u0119 wi\u0119cej\"><span class='avia_iconbox_title' >Dowiedz si\u0119 wi\u0119cej<\/span><\/a><\/div><\/p><\/div><\/div><\/div><\/div><!-- close content main div --><\/div><\/div><div id='av-layout-grid-1'  class='av-layout-grid-container av-lzd0wj25-e0671823f83e4493ea8201a6fb69334f entry-content-wrapper footer_color av-flex-cells  avia-builder-el-12  el_after_av_section  avia-builder-el-last  grid-row-not-first av-desktop-hide av-medium-hide av-small-hide av-mini-hide container_wrap sidebar_left'  >\n<div class='flex_cell av-tqrgcb-37877ae51010c5e3d4b76129594de5da av-gridrow-cell av_one_full no_margin  avia-builder-el-13  avia-builder-el-no-sibling '  ><div class='flex_cell_inner'><\/div><\/div>\n<\/div><\/p>\n","protected":false},"excerpt":{"rendered":"","protected":false},"author":5,"featured_media":0,"parent":0,"menu_order":0,"comment_status":"closed","ping_status":"closed","template":"","meta":{"_acf_changed":false,"_relevanssi_hide_post":"","_relevanssi_hide_content":"","_relevanssi_pin_for_all":"","_relevanssi_pin_keywords":"","_relevanssi_unpin_keywords":"","_relevanssi_related_keywords":"","_relevanssi_related_include_ids":"","_relevanssi_related_exclude_ids":"","_relevanssi_related_no_append":"","_relevanssi_related_not_related":"","_relevanssi_related_posts":"50659,50669,50759,50753,50678,50752","_relevanssi_noindex_reason":"","footnotes":""},"class_list":["post-49882","page","type-page","status-publish","hentry"],"acf":[],"yoast_head":"<!-- This site is optimized with the Yoast SEO Premium plugin v26.4 (Yoast SEO v27.2) - https:\/\/yoast.com\/product\/yoast-seo-premium-wordpress\/ -->\n<title>fleet-template - H\u00fcffermann<\/title>\n<meta name=\"robots\" content=\"index, follow, max-snippet:-1, max-image-preview:large, max-video-preview:-1\" \/>\n<link rel=\"canonical\" href=\"https:\/\/hueffermann.de\/pl\/fleet-template\/\" \/>\n<meta property=\"og:locale\" content=\"pl_PL\" \/>\n<meta property=\"og:type\" content=\"article\" \/>\n<meta property=\"og:title\" content=\"fleet-template\" \/>\n<meta property=\"og:url\" content=\"https:\/\/hueffermann.de\/pl\/fleet-template\/\" \/>\n<meta property=\"og:site_name\" content=\"H\u00fcffermann\" \/>\n<meta property=\"article:modified_time\" content=\"2024-10-29T14:14:59+00:00\" \/>\n<meta name=\"twitter:card\" content=\"summary_large_image\" \/>\n<meta name=\"twitter:label1\" content=\"Szacowany czas czytania\" \/>\n\t<meta name=\"twitter:data1\" content=\"1 minuta\" \/>\n<script type=\"application\/ld+json\" class=\"yoast-schema-graph\">{\"@context\":\"https:\/\/schema.org\",\"@graph\":[{\"@type\":\"WebPage\",\"@id\":\"https:\/\/hueffermann.de\/pl\/fleet-template\/\",\"url\":\"https:\/\/hueffermann.de\/pl\/fleet-template\/\",\"name\":\"fleet-template - H\u00fcffermann\",\"isPartOf\":{\"@id\":\"https:\/\/hueffermann.de\/en\/#website\"},\"datePublished\":\"2024-09-22T17:28:23+00:00\",\"dateModified\":\"2024-10-29T14:14:59+00:00\",\"breadcrumb\":{\"@id\":\"https:\/\/hueffermann.de\/pl\/fleet-template\/#breadcrumb\"},\"inLanguage\":\"pl-PL\",\"potentialAction\":[{\"@type\":\"ReadAction\",\"target\":[\"https:\/\/hueffermann.de\/pl\/fleet-template\/\"]}]},{\"@type\":\"BreadcrumbList\",\"@id\":\"https:\/\/hueffermann.de\/pl\/fleet-template\/#breadcrumb\",\"itemListElement\":[{\"@type\":\"ListItem\",\"position\":1,\"name\":\"Home\",\"item\":\"https:\/\/hueffermann.de\/pl\/home\/\"},{\"@type\":\"ListItem\",\"position\":2,\"name\":\"fleet-template\"}]},{\"@type\":\"WebSite\",\"@id\":\"https:\/\/hueffermann.de\/en\/#website\",\"url\":\"https:\/\/hueffermann.de\/en\/\",\"name\":\"H\u00fcffermann\",\"description\":\"\",\"potentialAction\":[{\"@type\":\"SearchAction\",\"target\":{\"@type\":\"EntryPoint\",\"urlTemplate\":\"https:\/\/hueffermann.de\/en\/?s={search_term_string}\"},\"query-input\":{\"@type\":\"PropertyValueSpecification\",\"valueRequired\":true,\"valueName\":\"search_term_string\"}}],\"inLanguage\":\"pl-PL\"}]}<\/script>\n<!-- \/ Yoast SEO Premium plugin. -->","yoast_head_json":{"title":"fleet-template - H\u00fcffermann","robots":{"index":"index","follow":"follow","max-snippet":"max-snippet:-1","max-image-preview":"max-image-preview:large","max-video-preview":"max-video-preview:-1"},"canonical":"https:\/\/hueffermann.de\/pl\/fleet-template\/","og_locale":"pl_PL","og_type":"article","og_title":"fleet-template","og_url":"https:\/\/hueffermann.de\/pl\/fleet-template\/","og_site_name":"H\u00fcffermann","article_modified_time":"2024-10-29T14:14:59+00:00","twitter_card":"summary_large_image","twitter_misc":{"Szacowany czas czytania":"1 minuta"},"schema":{"@context":"https:\/\/schema.org","@graph":[{"@type":"WebPage","@id":"https:\/\/hueffermann.de\/pl\/fleet-template\/","url":"https:\/\/hueffermann.de\/pl\/fleet-template\/","name":"fleet-template - H\u00fcffermann","isPartOf":{"@id":"https:\/\/hueffermann.de\/en\/#website"},"datePublished":"2024-09-22T17:28:23+00:00","dateModified":"2024-10-29T14:14:59+00:00","breadcrumb":{"@id":"https:\/\/hueffermann.de\/pl\/fleet-template\/#breadcrumb"},"inLanguage":"pl-PL","potentialAction":[{"@type":"ReadAction","target":["https:\/\/hueffermann.de\/pl\/fleet-template\/"]}]},{"@type":"BreadcrumbList","@id":"https:\/\/hueffermann.de\/pl\/fleet-template\/#breadcrumb","itemListElement":[{"@type":"ListItem","position":1,"name":"Home","item":"https:\/\/hueffermann.de\/pl\/home\/"},{"@type":"ListItem","position":2,"name":"fleet-template"}]},{"@type":"WebSite","@id":"https:\/\/hueffermann.de\/en\/#website","url":"https:\/\/hueffermann.de\/en\/","name":"H\u00fcffermann","description":"","potentialAction":[{"@type":"SearchAction","target":{"@type":"EntryPoint","urlTemplate":"https:\/\/hueffermann.de\/en\/?s={search_term_string}"},"query-input":{"@type":"PropertyValueSpecification","valueRequired":true,"valueName":"search_term_string"}}],"inLanguage":"pl-PL"}]}},"_links":{"self":[{"href":"https:\/\/hueffermann.de\/pl\/wp-json\/wp\/v2\/pages\/49882","targetHints":{"allow":["GET"]}}],"collection":[{"href":"https:\/\/hueffermann.de\/pl\/wp-json\/wp\/v2\/pages"}],"about":[{"href":"https:\/\/hueffermann.de\/pl\/wp-json\/wp\/v2\/types\/page"}],"author":[{"embeddable":true,"href":"https:\/\/hueffermann.de\/pl\/wp-json\/wp\/v2\/users\/5"}],"replies":[{"embeddable":true,"href":"https:\/\/hueffermann.de\/pl\/wp-json\/wp\/v2\/comments?post=49882"}],"version-history":[{"count":9,"href":"https:\/\/hueffermann.de\/pl\/wp-json\/wp\/v2\/pages\/49882\/revisions"}],"predecessor-version":[{"id":51622,"href":"https:\/\/hueffermann.de\/pl\/wp-json\/wp\/v2\/pages\/49882\/revisions\/51622"}],"wp:attachment":[{"href":"https:\/\/hueffermann.de\/pl\/wp-json\/wp\/v2\/media?parent=49882"}],"curies":[{"name":"wp","href":"https:\/\/api.w.org\/{rel}","templated":true}]}}