{"id":51883,"date":"2025-01-22T06:40:54","date_gmt":"2025-01-22T05:40:54","guid":{"rendered":"https:\/\/hueffermann.de\/?page_id=51883"},"modified":"2025-01-22T06:48:36","modified_gmt":"2025-01-22T05:48:36","slug":"przetwarzaniu-danych-kandydatow","status":"publish","type":"page","link":"https:\/\/hueffermann.de\/pl\/informacje-kontakt\/przetwarzaniu-danych-kandydatow\/","title":{"rendered":"Przetwarzaniu danych kandydat\u00f3w"},"content":{"rendered":"<section  class='av_textblock_section av-av_textblock-0f3a4f2a1df5b45ca037e06949e03034 '   itemscope=\"itemscope\" itemtype=\"https:\/\/schema.org\/CreativeWork\" ><div class='avia_textblock sch-breadcrumb'  itemprop=\"text\" ><div class=\"breadcrumb breadcrumbs avia-breadcrumbs\"><div class=\"breadcrumb-trail\" ><span class=\"trail-before\"><span class=\"breadcrumb-title\">Jeste\u015b tutaj:<\/span><\/span> <span  itemscope=\"itemscope\" itemtype=\"https:\/\/schema.org\/BreadcrumbList\" ><span  itemscope=\"itemscope\" itemtype=\"https:\/\/schema.org\/ListItem\" itemprop=\"itemListElement\" ><a itemprop=\"url\" href=\"https:\/\/hueffermann.de\/pl\/\" title=\"H\u00fcffermann\" rel=\"home\" class=\"trail-begin\"><span itemprop=\"name\">Home<\/span><\/a><span itemprop=\"position\" class=\"hidden\">1<\/span><\/span><\/span><\/div><\/div>\n<\/div><\/section>\n<\/div><\/div><\/div><!-- close content main div --><\/div><\/div><div id='av_section_1'  class='avia-section av-av_section-faaf37a124be0c993c21c61c7574190b main_color avia-section-default avia-no-border-styling  avia-builder-el-1  el_after_av_textblock  el_before_av_section  avia-bg-style-scroll container_wrap sidebar_left'  ><div class='container av-section-cont-open' ><div class='template-page content  av-content-small units'><div class='post-entry post-entry-type-page post-entry-51883'><div class='entry-content-wrapper clearfix'>\n\n<style type=\"text\/css\" data-created_by=\"avia_inline_auto\" id=\"style-css-av-m233pofa-ba7d3081eef4d988a1896b99138a35a4\">\n#top .av_textblock_section.av-m233pofa-ba7d3081eef4d988a1896b99138a35a4 .avia_textblock{\ntext-align:center;\n}\n<\/style>\n<section  class='av_textblock_section av-m233pofa-ba7d3081eef4d988a1896b99138a35a4 '   itemscope=\"itemscope\" itemtype=\"https:\/\/schema.org\/CreativeWork\" ><div class='avia_textblock'  itemprop=\"text\" ><h1 class=\"align-center schwa-h2\">Informacja o przetwarzaniu danych kandydat\u00f3w<\/h1>\n<p class=\"align-center\">Zgodnie z art. 13 RODO<\/p>\n<\/div><\/section>\n\n<\/div><\/div><\/div><!-- close content main div --><\/div><\/div><div id='av_section_2'  class='avia-section av-av_section-faaf37a124be0c993c21c61c7574190b main_color avia-section-default avia-no-border-styling  avia-builder-el-3  el_after_av_section  avia-builder-el-last  avia-bg-style-scroll container_wrap sidebar_left'  ><div class='container av-section-cont-open' ><div class='template-page content  av-content-small units'><div class='post-entry post-entry-type-page post-entry-51883'><div class='entry-content-wrapper clearfix'>\n<section  class='av_textblock_section av-m233q87l-5dac7145fd8969abfc1b5661cac0ec5e '   itemscope=\"itemscope\" itemtype=\"https:\/\/schema.org\/CreativeWork\" ><div class='avia_textblock'  itemprop=\"text\" ><p><strong>1. ADMINISTRATOR<\/strong><\/p>\n<p>H\u00fcffermann Transportsysteme GmbH<br \/>\nKampehler Stra\u00dfe 10<br \/>\n16845 Neustadt (Dosse)<\/p>\n<p><strong>2. CELE I PODSTAWY PRAWNE PRZETWARZANIA<\/strong><br \/>\nPrzetwarzamy Pani\/Pana dane osobowe w takim zakresie, w jakim jest to niezb\u0119dne w celu podj\u0119cia decyzji o rozpocz\u0119ciu stosunku pracy z nami. Podstaw\u0105 prawn\u0105 jest art. 6 ust. 1 lit. b RODO w zakresie przygotowania lub wykonania umowy. Ponadto mo\u017cemy przetwarza\u0107 Pani\/Pana dane osobowe, o ile jest to niezb\u0119dne do ochrony przed podnoszonym wobec nas roszczeniom prawnym (art. 6 ust. 1 lit. f RODO).Wyra\u017anie prosimy o nieprzekazywanie nam danych wra\u017cliwych (z kt\u00f3rych wynika\u0142yby dane o pochodzeniu rasowym czy etnicznym, przekonaniach religijnych i \u015bwiatopogl\u0105dowych, przynale\u017cno\u015bci zwi\u0105zkowej, jak te\u017c danych dotycz\u0105cych zdrowia lub informacji o aktywno\u015bci i orientacji seksualnej). W przypadku dobrowolnego przekazania danych wra\u017cliwych zostanie to uznane za zgod\u0119 (art. 6 ust. 1 lit. a RODO). Taka zgoda mo\u017ce zosta\u0107 w ka\u017cdej chwili wycofana ze skutkiem przysz\u0142ym, poprzez przes\u0142anie e-maila na adres\u00a0<a title=\"monika.Dobrzynska-Bluj@schwarzmueller.com\" href=\"mailto:personalabteilung@hueffermann.de\">personalabteilung@hueffermann.de<\/a>. W przypadku pozytywnego wyniku procesu rekrutacji przeka\u017cemy Pani\/Panu odr\u0119bne informacje dotycz\u0105ce dalszego przetwarzania danych.<\/p>\n<p><strong>3. KATEGORIE DANYCH OSOBOWYCH<\/strong><br \/>\nPrzetwarzamy tylko takie dane, kt\u00f3re s\u0105 zwi\u0105zane z Pani\/Pana aplikacj\u0105. Mog\u0105 to by\u0107 og\u00f3lne dane dotycz\u0105ce Pani\/Pana osoby, informacje o Pani\/Pana kwalifikacjach zawodowych i wykszta\u0142ceniu, rozwoju zawodowym oraz ewentualnie inne dane (wra\u017cliwe), kt\u00f3re przeka\u017ce nam Pani\/Pan w zwi\u0105zku z Pani\/Pana aplikacj\u0105. Dane wra\u017cliwe, z kt\u00f3rych wynika pochodzenie etniczne, pogl\u0105dy polityczne, przekonania religijne, przynale\u017cno\u015b\u0107 zwi\u0105zkowa oraz dane dotycz\u0105ce zdrowia, orientacji seksualnej lub wyrok\u00f3w skazuj\u0105cych przetwarzane s\u0105 przez nas tylko wtedy, gdy zostan\u0105 nam przez Pani\u0105\/Pana podane dobrowolnie.<\/p>\n<p><strong>4. AUTOMATYZACJA PROCESU DECYZYJNEGO<\/strong><br \/>\nDo realizacji procesu rekrutacji nie stosujemy automatycznych metod podejmowania decyzji wg art. 22 RODO.<\/p>\n<p><strong>5. NIEZB\u0118DNO\u015a\u0106<\/strong><br \/>\nUdost\u0119pnienie danych osobowych (danych kontaktowych, dotycz\u0105cych wykszta\u0142cenia, kwalifikacji) jest niezb\u0119dne w celu podj\u0119cia decyzji o nawi\u0105zaniu stosunku pracy z nami. Ich nieudost\u0119pnienie mo\u017ce prowadzi\u0107 do tego, \u017ce Pani\/Pana aplikacja nie zostanie przez nas wzi\u0119ta pod uwag\u0119.<\/p>\n<p><strong>6. ODBIORCA DANYCH<\/strong><br \/>\nDost\u0119p do Pani\/Pana danych maj\u0105 odpowiedzialni pracownicy Grupy Schwarzm\u00fcller, kt\u00f3rzy uczestnicz\u0105 w odpowiednim procesie rekrutacji (Wilhelm Schwarzm\u00fcller GmbH, Schwarzm\u00fcller GmbH &amp; Co KG, H\u00fcffermann Transportsysteme GmbH, Schwarzm\u00fcller s.r.o., Schwarzm\u00fcller Kft.).<\/p>\n<p>Dane osobowe mog\u0105 by\u0107 przekazywane odbiorcom oferuj\u0105cym obs\u0142ug\u0119 system\u00f3w informatycznych. Ponadto dane osobowe b\u0119d\u0105 przekazywane odbiorcom spoza firmy tylko w zakresie, w jakim jest to wymagane przez prawo. Przekazanie danych do kraju trzeciego nie jest planowane.<\/p>\n<p><strong>7. OKRES PRZECHOWYWANIA DANYCH<\/strong><br \/>\nPrzechowujemy Pani\/Pana dane osobowe tak d\u0142ugo, jak jest to niezb\u0119dne do podj\u0119cia decyzji co do Pani\/Pana aplikacji. Pani\/Pana dane osobowe lub dokumenty aplikacyjne zostan\u0105 usuni\u0119te sze\u015b\u0107 miesi\u0119cy po zako\u0144czeniu procesu rekrutacji, chyba \u017ce d\u0142u\u017csze przechowywanie jest prawnie wymagane lub dozwolone. W przypadku wyra\u017cenia przez Pani\u0105\/Pana zgody na d\u0142u\u017csze przechowywanie danych osobowych, b\u0119dziemy je przechowywa\u0107 zgodnie z Pani\/Pana o\u015bwiadczeniem. W przypadku nawi\u0105zania stosunku pracy zostanie Pani\/Pan odr\u0119bnie poinformowana\/y o przetwarzaniu Pani\/Pana danych w ramach stosunku pracy.<\/p>\n<p><strong>8. PRAWA<\/strong><br \/>\nMa Pani\/Pan prawo do uzyskania informacji o swoich danych osobowych oraz do \u017c\u0105dania ich sprostowania, usuni\u0119cia, ograniczenia przetwarzania oraz przeniesienia podanych przez Pani\u0105\/Pana danych. W pewnych okoliczno\u015bciach mo\u017ce Pani\/Pan r\u00f3wnie\u017c sprzeciwi\u0107 si\u0119 przetwarzaniu swoich danych osobowych. Ponadto ma Pani\/Pan prawo do z\u0142o\u017cenia skargi do austriackiego organu ochrony danych (<a title=\"dsb@dsb.gv.at\" href=\"mailto:dsb@dsb.gv.at\">dsb@dsb.gv.at<\/a>) lub do organu nadzorczego ds. ochrony danych w innym pa\u0144stwie UE, w szczeg\u00f3lno\u015bci w\u0142a\u015bciwym dla Pani\/Pana miejsca zamieszkania lub pracy, je\u017celi jest Pani\/Pan zdania, \u017ce przetwarzanie Pani\/Pana danych osobowych nie jest zgodne z prawem. Je\u017celi przetwarzanie danych odbywa si\u0119 na podstawie Pani\/Pana zgody, ma Pani\/Pan prawo do odwo\u0142ania tej zgody w dowolnym momencie. Prosz\u0119 pami\u0119ta\u0107, \u017ce odwo\u0142anie zgody b\u0119dzie mia\u0142o wy\u0142\u0105cznie skutek na przysz\u0142o\u015b\u0107.<\/p>\n<\/div><\/section>\n<\/div><\/div><\/div><!-- close content main div --><\/div><\/div><div id='after_section_2'  class='main_color av_default_container_wrap container_wrap sidebar_left'  ><div class='container av-section-cont-open' ><div class='template-page content  av-content-small units'><div class='post-entry post-entry-type-page post-entry-51883'><div class='entry-content-wrapper clearfix'>\n","protected":false},"excerpt":{"rendered":"","protected":false},"author":8,"featured_media":0,"parent":50079,"menu_order":0,"comment_status":"closed","ping_status":"open","template":"","meta":{"_acf_changed":false,"_relevanssi_hide_post":"","_relevanssi_hide_content":"","_relevanssi_pin_for_all":"","_relevanssi_pin_keywords":"","_relevanssi_unpin_keywords":"","_relevanssi_related_keywords":"","_relevanssi_related_include_ids":"","_relevanssi_related_exclude_ids":"","_relevanssi_related_no_append":"","_relevanssi_related_not_related":"","_relevanssi_related_posts":"50669,50753,50659,50740,50752,50674","_relevanssi_noindex_reason":"","footnotes":""},"class_list":["post-51883","page","type-page","status-publish","hentry"],"acf":[],"yoast_head":"<!-- This site is optimized with the Yoast SEO Premium plugin v26.4 (Yoast SEO v27.2) - https:\/\/yoast.com\/product\/yoast-seo-premium-wordpress\/ -->\n<title>Przetwarzaniu danych kandydat\u00f3w - H\u00fcffermann<\/title>\n<meta name=\"robots\" content=\"index, follow, max-snippet:-1, max-image-preview:large, max-video-preview:-1\" \/>\n<link rel=\"canonical\" href=\"https:\/\/hueffermann.de\/pl\/informacje-kontakt\/przetwarzaniu-danych-kandydatow\/\" \/>\n<meta property=\"og:locale\" content=\"pl_PL\" \/>\n<meta property=\"og:type\" content=\"article\" \/>\n<meta property=\"og:title\" content=\"Przetwarzaniu danych kandydat\u00f3w\" \/>\n<meta property=\"og:url\" content=\"https:\/\/hueffermann.de\/pl\/informacje-kontakt\/przetwarzaniu-danych-kandydatow\/\" \/>\n<meta property=\"og:site_name\" content=\"H\u00fcffermann\" \/>\n<meta property=\"article:modified_time\" content=\"2025-01-22T05:48:36+00:00\" \/>\n<meta name=\"twitter:card\" content=\"summary_large_image\" \/>\n<meta name=\"twitter:label1\" content=\"Szacowany czas czytania\" \/>\n\t<meta name=\"twitter:data1\" content=\"4 minuty\" \/>\n<script type=\"application\/ld+json\" class=\"yoast-schema-graph\">{\"@context\":\"https:\/\/schema.org\",\"@graph\":[{\"@type\":\"WebPage\",\"@id\":\"https:\/\/hueffermann.de\/pl\/informacje-kontakt\/przetwarzaniu-danych-kandydatow\/\",\"url\":\"https:\/\/hueffermann.de\/pl\/informacje-kontakt\/przetwarzaniu-danych-kandydatow\/\",\"name\":\"Przetwarzaniu danych kandydat\u00f3w - H\u00fcffermann\",\"isPartOf\":{\"@id\":\"https:\/\/hueffermann.de\/en\/#website\"},\"datePublished\":\"2025-01-22T05:40:54+00:00\",\"dateModified\":\"2025-01-22T05:48:36+00:00\",\"breadcrumb\":{\"@id\":\"https:\/\/hueffermann.de\/pl\/informacje-kontakt\/przetwarzaniu-danych-kandydatow\/#breadcrumb\"},\"inLanguage\":\"pl-PL\",\"potentialAction\":[{\"@type\":\"ReadAction\",\"target\":[\"https:\/\/hueffermann.de\/pl\/informacje-kontakt\/przetwarzaniu-danych-kandydatow\/\"]}]},{\"@type\":\"BreadcrumbList\",\"@id\":\"https:\/\/hueffermann.de\/pl\/informacje-kontakt\/przetwarzaniu-danych-kandydatow\/#breadcrumb\",\"itemListElement\":[{\"@type\":\"ListItem\",\"position\":1,\"name\":\"Home\",\"item\":\"https:\/\/hueffermann.de\/pl\/home\/\"},{\"@type\":\"ListItem\",\"position\":2,\"name\":\"informacje kontakt\",\"item\":\"https:\/\/hueffermann.de\/pl\/informacje-kontakt\/\"},{\"@type\":\"ListItem\",\"position\":3,\"name\":\"Przetwarzaniu danych kandydat\u00f3w\"}]},{\"@type\":\"WebSite\",\"@id\":\"https:\/\/hueffermann.de\/en\/#website\",\"url\":\"https:\/\/hueffermann.de\/en\/\",\"name\":\"H\u00fcffermann\",\"description\":\"\",\"potentialAction\":[{\"@type\":\"SearchAction\",\"target\":{\"@type\":\"EntryPoint\",\"urlTemplate\":\"https:\/\/hueffermann.de\/en\/?s={search_term_string}\"},\"query-input\":{\"@type\":\"PropertyValueSpecification\",\"valueRequired\":true,\"valueName\":\"search_term_string\"}}],\"inLanguage\":\"pl-PL\"}]}<\/script>\n<!-- \/ Yoast SEO Premium plugin. -->","yoast_head_json":{"title":"Przetwarzaniu danych kandydat\u00f3w - H\u00fcffermann","robots":{"index":"index","follow":"follow","max-snippet":"max-snippet:-1","max-image-preview":"max-image-preview:large","max-video-preview":"max-video-preview:-1"},"canonical":"https:\/\/hueffermann.de\/pl\/informacje-kontakt\/przetwarzaniu-danych-kandydatow\/","og_locale":"pl_PL","og_type":"article","og_title":"Przetwarzaniu danych kandydat\u00f3w","og_url":"https:\/\/hueffermann.de\/pl\/informacje-kontakt\/przetwarzaniu-danych-kandydatow\/","og_site_name":"H\u00fcffermann","article_modified_time":"2025-01-22T05:48:36+00:00","twitter_card":"summary_large_image","twitter_misc":{"Szacowany czas czytania":"4 minuty"},"schema":{"@context":"https:\/\/schema.org","@graph":[{"@type":"WebPage","@id":"https:\/\/hueffermann.de\/pl\/informacje-kontakt\/przetwarzaniu-danych-kandydatow\/","url":"https:\/\/hueffermann.de\/pl\/informacje-kontakt\/przetwarzaniu-danych-kandydatow\/","name":"Przetwarzaniu danych kandydat\u00f3w - H\u00fcffermann","isPartOf":{"@id":"https:\/\/hueffermann.de\/en\/#website"},"datePublished":"2025-01-22T05:40:54+00:00","dateModified":"2025-01-22T05:48:36+00:00","breadcrumb":{"@id":"https:\/\/hueffermann.de\/pl\/informacje-kontakt\/przetwarzaniu-danych-kandydatow\/#breadcrumb"},"inLanguage":"pl-PL","potentialAction":[{"@type":"ReadAction","target":["https:\/\/hueffermann.de\/pl\/informacje-kontakt\/przetwarzaniu-danych-kandydatow\/"]}]},{"@type":"BreadcrumbList","@id":"https:\/\/hueffermann.de\/pl\/informacje-kontakt\/przetwarzaniu-danych-kandydatow\/#breadcrumb","itemListElement":[{"@type":"ListItem","position":1,"name":"Home","item":"https:\/\/hueffermann.de\/pl\/home\/"},{"@type":"ListItem","position":2,"name":"informacje kontakt","item":"https:\/\/hueffermann.de\/pl\/informacje-kontakt\/"},{"@type":"ListItem","position":3,"name":"Przetwarzaniu danych kandydat\u00f3w"}]},{"@type":"WebSite","@id":"https:\/\/hueffermann.de\/en\/#website","url":"https:\/\/hueffermann.de\/en\/","name":"H\u00fcffermann","description":"","potentialAction":[{"@type":"SearchAction","target":{"@type":"EntryPoint","urlTemplate":"https:\/\/hueffermann.de\/en\/?s={search_term_string}"},"query-input":{"@type":"PropertyValueSpecification","valueRequired":true,"valueName":"search_term_string"}}],"inLanguage":"pl-PL"}]}},"_links":{"self":[{"href":"https:\/\/hueffermann.de\/pl\/wp-json\/wp\/v2\/pages\/51883","targetHints":{"allow":["GET"]}}],"collection":[{"href":"https:\/\/hueffermann.de\/pl\/wp-json\/wp\/v2\/pages"}],"about":[{"href":"https:\/\/hueffermann.de\/pl\/wp-json\/wp\/v2\/types\/page"}],"author":[{"embeddable":true,"href":"https:\/\/hueffermann.de\/pl\/wp-json\/wp\/v2\/users\/8"}],"replies":[{"embeddable":true,"href":"https:\/\/hueffermann.de\/pl\/wp-json\/wp\/v2\/comments?post=51883"}],"version-history":[{"count":5,"href":"https:\/\/hueffermann.de\/pl\/wp-json\/wp\/v2\/pages\/51883\/revisions"}],"predecessor-version":[{"id":51943,"href":"https:\/\/hueffermann.de\/pl\/wp-json\/wp\/v2\/pages\/51883\/revisions\/51943"}],"up":[{"embeddable":true,"href":"https:\/\/hueffermann.de\/pl\/wp-json\/wp\/v2\/pages\/50079"}],"wp:attachment":[{"href":"https:\/\/hueffermann.de\/pl\/wp-json\/wp\/v2\/media?parent=51883"}],"curies":[{"name":"wp","href":"https:\/\/api.w.org\/{rel}","templated":true}]}}